{"id":1327,"date":"2019-09-30T07:14:44","date_gmt":"2019-09-30T07:14:44","guid":{"rendered":"https:\/\/www.sensoris.ee\/trumlisolmed\/"},"modified":"2020-09-11T08:19:05","modified_gmt":"2020-09-11T08:19:05","slug":"%d1%84%d0%be%d1%82%d0%be%d1%86%d0%b8%d0%bb%d0%b8%d0%bd%d0%b4%d1%80%d1%8b","status":"publish","type":"page","link":"https:\/\/www.sensoris.ee\/ru\/%d1%84%d0%be%d1%82%d0%be%d1%86%d0%b8%d0%bb%d0%b8%d0%bd%d0%b4%d1%80%d1%8b\/","title":{"rendered":"\u0424\u043e\u0442\u043e\u0446\u0438\u043b\u0438\u043d\u0434\u0440\u044b"},"content":{"rendered":"[vc_row][vc_column width=&#187;2\/3&#8243;][vc_row_inner][vc_column_inner][vc_column_text css_animation=&#187;fadeInDownBig&#187;]\n<h1><\/h1>\n<h1><\/h1>\n<p>&nbsp;<\/p>\n<p>&nbsp;<\/p>\n<h1>\u0424\u043e\u0442\u043e\u0446\u0438\u043b\u0438\u043d\u0434\u0440\u044b \u0434\u043b\u044f \u043f\u0440\u0438\u043d\u0442\u0435\u0440\u043e\u0432<\/h1>\n[\/vc_column_text][\/vc_column_inner][\/vc_row_inner][\/vc_column][vc_column width=&#187;1\/3&#8243;][vc_gallery interval=&#187;3&#8243; images=&#187;1372&#8243; css_animation=&#187;fadeInLeftBig&#187;][\/vc_column][\/vc_row][vc_row][vc_column][\/vc_column][\/vc_row][vc_row][vc_column][vc_raw_html]JTVCdGFibGUlMjBpZCUzRDIzJTIwcmVzcG9uc2l2ZSUzRGZsaXAlMjByZXNwb25zaXZlX2JyZWFrcG9pbnQlM0RwaG9uZSUyMCUyRiU1RA==[\/vc_raw_html][\/vc_column][\/vc_row]\n","protected":false},"excerpt":{"rendered":"<p>[vc_row][vc_column width=&#187;2\/3&#8243;][vc_row_inner][vc_column_inner][vc_column_text css_animation=&#187;fadeInDownBig&#187;] &nbsp; &nbsp; \u0424\u043e\u0442\u043e\u0446\u0438\u043b\u0438\u043d\u0434\u0440\u044b \u0434\u043b\u044f \u043f\u0440\u0438\u043d\u0442\u0435\u0440\u043e\u0432 [\/vc_column_text][\/vc_column_inner][\/vc_row_inner][\/vc_column][vc_column width=&#187;1\/3&#8243;][vc_gallery interval=&#187;3&#8243; images=&#187;1372&#8243; css_animation=&#187;fadeInLeftBig&#187;][\/vc_column][\/vc_row][vc_row][vc_column][\/vc_column][\/vc_row][vc_row][vc_column][vc_raw_html]JTVCdGFibGUlMjBpZCUzRDIzJTIwcmVzcG9uc2l2ZSUzRGZsaXAlMjByZXNwb25zaXZlX2JyZWFrcG9pbnQlM0RwaG9uZSUyMCUyRiU1RA==[\/vc_raw_html][\/vc_column][\/vc_row]<\/p>\n","protected":false},"author":1,"featured_media":0,"parent":0,"menu_order":0,"comment_status":"closed","ping_status":"closed","template":"page-full.php","meta":{"_acf_changed":false,"footnotes":""},"class_list":["post-1327","page","type-page","status-publish","hentry"],"acf":[],"yoast_head":"<!-- This site is optimized with the Yoast SEO plugin v27.6 - https:\/\/yoast.com\/product\/yoast-seo-wordpress\/ -->\n<title>\u0424\u043e\u0442\u043e\u0446\u0438\u043b\u0438\u043d\u0434\u0440\u044b - Sensoris | Printerite m\u00fc\u00fck ja hooldus, toonerikassettide m\u00fc\u00fck<\/title>\n<meta name=\"description\" content=\"\u0424\u043e\u0442\u043e\u0446\u0438\u043b\u0438\u043d\u0434\u0440\u044b \u0434\u043b\u044f \u043f\u0440\u0438\u043d\u0442\u0435\u0440\u043e\u043e\u0432. Printerite remont, hooldus ning m\u00fc\u00fck, toonerite t\u00e4itmine. Analoog toonerkassettide m\u00fc\u00fck.\" \/>\n<meta name=\"robots\" content=\"index, follow, max-snippet:-1, max-image-preview:large, max-video-preview:-1\" \/>\n<link rel=\"canonical\" href=\"https:\/\/www.sensoris.ee\/ru\/\u0444\u043e\u0442\u043e\u0446\u0438\u043b\u0438\u043d\u0434\u0440\u044b\/\" \/>\n<meta property=\"og:locale\" content=\"ru_RU\" \/>\n<meta property=\"og:type\" content=\"article\" \/>\n<meta property=\"og:title\" content=\"\u0424\u043e\u0442\u043e\u0446\u0438\u043b\u0438\u043d\u0434\u0440\u044b - Sensoris | Printerite m\u00fc\u00fck ja hooldus, toonerikassettide m\u00fc\u00fck\" \/>\n<meta property=\"og:description\" content=\"\u0424\u043e\u0442\u043e\u0446\u0438\u043b\u0438\u043d\u0434\u0440\u044b \u0434\u043b\u044f \u043f\u0440\u0438\u043d\u0442\u0435\u0440\u043e\u043e\u0432. Printerite remont, hooldus ning m\u00fc\u00fck, toonerite t\u00e4itmine. Analoog toonerkassettide m\u00fc\u00fck.\" \/>\n<meta property=\"og:url\" content=\"https:\/\/www.sensoris.ee\/ru\/\u0444\u043e\u0442\u043e\u0446\u0438\u043b\u0438\u043d\u0434\u0440\u044b\/\" \/>\n<meta property=\"og:site_name\" content=\"Sensoris | Printerite m\u00fc\u00fck ja hooldus, toonerikassettide m\u00fc\u00fck\" \/>\n<meta property=\"article:modified_time\" content=\"2020-09-11T08:19:05+00:00\" \/>\n<meta property=\"og:image\" content=\"https:\/\/www.sensoris.ee\/wp-content\/uploads\/2019\/09\/Drum-unit.jpg\" \/>\n\t<meta property=\"og:image:width\" content=\"300\" \/>\n\t<meta property=\"og:image:height\" content=\"205\" \/>\n\t<meta property=\"og:image:type\" content=\"image\/jpeg\" \/>\n<meta name=\"twitter:card\" content=\"summary_large_image\" \/>\n<script type=\"application\/ld+json\" class=\"yoast-schema-graph\">{\"@context\":\"https:\\\/\\\/schema.org\",\"@graph\":[{\"@type\":\"WebPage\",\"@id\":\"https:\\\/\\\/www.sensoris.ee\\\/ru\\\/%d1%84%d0%be%d1%82%d0%be%d1%86%d0%b8%d0%bb%d0%b8%d0%bd%d0%b4%d1%80%d1%8b\\\/\",\"url\":\"https:\\\/\\\/www.sensoris.ee\\\/ru\\\/%d1%84%d0%be%d1%82%d0%be%d1%86%d0%b8%d0%bb%d0%b8%d0%bd%d0%b4%d1%80%d1%8b\\\/\",\"name\":\"\u0424\u043e\u0442\u043e\u0446\u0438\u043b\u0438\u043d\u0434\u0440\u044b - Sensoris | Printerite m\u00fc\u00fck ja hooldus, toonerikassettide m\u00fc\u00fck\",\"isPartOf\":{\"@id\":\"https:\\\/\\\/www.sensoris.ee\\\/#website\"},\"datePublished\":\"2019-09-30T07:14:44+00:00\",\"dateModified\":\"2020-09-11T08:19:05+00:00\",\"description\":\"\u0424\u043e\u0442\u043e\u0446\u0438\u043b\u0438\u043d\u0434\u0440\u044b \u0434\u043b\u044f \u043f\u0440\u0438\u043d\u0442\u0435\u0440\u043e\u043e\u0432. Printerite remont, hooldus ning m\u00fc\u00fck, toonerite t\u00e4itmine. Analoog toonerkassettide m\u00fc\u00fck.\",\"breadcrumb\":{\"@id\":\"https:\\\/\\\/www.sensoris.ee\\\/ru\\\/%d1%84%d0%be%d1%82%d0%be%d1%86%d0%b8%d0%bb%d0%b8%d0%bd%d0%b4%d1%80%d1%8b\\\/#breadcrumb\"},\"inLanguage\":\"ru-RU\",\"potentialAction\":[{\"@type\":\"ReadAction\",\"target\":[\"https:\\\/\\\/www.sensoris.ee\\\/ru\\\/%d1%84%d0%be%d1%82%d0%be%d1%86%d0%b8%d0%bb%d0%b8%d0%bd%d0%b4%d1%80%d1%8b\\\/\"]}]},{\"@type\":\"BreadcrumbList\",\"@id\":\"https:\\\/\\\/www.sensoris.ee\\\/ru\\\/%d1%84%d0%be%d1%82%d0%be%d1%86%d0%b8%d0%bb%d0%b8%d0%bd%d0%b4%d1%80%d1%8b\\\/#breadcrumb\",\"itemListElement\":[{\"@type\":\"ListItem\",\"position\":1,\"name\":\"Home\",\"item\":\"https:\\\/\\\/www.sensoris.ee\\\/ru\\\/\"},{\"@type\":\"ListItem\",\"position\":2,\"name\":\"\u0424\u043e\u0442\u043e\u0446\u0438\u043b\u0438\u043d\u0434\u0440\u044b\"}]},{\"@type\":\"WebSite\",\"@id\":\"https:\\\/\\\/www.sensoris.ee\\\/#website\",\"url\":\"https:\\\/\\\/www.sensoris.ee\\\/\",\"name\":\"Sensoris | Printerite m\u00fc\u00fck ja hooldus,toonerikassettide m\u00fc\u00fck\",\"description\":\"Printerite remont ja hooldus.Toonerikassettide m\u00fc\u00fck ja t\u00e4itmine. Uute ja kasutatud printerite m\u00fc\u00fck\",\"publisher\":{\"@id\":\"https:\\\/\\\/www.sensoris.ee\\\/#organization\"},\"potentialAction\":[{\"@type\":\"SearchAction\",\"target\":{\"@type\":\"EntryPoint\",\"urlTemplate\":\"https:\\\/\\\/www.sensoris.ee\\\/?s={search_term_string}\"},\"query-input\":{\"@type\":\"PropertyValueSpecification\",\"valueRequired\":true,\"valueName\":\"search_term_string\"}}],\"inLanguage\":\"ru-RU\"},{\"@type\":\"Organization\",\"@id\":\"https:\\\/\\\/www.sensoris.ee\\\/#organization\",\"name\":\"Sensoris O\u00dc\",\"url\":\"https:\\\/\\\/www.sensoris.ee\\\/\",\"logo\":{\"@type\":\"ImageObject\",\"inLanguage\":\"ru-RU\",\"@id\":\"https:\\\/\\\/www.sensoris.ee\\\/#\\\/schema\\\/logo\\\/image\\\/\",\"url\":\"https:\\\/\\\/www.sensoris.ee\\\/wp-content\\\/uploads\\\/2021\\\/04\\\/SENSORIS-LOGO-uus.jpg\",\"contentUrl\":\"https:\\\/\\\/www.sensoris.ee\\\/wp-content\\\/uploads\\\/2021\\\/04\\\/SENSORIS-LOGO-uus.jpg\",\"width\":2000,\"height\":393,\"caption\":\"Sensoris O\u00dc\"},\"image\":{\"@id\":\"https:\\\/\\\/www.sensoris.ee\\\/#\\\/schema\\\/logo\\\/image\\\/\"}}]}<\/script>\n<!-- \/ Yoast SEO plugin. -->","yoast_head_json":{"title":"\u0424\u043e\u0442\u043e\u0446\u0438\u043b\u0438\u043d\u0434\u0440\u044b - Sensoris | Printerite m\u00fc\u00fck ja hooldus, toonerikassettide m\u00fc\u00fck","description":"\u0424\u043e\u0442\u043e\u0446\u0438\u043b\u0438\u043d\u0434\u0440\u044b \u0434\u043b\u044f \u043f\u0440\u0438\u043d\u0442\u0435\u0440\u043e\u043e\u0432. Printerite remont, hooldus ning m\u00fc\u00fck, toonerite t\u00e4itmine. Analoog toonerkassettide m\u00fc\u00fck.","robots":{"index":"index","follow":"follow","max-snippet":"max-snippet:-1","max-image-preview":"max-image-preview:large","max-video-preview":"max-video-preview:-1"},"canonical":"https:\/\/www.sensoris.ee\/ru\/\u0444\u043e\u0442\u043e\u0446\u0438\u043b\u0438\u043d\u0434\u0440\u044b\/","og_locale":"ru_RU","og_type":"article","og_title":"\u0424\u043e\u0442\u043e\u0446\u0438\u043b\u0438\u043d\u0434\u0440\u044b - Sensoris | Printerite m\u00fc\u00fck ja hooldus, toonerikassettide m\u00fc\u00fck","og_description":"\u0424\u043e\u0442\u043e\u0446\u0438\u043b\u0438\u043d\u0434\u0440\u044b \u0434\u043b\u044f \u043f\u0440\u0438\u043d\u0442\u0435\u0440\u043e\u043e\u0432. Printerite remont, hooldus ning m\u00fc\u00fck, toonerite t\u00e4itmine. Analoog toonerkassettide m\u00fc\u00fck.","og_url":"https:\/\/www.sensoris.ee\/ru\/\u0444\u043e\u0442\u043e\u0446\u0438\u043b\u0438\u043d\u0434\u0440\u044b\/","og_site_name":"Sensoris | Printerite m\u00fc\u00fck ja hooldus, toonerikassettide m\u00fc\u00fck","article_modified_time":"2020-09-11T08:19:05+00:00","og_image":[{"width":300,"height":205,"url":"https:\/\/www.sensoris.ee\/wp-content\/uploads\/2019\/09\/Drum-unit.jpg","type":"image\/jpeg"}],"twitter_card":"summary_large_image","schema":{"@context":"https:\/\/schema.org","@graph":[{"@type":"WebPage","@id":"https:\/\/www.sensoris.ee\/ru\/%d1%84%d0%be%d1%82%d0%be%d1%86%d0%b8%d0%bb%d0%b8%d0%bd%d0%b4%d1%80%d1%8b\/","url":"https:\/\/www.sensoris.ee\/ru\/%d1%84%d0%be%d1%82%d0%be%d1%86%d0%b8%d0%bb%d0%b8%d0%bd%d0%b4%d1%80%d1%8b\/","name":"\u0424\u043e\u0442\u043e\u0446\u0438\u043b\u0438\u043d\u0434\u0440\u044b - Sensoris | Printerite m\u00fc\u00fck ja hooldus, toonerikassettide m\u00fc\u00fck","isPartOf":{"@id":"https:\/\/www.sensoris.ee\/#website"},"datePublished":"2019-09-30T07:14:44+00:00","dateModified":"2020-09-11T08:19:05+00:00","description":"\u0424\u043e\u0442\u043e\u0446\u0438\u043b\u0438\u043d\u0434\u0440\u044b \u0434\u043b\u044f \u043f\u0440\u0438\u043d\u0442\u0435\u0440\u043e\u043e\u0432. Printerite remont, hooldus ning m\u00fc\u00fck, toonerite t\u00e4itmine. Analoog toonerkassettide m\u00fc\u00fck.","breadcrumb":{"@id":"https:\/\/www.sensoris.ee\/ru\/%d1%84%d0%be%d1%82%d0%be%d1%86%d0%b8%d0%bb%d0%b8%d0%bd%d0%b4%d1%80%d1%8b\/#breadcrumb"},"inLanguage":"ru-RU","potentialAction":[{"@type":"ReadAction","target":["https:\/\/www.sensoris.ee\/ru\/%d1%84%d0%be%d1%82%d0%be%d1%86%d0%b8%d0%bb%d0%b8%d0%bd%d0%b4%d1%80%d1%8b\/"]}]},{"@type":"BreadcrumbList","@id":"https:\/\/www.sensoris.ee\/ru\/%d1%84%d0%be%d1%82%d0%be%d1%86%d0%b8%d0%bb%d0%b8%d0%bd%d0%b4%d1%80%d1%8b\/#breadcrumb","itemListElement":[{"@type":"ListItem","position":1,"name":"Home","item":"https:\/\/www.sensoris.ee\/ru\/"},{"@type":"ListItem","position":2,"name":"\u0424\u043e\u0442\u043e\u0446\u0438\u043b\u0438\u043d\u0434\u0440\u044b"}]},{"@type":"WebSite","@id":"https:\/\/www.sensoris.ee\/#website","url":"https:\/\/www.sensoris.ee\/","name":"Sensoris | Printerite m\u00fc\u00fck ja hooldus,toonerikassettide m\u00fc\u00fck","description":"Printerite remont ja hooldus.Toonerikassettide m\u00fc\u00fck ja t\u00e4itmine. Uute ja kasutatud printerite m\u00fc\u00fck","publisher":{"@id":"https:\/\/www.sensoris.ee\/#organization"},"potentialAction":[{"@type":"SearchAction","target":{"@type":"EntryPoint","urlTemplate":"https:\/\/www.sensoris.ee\/?s={search_term_string}"},"query-input":{"@type":"PropertyValueSpecification","valueRequired":true,"valueName":"search_term_string"}}],"inLanguage":"ru-RU"},{"@type":"Organization","@id":"https:\/\/www.sensoris.ee\/#organization","name":"Sensoris O\u00dc","url":"https:\/\/www.sensoris.ee\/","logo":{"@type":"ImageObject","inLanguage":"ru-RU","@id":"https:\/\/www.sensoris.ee\/#\/schema\/logo\/image\/","url":"https:\/\/www.sensoris.ee\/wp-content\/uploads\/2021\/04\/SENSORIS-LOGO-uus.jpg","contentUrl":"https:\/\/www.sensoris.ee\/wp-content\/uploads\/2021\/04\/SENSORIS-LOGO-uus.jpg","width":2000,"height":393,"caption":"Sensoris O\u00dc"},"image":{"@id":"https:\/\/www.sensoris.ee\/#\/schema\/logo\/image\/"}}]}},"_links":{"self":[{"href":"https:\/\/www.sensoris.ee\/ru\/wp-json\/wp\/v2\/pages\/1327","targetHints":{"allow":["GET"]}}],"collection":[{"href":"https:\/\/www.sensoris.ee\/ru\/wp-json\/wp\/v2\/pages"}],"about":[{"href":"https:\/\/www.sensoris.ee\/ru\/wp-json\/wp\/v2\/types\/page"}],"author":[{"embeddable":true,"href":"https:\/\/www.sensoris.ee\/ru\/wp-json\/wp\/v2\/users\/1"}],"replies":[{"embeddable":true,"href":"https:\/\/www.sensoris.ee\/ru\/wp-json\/wp\/v2\/comments?post=1327"}],"version-history":[{"count":10,"href":"https:\/\/www.sensoris.ee\/ru\/wp-json\/wp\/v2\/pages\/1327\/revisions"}],"predecessor-version":[{"id":2285,"href":"https:\/\/www.sensoris.ee\/ru\/wp-json\/wp\/v2\/pages\/1327\/revisions\/2285"}],"wp:attachment":[{"href":"https:\/\/www.sensoris.ee\/ru\/wp-json\/wp\/v2\/media?parent=1327"}],"curies":[{"name":"wp","href":"https:\/\/api.w.org\/{rel}","templated":true}]}}