{"id":537,"date":"2019-05-08T11:30:52","date_gmt":"2019-05-08T11:30:52","guid":{"rendered":"https:\/\/www.sensoris.ee\/?page_id=537"},"modified":"2023-10-23T13:01:58","modified_gmt":"2023-10-23T11:01:58","slug":"samsung-%d0%b7%d0%b0%d0%bf%d1%80%d0%b0%d0%b2%d0%ba%d0%b0","status":"publish","type":"page","link":"https:\/\/www.sensoris.ee\/ru\/%d0%b7%d0%b0%d0%bf%d1%80%d0%b0%d0%b2%d0%ba%d0%b0-%d0%ba%d0%b0%d1%80%d1%82%d1%80%d0%b8%d0%b4%d0%b6%d0%b5%d0%b9\/samsung-%d0%b7%d0%b0%d0%bf%d1%80%d0%b0%d0%b2%d0%ba%d0%b0\/","title":{"rendered":"Samsung \u0437\u0430\u043f\u0440\u0430\u0432\u043a\u0430"},"content":{"rendered":"[vc_row eq_height=&#187;yes&#187; content_placement=&#187;top&#187; css=&#187;.vc_custom_1557759178019{padding-top: 30px !important;padding-bottom: 30px !important;background-color: #edf3f5 !important;}&#187; el_class=&#187;hero-image&#187;][vc_column width=&#187;2\/3&#8243;][vc_column_text css_animation=&#187;fadeInDown&#187; el_class=&#187;home-toonerite-taitmine subpage-hero&#187;]\n<h1>Samsung \u0437\u0430\u043f\u0440\u0430\u0432\u043a\u0430<\/h1>\n<p><strong>\u0421\u0440\u043e\u0447\u043d\u0430\u044f \u0437\u0430\u043f\u0440\u0430\u0432\u043a\u0430 Samsung \u043a\u0430\u0440\u0442\u0440\u0438\u0434\u0436\u0435\u0439 \u0434\u043b\u044f \u043f\u0440\u0438\u043d\u0442\u0435\u0440\u043e\u0432 \u0441 \u0445\u043e\u0440\u043e\u0448\u0435\u0439 \u0446\u0435\u043d\u043e\u0439 \u0438 \u043a\u0430\u0447\u0435\u0441\u0442\u0432\u043e\u043c.<br \/>\n\u0422\u043e\u043d\u0435\u0440 \u043a\u0430\u0440\u0442\u0440\u0438\u0434\u0436 \u0441\u0440\u0430\u0437\u0443 \u043d\u0430\u0440\u0443\u043a\u0438! \u041f\u0440\u043e\u0434\u0430\u0436\u0430 \u0442\u043e\u043d\u0435\u0440 \u043a\u0430\u0440\u0442\u0440\u0438\u0434\u0436\u0435\u0439.<br \/>\n<\/strong><br \/>\n\u041d\u0435 \u043d\u0430\u0448\u043b\u0438 \u0432\u0441\u043f\u0438\u0441\u043a\u0435 \u0441\u0432\u043e\u044e \u0442\u043e\u043d\u0435\u0440\u043d\u0443\u044e \u043a\u0430\u0441\u0441\u0435\u0442\u0443, \u043f\u043e\u0437\u0432\u043e\u043d\u0438\u0442\u0435 6563354[\/vc_column_text][\/vc_column][vc_column width=&#187;1\/3&#8243;][vc_gallery type=&#187;image_grid&#187; images=&#187;229,231,233&#8243;][\/vc_column][\/vc_row][vc_row eq_height=&#187;yes&#187; content_placement=&#187;middle&#187; el_class=&#187;select-category&#187;][vc_column width=&#187;1\/4&#8243;][vc_column_text]<strong><em>\u041d\u0430\u0436\u043c\u0438\u0442\u0435 \u043d\u0430 \u043b\u043e\u0433\u043e !<\/em><\/strong>[\/vc_column_text][\/vc_column][vc_column width=&#187;3\/4&#8243;][vc_column_text el_class=&#187;select-product&#187;]<a href=\"https:\/\/www.sensoris.ee\/ru\/%d0%b7%d0%b0%d0%bf%d1%80%d0%b0%d0%b2%d0%ba%d0%b0-%d0%ba%d0%b0%d1%80%d1%82%d1%80%d0%b8%d0%b4%d0%b6%d0%b5%d0%b9\/hp-%d0%b7%d0%b0%d0%bf%d1%80%d0%b0%d0%b2%d0%ba%d0%b0\/\"><img loading=\"lazy\" decoding=\"async\" class=\"alignnone wp-image-273 size-full\" src=\"https:\/\/www.sensoris.ee\/wp-content\/uploads\/2019\/05\/logo-hp-1.jpg\" alt=\"samsung \u0437\u0430\u043f\u0440\u0430\u0432\u043a\u0430\" width=\"50\" height=\"50\" \/><\/a><a href=\"https:\/\/www.sensoris.ee\/ru\/%d0%b7%d0%b0%d0%bf%d1%80%d0%b0%d0%b2%d0%ba%d0%b0-%d0%ba%d0%b0%d1%80%d1%82%d1%80%d0%b8%d0%b4%d0%b6%d0%b5%d0%b9\/canon-%d0%b7%d0%b0%d0%bf%d1%80%d0%b0%d0%b2%d0%ba%d0%b0\/\"><img loading=\"lazy\" decoding=\"async\" class=\"alignnone wp-image-250 size-full\" src=\"https:\/\/www.sensoris.ee\/wp-content\/uploads\/2019\/05\/logo-canon-hp.png\" alt=\"canon \u0437\u0430\u043f\u0440\u0430\u0432\u043a\u0430\" width=\"224\" height=\"48\" srcset=\"https:\/\/www.sensoris.ee\/wp-content\/uploads\/2019\/05\/logo-canon-hp.png 224w, https:\/\/www.sensoris.ee\/wp-content\/uploads\/2019\/05\/logo-canon-hp-220x48.png 220w\" sizes=\"auto, (max-width: 224px) 100vw, 224px\" \/><\/a><a class=\"active\" href=\"https:\/\/www.sensoris.ee\/ru\/%d0%b7%d0%b0%d0%bf%d1%80%d0%b0%d0%b2%d0%ba%d0%b0-%d0%ba%d0%b0%d1%80%d1%82%d1%80%d0%b8%d0%b4%d0%b6%d0%b5%d0%b9\/samsung-%d0%b7%d0%b0%d0%bf%d1%80%d0%b0%d0%b2%d0%ba%d0%b0\/\"><img loading=\"lazy\" decoding=\"async\" class=\"alignnone wp-image-256 size-full\" src=\"https:\/\/www.sensoris.ee\/wp-content\/uploads\/2019\/05\/logo-samsung-hp.png\" alt=\"Samsung \u0437\u0430\u043f\u0440\u0430\u0432\u043a\u0430\" width=\"184\" height=\"64\" srcset=\"https:\/\/www.sensoris.ee\/wp-content\/uploads\/2019\/05\/logo-samsung-hp.png 184w, https:\/\/www.sensoris.ee\/wp-content\/uploads\/2019\/05\/logo-samsung-hp-180x64.png 180w\" sizes=\"auto, (max-width: 184px) 100vw, 184px\" \/><\/a><a href=\"https:\/\/www.sensoris.ee\/ru\/%d0%b7%d0%b0%d0%bf%d1%80%d0%b0%d0%b2%d0%ba%d0%b0-%d0%ba%d0%b0%d1%80%d1%82%d1%80%d0%b8%d0%b4%d0%b6%d0%b5%d0%b9\/brother-%d0%b7%d0%b0%d0%bf%d1%80%d0%b0%d0%b2%d0%ba%d0%b0\/\"><img loading=\"lazy\" decoding=\"async\" class=\"alignnone wp-image-262 size-full\" src=\"https:\/\/www.sensoris.ee\/wp-content\/uploads\/2019\/05\/logo-brother-hp-e1601378716275.jpg\" alt=\"brother\" width=\"500\" height=\"208\" \/><\/a><a href=\"https:\/\/www.sensoris.ee\/ru\/%d0%b7%d0%b0%d0%bf%d1%80%d0%b0%d0%b2%d0%ba%d0%b0-%d0%ba%d0%b0%d1%80%d1%82%d1%80%d0%b8%d0%b4%d0%b6%d0%b5%d0%b9\/lexmark-%d0%b7%d0%b0%d0%bf%d1%80%d0%b0%d0%b2%d0%ba%d0%b0\/\"><img loading=\"lazy\" decoding=\"async\" class=\"alignnone wp-image-6438 size-medium\" src=\"https:\/\/www.sensoris.ee\/wp-content\/uploads\/2023\/10\/Lexmark-300x75.png\" alt=\"Lexmark\" width=\"300\" height=\"75\" srcset=\"https:\/\/www.sensoris.ee\/wp-content\/uploads\/2023\/10\/Lexmark-300x75.png 300w, https:\/\/www.sensoris.ee\/wp-content\/uploads\/2023\/10\/Lexmark-1024x254.png 1024w, https:\/\/www.sensoris.ee\/wp-content\/uploads\/2023\/10\/Lexmark-768x191.png 768w, https:\/\/www.sensoris.ee\/wp-content\/uploads\/2023\/10\/Lexmark-600x149.png 600w, https:\/\/www.sensoris.ee\/wp-content\/uploads\/2023\/10\/Lexmark.png 1200w\" sizes=\"auto, (max-width: 300px) 100vw, 300px\" \/><\/a><a href=\"https:\/\/www.sensoris.ee\/ru\/%d0%b7%d0%b0%d0%bf%d1%80%d0%b0%d0%b2%d0%ba%d0%b0-%d0%ba%d0%b0%d1%80%d1%82%d1%80%d0%b8%d0%b4%d0%b6%d0%b5%d0%b9\/xerox-%d0%b7%d0%b0%d0%bf%d1%80%d0%b0%d0%b2%d0%ba%d0%b0\/\"><img loading=\"lazy\" decoding=\"async\" class=\"alignnone wp-image-258 size-full\" src=\"https:\/\/www.sensoris.ee\/wp-content\/uploads\/2019\/05\/logo-xerox-hp.png\" alt=\"xerox \" width=\"248\" height=\"72\" \/><\/a>[\/vc_column_text][\/vc_column][\/vc_row][vc_row css=&#187;.vc_custom_1557928825353{margin-bottom: 50px !important;}&#187;][vc_column][vc_raw_html]JTVCdGFibGUlMjBpZCUzRDE1JTIwcmVzcG9uc2l2ZSUzRGZsaXAlMjByZXNwb25zaXZlX2JyZWFrcG9pbnQlM0RwaG9uZSUyMCUyRiU1RA==[\/vc_raw_html][\/vc_column][\/vc_row]\n","protected":false},"excerpt":{"rendered":"<p>[vc_row eq_height=&#187;yes&#187; content_placement=&#187;top&#187; css=&#187;.vc_custom_1557759178019{padding-top: 30px !important;padding-bottom: 30px !important;background-color: #edf3f5 !important;}&#187; el_class=&#187;hero-image&#187;][vc_column width=&#187;2\/3&#8243;][vc_column_text css_animation=&#187;fadeInDown&#187; el_class=&#187;home-toonerite-taitmine subpage-hero&#187;] Samsung \u0437\u0430\u043f\u0440\u0430\u0432\u043a\u0430 \u0421\u0440\u043e\u0447\u043d\u0430\u044f \u0437\u0430\u043f\u0440\u0430\u0432\u043a\u0430 Samsung \u043a\u0430\u0440\u0442\u0440\u0438\u0434\u0436\u0435\u0439 \u0434\u043b\u044f \u043f\u0440\u0438\u043d\u0442\u0435\u0440\u043e\u0432 \u0441 \u0445\u043e\u0440\u043e\u0448\u0435\u0439 \u0446\u0435\u043d\u043e\u0439 \u0438 \u043a\u0430\u0447\u0435\u0441\u0442\u0432\u043e\u043c. \u0422\u043e\u043d\u0435\u0440 \u043a\u0430\u0440\u0442\u0440\u0438\u0434\u0436 \u0441\u0440\u0430\u0437\u0443 \u043d\u0430\u0440\u0443\u043a\u0438! \u041f\u0440\u043e\u0434\u0430\u0436\u0430 \u0442\u043e\u043d\u0435\u0440 \u043a\u0430\u0440\u0442\u0440\u0438\u0434\u0436\u0435\u0439. \u041d\u0435 \u043d\u0430\u0448\u043b\u0438 \u0432\u0441\u043f\u0438\u0441\u043a\u0435 \u0441\u0432\u043e\u044e \u0442\u043e\u043d\u0435\u0440\u043d\u0443\u044e \u043a\u0430\u0441\u0441\u0435\u0442\u0443, \u043f\u043e\u0437\u0432\u043e\u043d\u0438\u0442\u0435 6563354[\/vc_column_text][\/vc_column][vc_column width=&#187;1\/3&#8243;][vc_gallery type=&#187;image_grid&#187; images=&#187;229,231,233&#8243;][\/vc_column][\/vc_row][vc_row eq_height=&#187;yes&#187; content_placement=&#187;middle&#187; el_class=&#187;select-category&#187;][vc_column width=&#187;1\/4&#8243;][vc_column_text]\u041d\u0430\u0436\u043c\u0438\u0442\u0435 \u043d\u0430 \u043b\u043e\u0433\u043e ![\/vc_column_text][\/vc_column][vc_column width=&#187;3\/4&#8243;][vc_column_text el_class=&#187;select-product&#187;][\/vc_column_text][\/vc_column][\/vc_row][vc_row&#8230;<\/p>\n","protected":false},"author":1,"featured_media":121,"parent":541,"menu_order":0,"comment_status":"closed","ping_status":"closed","template":"page-full.php","meta":{"_acf_changed":false,"footnotes":""},"class_list":["post-537","page","type-page","status-publish","has-post-thumbnail","hentry"],"acf":[],"yoast_head":"<!-- This site is optimized with the Yoast SEO plugin v27.6 - https:\/\/yoast.com\/product\/yoast-seo-wordpress\/ -->\n<title>Samsung \u0437\u0430\u043f\u0440\u0430\u0432\u043a\u0430 \u043a\u0430\u0440\u0442\u0440\u0438\u0434\u0436\u0435\u0439 \u0432 \u0422\u0430\u043b\u043b\u0438\u043d\u0435 - \u0421\u0440\u043e\u0447\u043d\u0430\u044f \u0437\u0430\u043f\u0440\u0430\u0432\u043a\u0430 \u043a\u0430\u0441\u0441\u0435\u0442<\/title>\n<meta name=\"description\" content=\"\u0421\u0440\u043e\u0447\u043d\u0430\u044f \u0437\u0430\u043f\u0440\u0430\u0432\u043a\u0430 Samsung \u043a\u0430\u0440\u0442\u0440\u0438\u0434\u0436\u0435\u0439 \u0434\u043b\u044f \u043f\u0440\u0438\u043d\u0442\u0435\u0440\u043e\u0432 \u0441 \u0445\u043e\u0440\u043e\u0448\u0435\u0439 \u0446\u0435\u043d\u043e\u0439 \u0438 \u043a\u0430\u0447\u0435\u0441\u0442\u0432\u043e\u043c.\u0422\u043e\u043d\u0435\u0440 \u043a\u0430\u0440\u0442\u0440\u0438\u0434\u0436 \u0441\u0440\u0430\u0437\u0443 \u043d\u0430\u0440\u0443\u043a\u0438!\u041f\u0440\u043e\u0434\u0430\u0436\u0430 \u0442\u043e\u043d\u0435\u0440 \u043a\u0430\u0440\u0442\u0440\u0438\u0434\u0436\u0435\u0439.\" \/>\n<meta name=\"robots\" content=\"index, follow, max-snippet:-1, max-image-preview:large, max-video-preview:-1\" \/>\n<link rel=\"canonical\" href=\"https:\/\/www.sensoris.ee\/ru\/\u0437\u0430\u043f\u0440\u0430\u0432\u043a\u0430-\u043a\u0430\u0440\u0442\u0440\u0438\u0434\u0436\u0435\u0439\/samsung-\u0437\u0430\u043f\u0440\u0430\u0432\u043a\u0430\/\" \/>\n<meta property=\"og:locale\" content=\"ru_RU\" \/>\n<meta property=\"og:type\" content=\"article\" \/>\n<meta property=\"og:title\" content=\"Samsung \u0437\u0430\u043f\u0440\u0430\u0432\u043a\u0430 \u043a\u0430\u0440\u0442\u0440\u0438\u0434\u0436\u0435\u0439 \u0432 \u0422\u0430\u043b\u043b\u0438\u043d\u0435 - \u0421\u0440\u043e\u0447\u043d\u0430\u044f \u0437\u0430\u043f\u0440\u0430\u0432\u043a\u0430 \u043a\u0430\u0441\u0441\u0435\u0442\" \/>\n<meta property=\"og:description\" content=\"\u0421\u0440\u043e\u0447\u043d\u0430\u044f \u0437\u0430\u043f\u0440\u0430\u0432\u043a\u0430 Samsung \u043a\u0430\u0440\u0442\u0440\u0438\u0434\u0436\u0435\u0439 \u0434\u043b\u044f \u043f\u0440\u0438\u043d\u0442\u0435\u0440\u043e\u0432 \u0441 \u0445\u043e\u0440\u043e\u0448\u0435\u0439 \u0446\u0435\u043d\u043e\u0439 \u0438 \u043a\u0430\u0447\u0435\u0441\u0442\u0432\u043e\u043c.\u0422\u043e\u043d\u0435\u0440 \u043a\u0430\u0440\u0442\u0440\u0438\u0434\u0436 \u0441\u0440\u0430\u0437\u0443 \u043d\u0430\u0440\u0443\u043a\u0438!\u041f\u0440\u043e\u0434\u0430\u0436\u0430 \u0442\u043e\u043d\u0435\u0440 \u043a\u0430\u0440\u0442\u0440\u0438\u0434\u0436\u0435\u0439.\" \/>\n<meta property=\"og:url\" content=\"https:\/\/www.sensoris.ee\/ru\/\u0437\u0430\u043f\u0440\u0430\u0432\u043a\u0430-\u043a\u0430\u0440\u0442\u0440\u0438\u0434\u0436\u0435\u0439\/samsung-\u0437\u0430\u043f\u0440\u0430\u0432\u043a\u0430\/\" \/>\n<meta property=\"og:site_name\" content=\"Sensoris | Printerite m\u00fc\u00fck ja hooldus, toonerikassettide m\u00fc\u00fck\" \/>\n<meta property=\"article:modified_time\" content=\"2023-10-23T11:01:58+00:00\" \/>\n<meta property=\"og:image\" content=\"https:\/\/www.sensoris.ee\/wp-content\/uploads\/2019\/05\/logo-samsung.png\" \/>\n\t<meta property=\"og:image:width\" content=\"152\" \/>\n\t<meta property=\"og:image:height\" content=\"54\" \/>\n\t<meta property=\"og:image:type\" content=\"image\/png\" \/>\n<meta name=\"twitter:card\" content=\"summary_large_image\" \/>\n<meta name=\"twitter:label1\" content=\"\u041f\u0440\u0438\u043c\u0435\u0440\u043d\u043e\u0435 \u0432\u0440\u0435\u043c\u044f \u0434\u043b\u044f \u0447\u0442\u0435\u043d\u0438\u044f\" \/>\n\t<meta name=\"twitter:data1\" content=\"2 \u043c\u0438\u043d\u0443\u0442\u044b\" \/>\n<script type=\"application\/ld+json\" class=\"yoast-schema-graph\">{\"@context\":\"https:\\\/\\\/schema.org\",\"@graph\":[{\"@type\":\"WebPage\",\"@id\":\"https:\\\/\\\/www.sensoris.ee\\\/ru\\\/%d0%b7%d0%b0%d0%bf%d1%80%d0%b0%d0%b2%d0%ba%d0%b0-%d0%ba%d0%b0%d1%80%d1%82%d1%80%d0%b8%d0%b4%d0%b6%d0%b5%d0%b9\\\/samsung-%d0%b7%d0%b0%d0%bf%d1%80%d0%b0%d0%b2%d0%ba%d0%b0\\\/\",\"url\":\"https:\\\/\\\/www.sensoris.ee\\\/ru\\\/%d0%b7%d0%b0%d0%bf%d1%80%d0%b0%d0%b2%d0%ba%d0%b0-%d0%ba%d0%b0%d1%80%d1%82%d1%80%d0%b8%d0%b4%d0%b6%d0%b5%d0%b9\\\/samsung-%d0%b7%d0%b0%d0%bf%d1%80%d0%b0%d0%b2%d0%ba%d0%b0\\\/\",\"name\":\"Samsung \u0437\u0430\u043f\u0440\u0430\u0432\u043a\u0430 \u043a\u0430\u0440\u0442\u0440\u0438\u0434\u0436\u0435\u0439 \u0432 \u0422\u0430\u043b\u043b\u0438\u043d\u0435 - \u0421\u0440\u043e\u0447\u043d\u0430\u044f \u0437\u0430\u043f\u0440\u0430\u0432\u043a\u0430 \u043a\u0430\u0441\u0441\u0435\u0442\",\"isPartOf\":{\"@id\":\"https:\\\/\\\/www.sensoris.ee\\\/#website\"},\"primaryImageOfPage\":{\"@id\":\"https:\\\/\\\/www.sensoris.ee\\\/ru\\\/%d0%b7%d0%b0%d0%bf%d1%80%d0%b0%d0%b2%d0%ba%d0%b0-%d0%ba%d0%b0%d1%80%d1%82%d1%80%d0%b8%d0%b4%d0%b6%d0%b5%d0%b9\\\/samsung-%d0%b7%d0%b0%d0%bf%d1%80%d0%b0%d0%b2%d0%ba%d0%b0\\\/#primaryimage\"},\"image\":{\"@id\":\"https:\\\/\\\/www.sensoris.ee\\\/ru\\\/%d0%b7%d0%b0%d0%bf%d1%80%d0%b0%d0%b2%d0%ba%d0%b0-%d0%ba%d0%b0%d1%80%d1%82%d1%80%d0%b8%d0%b4%d0%b6%d0%b5%d0%b9\\\/samsung-%d0%b7%d0%b0%d0%bf%d1%80%d0%b0%d0%b2%d0%ba%d0%b0\\\/#primaryimage\"},\"thumbnailUrl\":\"https:\\\/\\\/www.sensoris.ee\\\/wp-content\\\/uploads\\\/2019\\\/05\\\/logo-samsung.png\",\"datePublished\":\"2019-05-08T11:30:52+00:00\",\"dateModified\":\"2023-10-23T11:01:58+00:00\",\"description\":\"\u0421\u0440\u043e\u0447\u043d\u0430\u044f \u0437\u0430\u043f\u0440\u0430\u0432\u043a\u0430 Samsung \u043a\u0430\u0440\u0442\u0440\u0438\u0434\u0436\u0435\u0439 \u0434\u043b\u044f \u043f\u0440\u0438\u043d\u0442\u0435\u0440\u043e\u0432 \u0441 \u0445\u043e\u0440\u043e\u0448\u0435\u0439 \u0446\u0435\u043d\u043e\u0439 \u0438 \u043a\u0430\u0447\u0435\u0441\u0442\u0432\u043e\u043c.\u0422\u043e\u043d\u0435\u0440 \u043a\u0430\u0440\u0442\u0440\u0438\u0434\u0436 \u0441\u0440\u0430\u0437\u0443 \u043d\u0430\u0440\u0443\u043a\u0438!\u041f\u0440\u043e\u0434\u0430\u0436\u0430 \u0442\u043e\u043d\u0435\u0440 \u043a\u0430\u0440\u0442\u0440\u0438\u0434\u0436\u0435\u0439.\",\"breadcrumb\":{\"@id\":\"https:\\\/\\\/www.sensoris.ee\\\/ru\\\/%d0%b7%d0%b0%d0%bf%d1%80%d0%b0%d0%b2%d0%ba%d0%b0-%d0%ba%d0%b0%d1%80%d1%82%d1%80%d0%b8%d0%b4%d0%b6%d0%b5%d0%b9\\\/samsung-%d0%b7%d0%b0%d0%bf%d1%80%d0%b0%d0%b2%d0%ba%d0%b0\\\/#breadcrumb\"},\"inLanguage\":\"ru-RU\",\"potentialAction\":[{\"@type\":\"ReadAction\",\"target\":[\"https:\\\/\\\/www.sensoris.ee\\\/ru\\\/%d0%b7%d0%b0%d0%bf%d1%80%d0%b0%d0%b2%d0%ba%d0%b0-%d0%ba%d0%b0%d1%80%d1%82%d1%80%d0%b8%d0%b4%d0%b6%d0%b5%d0%b9\\\/samsung-%d0%b7%d0%b0%d0%bf%d1%80%d0%b0%d0%b2%d0%ba%d0%b0\\\/\"]}]},{\"@type\":\"ImageObject\",\"inLanguage\":\"ru-RU\",\"@id\":\"https:\\\/\\\/www.sensoris.ee\\\/ru\\\/%d0%b7%d0%b0%d0%bf%d1%80%d0%b0%d0%b2%d0%ba%d0%b0-%d0%ba%d0%b0%d1%80%d1%82%d1%80%d0%b8%d0%b4%d0%b6%d0%b5%d0%b9\\\/samsung-%d0%b7%d0%b0%d0%bf%d1%80%d0%b0%d0%b2%d0%ba%d0%b0\\\/#primaryimage\",\"url\":\"https:\\\/\\\/www.sensoris.ee\\\/wp-content\\\/uploads\\\/2019\\\/05\\\/logo-samsung.png\",\"contentUrl\":\"https:\\\/\\\/www.sensoris.ee\\\/wp-content\\\/uploads\\\/2019\\\/05\\\/logo-samsung.png\",\"width\":152,\"height\":54,\"caption\":\"Samsung toonerite t\u00e4itmine\"},{\"@type\":\"BreadcrumbList\",\"@id\":\"https:\\\/\\\/www.sensoris.ee\\\/ru\\\/%d0%b7%d0%b0%d0%bf%d1%80%d0%b0%d0%b2%d0%ba%d0%b0-%d0%ba%d0%b0%d1%80%d1%82%d1%80%d0%b8%d0%b4%d0%b6%d0%b5%d0%b9\\\/samsung-%d0%b7%d0%b0%d0%bf%d1%80%d0%b0%d0%b2%d0%ba%d0%b0\\\/#breadcrumb\",\"itemListElement\":[{\"@type\":\"ListItem\",\"position\":1,\"name\":\"Home\",\"item\":\"https:\\\/\\\/www.sensoris.ee\\\/ru\\\/\"},{\"@type\":\"ListItem\",\"position\":2,\"name\":\"\u0417\u0430\u043f\u0440\u0430\u0432\u043a\u0430 \u043a\u0430\u0440\u0442\u0440\u0438\u0434\u0436\u0435\u0439\",\"item\":\"https:\\\/\\\/www.sensoris.ee\\\/ru\\\/%d0%b7%d0%b0%d0%bf%d1%80%d0%b0%d0%b2%d0%ba%d0%b0-%d0%ba%d0%b0%d1%80%d1%82%d1%80%d0%b8%d0%b4%d0%b6%d0%b5%d0%b9\\\/\"},{\"@type\":\"ListItem\",\"position\":3,\"name\":\"Samsung \u0437\u0430\u043f\u0440\u0430\u0432\u043a\u0430\"}]},{\"@type\":\"WebSite\",\"@id\":\"https:\\\/\\\/www.sensoris.ee\\\/#website\",\"url\":\"https:\\\/\\\/www.sensoris.ee\\\/\",\"name\":\"Sensoris | Printerite m\u00fc\u00fck ja hooldus,toonerikassettide m\u00fc\u00fck\",\"description\":\"Printerite remont ja hooldus.Toonerikassettide m\u00fc\u00fck ja t\u00e4itmine. Uute ja kasutatud printerite m\u00fc\u00fck\",\"publisher\":{\"@id\":\"https:\\\/\\\/www.sensoris.ee\\\/#organization\"},\"potentialAction\":[{\"@type\":\"SearchAction\",\"target\":{\"@type\":\"EntryPoint\",\"urlTemplate\":\"https:\\\/\\\/www.sensoris.ee\\\/?s={search_term_string}\"},\"query-input\":{\"@type\":\"PropertyValueSpecification\",\"valueRequired\":true,\"valueName\":\"search_term_string\"}}],\"inLanguage\":\"ru-RU\"},{\"@type\":\"Organization\",\"@id\":\"https:\\\/\\\/www.sensoris.ee\\\/#organization\",\"name\":\"Sensoris O\u00dc\",\"url\":\"https:\\\/\\\/www.sensoris.ee\\\/\",\"logo\":{\"@type\":\"ImageObject\",\"inLanguage\":\"ru-RU\",\"@id\":\"https:\\\/\\\/www.sensoris.ee\\\/#\\\/schema\\\/logo\\\/image\\\/\",\"url\":\"https:\\\/\\\/www.sensoris.ee\\\/wp-content\\\/uploads\\\/2021\\\/04\\\/SENSORIS-LOGO-uus.jpg\",\"contentUrl\":\"https:\\\/\\\/www.sensoris.ee\\\/wp-content\\\/uploads\\\/2021\\\/04\\\/SENSORIS-LOGO-uus.jpg\",\"width\":2000,\"height\":393,\"caption\":\"Sensoris O\u00dc\"},\"image\":{\"@id\":\"https:\\\/\\\/www.sensoris.ee\\\/#\\\/schema\\\/logo\\\/image\\\/\"}}]}<\/script>\n<!-- \/ Yoast SEO plugin. -->","yoast_head_json":{"title":"Samsung \u0437\u0430\u043f\u0440\u0430\u0432\u043a\u0430 \u043a\u0430\u0440\u0442\u0440\u0438\u0434\u0436\u0435\u0439 \u0432 \u0422\u0430\u043b\u043b\u0438\u043d\u0435 - \u0421\u0440\u043e\u0447\u043d\u0430\u044f \u0437\u0430\u043f\u0440\u0430\u0432\u043a\u0430 \u043a\u0430\u0441\u0441\u0435\u0442","description":"\u0421\u0440\u043e\u0447\u043d\u0430\u044f \u0437\u0430\u043f\u0440\u0430\u0432\u043a\u0430 Samsung \u043a\u0430\u0440\u0442\u0440\u0438\u0434\u0436\u0435\u0439 \u0434\u043b\u044f \u043f\u0440\u0438\u043d\u0442\u0435\u0440\u043e\u0432 \u0441 \u0445\u043e\u0440\u043e\u0448\u0435\u0439 \u0446\u0435\u043d\u043e\u0439 \u0438 \u043a\u0430\u0447\u0435\u0441\u0442\u0432\u043e\u043c.\u0422\u043e\u043d\u0435\u0440 \u043a\u0430\u0440\u0442\u0440\u0438\u0434\u0436 \u0441\u0440\u0430\u0437\u0443 \u043d\u0430\u0440\u0443\u043a\u0438!\u041f\u0440\u043e\u0434\u0430\u0436\u0430 \u0442\u043e\u043d\u0435\u0440 \u043a\u0430\u0440\u0442\u0440\u0438\u0434\u0436\u0435\u0439.","robots":{"index":"index","follow":"follow","max-snippet":"max-snippet:-1","max-image-preview":"max-image-preview:large","max-video-preview":"max-video-preview:-1"},"canonical":"https:\/\/www.sensoris.ee\/ru\/\u0437\u0430\u043f\u0440\u0430\u0432\u043a\u0430-\u043a\u0430\u0440\u0442\u0440\u0438\u0434\u0436\u0435\u0439\/samsung-\u0437\u0430\u043f\u0440\u0430\u0432\u043a\u0430\/","og_locale":"ru_RU","og_type":"article","og_title":"Samsung \u0437\u0430\u043f\u0440\u0430\u0432\u043a\u0430 \u043a\u0430\u0440\u0442\u0440\u0438\u0434\u0436\u0435\u0439 \u0432 \u0422\u0430\u043b\u043b\u0438\u043d\u0435 - \u0421\u0440\u043e\u0447\u043d\u0430\u044f \u0437\u0430\u043f\u0440\u0430\u0432\u043a\u0430 \u043a\u0430\u0441\u0441\u0435\u0442","og_description":"\u0421\u0440\u043e\u0447\u043d\u0430\u044f \u0437\u0430\u043f\u0440\u0430\u0432\u043a\u0430 Samsung \u043a\u0430\u0440\u0442\u0440\u0438\u0434\u0436\u0435\u0439 \u0434\u043b\u044f \u043f\u0440\u0438\u043d\u0442\u0435\u0440\u043e\u0432 \u0441 \u0445\u043e\u0440\u043e\u0448\u0435\u0439 \u0446\u0435\u043d\u043e\u0439 \u0438 \u043a\u0430\u0447\u0435\u0441\u0442\u0432\u043e\u043c.\u0422\u043e\u043d\u0435\u0440 \u043a\u0430\u0440\u0442\u0440\u0438\u0434\u0436 \u0441\u0440\u0430\u0437\u0443 \u043d\u0430\u0440\u0443\u043a\u0438!\u041f\u0440\u043e\u0434\u0430\u0436\u0430 \u0442\u043e\u043d\u0435\u0440 \u043a\u0430\u0440\u0442\u0440\u0438\u0434\u0436\u0435\u0439.","og_url":"https:\/\/www.sensoris.ee\/ru\/\u0437\u0430\u043f\u0440\u0430\u0432\u043a\u0430-\u043a\u0430\u0440\u0442\u0440\u0438\u0434\u0436\u0435\u0439\/samsung-\u0437\u0430\u043f\u0440\u0430\u0432\u043a\u0430\/","og_site_name":"Sensoris | Printerite m\u00fc\u00fck ja hooldus, toonerikassettide m\u00fc\u00fck","article_modified_time":"2023-10-23T11:01:58+00:00","og_image":[{"width":152,"height":54,"url":"https:\/\/www.sensoris.ee\/wp-content\/uploads\/2019\/05\/logo-samsung.png","type":"image\/png"}],"twitter_card":"summary_large_image","twitter_misc":{"\u041f\u0440\u0438\u043c\u0435\u0440\u043d\u043e\u0435 \u0432\u0440\u0435\u043c\u044f \u0434\u043b\u044f \u0447\u0442\u0435\u043d\u0438\u044f":"2 \u043c\u0438\u043d\u0443\u0442\u044b"},"schema":{"@context":"https:\/\/schema.org","@graph":[{"@type":"WebPage","@id":"https:\/\/www.sensoris.ee\/ru\/%d0%b7%d0%b0%d0%bf%d1%80%d0%b0%d0%b2%d0%ba%d0%b0-%d0%ba%d0%b0%d1%80%d1%82%d1%80%d0%b8%d0%b4%d0%b6%d0%b5%d0%b9\/samsung-%d0%b7%d0%b0%d0%bf%d1%80%d0%b0%d0%b2%d0%ba%d0%b0\/","url":"https:\/\/www.sensoris.ee\/ru\/%d0%b7%d0%b0%d0%bf%d1%80%d0%b0%d0%b2%d0%ba%d0%b0-%d0%ba%d0%b0%d1%80%d1%82%d1%80%d0%b8%d0%b4%d0%b6%d0%b5%d0%b9\/samsung-%d0%b7%d0%b0%d0%bf%d1%80%d0%b0%d0%b2%d0%ba%d0%b0\/","name":"Samsung \u0437\u0430\u043f\u0440\u0430\u0432\u043a\u0430 \u043a\u0430\u0440\u0442\u0440\u0438\u0434\u0436\u0435\u0439 \u0432 \u0422\u0430\u043b\u043b\u0438\u043d\u0435 - \u0421\u0440\u043e\u0447\u043d\u0430\u044f \u0437\u0430\u043f\u0440\u0430\u0432\u043a\u0430 \u043a\u0430\u0441\u0441\u0435\u0442","isPartOf":{"@id":"https:\/\/www.sensoris.ee\/#website"},"primaryImageOfPage":{"@id":"https:\/\/www.sensoris.ee\/ru\/%d0%b7%d0%b0%d0%bf%d1%80%d0%b0%d0%b2%d0%ba%d0%b0-%d0%ba%d0%b0%d1%80%d1%82%d1%80%d0%b8%d0%b4%d0%b6%d0%b5%d0%b9\/samsung-%d0%b7%d0%b0%d0%bf%d1%80%d0%b0%d0%b2%d0%ba%d0%b0\/#primaryimage"},"image":{"@id":"https:\/\/www.sensoris.ee\/ru\/%d0%b7%d0%b0%d0%bf%d1%80%d0%b0%d0%b2%d0%ba%d0%b0-%d0%ba%d0%b0%d1%80%d1%82%d1%80%d0%b8%d0%b4%d0%b6%d0%b5%d0%b9\/samsung-%d0%b7%d0%b0%d0%bf%d1%80%d0%b0%d0%b2%d0%ba%d0%b0\/#primaryimage"},"thumbnailUrl":"https:\/\/www.sensoris.ee\/wp-content\/uploads\/2019\/05\/logo-samsung.png","datePublished":"2019-05-08T11:30:52+00:00","dateModified":"2023-10-23T11:01:58+00:00","description":"\u0421\u0440\u043e\u0447\u043d\u0430\u044f \u0437\u0430\u043f\u0440\u0430\u0432\u043a\u0430 Samsung \u043a\u0430\u0440\u0442\u0440\u0438\u0434\u0436\u0435\u0439 \u0434\u043b\u044f \u043f\u0440\u0438\u043d\u0442\u0435\u0440\u043e\u0432 \u0441 \u0445\u043e\u0440\u043e\u0448\u0435\u0439 \u0446\u0435\u043d\u043e\u0439 \u0438 \u043a\u0430\u0447\u0435\u0441\u0442\u0432\u043e\u043c.\u0422\u043e\u043d\u0435\u0440 \u043a\u0430\u0440\u0442\u0440\u0438\u0434\u0436 \u0441\u0440\u0430\u0437\u0443 \u043d\u0430\u0440\u0443\u043a\u0438!\u041f\u0440\u043e\u0434\u0430\u0436\u0430 \u0442\u043e\u043d\u0435\u0440 \u043a\u0430\u0440\u0442\u0440\u0438\u0434\u0436\u0435\u0439.","breadcrumb":{"@id":"https:\/\/www.sensoris.ee\/ru\/%d0%b7%d0%b0%d0%bf%d1%80%d0%b0%d0%b2%d0%ba%d0%b0-%d0%ba%d0%b0%d1%80%d1%82%d1%80%d0%b8%d0%b4%d0%b6%d0%b5%d0%b9\/samsung-%d0%b7%d0%b0%d0%bf%d1%80%d0%b0%d0%b2%d0%ba%d0%b0\/#breadcrumb"},"inLanguage":"ru-RU","potentialAction":[{"@type":"ReadAction","target":["https:\/\/www.sensoris.ee\/ru\/%d0%b7%d0%b0%d0%bf%d1%80%d0%b0%d0%b2%d0%ba%d0%b0-%d0%ba%d0%b0%d1%80%d1%82%d1%80%d0%b8%d0%b4%d0%b6%d0%b5%d0%b9\/samsung-%d0%b7%d0%b0%d0%bf%d1%80%d0%b0%d0%b2%d0%ba%d0%b0\/"]}]},{"@type":"ImageObject","inLanguage":"ru-RU","@id":"https:\/\/www.sensoris.ee\/ru\/%d0%b7%d0%b0%d0%bf%d1%80%d0%b0%d0%b2%d0%ba%d0%b0-%d0%ba%d0%b0%d1%80%d1%82%d1%80%d0%b8%d0%b4%d0%b6%d0%b5%d0%b9\/samsung-%d0%b7%d0%b0%d0%bf%d1%80%d0%b0%d0%b2%d0%ba%d0%b0\/#primaryimage","url":"https:\/\/www.sensoris.ee\/wp-content\/uploads\/2019\/05\/logo-samsung.png","contentUrl":"https:\/\/www.sensoris.ee\/wp-content\/uploads\/2019\/05\/logo-samsung.png","width":152,"height":54,"caption":"Samsung toonerite t\u00e4itmine"},{"@type":"BreadcrumbList","@id":"https:\/\/www.sensoris.ee\/ru\/%d0%b7%d0%b0%d0%bf%d1%80%d0%b0%d0%b2%d0%ba%d0%b0-%d0%ba%d0%b0%d1%80%d1%82%d1%80%d0%b8%d0%b4%d0%b6%d0%b5%d0%b9\/samsung-%d0%b7%d0%b0%d0%bf%d1%80%d0%b0%d0%b2%d0%ba%d0%b0\/#breadcrumb","itemListElement":[{"@type":"ListItem","position":1,"name":"Home","item":"https:\/\/www.sensoris.ee\/ru\/"},{"@type":"ListItem","position":2,"name":"\u0417\u0430\u043f\u0440\u0430\u0432\u043a\u0430 \u043a\u0430\u0440\u0442\u0440\u0438\u0434\u0436\u0435\u0439","item":"https:\/\/www.sensoris.ee\/ru\/%d0%b7%d0%b0%d0%bf%d1%80%d0%b0%d0%b2%d0%ba%d0%b0-%d0%ba%d0%b0%d1%80%d1%82%d1%80%d0%b8%d0%b4%d0%b6%d0%b5%d0%b9\/"},{"@type":"ListItem","position":3,"name":"Samsung \u0437\u0430\u043f\u0440\u0430\u0432\u043a\u0430"}]},{"@type":"WebSite","@id":"https:\/\/www.sensoris.ee\/#website","url":"https:\/\/www.sensoris.ee\/","name":"Sensoris | Printerite m\u00fc\u00fck ja hooldus,toonerikassettide m\u00fc\u00fck","description":"Printerite remont ja hooldus.Toonerikassettide m\u00fc\u00fck ja t\u00e4itmine. Uute ja kasutatud printerite m\u00fc\u00fck","publisher":{"@id":"https:\/\/www.sensoris.ee\/#organization"},"potentialAction":[{"@type":"SearchAction","target":{"@type":"EntryPoint","urlTemplate":"https:\/\/www.sensoris.ee\/?s={search_term_string}"},"query-input":{"@type":"PropertyValueSpecification","valueRequired":true,"valueName":"search_term_string"}}],"inLanguage":"ru-RU"},{"@type":"Organization","@id":"https:\/\/www.sensoris.ee\/#organization","name":"Sensoris O\u00dc","url":"https:\/\/www.sensoris.ee\/","logo":{"@type":"ImageObject","inLanguage":"ru-RU","@id":"https:\/\/www.sensoris.ee\/#\/schema\/logo\/image\/","url":"https:\/\/www.sensoris.ee\/wp-content\/uploads\/2021\/04\/SENSORIS-LOGO-uus.jpg","contentUrl":"https:\/\/www.sensoris.ee\/wp-content\/uploads\/2021\/04\/SENSORIS-LOGO-uus.jpg","width":2000,"height":393,"caption":"Sensoris O\u00dc"},"image":{"@id":"https:\/\/www.sensoris.ee\/#\/schema\/logo\/image\/"}}]}},"_links":{"self":[{"href":"https:\/\/www.sensoris.ee\/ru\/wp-json\/wp\/v2\/pages\/537","targetHints":{"allow":["GET"]}}],"collection":[{"href":"https:\/\/www.sensoris.ee\/ru\/wp-json\/wp\/v2\/pages"}],"about":[{"href":"https:\/\/www.sensoris.ee\/ru\/wp-json\/wp\/v2\/types\/page"}],"author":[{"embeddable":true,"href":"https:\/\/www.sensoris.ee\/ru\/wp-json\/wp\/v2\/users\/1"}],"replies":[{"embeddable":true,"href":"https:\/\/www.sensoris.ee\/ru\/wp-json\/wp\/v2\/comments?post=537"}],"version-history":[{"count":10,"href":"https:\/\/www.sensoris.ee\/ru\/wp-json\/wp\/v2\/pages\/537\/revisions"}],"predecessor-version":[{"id":6464,"href":"https:\/\/www.sensoris.ee\/ru\/wp-json\/wp\/v2\/pages\/537\/revisions\/6464"}],"up":[{"embeddable":true,"href":"https:\/\/www.sensoris.ee\/ru\/wp-json\/wp\/v2\/pages\/541"}],"wp:featuredmedia":[{"embeddable":true,"href":"https:\/\/www.sensoris.ee\/ru\/wp-json\/wp\/v2\/media\/121"}],"wp:attachment":[{"href":"https:\/\/www.sensoris.ee\/ru\/wp-json\/wp\/v2\/media?parent=537"}],"curies":[{"name":"wp","href":"https:\/\/api.w.org\/{rel}","templated":true}]}}