{"id":548,"date":"2019-05-24T15:29:38","date_gmt":"2019-05-24T15:29:38","guid":{"rendered":"https:\/\/www.sensoris.ee\/?page_id=548"},"modified":"2021-04-30T11:51:06","modified_gmt":"2021-04-30T11:51:06","slug":"canon-%d1%82%d0%be%d0%bd%d0%b5%d1%80-%d0%ba%d0%b0%d1%80%d1%82%d1%80%d0%b8%d0%b4%d0%b6%d0%b8","status":"publish","type":"page","link":"https:\/\/www.sensoris.ee\/ru\/t%d0%be%d0%bd%d0%b5%d1%80-%d0%ba%d0%b0%d1%80%d1%82%d1%80%d0%b8%d0%b4%d0%b6%d0%b8\/canon-%d1%82%d0%be%d0%bd%d0%b5%d1%80-%d0%ba%d0%b0%d1%80%d1%82%d1%80%d0%b8%d0%b4%d0%b6%d0%b8\/","title":{"rendered":"Canon \u0442\u043e\u043d\u0435\u0440-\u043a\u0430\u0440\u0442\u0440\u0438\u0434\u0436\u0438"},"content":{"rendered":"[vc_row eq_height=&#187;yes&#187; content_placement=&#187;top&#187; css=&#187;.vc_custom_1557759178019{padding-top: 30px !important;padding-bottom: 30px !important;background-color: #edf3f5 !important;}&#187; el_class=&#187;hero-image&#187;][vc_column width=&#187;2\/3&#8243;][vc_column_text css_animation=&#187;fadeInDown&#187; el_class=&#187;home-toonerite-taitmine subpage-hero&#187;]\n<h1>Canon <strong>\u0442\u043e\u043d\u0435\u0440-\u043a\u0430\u0440\u0442\u0440\u0438\u0434\u0436\u0438<\/strong><\/h1>\n<p><strong>Canon \u0442\u043e\u043d\u0435\u0440-\u043a\u0430\u0440\u0442\u0440\u0438\u0434\u0436\u0438 \u0441 \u0445\u043e\u0440\u043e\u0448\u0435\u0439 \u0446\u0435\u043d\u043e\u0439 \u0438 \u043a\u0430\u0447\u0435\u0441\u0442\u0432\u043e\u043c. <\/strong><br \/>\n<strong>\u041f\u043e\u043b\u0443\u0447\u0438\u0442\u0435 Canon \u0442\u043e\u043d\u0435\u0440-\u043a\u0430\u0440\u0442\u0440\u0438\u0434\u0436\u0438 \u0431\u043b\u0438\u0436\u0430\u0439\u0448\u0435\u043c \u0432 \u043f\u043e\u0441\u044b\u043b\u043e\u0447\u043d\u043e\u043c \u0430\u0432\u0442\u043e\u043c\u0430\u0442\u0435 \u0438\u043b\u0438 \u0443 \u043d\u0430\u0441 \u043d\u0430 \u043c\u0435\u0441\u0442\u0435.<\/strong><\/p>\n<p>\u041f\u043e\u0437\u0432\u043e\u043d\u0438\u0442\u0435 \u0437\u0430\u0440\u0430\u043d\u0435\u0435 (656 33 54) \u0438 \u043f\u043e\u0434\u0433\u043e\u0442\u043e\u0432\u0438\u043c \u043a\u0430\u0441\u0441\u0435\u0442\u0443 \u0434\u043b\u044f \u0432\u0430\u0441.<\/p>\n<p>\u0415\u0441\u043b\u0438 \u0432\u044b \u043d\u0435 \u043d\u0430\u0448\u043b\u0438 \u043d\u0443\u0436\u043d\u044b\u0439 \u043a\u0430\u0440\u0442\u0440\u0438\u0434\u0436 \u0434\u043b\u044f \u043f\u0440\u0438\u043d\u0442\u0435\u0440\u0430, \u043f\u043e\u0437\u0432\u043e\u043d\u0438\u0442\u0435 \u0438 \u0441\u043f\u0440\u043e\u0441\u0438\u0442\u0435!<\/p>\n[\/vc_column_text][\/vc_column][vc_column width=&#187;1\/3&#8243;][vc_gallery type=&#187;image_grid&#187; images=&#187;229,231,233&#8243;][\/vc_column][\/vc_row][vc_row css=&#187;.vc_custom_1557928825353{margin-bottom: 50px !important;}&#187;][vc_column][vc_raw_html]JTVCdGFibGUlMjBpZCUzRDE2JTIwcmVzcG9uc2l2ZSUzRGZsaXAlMjByZXNwb25zaXZlX2JyZWFrcG9pbnQlM0RwaG9uZSUyMCUyRiU1RA==[\/vc_raw_html][\/vc_column][\/vc_row]\n","protected":false},"excerpt":{"rendered":"<p>[vc_row eq_height=&#187;yes&#187; content_placement=&#187;top&#187; css=&#187;.vc_custom_1557759178019{padding-top: 30px !important;padding-bottom: 30px !important;background-color: #edf3f5 !important;}&#187; el_class=&#187;hero-image&#187;][vc_column width=&#187;2\/3&#8243;][vc_column_text css_animation=&#187;fadeInDown&#187; el_class=&#187;home-toonerite-taitmine subpage-hero&#187;] Canon \u0442\u043e\u043d\u0435\u0440-\u043a\u0430\u0440\u0442\u0440\u0438\u0434\u0436\u0438 Canon \u0442\u043e\u043d\u0435\u0440-\u043a\u0430\u0440\u0442\u0440\u0438\u0434\u0436\u0438 \u0441 \u0445\u043e\u0440\u043e\u0448\u0435\u0439 \u0446\u0435\u043d\u043e\u0439 \u0438 \u043a\u0430\u0447\u0435\u0441\u0442\u0432\u043e\u043c. \u041f\u043e\u043b\u0443\u0447\u0438\u0442\u0435 Canon \u0442\u043e\u043d\u0435\u0440-\u043a\u0430\u0440\u0442\u0440\u0438\u0434\u0436\u0438 \u0431\u043b\u0438\u0436\u0430\u0439\u0448\u0435\u043c \u0432 \u043f\u043e\u0441\u044b\u043b\u043e\u0447\u043d\u043e\u043c \u0430\u0432\u0442\u043e\u043c\u0430\u0442\u0435 \u0438\u043b\u0438 \u0443 \u043d\u0430\u0441 \u043d\u0430 \u043c\u0435\u0441\u0442\u0435. \u041f\u043e\u0437\u0432\u043e\u043d\u0438\u0442\u0435 \u0437\u0430\u0440\u0430\u043d\u0435\u0435 (656 33 54) \u0438 \u043f\u043e\u0434\u0433\u043e\u0442\u043e\u0432\u0438\u043c \u043a\u0430\u0441\u0441\u0435\u0442\u0443 \u0434\u043b\u044f \u0432\u0430\u0441. \u0415\u0441\u043b\u0438 \u0432\u044b \u043d\u0435 \u043d\u0430\u0448\u043b\u0438 \u043d\u0443\u0436\u043d\u044b\u0439 \u043a\u0430\u0440\u0442\u0440\u0438\u0434\u0436 \u0434\u043b\u044f \u043f\u0440\u0438\u043d\u0442\u0435\u0440\u0430, \u043f\u043e\u0437\u0432\u043e\u043d\u0438\u0442\u0435&#8230;<\/p>\n","protected":false},"author":1,"featured_media":250,"parent":543,"menu_order":0,"comment_status":"closed","ping_status":"closed","template":"page-full.php","meta":{"_acf_changed":false,"footnotes":""},"class_list":["post-548","page","type-page","status-publish","has-post-thumbnail","hentry"],"acf":[],"yoast_head":"<!-- This site is optimized with the Yoast SEO plugin v27.3 - https:\/\/yoast.com\/product\/yoast-seo-wordpress\/ -->\n<title>Canon \u0442\u043e\u043d\u0435\u0440-\u043a\u0430\u0440\u0442\u0440\u0438\u0434\u0436\u0438 - Sensoris.ee - \u041a\u0430\u0440\u0442\u0440\u0438\u0434\u0436\u0438 \u0434\u043b\u044f \u043f\u0440\u0438\u043d\u0442\u0435\u0440\u043e\u0432<\/title>\n<meta name=\"description\" content=\"Canon \u0442\u043e\u043d\u0435\u0440-\u043a\u0430\u0440\u0442\u0440\u0438\u0434\u0436\u0438 \u0441 \u0445\u043e\u0440\u043e\u0448\u0435\u0439 \u0446\u0435\u043d\u043e\u0439 \u0438 \u043a\u0430\u0447\u0435\u0441\u0442\u0432\u043e\u043c. \u041f\u043e\u043b\u0443\u0447\u0438\u0442\u0435 Canon \u0442\u043e\u043d\u0435\u0440-\u043a\u0430\u0440\u0442\u0440\u0438\u0434\u0436\u0438 \u0431\u043b\u0438\u0436\u0430\u0439\u0448\u0435\u043c \u0432 \u043f\u043e\u0441\u044b\u043b\u043e\u0447\u043d\u043e\u043c \u0430\u0432\u0442\u043e\u043c\u0430\u0442\u0435 \u0438\u043b\u0438 \u0443 \u043d\u0430\u0441 \u043d\u0430 \u043c\u0435\u0441\u0442\u0435.\" \/>\n<meta name=\"robots\" content=\"index, follow, max-snippet:-1, max-image-preview:large, max-video-preview:-1\" \/>\n<link rel=\"canonical\" href=\"https:\/\/www.sensoris.ee\/ru\/t\u043e\u043d\u0435\u0440-\u043a\u0430\u0440\u0442\u0440\u0438\u0434\u0436\u0438\/canon-\u0442\u043e\u043d\u0435\u0440-\u043a\u0430\u0440\u0442\u0440\u0438\u0434\u0436\u0438\/\" \/>\n<meta property=\"og:locale\" content=\"ru_RU\" \/>\n<meta property=\"og:type\" content=\"article\" \/>\n<meta property=\"og:title\" content=\"Canon \u0442\u043e\u043d\u0435\u0440-\u043a\u0430\u0440\u0442\u0440\u0438\u0434\u0436\u0438 - Sensoris.ee - \u041a\u0430\u0440\u0442\u0440\u0438\u0434\u0436\u0438 \u0434\u043b\u044f \u043f\u0440\u0438\u043d\u0442\u0435\u0440\u043e\u0432\" \/>\n<meta property=\"og:description\" content=\"Canon \u0442\u043e\u043d\u0435\u0440-\u043a\u0430\u0440\u0442\u0440\u0438\u0434\u0436\u0438 \u0441 \u0445\u043e\u0440\u043e\u0448\u0435\u0439 \u0446\u0435\u043d\u043e\u0439 \u0438 \u043a\u0430\u0447\u0435\u0441\u0442\u0432\u043e\u043c. \u041f\u043e\u043b\u0443\u0447\u0438\u0442\u0435 Canon \u0442\u043e\u043d\u0435\u0440-\u043a\u0430\u0440\u0442\u0440\u0438\u0434\u0436\u0438 \u0431\u043b\u0438\u0436\u0430\u0439\u0448\u0435\u043c \u0432 \u043f\u043e\u0441\u044b\u043b\u043e\u0447\u043d\u043e\u043c \u0430\u0432\u0442\u043e\u043c\u0430\u0442\u0435 \u0438\u043b\u0438 \u0443 \u043d\u0430\u0441 \u043d\u0430 \u043c\u0435\u0441\u0442\u0435.\" \/>\n<meta property=\"og:url\" content=\"https:\/\/www.sensoris.ee\/ru\/t\u043e\u043d\u0435\u0440-\u043a\u0430\u0440\u0442\u0440\u0438\u0434\u0436\u0438\/canon-\u0442\u043e\u043d\u0435\u0440-\u043a\u0430\u0440\u0442\u0440\u0438\u0434\u0436\u0438\/\" \/>\n<meta property=\"og:site_name\" content=\"Sensoris | Printerite m\u00fc\u00fck ja hooldus, toonerikassettide m\u00fc\u00fck\" \/>\n<meta property=\"article:modified_time\" content=\"2021-04-30T11:51:06+00:00\" \/>\n<meta property=\"og:image\" content=\"https:\/\/www.sensoris.ee\/wp-content\/uploads\/2019\/05\/logo-canon-hp.png\" \/>\n\t<meta property=\"og:image:width\" content=\"224\" \/>\n\t<meta property=\"og:image:height\" content=\"48\" \/>\n\t<meta property=\"og:image:type\" content=\"image\/png\" \/>\n<meta name=\"twitter:card\" content=\"summary_large_image\" \/>\n<meta name=\"twitter:label1\" content=\"\u041f\u0440\u0438\u043c\u0435\u0440\u043d\u043e\u0435 \u0432\u0440\u0435\u043c\u044f \u0434\u043b\u044f \u0447\u0442\u0435\u043d\u0438\u044f\" \/>\n\t<meta name=\"twitter:data1\" content=\"1 \u043c\u0438\u043d\u0443\u0442\u0430\" \/>\n<script type=\"application\/ld+json\" class=\"yoast-schema-graph\">{\"@context\":\"https:\\\/\\\/schema.org\",\"@graph\":[{\"@type\":\"WebPage\",\"@id\":\"https:\\\/\\\/www.sensoris.ee\\\/ru\\\/t%d0%be%d0%bd%d0%b5%d1%80-%d0%ba%d0%b0%d1%80%d1%82%d1%80%d0%b8%d0%b4%d0%b6%d0%b8\\\/canon-%d1%82%d0%be%d0%bd%d0%b5%d1%80-%d0%ba%d0%b0%d1%80%d1%82%d1%80%d0%b8%d0%b4%d0%b6%d0%b8\\\/\",\"url\":\"https:\\\/\\\/www.sensoris.ee\\\/ru\\\/t%d0%be%d0%bd%d0%b5%d1%80-%d0%ba%d0%b0%d1%80%d1%82%d1%80%d0%b8%d0%b4%d0%b6%d0%b8\\\/canon-%d1%82%d0%be%d0%bd%d0%b5%d1%80-%d0%ba%d0%b0%d1%80%d1%82%d1%80%d0%b8%d0%b4%d0%b6%d0%b8\\\/\",\"name\":\"Canon \u0442\u043e\u043d\u0435\u0440-\u043a\u0430\u0440\u0442\u0440\u0438\u0434\u0436\u0438 - Sensoris.ee - \u041a\u0430\u0440\u0442\u0440\u0438\u0434\u0436\u0438 \u0434\u043b\u044f \u043f\u0440\u0438\u043d\u0442\u0435\u0440\u043e\u0432\",\"isPartOf\":{\"@id\":\"https:\\\/\\\/www.sensoris.ee\\\/#website\"},\"primaryImageOfPage\":{\"@id\":\"https:\\\/\\\/www.sensoris.ee\\\/ru\\\/t%d0%be%d0%bd%d0%b5%d1%80-%d0%ba%d0%b0%d1%80%d1%82%d1%80%d0%b8%d0%b4%d0%b6%d0%b8\\\/canon-%d1%82%d0%be%d0%bd%d0%b5%d1%80-%d0%ba%d0%b0%d1%80%d1%82%d1%80%d0%b8%d0%b4%d0%b6%d0%b8\\\/#primaryimage\"},\"image\":{\"@id\":\"https:\\\/\\\/www.sensoris.ee\\\/ru\\\/t%d0%be%d0%bd%d0%b5%d1%80-%d0%ba%d0%b0%d1%80%d1%82%d1%80%d0%b8%d0%b4%d0%b6%d0%b8\\\/canon-%d1%82%d0%be%d0%bd%d0%b5%d1%80-%d0%ba%d0%b0%d1%80%d1%82%d1%80%d0%b8%d0%b4%d0%b6%d0%b8\\\/#primaryimage\"},\"thumbnailUrl\":\"https:\\\/\\\/www.sensoris.ee\\\/wp-content\\\/uploads\\\/2019\\\/05\\\/logo-canon-hp.png\",\"datePublished\":\"2019-05-24T15:29:38+00:00\",\"dateModified\":\"2021-04-30T11:51:06+00:00\",\"description\":\"Canon \u0442\u043e\u043d\u0435\u0440-\u043a\u0430\u0440\u0442\u0440\u0438\u0434\u0436\u0438 \u0441 \u0445\u043e\u0440\u043e\u0448\u0435\u0439 \u0446\u0435\u043d\u043e\u0439 \u0438 \u043a\u0430\u0447\u0435\u0441\u0442\u0432\u043e\u043c. \u041f\u043e\u043b\u0443\u0447\u0438\u0442\u0435 Canon \u0442\u043e\u043d\u0435\u0440-\u043a\u0430\u0440\u0442\u0440\u0438\u0434\u0436\u0438 \u0431\u043b\u0438\u0436\u0430\u0439\u0448\u0435\u043c \u0432 \u043f\u043e\u0441\u044b\u043b\u043e\u0447\u043d\u043e\u043c \u0430\u0432\u0442\u043e\u043c\u0430\u0442\u0435 \u0438\u043b\u0438 \u0443 \u043d\u0430\u0441 \u043d\u0430 \u043c\u0435\u0441\u0442\u0435.\",\"breadcrumb\":{\"@id\":\"https:\\\/\\\/www.sensoris.ee\\\/ru\\\/t%d0%be%d0%bd%d0%b5%d1%80-%d0%ba%d0%b0%d1%80%d1%82%d1%80%d0%b8%d0%b4%d0%b6%d0%b8\\\/canon-%d1%82%d0%be%d0%bd%d0%b5%d1%80-%d0%ba%d0%b0%d1%80%d1%82%d1%80%d0%b8%d0%b4%d0%b6%d0%b8\\\/#breadcrumb\"},\"inLanguage\":\"ru-RU\",\"potentialAction\":[{\"@type\":\"ReadAction\",\"target\":[\"https:\\\/\\\/www.sensoris.ee\\\/ru\\\/t%d0%be%d0%bd%d0%b5%d1%80-%d0%ba%d0%b0%d1%80%d1%82%d1%80%d0%b8%d0%b4%d0%b6%d0%b8\\\/canon-%d1%82%d0%be%d0%bd%d0%b5%d1%80-%d0%ba%d0%b0%d1%80%d1%82%d1%80%d0%b8%d0%b4%d0%b6%d0%b8\\\/\"]}]},{\"@type\":\"ImageObject\",\"inLanguage\":\"ru-RU\",\"@id\":\"https:\\\/\\\/www.sensoris.ee\\\/ru\\\/t%d0%be%d0%bd%d0%b5%d1%80-%d0%ba%d0%b0%d1%80%d1%82%d1%80%d0%b8%d0%b4%d0%b6%d0%b8\\\/canon-%d1%82%d0%be%d0%bd%d0%b5%d1%80-%d0%ba%d0%b0%d1%80%d1%82%d1%80%d0%b8%d0%b4%d0%b6%d0%b8\\\/#primaryimage\",\"url\":\"https:\\\/\\\/www.sensoris.ee\\\/wp-content\\\/uploads\\\/2019\\\/05\\\/logo-canon-hp.png\",\"contentUrl\":\"https:\\\/\\\/www.sensoris.ee\\\/wp-content\\\/uploads\\\/2019\\\/05\\\/logo-canon-hp.png\",\"width\":224,\"height\":48,\"caption\":\"Canon \u0442\u043e\u043d\u0435\u0440-\u043a\u0430\u0440\u0442\u0440\u0438\u0434\u0436\u0438\"},{\"@type\":\"BreadcrumbList\",\"@id\":\"https:\\\/\\\/www.sensoris.ee\\\/ru\\\/t%d0%be%d0%bd%d0%b5%d1%80-%d0%ba%d0%b0%d1%80%d1%82%d1%80%d0%b8%d0%b4%d0%b6%d0%b8\\\/canon-%d1%82%d0%be%d0%bd%d0%b5%d1%80-%d0%ba%d0%b0%d1%80%d1%82%d1%80%d0%b8%d0%b4%d0%b6%d0%b8\\\/#breadcrumb\",\"itemListElement\":[{\"@type\":\"ListItem\",\"position\":1,\"name\":\"Home\",\"item\":\"https:\\\/\\\/www.sensoris.ee\\\/ru\\\/\"},{\"@type\":\"ListItem\",\"position\":2,\"name\":\"T\u043e\u043d\u0435\u0440-\u043a\u0430\u0440\u0442\u0440\u0438\u0434\u0436\u0438\",\"item\":\"https:\\\/\\\/www.sensoris.ee\\\/ru\\\/t%d0%be%d0%bd%d0%b5%d1%80-%d0%ba%d0%b0%d1%80%d1%82%d1%80%d0%b8%d0%b4%d0%b6%d0%b8\\\/\"},{\"@type\":\"ListItem\",\"position\":3,\"name\":\"Canon \u0442\u043e\u043d\u0435\u0440-\u043a\u0430\u0440\u0442\u0440\u0438\u0434\u0436\u0438\"}]},{\"@type\":\"WebSite\",\"@id\":\"https:\\\/\\\/www.sensoris.ee\\\/#website\",\"url\":\"https:\\\/\\\/www.sensoris.ee\\\/\",\"name\":\"Sensoris | Printerite m\u00fc\u00fck ja hooldus,toonerikassettide m\u00fc\u00fck\",\"description\":\"Printerite remont ja hooldus.Toonerikassettide m\u00fc\u00fck ja t\u00e4itmine. Uute ja kasutatud printerite m\u00fc\u00fck\",\"publisher\":{\"@id\":\"https:\\\/\\\/www.sensoris.ee\\\/#organization\"},\"potentialAction\":[{\"@type\":\"SearchAction\",\"target\":{\"@type\":\"EntryPoint\",\"urlTemplate\":\"https:\\\/\\\/www.sensoris.ee\\\/?s={search_term_string}\"},\"query-input\":{\"@type\":\"PropertyValueSpecification\",\"valueRequired\":true,\"valueName\":\"search_term_string\"}}],\"inLanguage\":\"ru-RU\"},{\"@type\":\"Organization\",\"@id\":\"https:\\\/\\\/www.sensoris.ee\\\/#organization\",\"name\":\"Sensoris O\u00dc\",\"url\":\"https:\\\/\\\/www.sensoris.ee\\\/\",\"logo\":{\"@type\":\"ImageObject\",\"inLanguage\":\"ru-RU\",\"@id\":\"https:\\\/\\\/www.sensoris.ee\\\/#\\\/schema\\\/logo\\\/image\\\/\",\"url\":\"https:\\\/\\\/www.sensoris.ee\\\/wp-content\\\/uploads\\\/2021\\\/04\\\/SENSORIS-LOGO-uus.jpg\",\"contentUrl\":\"https:\\\/\\\/www.sensoris.ee\\\/wp-content\\\/uploads\\\/2021\\\/04\\\/SENSORIS-LOGO-uus.jpg\",\"width\":2000,\"height\":393,\"caption\":\"Sensoris O\u00dc\"},\"image\":{\"@id\":\"https:\\\/\\\/www.sensoris.ee\\\/#\\\/schema\\\/logo\\\/image\\\/\"}}]}<\/script>\n<!-- \/ Yoast SEO plugin. -->","yoast_head_json":{"title":"Canon \u0442\u043e\u043d\u0435\u0440-\u043a\u0430\u0440\u0442\u0440\u0438\u0434\u0436\u0438 - Sensoris.ee - \u041a\u0430\u0440\u0442\u0440\u0438\u0434\u0436\u0438 \u0434\u043b\u044f \u043f\u0440\u0438\u043d\u0442\u0435\u0440\u043e\u0432","description":"Canon \u0442\u043e\u043d\u0435\u0440-\u043a\u0430\u0440\u0442\u0440\u0438\u0434\u0436\u0438 \u0441 \u0445\u043e\u0440\u043e\u0448\u0435\u0439 \u0446\u0435\u043d\u043e\u0439 \u0438 \u043a\u0430\u0447\u0435\u0441\u0442\u0432\u043e\u043c. \u041f\u043e\u043b\u0443\u0447\u0438\u0442\u0435 Canon \u0442\u043e\u043d\u0435\u0440-\u043a\u0430\u0440\u0442\u0440\u0438\u0434\u0436\u0438 \u0431\u043b\u0438\u0436\u0430\u0439\u0448\u0435\u043c \u0432 \u043f\u043e\u0441\u044b\u043b\u043e\u0447\u043d\u043e\u043c \u0430\u0432\u0442\u043e\u043c\u0430\u0442\u0435 \u0438\u043b\u0438 \u0443 \u043d\u0430\u0441 \u043d\u0430 \u043c\u0435\u0441\u0442\u0435.","robots":{"index":"index","follow":"follow","max-snippet":"max-snippet:-1","max-image-preview":"max-image-preview:large","max-video-preview":"max-video-preview:-1"},"canonical":"https:\/\/www.sensoris.ee\/ru\/t\u043e\u043d\u0435\u0440-\u043a\u0430\u0440\u0442\u0440\u0438\u0434\u0436\u0438\/canon-\u0442\u043e\u043d\u0435\u0440-\u043a\u0430\u0440\u0442\u0440\u0438\u0434\u0436\u0438\/","og_locale":"ru_RU","og_type":"article","og_title":"Canon \u0442\u043e\u043d\u0435\u0440-\u043a\u0430\u0440\u0442\u0440\u0438\u0434\u0436\u0438 - Sensoris.ee - \u041a\u0430\u0440\u0442\u0440\u0438\u0434\u0436\u0438 \u0434\u043b\u044f \u043f\u0440\u0438\u043d\u0442\u0435\u0440\u043e\u0432","og_description":"Canon \u0442\u043e\u043d\u0435\u0440-\u043a\u0430\u0440\u0442\u0440\u0438\u0434\u0436\u0438 \u0441 \u0445\u043e\u0440\u043e\u0448\u0435\u0439 \u0446\u0435\u043d\u043e\u0439 \u0438 \u043a\u0430\u0447\u0435\u0441\u0442\u0432\u043e\u043c. \u041f\u043e\u043b\u0443\u0447\u0438\u0442\u0435 Canon \u0442\u043e\u043d\u0435\u0440-\u043a\u0430\u0440\u0442\u0440\u0438\u0434\u0436\u0438 \u0431\u043b\u0438\u0436\u0430\u0439\u0448\u0435\u043c \u0432 \u043f\u043e\u0441\u044b\u043b\u043e\u0447\u043d\u043e\u043c \u0430\u0432\u0442\u043e\u043c\u0430\u0442\u0435 \u0438\u043b\u0438 \u0443 \u043d\u0430\u0441 \u043d\u0430 \u043c\u0435\u0441\u0442\u0435.","og_url":"https:\/\/www.sensoris.ee\/ru\/t\u043e\u043d\u0435\u0440-\u043a\u0430\u0440\u0442\u0440\u0438\u0434\u0436\u0438\/canon-\u0442\u043e\u043d\u0435\u0440-\u043a\u0430\u0440\u0442\u0440\u0438\u0434\u0436\u0438\/","og_site_name":"Sensoris | Printerite m\u00fc\u00fck ja hooldus, toonerikassettide m\u00fc\u00fck","article_modified_time":"2021-04-30T11:51:06+00:00","og_image":[{"width":224,"height":48,"url":"https:\/\/www.sensoris.ee\/wp-content\/uploads\/2019\/05\/logo-canon-hp.png","type":"image\/png"}],"twitter_card":"summary_large_image","twitter_misc":{"\u041f\u0440\u0438\u043c\u0435\u0440\u043d\u043e\u0435 \u0432\u0440\u0435\u043c\u044f \u0434\u043b\u044f \u0447\u0442\u0435\u043d\u0438\u044f":"1 \u043c\u0438\u043d\u0443\u0442\u0430"},"schema":{"@context":"https:\/\/schema.org","@graph":[{"@type":"WebPage","@id":"https:\/\/www.sensoris.ee\/ru\/t%d0%be%d0%bd%d0%b5%d1%80-%d0%ba%d0%b0%d1%80%d1%82%d1%80%d0%b8%d0%b4%d0%b6%d0%b8\/canon-%d1%82%d0%be%d0%bd%d0%b5%d1%80-%d0%ba%d0%b0%d1%80%d1%82%d1%80%d0%b8%d0%b4%d0%b6%d0%b8\/","url":"https:\/\/www.sensoris.ee\/ru\/t%d0%be%d0%bd%d0%b5%d1%80-%d0%ba%d0%b0%d1%80%d1%82%d1%80%d0%b8%d0%b4%d0%b6%d0%b8\/canon-%d1%82%d0%be%d0%bd%d0%b5%d1%80-%d0%ba%d0%b0%d1%80%d1%82%d1%80%d0%b8%d0%b4%d0%b6%d0%b8\/","name":"Canon \u0442\u043e\u043d\u0435\u0440-\u043a\u0430\u0440\u0442\u0440\u0438\u0434\u0436\u0438 - Sensoris.ee - \u041a\u0430\u0440\u0442\u0440\u0438\u0434\u0436\u0438 \u0434\u043b\u044f \u043f\u0440\u0438\u043d\u0442\u0435\u0440\u043e\u0432","isPartOf":{"@id":"https:\/\/www.sensoris.ee\/#website"},"primaryImageOfPage":{"@id":"https:\/\/www.sensoris.ee\/ru\/t%d0%be%d0%bd%d0%b5%d1%80-%d0%ba%d0%b0%d1%80%d1%82%d1%80%d0%b8%d0%b4%d0%b6%d0%b8\/canon-%d1%82%d0%be%d0%bd%d0%b5%d1%80-%d0%ba%d0%b0%d1%80%d1%82%d1%80%d0%b8%d0%b4%d0%b6%d0%b8\/#primaryimage"},"image":{"@id":"https:\/\/www.sensoris.ee\/ru\/t%d0%be%d0%bd%d0%b5%d1%80-%d0%ba%d0%b0%d1%80%d1%82%d1%80%d0%b8%d0%b4%d0%b6%d0%b8\/canon-%d1%82%d0%be%d0%bd%d0%b5%d1%80-%d0%ba%d0%b0%d1%80%d1%82%d1%80%d0%b8%d0%b4%d0%b6%d0%b8\/#primaryimage"},"thumbnailUrl":"https:\/\/www.sensoris.ee\/wp-content\/uploads\/2019\/05\/logo-canon-hp.png","datePublished":"2019-05-24T15:29:38+00:00","dateModified":"2021-04-30T11:51:06+00:00","description":"Canon \u0442\u043e\u043d\u0435\u0440-\u043a\u0430\u0440\u0442\u0440\u0438\u0434\u0436\u0438 \u0441 \u0445\u043e\u0440\u043e\u0448\u0435\u0439 \u0446\u0435\u043d\u043e\u0439 \u0438 \u043a\u0430\u0447\u0435\u0441\u0442\u0432\u043e\u043c. \u041f\u043e\u043b\u0443\u0447\u0438\u0442\u0435 Canon \u0442\u043e\u043d\u0435\u0440-\u043a\u0430\u0440\u0442\u0440\u0438\u0434\u0436\u0438 \u0431\u043b\u0438\u0436\u0430\u0439\u0448\u0435\u043c \u0432 \u043f\u043e\u0441\u044b\u043b\u043e\u0447\u043d\u043e\u043c \u0430\u0432\u0442\u043e\u043c\u0430\u0442\u0435 \u0438\u043b\u0438 \u0443 \u043d\u0430\u0441 \u043d\u0430 \u043c\u0435\u0441\u0442\u0435.","breadcrumb":{"@id":"https:\/\/www.sensoris.ee\/ru\/t%d0%be%d0%bd%d0%b5%d1%80-%d0%ba%d0%b0%d1%80%d1%82%d1%80%d0%b8%d0%b4%d0%b6%d0%b8\/canon-%d1%82%d0%be%d0%bd%d0%b5%d1%80-%d0%ba%d0%b0%d1%80%d1%82%d1%80%d0%b8%d0%b4%d0%b6%d0%b8\/#breadcrumb"},"inLanguage":"ru-RU","potentialAction":[{"@type":"ReadAction","target":["https:\/\/www.sensoris.ee\/ru\/t%d0%be%d0%bd%d0%b5%d1%80-%d0%ba%d0%b0%d1%80%d1%82%d1%80%d0%b8%d0%b4%d0%b6%d0%b8\/canon-%d1%82%d0%be%d0%bd%d0%b5%d1%80-%d0%ba%d0%b0%d1%80%d1%82%d1%80%d0%b8%d0%b4%d0%b6%d0%b8\/"]}]},{"@type":"ImageObject","inLanguage":"ru-RU","@id":"https:\/\/www.sensoris.ee\/ru\/t%d0%be%d0%bd%d0%b5%d1%80-%d0%ba%d0%b0%d1%80%d1%82%d1%80%d0%b8%d0%b4%d0%b6%d0%b8\/canon-%d1%82%d0%be%d0%bd%d0%b5%d1%80-%d0%ba%d0%b0%d1%80%d1%82%d1%80%d0%b8%d0%b4%d0%b6%d0%b8\/#primaryimage","url":"https:\/\/www.sensoris.ee\/wp-content\/uploads\/2019\/05\/logo-canon-hp.png","contentUrl":"https:\/\/www.sensoris.ee\/wp-content\/uploads\/2019\/05\/logo-canon-hp.png","width":224,"height":48,"caption":"Canon \u0442\u043e\u043d\u0435\u0440-\u043a\u0430\u0440\u0442\u0440\u0438\u0434\u0436\u0438"},{"@type":"BreadcrumbList","@id":"https:\/\/www.sensoris.ee\/ru\/t%d0%be%d0%bd%d0%b5%d1%80-%d0%ba%d0%b0%d1%80%d1%82%d1%80%d0%b8%d0%b4%d0%b6%d0%b8\/canon-%d1%82%d0%be%d0%bd%d0%b5%d1%80-%d0%ba%d0%b0%d1%80%d1%82%d1%80%d0%b8%d0%b4%d0%b6%d0%b8\/#breadcrumb","itemListElement":[{"@type":"ListItem","position":1,"name":"Home","item":"https:\/\/www.sensoris.ee\/ru\/"},{"@type":"ListItem","position":2,"name":"T\u043e\u043d\u0435\u0440-\u043a\u0430\u0440\u0442\u0440\u0438\u0434\u0436\u0438","item":"https:\/\/www.sensoris.ee\/ru\/t%d0%be%d0%bd%d0%b5%d1%80-%d0%ba%d0%b0%d1%80%d1%82%d1%80%d0%b8%d0%b4%d0%b6%d0%b8\/"},{"@type":"ListItem","position":3,"name":"Canon \u0442\u043e\u043d\u0435\u0440-\u043a\u0430\u0440\u0442\u0440\u0438\u0434\u0436\u0438"}]},{"@type":"WebSite","@id":"https:\/\/www.sensoris.ee\/#website","url":"https:\/\/www.sensoris.ee\/","name":"Sensoris | Printerite m\u00fc\u00fck ja hooldus,toonerikassettide m\u00fc\u00fck","description":"Printerite remont ja hooldus.Toonerikassettide m\u00fc\u00fck ja t\u00e4itmine. Uute ja kasutatud printerite m\u00fc\u00fck","publisher":{"@id":"https:\/\/www.sensoris.ee\/#organization"},"potentialAction":[{"@type":"SearchAction","target":{"@type":"EntryPoint","urlTemplate":"https:\/\/www.sensoris.ee\/?s={search_term_string}"},"query-input":{"@type":"PropertyValueSpecification","valueRequired":true,"valueName":"search_term_string"}}],"inLanguage":"ru-RU"},{"@type":"Organization","@id":"https:\/\/www.sensoris.ee\/#organization","name":"Sensoris O\u00dc","url":"https:\/\/www.sensoris.ee\/","logo":{"@type":"ImageObject","inLanguage":"ru-RU","@id":"https:\/\/www.sensoris.ee\/#\/schema\/logo\/image\/","url":"https:\/\/www.sensoris.ee\/wp-content\/uploads\/2021\/04\/SENSORIS-LOGO-uus.jpg","contentUrl":"https:\/\/www.sensoris.ee\/wp-content\/uploads\/2021\/04\/SENSORIS-LOGO-uus.jpg","width":2000,"height":393,"caption":"Sensoris O\u00dc"},"image":{"@id":"https:\/\/www.sensoris.ee\/#\/schema\/logo\/image\/"}}]}},"_links":{"self":[{"href":"https:\/\/www.sensoris.ee\/ru\/wp-json\/wp\/v2\/pages\/548","targetHints":{"allow":["GET"]}}],"collection":[{"href":"https:\/\/www.sensoris.ee\/ru\/wp-json\/wp\/v2\/pages"}],"about":[{"href":"https:\/\/www.sensoris.ee\/ru\/wp-json\/wp\/v2\/types\/page"}],"author":[{"embeddable":true,"href":"https:\/\/www.sensoris.ee\/ru\/wp-json\/wp\/v2\/users\/1"}],"replies":[{"embeddable":true,"href":"https:\/\/www.sensoris.ee\/ru\/wp-json\/wp\/v2\/comments?post=548"}],"version-history":[{"count":10,"href":"https:\/\/www.sensoris.ee\/ru\/wp-json\/wp\/v2\/pages\/548\/revisions"}],"predecessor-version":[{"id":3893,"href":"https:\/\/www.sensoris.ee\/ru\/wp-json\/wp\/v2\/pages\/548\/revisions\/3893"}],"up":[{"embeddable":true,"href":"https:\/\/www.sensoris.ee\/ru\/wp-json\/wp\/v2\/pages\/543"}],"wp:featuredmedia":[{"embeddable":true,"href":"https:\/\/www.sensoris.ee\/ru\/wp-json\/wp\/v2\/media\/250"}],"wp:attachment":[{"href":"https:\/\/www.sensoris.ee\/ru\/wp-json\/wp\/v2\/media?parent=548"}],"curies":[{"name":"wp","href":"https:\/\/api.w.org\/{rel}","templated":true}]}}