{"id":557,"date":"2019-05-08T11:23:47","date_gmt":"2019-05-08T11:23:47","guid":{"rendered":"https:\/\/www.sensoris.ee\/?page_id=557"},"modified":"2024-11-26T11:30:03","modified_gmt":"2024-11-26T09:30:03","slug":"kontakt","status":"publish","type":"page","link":"https:\/\/www.sensoris.ee\/ru\/kontakt\/","title":{"rendered":"\u041a\u043e\u043d\u0442\u0430\u043a\u0442"},"content":{"rendered":"[vc_row layout=&#187;stretch_row_content_no_spaces&#187;][vc_column width=&#187;1\/3&#8243; el_class=&#187;contact-left&#187;][vc_custom_heading text=&#187;&#187; font_container=&#187;tag:h2|text_align:left|color:%23dd1616&#8243;][vc_custom_heading text=&#187;\u041d\u0443\u0436\u043d\u0430 \u043f\u043e\u043c\u043e\u0449\u044c \u0441 \u043e\u0431\u0441\u043b\u0443\u0436\u0438\u0432\u0430\u043d\u0438\u0435\u043c \u043f\u0440\u0438\u043d\u0442\u0435\u0440\u0430?&#187; font_container=&#187;tag:h1|font_size:40px|text_align:left|color:%23264450|line_height:45px&#187; use_theme_fonts=&#187;yes&#187;][vc_column_text css=&#187;.vc_custom_1693469042230{margin-bottom: 25px !important;}&#187;]Sensoris O\u00dc \u0437\u0430\u043d\u0438\u043c\u0430\u0435\u0442\u0441\u044f \u043e\u0431\u0441\u043b\u0443\u0436\u0438\u0432\u0430\u043d\u0438\u0435\u043c \u043e\u0444\u0438\u0441\u043d\u043e\u0439 \u0442\u0435\u0445\u043d\u0438\u043a\u0438 \u0443\u0436\u0435 \u0431\u043e\u043b\u0435\u0435 30 \u043b\u0435\u0442.<br \/>\n\u041c\u044b \u0440\u0435\u043c\u043e\u043d\u0442\u0438\u0440\u0443\u0435\u043c \u0438 \u043e\u0431\u0441\u043b\u0443\u0436\u0438\u0432\u0430\u0435\u043c \u043f\u0440\u0438\u043d\u0442\u0435\u0440\u044b, \u043a\u043e\u043f\u0438\u0440\u044b \u0438 \u043e\u0444\u0438\u0441\u043d\u044b\u0435 \u043a\u043e\u043c\u0431\u0430\u0439\u043d\u044b.<br \/>\n\u041c\u044b \u043f\u0440\u043e\u0434\u0430\u0435\u043c \u043d\u043e\u0432\u044b\u0435 \u0438 \u0431\/\u0443 \u043f\u0440\u0438\u043d\u0442\u0435\u0440\u044b \u0438 \u043a\u043e\u043f\u0438\u0440\u044b, \u043f\u0440\u043e\u0448\u0435\u0434\u0448\u0438\u0435 \u0442\u0435\u0445\u043d\u0438\u0447\u0435\u0441\u043a\u043e\u0435 \u043e\u0431\u0441\u043b\u0443\u0436\u0438\u0432\u0430\u043d\u0438\u0435 \u0438 \u043d\u0430\u0445\u043e\u0434\u044f\u0449\u0438\u0435\u0441\u044f \u0432 \u0440\u0430\u0431\u043e\u0447\u0435\u043c \u0441\u043e\u0441\u0442\u043e\u044f\u043d\u0438\u0438.<br \/>\n\u041f\u0440\u043e\u0434\u0430\u0436\u0430 \u0438 \u0437\u0430\u043f\u0440\u0430\u0432\u043a\u0430 \u0442\u043e\u043d\u0435\u0440-\u043a\u0430\u0440\u0442\u0440\u0438\u0434\u0436\u0435\u0439 \u0432 \u043d\u0430\u0448\u0435\u043c \u043c\u0430\u0433\u0430\u0437\u0438\u043d\u0435-\u043c\u0430\u0441\u0442\u0435\u0440\u0441\u043a\u043e\u0439 \u0438\u043b\u0438 \u0447\u0435\u0440\u0435\u0437 \u0438\u043d\u0442\u0435\u0440\u043d\u0435\u0442-\u043c\u0430\u0433\u0430\u0437\u0438\u043d.<br \/>\n\u041e\u0442\u043f\u0440\u0430\u0432\u043a\u0430 \u0442\u043e\u043d\u0435\u0440-\u043a\u0430\u0440\u0442\u0440\u0438\u0434\u0436\u0435\u0439 \u0438 \u043f\u0440\u0438\u043d\u0442\u0435\u0440\u043e\u0432 \u043f\u043e\u0441\u044b\u043b\u043e\u0447\u043d\u044b\u043c \u0430\u0432\u0442\u043e\u043c\u0430\u0442\u043e\u043c \u043f\u043e \u042d\u0441\u0442\u043e\u043d\u0438\u0438.[\/vc_column_text][vc_row_inner el_class=&#187;kontaktid&#187;][vc_column_inner width=&#187;1\/3&#8243;][vc_column_text]\n<h4>\u041e\u0442\u043a\u0440\u044b\u0442\u044b :<br \/>\n<span style=\"color: #008000;\">\u041f-\u0427 9.00-16.00<\/span><br \/>\n<span style=\"color: #008000;\">\u041f\u00a0 \u00a0 \u00a0 \u00a09.00-13.00<br \/>\n<span style=\"color: #ff0000;\">\u041e\u0431\u0435\u0434 13.00-14.00<\/span><br \/>\n<\/span><\/h4>\n<p>Mustam\u00e4e tee 60, Tallinn 12916<br \/>\nTelefon: +372 656 33 54<br \/>\nE-post: info@sensoris.ee[\/vc_column_text][\/vc_column_inner][vc_column_inner width=&#187;1\/3&#8243;][vc_column_text]\n<h3>\u041a\u043e\u043d\u0442\u0430\u043a\u0442<\/h3>\n<p>Aivar: +372 50 28614[\/vc_column_text][\/vc_column_inner][vc_column_inner width=&#187;1\/3&#8243;][vc_column_text]\n<h3>\u0418\u043d\u0444\u043e<\/h3>\n<p>Sensoris O\u00dc<br \/>\nReg.nr. 10553193<br \/>\nKMKR EE 100535145<br \/>\nSwedbank a\/a\u00a0EE182200221011973989[\/vc_column_text][\/vc_column_inner][\/vc_row_inner]<div class=\"creativo_cf7 cf_scope_1 full_width none\"><style type=\"text\/css\" scoped=\"scoped\">.creativo_cf7.cf_scope_1{padding:0px;border-radius:0px;background-color:;width:100%;margin:0 auto;}.cf_scope_1 input,\n\t\t\t\t\t\t\t\t.cf_scope_1 textarea,\n\t\t\t\t\t\t\t\t.cf_scope_1 select {padding:10px;}.cf_scope_1 span.wpcf7-form-control-wrap.your-message {width: 100%; display: block;}.cf_scope_1 .wpcf7 {color:#666666;font-size:13px;}.cf_scope_1 input:not([type=\"submit\"]), .cf_scope_1 textarea, .cf_scope_1 select {font-size:13px; line-height: normal;background-color:#ffffff;border-width:1px;border-radius:0px;border-color:#cccccc;color:#b2b2b6;}.cf_scope_1 input:focus, .cf_scope_1 select:focus, .cf_scope_1 select:hover, .cf_scope_1 textarea:focus, .cf_scope_1 input:not([type=\"submit\"]):hover, .cf_scope_1 textarea:hover{background-color:#ffffff;border-color:#cccccc;color:#555555;}.cf_scope_1 textarea {height:150px;}.cf_scope_1 .wpcf7-submit, .cf_scope_1 .wpcf7-submit:focus {border: 1px solid #ccc;background-color:#244250;border-color:#244250;color:#ffffff;font-size:12px;font-weight:600;padding-top:10px;padding-bottom:10px;margin-top:10px; margin-right: 0; margin-bottom:0;text-align: left;line-height: 26px;border-radius:0px;padding-left:12px;padding-right:12px;transition: all 0.2s ease-in-out; -webkit-transition: all 0.2s ease-in-out;}.cf_scope_1 .wpcf7-submit:hover {background-color:#06aef5;border-color:#06aef5;color:#ffffff;}@media (max-width: 640px) {.creativo_cf7.cf_scope_1 {width: 100%;}}<\/style>\n<div class=\"wpcf7 no-js\" id=\"wpcf7-f352-o1\" lang=\"et\" dir=\"ltr\" data-wpcf7-id=\"352\">\n<div class=\"screen-reader-response\"><p role=\"status\" aria-live=\"polite\" aria-atomic=\"true\"><\/p> <ul><\/ul><\/div>\n<form action=\"\/ru\/wp-json\/wp\/v2\/pages\/557#wpcf7-f352-o1\" method=\"post\" class=\"wpcf7-form init\" aria-label=\"Contact form\" novalidate=\"novalidate\" data-status=\"init\">\n<fieldset class=\"hidden-fields-container\"><input type=\"hidden\" name=\"_wpcf7\" value=\"352\" \/><input type=\"hidden\" name=\"_wpcf7_version\" value=\"6.1.5\" \/><input type=\"hidden\" name=\"_wpcf7_locale\" value=\"et\" \/><input type=\"hidden\" name=\"_wpcf7_unit_tag\" value=\"wpcf7-f352-o1\" \/><input type=\"hidden\" name=\"_wpcf7_container_post\" value=\"0\" \/><input type=\"hidden\" name=\"_wpcf7_posted_data_hash\" value=\"\" \/><input type=\"hidden\" name=\"_wpcf7_recaptcha_response\" value=\"\" \/>\n<\/fieldset>\n<table>\n\t<tr>\n\t\t<td>\n\t\t\t<p><label> Nimi (vajalik)<br \/>\n<span class=\"wpcf7-form-control-wrap\" data-name=\"your-name\"><input size=\"40\" maxlength=\"400\" class=\"wpcf7-form-control wpcf7-text wpcf7-validates-as-required\" aria-required=\"true\" aria-invalid=\"false\" value=\"\" type=\"text\" name=\"your-name\" \/><\/span> <\/label>\n\t\t\t<\/p>\n\t\t<\/td>\n\t\t<td>\n\t\t\t<p><label> Email (vajalik)<br \/>\n<span class=\"wpcf7-form-control-wrap\" data-name=\"your-email\"><input size=\"40\" maxlength=\"400\" class=\"wpcf7-form-control wpcf7-email wpcf7-validates-as-required wpcf7-text wpcf7-validates-as-email\" aria-required=\"true\" aria-invalid=\"false\" value=\"\" type=\"email\" name=\"your-email\" \/><\/span> <\/label>\n\t\t\t<\/p>\n\t\t<\/td>\n\t\t<td>\n\t\t\t<p><label> Telefon (vajalik)<br \/>\n<span class=\"wpcf7-form-control-wrap\" data-name=\"your-phone\"><input size=\"40\" maxlength=\"400\" class=\"wpcf7-form-control wpcf7-text wpcf7-validates-as-required\" aria-required=\"true\" aria-invalid=\"false\" value=\"\" type=\"text\" name=\"your-phone\" \/><\/span> <\/label>\n\t\t\t<\/p>\n\t\t<\/td>\n\t<\/tr>\n<\/table>\n<p><label> Kirja sisu<br \/>\n<span class=\"wpcf7-form-control-wrap\" data-name=\"your-message\"><textarea cols=\"40\" rows=\"10\" maxlength=\"2000\" class=\"wpcf7-form-control wpcf7-textarea\" aria-invalid=\"false\" name=\"your-message\"><\/textarea><\/span> <\/label>\n<\/p>\n<p><input class=\"wpcf7-form-control wpcf7-submit has-spinner\" type=\"submit\" value=\"Saada kiri\" \/>\n<\/p><div class=\"wpcf7-response-output\" aria-hidden=\"true\"><\/div>\n<\/form>\n<\/div>\n<\/div>[\/vc_column][vc_column width=&#187;1\/3&#8243;][vc_raw_html]JTNDaWZyYW1lJTIwc3JjJTNEJTIyaHR0cHMlM0ElMkYlMkZ3d3cuZ29vZ2xlLmNvbSUyRm1hcHMlMkZlbWJlZCUzRnBiJTNEJTIxMW0xOCUyMTFtMTIlMjExbTMlMjExZDE3NzkuNTMwNDM5NzY5MDA1NCUyMTJkMjQuNjgwMjEyMzEzMDExNjEyJTIxM2Q1OS40MTYwMDA4MTExNDYzMyUyMTJtMyUyMTFmMCUyMTJmMCUyMTNmMCUyMTNtMiUyMTFpMTAyNCUyMTJpNzY4JTIxNGYxMy4xJTIxM20zJTIxMW0yJTIxMXMweDQ2OTI5NDU5NzBlY2RhNmIlMjUzQTB4YmVkMmUxZmVhMjYxZWU5OCUyMTJzU0VOU09SSVMlMjUyME8lMjVDMyUyNTlDJTIxNWUwJTIxM20yJTIxMXNldCUyMTJzZWUlMjE0djE2MjkyNjQ1NDcxNDclMjE1bTIlMjExc2V0JTIxMnNlZSUyMiUyMHdpZHRoJTNEJTIyMTAwJTI1JTIyJTIwaGVpZ2h0JTNEJTIyNzMwJTIyJTIwc3R5bGUlM0QlMjJib3JkZXIlM0EwJTNCJTIyJTIwYWxsb3dmdWxsc2NyZWVuJTNEJTIyJTIyJTIwbG9hZGluZyUzRCUyMmxhenklMjIlM0UlM0MlMkZpZnJhbWUlM0U=[\/vc_raw_html][\/vc_column][vc_column width=&#187;1\/3&#8243;][vc_gallery type=&#187;image_grid&#187; images=&#187;6187,6239&#8243; img_size=&#187;large&#187; title=&#187;Sensoris O\u00dc \u0421 01.08.2023 \u043c\u044b \u043d\u0430\u0445\u043e\u0434\u0438\u043c\u0441\u044f \u043f\u043e \u043d\u043e\u0432\u043e\u043c\u0443 \u0430\u0434\u0440\u0435\u0441\u0443 &#8212; \u041c\u0443\u0441\u0442\u0430\u043c\u044f\u044d \u0442\u0435\u044d 60, 1 \u044d\u0442\u0430\u0436&#187; slider_width=&#187;200&#8243;][\/vc_column][\/vc_row][vc_row][vc_column][\/vc_column][\/vc_row]\n","protected":false},"excerpt":{"rendered":"<p>[vc_row layout=&#187;stretch_row_content_no_spaces&#187;][vc_column width=&#187;1\/3&#8243; el_class=&#187;contact-left&#187;][vc_custom_heading text=&#187;&#187; font_container=&#187;tag:h2|text_align:left|color:%23dd1616&#8243;][vc_custom_heading text=&#187;\u041d\u0443\u0436\u043d\u0430 \u043f\u043e\u043c\u043e\u0449\u044c \u0441 \u043e\u0431\u0441\u043b\u0443\u0436\u0438\u0432\u0430\u043d\u0438\u0435\u043c \u043f\u0440\u0438\u043d\u0442\u0435\u0440\u0430?&#187; font_container=&#187;tag:h1|font_size:40px|text_align:left|color:%23264450|line_height:45px&#187; use_theme_fonts=&#187;yes&#187;][vc_column_text css=&#187;.vc_custom_1693469042230{margin-bottom: 25px !important;}&#187;]Sensoris O\u00dc \u0437\u0430\u043d\u0438\u043c\u0430\u0435\u0442\u0441\u044f \u043e\u0431\u0441\u043b\u0443\u0436\u0438\u0432\u0430\u043d\u0438\u0435\u043c \u043e\u0444\u0438\u0441\u043d\u043e\u0439 \u0442\u0435\u0445\u043d\u0438\u043a\u0438 \u0443\u0436\u0435 \u0431\u043e\u043b\u0435\u0435 30 \u043b\u0435\u0442. \u041c\u044b \u0440\u0435\u043c\u043e\u043d\u0442\u0438\u0440\u0443\u0435\u043c \u0438 \u043e\u0431\u0441\u043b\u0443\u0436\u0438\u0432\u0430\u0435\u043c \u043f\u0440\u0438\u043d\u0442\u0435\u0440\u044b, \u043a\u043e\u043f\u0438\u0440\u044b \u0438 \u043e\u0444\u0438\u0441\u043d\u044b\u0435 \u043a\u043e\u043c\u0431\u0430\u0439\u043d\u044b. \u041c\u044b \u043f\u0440\u043e\u0434\u0430\u0435\u043c \u043d\u043e\u0432\u044b\u0435 \u0438 \u0431\/\u0443 \u043f\u0440\u0438\u043d\u0442\u0435\u0440\u044b \u0438 \u043a\u043e\u043f\u0438\u0440\u044b, \u043f\u0440\u043e\u0448\u0435\u0434\u0448\u0438\u0435 \u0442\u0435\u0445\u043d\u0438\u0447\u0435\u0441\u043a\u043e\u0435 \u043e\u0431\u0441\u043b\u0443\u0436\u0438\u0432\u0430\u043d\u0438\u0435 \u0438 \u043d\u0430\u0445\u043e\u0434\u044f\u0449\u0438\u0435\u0441\u044f \u0432 \u0440\u0430\u0431\u043e\u0447\u0435\u043c \u0441\u043e\u0441\u0442\u043e\u044f\u043d\u0438\u0438. \u041f\u0440\u043e\u0434\u0430\u0436\u0430 \u0438 \u0437\u0430\u043f\u0440\u0430\u0432\u043a\u0430 \u0442\u043e\u043d\u0435\u0440-\u043a\u0430\u0440\u0442\u0440\u0438\u0434\u0436\u0435\u0439 \u0432&#8230;<\/p>\n","protected":false},"author":1,"featured_media":200,"parent":0,"menu_order":0,"comment_status":"closed","ping_status":"closed","template":"page-full.php","meta":{"_acf_changed":false,"footnotes":""},"class_list":["post-557","page","type-page","status-publish","has-post-thumbnail","hentry"],"acf":[],"yoast_head":"<!-- This site is optimized with the Yoast SEO plugin v27.5 - https:\/\/yoast.com\/product\/yoast-seo-wordpress\/ -->\n<title>\u041a\u043e\u043d\u0442\u0430\u043a\u0442 - Sensoris | Printerite m\u00fc\u00fck ja hooldus, toonerikassettide m\u00fc\u00fck<\/title>\n<meta name=\"description\" content=\"Sensoris on spetsialiseerunud j\u00e4rgmistele valdkondadele: printerite remont, hooldus ning m\u00fc\u00fck, toonerite t\u00e4itmine, toonerkassettide m\u00fc\u00fck.\" \/>\n<meta name=\"robots\" content=\"index, follow, max-snippet:-1, max-image-preview:large, max-video-preview:-1\" \/>\n<link rel=\"canonical\" href=\"https:\/\/www.sensoris.ee\/ru\/kontakt\/\" \/>\n<meta property=\"og:locale\" content=\"ru_RU\" \/>\n<meta property=\"og:type\" content=\"article\" \/>\n<meta property=\"og:title\" content=\"\u041a\u043e\u043d\u0442\u0430\u043a\u0442 - Sensoris | Printerite m\u00fc\u00fck ja hooldus, toonerikassettide m\u00fc\u00fck\" \/>\n<meta property=\"og:description\" content=\"Sensoris on spetsialiseerunud j\u00e4rgmistele valdkondadele: printerite remont, hooldus ning m\u00fc\u00fck, toonerite t\u00e4itmine, toonerkassettide m\u00fc\u00fck.\" \/>\n<meta property=\"og:url\" content=\"https:\/\/www.sensoris.ee\/ru\/kontakt\/\" \/>\n<meta property=\"og:site_name\" content=\"Sensoris | Printerite m\u00fc\u00fck ja hooldus, toonerikassettide m\u00fc\u00fck\" \/>\n<meta property=\"article:modified_time\" content=\"2024-11-26T09:30:03+00:00\" \/>\n<meta name=\"twitter:card\" content=\"summary_large_image\" \/>\n<meta name=\"twitter:label1\" content=\"\u041f\u0440\u0438\u043c\u0435\u0440\u043d\u043e\u0435 \u0432\u0440\u0435\u043c\u044f \u0434\u043b\u044f \u0447\u0442\u0435\u043d\u0438\u044f\" \/>\n\t<meta name=\"twitter:data1\" content=\"2 \u043c\u0438\u043d\u0443\u0442\u044b\" \/>\n<script type=\"application\/ld+json\" class=\"yoast-schema-graph\">{\"@context\":\"https:\\\/\\\/schema.org\",\"@graph\":[{\"@type\":\"WebPage\",\"@id\":\"https:\\\/\\\/www.sensoris.ee\\\/ru\\\/kontakt\\\/\",\"url\":\"https:\\\/\\\/www.sensoris.ee\\\/ru\\\/kontakt\\\/\",\"name\":\"\u041a\u043e\u043d\u0442\u0430\u043a\u0442 - Sensoris | Printerite m\u00fc\u00fck ja hooldus, toonerikassettide m\u00fc\u00fck\",\"isPartOf\":{\"@id\":\"https:\\\/\\\/www.sensoris.ee\\\/#website\"},\"primaryImageOfPage\":{\"@id\":\"https:\\\/\\\/www.sensoris.ee\\\/ru\\\/kontakt\\\/#primaryimage\"},\"image\":{\"@id\":\"https:\\\/\\\/www.sensoris.ee\\\/ru\\\/kontakt\\\/#primaryimage\"},\"thumbnailUrl\":\"https:\\\/\\\/www.sensoris.ee\\\/wp-content\\\/uploads\\\/2019\\\/05\\\/Logo.svg\",\"datePublished\":\"2019-05-08T11:23:47+00:00\",\"dateModified\":\"2024-11-26T09:30:03+00:00\",\"description\":\"Sensoris on spetsialiseerunud j\u00e4rgmistele valdkondadele: printerite remont, hooldus ning m\u00fc\u00fck, toonerite t\u00e4itmine, toonerkassettide m\u00fc\u00fck.\",\"breadcrumb\":{\"@id\":\"https:\\\/\\\/www.sensoris.ee\\\/ru\\\/kontakt\\\/#breadcrumb\"},\"inLanguage\":\"ru-RU\",\"potentialAction\":[{\"@type\":\"ReadAction\",\"target\":[\"https:\\\/\\\/www.sensoris.ee\\\/ru\\\/kontakt\\\/\"]}]},{\"@type\":\"ImageObject\",\"inLanguage\":\"ru-RU\",\"@id\":\"https:\\\/\\\/www.sensoris.ee\\\/ru\\\/kontakt\\\/#primaryimage\",\"url\":\"https:\\\/\\\/www.sensoris.ee\\\/wp-content\\\/uploads\\\/2019\\\/05\\\/Logo.svg\",\"contentUrl\":\"https:\\\/\\\/www.sensoris.ee\\\/wp-content\\\/uploads\\\/2019\\\/05\\\/Logo.svg\",\"width\":223,\"height\":37,\"caption\":\"Logo\"},{\"@type\":\"BreadcrumbList\",\"@id\":\"https:\\\/\\\/www.sensoris.ee\\\/ru\\\/kontakt\\\/#breadcrumb\",\"itemListElement\":[{\"@type\":\"ListItem\",\"position\":1,\"name\":\"Home\",\"item\":\"https:\\\/\\\/www.sensoris.ee\\\/ru\\\/\"},{\"@type\":\"ListItem\",\"position\":2,\"name\":\"\u041a\u043e\u043d\u0442\u0430\u043a\u0442\"}]},{\"@type\":\"WebSite\",\"@id\":\"https:\\\/\\\/www.sensoris.ee\\\/#website\",\"url\":\"https:\\\/\\\/www.sensoris.ee\\\/\",\"name\":\"Sensoris | Printerite m\u00fc\u00fck ja hooldus,toonerikassettide m\u00fc\u00fck\",\"description\":\"Printerite remont ja hooldus.Toonerikassettide m\u00fc\u00fck ja t\u00e4itmine. Uute ja kasutatud printerite m\u00fc\u00fck\",\"publisher\":{\"@id\":\"https:\\\/\\\/www.sensoris.ee\\\/#organization\"},\"potentialAction\":[{\"@type\":\"SearchAction\",\"target\":{\"@type\":\"EntryPoint\",\"urlTemplate\":\"https:\\\/\\\/www.sensoris.ee\\\/?s={search_term_string}\"},\"query-input\":{\"@type\":\"PropertyValueSpecification\",\"valueRequired\":true,\"valueName\":\"search_term_string\"}}],\"inLanguage\":\"ru-RU\"},{\"@type\":\"Organization\",\"@id\":\"https:\\\/\\\/www.sensoris.ee\\\/#organization\",\"name\":\"Sensoris O\u00dc\",\"url\":\"https:\\\/\\\/www.sensoris.ee\\\/\",\"logo\":{\"@type\":\"ImageObject\",\"inLanguage\":\"ru-RU\",\"@id\":\"https:\\\/\\\/www.sensoris.ee\\\/#\\\/schema\\\/logo\\\/image\\\/\",\"url\":\"https:\\\/\\\/www.sensoris.ee\\\/wp-content\\\/uploads\\\/2021\\\/04\\\/SENSORIS-LOGO-uus.jpg\",\"contentUrl\":\"https:\\\/\\\/www.sensoris.ee\\\/wp-content\\\/uploads\\\/2021\\\/04\\\/SENSORIS-LOGO-uus.jpg\",\"width\":2000,\"height\":393,\"caption\":\"Sensoris O\u00dc\"},\"image\":{\"@id\":\"https:\\\/\\\/www.sensoris.ee\\\/#\\\/schema\\\/logo\\\/image\\\/\"}}]}<\/script>\n<!-- \/ Yoast SEO plugin. -->","yoast_head_json":{"title":"\u041a\u043e\u043d\u0442\u0430\u043a\u0442 - Sensoris | Printerite m\u00fc\u00fck ja hooldus, toonerikassettide m\u00fc\u00fck","description":"Sensoris on spetsialiseerunud j\u00e4rgmistele valdkondadele: printerite remont, hooldus ning m\u00fc\u00fck, toonerite t\u00e4itmine, toonerkassettide m\u00fc\u00fck.","robots":{"index":"index","follow":"follow","max-snippet":"max-snippet:-1","max-image-preview":"max-image-preview:large","max-video-preview":"max-video-preview:-1"},"canonical":"https:\/\/www.sensoris.ee\/ru\/kontakt\/","og_locale":"ru_RU","og_type":"article","og_title":"\u041a\u043e\u043d\u0442\u0430\u043a\u0442 - Sensoris | Printerite m\u00fc\u00fck ja hooldus, toonerikassettide m\u00fc\u00fck","og_description":"Sensoris on spetsialiseerunud j\u00e4rgmistele valdkondadele: printerite remont, hooldus ning m\u00fc\u00fck, toonerite t\u00e4itmine, toonerkassettide m\u00fc\u00fck.","og_url":"https:\/\/www.sensoris.ee\/ru\/kontakt\/","og_site_name":"Sensoris | Printerite m\u00fc\u00fck ja hooldus, toonerikassettide m\u00fc\u00fck","article_modified_time":"2024-11-26T09:30:03+00:00","twitter_card":"summary_large_image","twitter_misc":{"\u041f\u0440\u0438\u043c\u0435\u0440\u043d\u043e\u0435 \u0432\u0440\u0435\u043c\u044f \u0434\u043b\u044f \u0447\u0442\u0435\u043d\u0438\u044f":"2 \u043c\u0438\u043d\u0443\u0442\u044b"},"schema":{"@context":"https:\/\/schema.org","@graph":[{"@type":"WebPage","@id":"https:\/\/www.sensoris.ee\/ru\/kontakt\/","url":"https:\/\/www.sensoris.ee\/ru\/kontakt\/","name":"\u041a\u043e\u043d\u0442\u0430\u043a\u0442 - Sensoris | Printerite m\u00fc\u00fck ja hooldus, toonerikassettide m\u00fc\u00fck","isPartOf":{"@id":"https:\/\/www.sensoris.ee\/#website"},"primaryImageOfPage":{"@id":"https:\/\/www.sensoris.ee\/ru\/kontakt\/#primaryimage"},"image":{"@id":"https:\/\/www.sensoris.ee\/ru\/kontakt\/#primaryimage"},"thumbnailUrl":"https:\/\/www.sensoris.ee\/wp-content\/uploads\/2019\/05\/Logo.svg","datePublished":"2019-05-08T11:23:47+00:00","dateModified":"2024-11-26T09:30:03+00:00","description":"Sensoris on spetsialiseerunud j\u00e4rgmistele valdkondadele: printerite remont, hooldus ning m\u00fc\u00fck, toonerite t\u00e4itmine, toonerkassettide m\u00fc\u00fck.","breadcrumb":{"@id":"https:\/\/www.sensoris.ee\/ru\/kontakt\/#breadcrumb"},"inLanguage":"ru-RU","potentialAction":[{"@type":"ReadAction","target":["https:\/\/www.sensoris.ee\/ru\/kontakt\/"]}]},{"@type":"ImageObject","inLanguage":"ru-RU","@id":"https:\/\/www.sensoris.ee\/ru\/kontakt\/#primaryimage","url":"https:\/\/www.sensoris.ee\/wp-content\/uploads\/2019\/05\/Logo.svg","contentUrl":"https:\/\/www.sensoris.ee\/wp-content\/uploads\/2019\/05\/Logo.svg","width":223,"height":37,"caption":"Logo"},{"@type":"BreadcrumbList","@id":"https:\/\/www.sensoris.ee\/ru\/kontakt\/#breadcrumb","itemListElement":[{"@type":"ListItem","position":1,"name":"Home","item":"https:\/\/www.sensoris.ee\/ru\/"},{"@type":"ListItem","position":2,"name":"\u041a\u043e\u043d\u0442\u0430\u043a\u0442"}]},{"@type":"WebSite","@id":"https:\/\/www.sensoris.ee\/#website","url":"https:\/\/www.sensoris.ee\/","name":"Sensoris | Printerite m\u00fc\u00fck ja hooldus,toonerikassettide m\u00fc\u00fck","description":"Printerite remont ja hooldus.Toonerikassettide m\u00fc\u00fck ja t\u00e4itmine. Uute ja kasutatud printerite m\u00fc\u00fck","publisher":{"@id":"https:\/\/www.sensoris.ee\/#organization"},"potentialAction":[{"@type":"SearchAction","target":{"@type":"EntryPoint","urlTemplate":"https:\/\/www.sensoris.ee\/?s={search_term_string}"},"query-input":{"@type":"PropertyValueSpecification","valueRequired":true,"valueName":"search_term_string"}}],"inLanguage":"ru-RU"},{"@type":"Organization","@id":"https:\/\/www.sensoris.ee\/#organization","name":"Sensoris O\u00dc","url":"https:\/\/www.sensoris.ee\/","logo":{"@type":"ImageObject","inLanguage":"ru-RU","@id":"https:\/\/www.sensoris.ee\/#\/schema\/logo\/image\/","url":"https:\/\/www.sensoris.ee\/wp-content\/uploads\/2021\/04\/SENSORIS-LOGO-uus.jpg","contentUrl":"https:\/\/www.sensoris.ee\/wp-content\/uploads\/2021\/04\/SENSORIS-LOGO-uus.jpg","width":2000,"height":393,"caption":"Sensoris O\u00dc"},"image":{"@id":"https:\/\/www.sensoris.ee\/#\/schema\/logo\/image\/"}}]}},"_links":{"self":[{"href":"https:\/\/www.sensoris.ee\/ru\/wp-json\/wp\/v2\/pages\/557","targetHints":{"allow":["GET"]}}],"collection":[{"href":"https:\/\/www.sensoris.ee\/ru\/wp-json\/wp\/v2\/pages"}],"about":[{"href":"https:\/\/www.sensoris.ee\/ru\/wp-json\/wp\/v2\/types\/page"}],"author":[{"embeddable":true,"href":"https:\/\/www.sensoris.ee\/ru\/wp-json\/wp\/v2\/users\/1"}],"replies":[{"embeddable":true,"href":"https:\/\/www.sensoris.ee\/ru\/wp-json\/wp\/v2\/comments?post=557"}],"version-history":[{"count":20,"href":"https:\/\/www.sensoris.ee\/ru\/wp-json\/wp\/v2\/pages\/557\/revisions"}],"predecessor-version":[{"id":7322,"href":"https:\/\/www.sensoris.ee\/ru\/wp-json\/wp\/v2\/pages\/557\/revisions\/7322"}],"wp:featuredmedia":[{"embeddable":true,"href":"https:\/\/www.sensoris.ee\/ru\/wp-json\/wp\/v2\/media\/200"}],"wp:attachment":[{"href":"https:\/\/www.sensoris.ee\/ru\/wp-json\/wp\/v2\/media?parent=557"}],"curies":[{"name":"wp","href":"https:\/\/api.w.org\/{rel}","templated":true}]}}