{"id":5857,"date":"2023-04-11T10:45:45","date_gmt":"2023-04-11T08:45:45","guid":{"rendered":"https:\/\/www.sensoris.ee\/t%d0%be%d0%bd%d0%b5%d1%80-%d0%ba%d0%b0%d1%80%d1%82%d1%80%d0%b8%d0%b4%d0%b6%d0%b8\/kyochera-toonerikassetid\/"},"modified":"2023-10-09T13:30:31","modified_gmt":"2023-10-09T11:30:31","slug":"kyocera-toonerikassetid","status":"publish","type":"page","link":"https:\/\/www.sensoris.ee\/ru\/t%d0%be%d0%bd%d0%b5%d1%80-%d0%ba%d0%b0%d1%80%d1%82%d1%80%d0%b8%d0%b4%d0%b6%d0%b8\/kyocera-toonerikassetid\/","title":{"rendered":"Kyocera toonerikassetid"},"content":{"rendered":"[vc_row][vc_column][vc_column_text]<strong>KYOCERA TOONERIKASSETID<\/strong><\/p>\n<p>Kyocera <strong>originaaltooner\u00a0\u00a0<\/strong><br \/>\nToonerkassettide saatmine pakiautomaadiga \u00fcle Eesti.[\/vc_column_text][\/vc_column][\/vc_row][vc_row][vc_column][vc_raw_html]JTVCdGFibGUlMjBpZCUzRDM4JTIwcmVzcG9uc2l2ZSUzRGZsaXAlMjByZXNwb25zaXZlX2JyZWFrcG9pbnQlM0RwaG9uZSUyMCUyRiU1RA==[\/vc_raw_html][\/vc_column][\/vc_row]\n","protected":false},"excerpt":{"rendered":"<p>[vc_row][vc_column][vc_column_text]KYOCERA TOONERIKASSETID Kyocera originaaltooner\u00a0\u00a0 Toonerkassettide saatmine pakiautomaadiga \u00fcle Eesti.[\/vc_column_text][\/vc_column][\/vc_row][vc_row][vc_column][vc_raw_html]JTVCdGFibGUlMjBpZCUzRDM4JTIwcmVzcG9uc2l2ZSUzRGZsaXAlMjByZXNwb25zaXZlX2JyZWFrcG9pbnQlM0RwaG9uZSUyMCUyRiU1RA==[\/vc_raw_html][\/vc_column][\/vc_row]<\/p>\n","protected":false},"author":1,"featured_media":5871,"parent":543,"menu_order":0,"comment_status":"closed","ping_status":"closed","template":"page-full.php","meta":{"_acf_changed":false,"footnotes":""},"class_list":["post-5857","page","type-page","status-publish","has-post-thumbnail","hentry"],"acf":[],"yoast_head":"<!-- This site is optimized with the Yoast SEO plugin v27.6 - https:\/\/yoast.com\/product\/yoast-seo-wordpress\/ -->\n<title>Kyocera toonerikassetid- Sensoris O\u00dc<\/title>\n<meta name=\"description\" content=\"Kyocera original toonerikassetid hea hinnaga.Toonerikassetid kohe k\u00e4tte.Toonerkassettide saatmine pakiautomaadiga \u00fcle Eesti.\" \/>\n<meta name=\"robots\" content=\"index, follow, max-snippet:-1, max-image-preview:large, max-video-preview:-1\" \/>\n<link rel=\"canonical\" href=\"https:\/\/www.sensoris.ee\/ru\/t\u043e\u043d\u0435\u0440-\u043a\u0430\u0440\u0442\u0440\u0438\u0434\u0436\u0438\/kyocera-toonerikassetid\/\" \/>\n<meta property=\"og:locale\" content=\"ru_RU\" \/>\n<meta property=\"og:type\" content=\"article\" \/>\n<meta property=\"og:title\" content=\"Kyocera toonerikassetid- Sensoris O\u00dc\" \/>\n<meta property=\"og:description\" content=\"Kyocera original toonerikassetid hea hinnaga.Toonerikassetid kohe k\u00e4tte.Toonerkassettide saatmine pakiautomaadiga \u00fcle Eesti.\" \/>\n<meta property=\"og:url\" content=\"https:\/\/www.sensoris.ee\/ru\/t\u043e\u043d\u0435\u0440-\u043a\u0430\u0440\u0442\u0440\u0438\u0434\u0436\u0438\/kyocera-toonerikassetid\/\" \/>\n<meta property=\"og:site_name\" content=\"Sensoris | Printerite m\u00fc\u00fck ja hooldus, toonerikassettide m\u00fc\u00fck\" \/>\n<meta property=\"article:modified_time\" content=\"2023-10-09T11:30:31+00:00\" \/>\n<meta property=\"og:image\" content=\"https:\/\/www.sensoris.ee\/wp-content\/uploads\/2023\/04\/Kyochera-toonerikassetid.png\" \/>\n\t<meta property=\"og:image:width\" content=\"600\" \/>\n\t<meta property=\"og:image:height\" content=\"300\" \/>\n\t<meta property=\"og:image:type\" content=\"image\/png\" \/>\n<meta name=\"twitter:card\" content=\"summary_large_image\" \/>\n<meta name=\"twitter:label1\" content=\"\u041f\u0440\u0438\u043c\u0435\u0440\u043d\u043e\u0435 \u0432\u0440\u0435\u043c\u044f \u0434\u043b\u044f \u0447\u0442\u0435\u043d\u0438\u044f\" \/>\n\t<meta name=\"twitter:data1\" content=\"1 \u043c\u0438\u043d\u0443\u0442\u0430\" \/>\n<script type=\"application\/ld+json\" class=\"yoast-schema-graph\">{\"@context\":\"https:\\\/\\\/schema.org\",\"@graph\":[{\"@type\":\"WebPage\",\"@id\":\"https:\\\/\\\/www.sensoris.ee\\\/ru\\\/t%d0%be%d0%bd%d0%b5%d1%80-%d0%ba%d0%b0%d1%80%d1%82%d1%80%d0%b8%d0%b4%d0%b6%d0%b8\\\/kyocera-toonerikassetid\\\/\",\"url\":\"https:\\\/\\\/www.sensoris.ee\\\/ru\\\/t%d0%be%d0%bd%d0%b5%d1%80-%d0%ba%d0%b0%d1%80%d1%82%d1%80%d0%b8%d0%b4%d0%b6%d0%b8\\\/kyocera-toonerikassetid\\\/\",\"name\":\"Kyocera toonerikassetid- Sensoris O\u00dc\",\"isPartOf\":{\"@id\":\"https:\\\/\\\/www.sensoris.ee\\\/#website\"},\"primaryImageOfPage\":{\"@id\":\"https:\\\/\\\/www.sensoris.ee\\\/ru\\\/t%d0%be%d0%bd%d0%b5%d1%80-%d0%ba%d0%b0%d1%80%d1%82%d1%80%d0%b8%d0%b4%d0%b6%d0%b8\\\/kyocera-toonerikassetid\\\/#primaryimage\"},\"image\":{\"@id\":\"https:\\\/\\\/www.sensoris.ee\\\/ru\\\/t%d0%be%d0%bd%d0%b5%d1%80-%d0%ba%d0%b0%d1%80%d1%82%d1%80%d0%b8%d0%b4%d0%b6%d0%b8\\\/kyocera-toonerikassetid\\\/#primaryimage\"},\"thumbnailUrl\":\"https:\\\/\\\/www.sensoris.ee\\\/wp-content\\\/uploads\\\/2023\\\/04\\\/Kyochera-toonerikassetid.png\",\"datePublished\":\"2023-04-11T08:45:45+00:00\",\"dateModified\":\"2023-10-09T11:30:31+00:00\",\"description\":\"Kyocera original toonerikassetid hea hinnaga.Toonerikassetid kohe k\u00e4tte.Toonerkassettide saatmine pakiautomaadiga \u00fcle Eesti.\",\"breadcrumb\":{\"@id\":\"https:\\\/\\\/www.sensoris.ee\\\/ru\\\/t%d0%be%d0%bd%d0%b5%d1%80-%d0%ba%d0%b0%d1%80%d1%82%d1%80%d0%b8%d0%b4%d0%b6%d0%b8\\\/kyocera-toonerikassetid\\\/#breadcrumb\"},\"inLanguage\":\"ru-RU\",\"potentialAction\":[{\"@type\":\"ReadAction\",\"target\":[\"https:\\\/\\\/www.sensoris.ee\\\/ru\\\/t%d0%be%d0%bd%d0%b5%d1%80-%d0%ba%d0%b0%d1%80%d1%82%d1%80%d0%b8%d0%b4%d0%b6%d0%b8\\\/kyocera-toonerikassetid\\\/\"]}]},{\"@type\":\"ImageObject\",\"inLanguage\":\"ru-RU\",\"@id\":\"https:\\\/\\\/www.sensoris.ee\\\/ru\\\/t%d0%be%d0%bd%d0%b5%d1%80-%d0%ba%d0%b0%d1%80%d1%82%d1%80%d0%b8%d0%b4%d0%b6%d0%b8\\\/kyocera-toonerikassetid\\\/#primaryimage\",\"url\":\"https:\\\/\\\/www.sensoris.ee\\\/wp-content\\\/uploads\\\/2023\\\/04\\\/Kyochera-toonerikassetid.png\",\"contentUrl\":\"https:\\\/\\\/www.sensoris.ee\\\/wp-content\\\/uploads\\\/2023\\\/04\\\/Kyochera-toonerikassetid.png\",\"width\":600,\"height\":300,\"caption\":\"Kyochera toonerikassetid\"},{\"@type\":\"BreadcrumbList\",\"@id\":\"https:\\\/\\\/www.sensoris.ee\\\/ru\\\/t%d0%be%d0%bd%d0%b5%d1%80-%d0%ba%d0%b0%d1%80%d1%82%d1%80%d0%b8%d0%b4%d0%b6%d0%b8\\\/kyocera-toonerikassetid\\\/#breadcrumb\",\"itemListElement\":[{\"@type\":\"ListItem\",\"position\":1,\"name\":\"Home\",\"item\":\"https:\\\/\\\/www.sensoris.ee\\\/ru\\\/\"},{\"@type\":\"ListItem\",\"position\":2,\"name\":\"T\u043e\u043d\u0435\u0440-\u043a\u0430\u0440\u0442\u0440\u0438\u0434\u0436\u0438\",\"item\":\"https:\\\/\\\/www.sensoris.ee\\\/ru\\\/t%d0%be%d0%bd%d0%b5%d1%80-%d0%ba%d0%b0%d1%80%d1%82%d1%80%d0%b8%d0%b4%d0%b6%d0%b8\\\/\"},{\"@type\":\"ListItem\",\"position\":3,\"name\":\"Kyocera toonerikassetid\"}]},{\"@type\":\"WebSite\",\"@id\":\"https:\\\/\\\/www.sensoris.ee\\\/#website\",\"url\":\"https:\\\/\\\/www.sensoris.ee\\\/\",\"name\":\"Sensoris | Printerite m\u00fc\u00fck ja hooldus,toonerikassettide m\u00fc\u00fck\",\"description\":\"Printerite remont ja hooldus.Toonerikassettide m\u00fc\u00fck ja t\u00e4itmine. Uute ja kasutatud printerite m\u00fc\u00fck\",\"publisher\":{\"@id\":\"https:\\\/\\\/www.sensoris.ee\\\/#organization\"},\"potentialAction\":[{\"@type\":\"SearchAction\",\"target\":{\"@type\":\"EntryPoint\",\"urlTemplate\":\"https:\\\/\\\/www.sensoris.ee\\\/?s={search_term_string}\"},\"query-input\":{\"@type\":\"PropertyValueSpecification\",\"valueRequired\":true,\"valueName\":\"search_term_string\"}}],\"inLanguage\":\"ru-RU\"},{\"@type\":\"Organization\",\"@id\":\"https:\\\/\\\/www.sensoris.ee\\\/#organization\",\"name\":\"Sensoris O\u00dc\",\"url\":\"https:\\\/\\\/www.sensoris.ee\\\/\",\"logo\":{\"@type\":\"ImageObject\",\"inLanguage\":\"ru-RU\",\"@id\":\"https:\\\/\\\/www.sensoris.ee\\\/#\\\/schema\\\/logo\\\/image\\\/\",\"url\":\"https:\\\/\\\/www.sensoris.ee\\\/wp-content\\\/uploads\\\/2021\\\/04\\\/SENSORIS-LOGO-uus.jpg\",\"contentUrl\":\"https:\\\/\\\/www.sensoris.ee\\\/wp-content\\\/uploads\\\/2021\\\/04\\\/SENSORIS-LOGO-uus.jpg\",\"width\":2000,\"height\":393,\"caption\":\"Sensoris O\u00dc\"},\"image\":{\"@id\":\"https:\\\/\\\/www.sensoris.ee\\\/#\\\/schema\\\/logo\\\/image\\\/\"}}]}<\/script>\n<!-- \/ Yoast SEO plugin. -->","yoast_head_json":{"title":"Kyocera toonerikassetid- Sensoris O\u00dc","description":"Kyocera original toonerikassetid hea hinnaga.Toonerikassetid kohe k\u00e4tte.Toonerkassettide saatmine pakiautomaadiga \u00fcle Eesti.","robots":{"index":"index","follow":"follow","max-snippet":"max-snippet:-1","max-image-preview":"max-image-preview:large","max-video-preview":"max-video-preview:-1"},"canonical":"https:\/\/www.sensoris.ee\/ru\/t\u043e\u043d\u0435\u0440-\u043a\u0430\u0440\u0442\u0440\u0438\u0434\u0436\u0438\/kyocera-toonerikassetid\/","og_locale":"ru_RU","og_type":"article","og_title":"Kyocera toonerikassetid- Sensoris O\u00dc","og_description":"Kyocera original toonerikassetid hea hinnaga.Toonerikassetid kohe k\u00e4tte.Toonerkassettide saatmine pakiautomaadiga \u00fcle Eesti.","og_url":"https:\/\/www.sensoris.ee\/ru\/t\u043e\u043d\u0435\u0440-\u043a\u0430\u0440\u0442\u0440\u0438\u0434\u0436\u0438\/kyocera-toonerikassetid\/","og_site_name":"Sensoris | Printerite m\u00fc\u00fck ja hooldus, toonerikassettide m\u00fc\u00fck","article_modified_time":"2023-10-09T11:30:31+00:00","og_image":[{"width":600,"height":300,"url":"https:\/\/www.sensoris.ee\/wp-content\/uploads\/2023\/04\/Kyochera-toonerikassetid.png","type":"image\/png"}],"twitter_card":"summary_large_image","twitter_misc":{"\u041f\u0440\u0438\u043c\u0435\u0440\u043d\u043e\u0435 \u0432\u0440\u0435\u043c\u044f \u0434\u043b\u044f \u0447\u0442\u0435\u043d\u0438\u044f":"1 \u043c\u0438\u043d\u0443\u0442\u0430"},"schema":{"@context":"https:\/\/schema.org","@graph":[{"@type":"WebPage","@id":"https:\/\/www.sensoris.ee\/ru\/t%d0%be%d0%bd%d0%b5%d1%80-%d0%ba%d0%b0%d1%80%d1%82%d1%80%d0%b8%d0%b4%d0%b6%d0%b8\/kyocera-toonerikassetid\/","url":"https:\/\/www.sensoris.ee\/ru\/t%d0%be%d0%bd%d0%b5%d1%80-%d0%ba%d0%b0%d1%80%d1%82%d1%80%d0%b8%d0%b4%d0%b6%d0%b8\/kyocera-toonerikassetid\/","name":"Kyocera toonerikassetid- Sensoris O\u00dc","isPartOf":{"@id":"https:\/\/www.sensoris.ee\/#website"},"primaryImageOfPage":{"@id":"https:\/\/www.sensoris.ee\/ru\/t%d0%be%d0%bd%d0%b5%d1%80-%d0%ba%d0%b0%d1%80%d1%82%d1%80%d0%b8%d0%b4%d0%b6%d0%b8\/kyocera-toonerikassetid\/#primaryimage"},"image":{"@id":"https:\/\/www.sensoris.ee\/ru\/t%d0%be%d0%bd%d0%b5%d1%80-%d0%ba%d0%b0%d1%80%d1%82%d1%80%d0%b8%d0%b4%d0%b6%d0%b8\/kyocera-toonerikassetid\/#primaryimage"},"thumbnailUrl":"https:\/\/www.sensoris.ee\/wp-content\/uploads\/2023\/04\/Kyochera-toonerikassetid.png","datePublished":"2023-04-11T08:45:45+00:00","dateModified":"2023-10-09T11:30:31+00:00","description":"Kyocera original toonerikassetid hea hinnaga.Toonerikassetid kohe k\u00e4tte.Toonerkassettide saatmine pakiautomaadiga \u00fcle Eesti.","breadcrumb":{"@id":"https:\/\/www.sensoris.ee\/ru\/t%d0%be%d0%bd%d0%b5%d1%80-%d0%ba%d0%b0%d1%80%d1%82%d1%80%d0%b8%d0%b4%d0%b6%d0%b8\/kyocera-toonerikassetid\/#breadcrumb"},"inLanguage":"ru-RU","potentialAction":[{"@type":"ReadAction","target":["https:\/\/www.sensoris.ee\/ru\/t%d0%be%d0%bd%d0%b5%d1%80-%d0%ba%d0%b0%d1%80%d1%82%d1%80%d0%b8%d0%b4%d0%b6%d0%b8\/kyocera-toonerikassetid\/"]}]},{"@type":"ImageObject","inLanguage":"ru-RU","@id":"https:\/\/www.sensoris.ee\/ru\/t%d0%be%d0%bd%d0%b5%d1%80-%d0%ba%d0%b0%d1%80%d1%82%d1%80%d0%b8%d0%b4%d0%b6%d0%b8\/kyocera-toonerikassetid\/#primaryimage","url":"https:\/\/www.sensoris.ee\/wp-content\/uploads\/2023\/04\/Kyochera-toonerikassetid.png","contentUrl":"https:\/\/www.sensoris.ee\/wp-content\/uploads\/2023\/04\/Kyochera-toonerikassetid.png","width":600,"height":300,"caption":"Kyochera toonerikassetid"},{"@type":"BreadcrumbList","@id":"https:\/\/www.sensoris.ee\/ru\/t%d0%be%d0%bd%d0%b5%d1%80-%d0%ba%d0%b0%d1%80%d1%82%d1%80%d0%b8%d0%b4%d0%b6%d0%b8\/kyocera-toonerikassetid\/#breadcrumb","itemListElement":[{"@type":"ListItem","position":1,"name":"Home","item":"https:\/\/www.sensoris.ee\/ru\/"},{"@type":"ListItem","position":2,"name":"T\u043e\u043d\u0435\u0440-\u043a\u0430\u0440\u0442\u0440\u0438\u0434\u0436\u0438","item":"https:\/\/www.sensoris.ee\/ru\/t%d0%be%d0%bd%d0%b5%d1%80-%d0%ba%d0%b0%d1%80%d1%82%d1%80%d0%b8%d0%b4%d0%b6%d0%b8\/"},{"@type":"ListItem","position":3,"name":"Kyocera toonerikassetid"}]},{"@type":"WebSite","@id":"https:\/\/www.sensoris.ee\/#website","url":"https:\/\/www.sensoris.ee\/","name":"Sensoris | Printerite m\u00fc\u00fck ja hooldus,toonerikassettide m\u00fc\u00fck","description":"Printerite remont ja hooldus.Toonerikassettide m\u00fc\u00fck ja t\u00e4itmine. Uute ja kasutatud printerite m\u00fc\u00fck","publisher":{"@id":"https:\/\/www.sensoris.ee\/#organization"},"potentialAction":[{"@type":"SearchAction","target":{"@type":"EntryPoint","urlTemplate":"https:\/\/www.sensoris.ee\/?s={search_term_string}"},"query-input":{"@type":"PropertyValueSpecification","valueRequired":true,"valueName":"search_term_string"}}],"inLanguage":"ru-RU"},{"@type":"Organization","@id":"https:\/\/www.sensoris.ee\/#organization","name":"Sensoris O\u00dc","url":"https:\/\/www.sensoris.ee\/","logo":{"@type":"ImageObject","inLanguage":"ru-RU","@id":"https:\/\/www.sensoris.ee\/#\/schema\/logo\/image\/","url":"https:\/\/www.sensoris.ee\/wp-content\/uploads\/2021\/04\/SENSORIS-LOGO-uus.jpg","contentUrl":"https:\/\/www.sensoris.ee\/wp-content\/uploads\/2021\/04\/SENSORIS-LOGO-uus.jpg","width":2000,"height":393,"caption":"Sensoris O\u00dc"},"image":{"@id":"https:\/\/www.sensoris.ee\/#\/schema\/logo\/image\/"}}]}},"_links":{"self":[{"href":"https:\/\/www.sensoris.ee\/ru\/wp-json\/wp\/v2\/pages\/5857","targetHints":{"allow":["GET"]}}],"collection":[{"href":"https:\/\/www.sensoris.ee\/ru\/wp-json\/wp\/v2\/pages"}],"about":[{"href":"https:\/\/www.sensoris.ee\/ru\/wp-json\/wp\/v2\/types\/page"}],"author":[{"embeddable":true,"href":"https:\/\/www.sensoris.ee\/ru\/wp-json\/wp\/v2\/users\/1"}],"replies":[{"embeddable":true,"href":"https:\/\/www.sensoris.ee\/ru\/wp-json\/wp\/v2\/comments?post=5857"}],"version-history":[{"count":5,"href":"https:\/\/www.sensoris.ee\/ru\/wp-json\/wp\/v2\/pages\/5857\/revisions"}],"predecessor-version":[{"id":6397,"href":"https:\/\/www.sensoris.ee\/ru\/wp-json\/wp\/v2\/pages\/5857\/revisions\/6397"}],"up":[{"embeddable":true,"href":"https:\/\/www.sensoris.ee\/ru\/wp-json\/wp\/v2\/pages\/543"}],"wp:featuredmedia":[{"embeddable":true,"href":"https:\/\/www.sensoris.ee\/ru\/wp-json\/wp\/v2\/media\/5871"}],"wp:attachment":[{"href":"https:\/\/www.sensoris.ee\/ru\/wp-json\/wp\/v2\/media?parent=5857"}],"curies":[{"name":"wp","href":"https:\/\/api.w.org\/{rel}","templated":true}]}}