{"id":923,"date":"2019-05-30T07:28:26","date_gmt":"2019-05-30T07:28:26","guid":{"rendered":"https:\/\/www.sensoris.ee\/?page_id=923"},"modified":"2025-12-22T11:51:46","modified_gmt":"2025-12-22T09:51:46","slug":"%d0%b1%d1%83-%d0%bf%d1%80%d0%b8%d0%bd%d1%82%d0%b5%d1%80%d1%8b","status":"publish","type":"page","link":"https:\/\/www.sensoris.ee\/ru\/%d0%b1%d1%83-%d0%bf%d1%80%d0%b8%d0%bd%d1%82%d0%b5%d1%80%d1%8b\/","title":{"rendered":"\u0411\u0423 \u041f\u0420\u0418\u041d\u0422\u0415\u0420\u042b"},"content":{"rendered":"[vc_row][vc_column][vc_column_text]\n<h3><\/h3>\n<h3><\/h3>\n<p>&nbsp;<\/p>\n<p>&nbsp;<\/p>\n<h3><span style=\"color: #ff0000;\"><strong>\u0411\u0423 \u041f\u0420\u0418\u041d\u0422\u0415\u0420\u042b, \u041c\u0424\u0423 \u0418 A3 \u041a\u041e\u041f\u0418\u0420\u042b<\/strong><\/span><\/h3>\n<p>\u0411\u0423 \u041f\u0420\u0418\u041d\u0422\u0415\u0420\u042b. \u041f\u043e\u0434\u0435\u0440\u0436\u0430\u043d\u043d\u044b\u0435 \u043b\u0430\u0437\u0435\u0440\u043d\u044b\u0435 \u043f\u0440\u0438\u043d\u0442\u0435\u0440\u044b \u0438 \u043e\u0444\u0438\u0441\u043d\u044b\u0435 \u043a\u043e\u043c\u0431\u0430\u0439\u043d\u044b \u043f\u043e \u0434\u043e\u0441\u0442\u0443\u043f\u043d\u044b\u043c \u0446\u0435\u043d\u0430\u043c.<br \/>\n\u0411 \/ \u0443 \u043f\u0440\u0438\u043d\u0442\u0435\u0440\u044b \u0432 \u0445\u043e\u0440\u043e\u0448\u0435\u043c \u0441\u043e\u0441\u0442\u043e\u044f\u043d\u0438\u0438.<br \/>\n\u041f\u043e\u043a\u0443\u043f\u0430\u0435\u043c \u043f\u043e\u0434\u0435\u0440\u0436\u0430\u043d\u043d\u044b\u0435 \u043b\u0430\u0437\u0435\u0440\u043d\u044b\u0435 \u043f\u0440\u0438\u043d\u0442\u0435\u0440\u044b<\/p>\n<p>&nbsp;<\/p>\n<p>&nbsp;<\/p>\n<p>&nbsp;<\/p>\n[\/vc_column_text][\/vc_column][\/vc_row]\n","protected":false},"excerpt":{"rendered":"<p>[vc_row][vc_column][vc_column_text] &nbsp; &nbsp; \u0411\u0423 \u041f\u0420\u0418\u041d\u0422\u0415\u0420\u042b, \u041c\u0424\u0423 \u0418 A3 \u041a\u041e\u041f\u0418\u0420\u042b \u0411\u0423 \u041f\u0420\u0418\u041d\u0422\u0415\u0420\u042b. \u041f\u043e\u0434\u0435\u0440\u0436\u0430\u043d\u043d\u044b\u0435 \u043b\u0430\u0437\u0435\u0440\u043d\u044b\u0435 \u043f\u0440\u0438\u043d\u0442\u0435\u0440\u044b \u0438 \u043e\u0444\u0438\u0441\u043d\u044b\u0435 \u043a\u043e\u043c\u0431\u0430\u0439\u043d\u044b \u043f\u043e \u0434\u043e\u0441\u0442\u0443\u043f\u043d\u044b\u043c \u0446\u0435\u043d\u0430\u043c. \u0411 \/ \u0443 \u043f\u0440\u0438\u043d\u0442\u0435\u0440\u044b \u0432 \u0445\u043e\u0440\u043e\u0448\u0435\u043c \u0441\u043e\u0441\u0442\u043e\u044f\u043d\u0438\u0438. \u041f\u043e\u043a\u0443\u043f\u0430\u0435\u043c \u043f\u043e\u0434\u0435\u0440\u0436\u0430\u043d\u043d\u044b\u0435 \u043b\u0430\u0437\u0435\u0440\u043d\u044b\u0435 \u043f\u0440\u0438\u043d\u0442\u0435\u0440\u044b &nbsp; &nbsp; &nbsp; [\/vc_column_text][\/vc_column][\/vc_row]<\/p>\n","protected":false},"author":1,"featured_media":1736,"parent":0,"menu_order":0,"comment_status":"closed","ping_status":"closed","template":"page-full.php","meta":{"_acf_changed":false,"footnotes":""},"class_list":["post-923","page","type-page","status-publish","has-post-thumbnail","hentry"],"acf":[],"yoast_head":"<!-- This site is optimized with the Yoast SEO plugin v27.6 - https:\/\/yoast.com\/product\/yoast-seo-wordpress\/ -->\n<title>\u0411\u0423 \u041f\u0420\u0418\u041d\u0422\u0415\u0420\u042b - sensoris.ee - \u041f\u0440\u043e\u0434\u0430\u0436\u0430 \u043f\u0440\u0438\u043d\u0442\u0435\u0440\u043e\u0432 \u0438 \u041c\u0424\u0423<\/title>\n<meta name=\"description\" content=\"\u0411\u0423 \u041f\u0420\u0418\u041d\u0422\u0415\u0420\u042b. \u041f\u043e\u0434\u0435\u0440\u0436\u0430\u043d\u043d\u044b\u0435 \u043b\u0430\u0437\u0435\u0440\u043d\u044b\u0435 \u043f\u0440\u0438\u043d\u0442\u0435\u0440\u044b \u0438 \u043e\u0444\u0438\u0441\u043d\u044b\u0435 \u043a\u043e\u043c\u0431\u0430\u0439\u043d\u044b \u043f\u043e \u0434\u043e\u0441\u0442\u0443\u043f\u043d\u044b\u043c \u0446\u0435\u043d\u0430\u043c.\u0411 \/ \u0443 \u043f\u0440\u0438\u043d\u0442\u0435\u0440\u044b \u0432 \u0445\u043e\u0440\u043e\u0448\u0435\u043c \u0441\u043e\u0441\u0442\u043e\u044f\u043d\u0438\u0438.\" \/>\n<meta name=\"robots\" content=\"index, follow, max-snippet:-1, max-image-preview:large, max-video-preview:-1\" \/>\n<link rel=\"canonical\" href=\"https:\/\/www.sensoris.ee\/ru\/\u0431\u0443-\u043f\u0440\u0438\u043d\u0442\u0435\u0440\u044b\/\" \/>\n<meta property=\"og:locale\" content=\"ru_RU\" \/>\n<meta property=\"og:type\" content=\"article\" \/>\n<meta property=\"og:title\" content=\"\u0411\u0423 \u041f\u0420\u0418\u041d\u0422\u0415\u0420\u042b - sensoris.ee - \u041f\u0440\u043e\u0434\u0430\u0436\u0430 \u043f\u0440\u0438\u043d\u0442\u0435\u0440\u043e\u0432 \u0438 \u041c\u0424\u0423\" \/>\n<meta property=\"og:description\" content=\"\u0411\u0423 \u041f\u0420\u0418\u041d\u0422\u0415\u0420\u042b. \u041f\u043e\u0434\u0435\u0440\u0436\u0430\u043d\u043d\u044b\u0435 \u043b\u0430\u0437\u0435\u0440\u043d\u044b\u0435 \u043f\u0440\u0438\u043d\u0442\u0435\u0440\u044b \u0438 \u043e\u0444\u0438\u0441\u043d\u044b\u0435 \u043a\u043e\u043c\u0431\u0430\u0439\u043d\u044b \u043f\u043e \u0434\u043e\u0441\u0442\u0443\u043f\u043d\u044b\u043c \u0446\u0435\u043d\u0430\u043c.\u0411 \/ \u0443 \u043f\u0440\u0438\u043d\u0442\u0435\u0440\u044b \u0432 \u0445\u043e\u0440\u043e\u0448\u0435\u043c \u0441\u043e\u0441\u0442\u043e\u044f\u043d\u0438\u0438.\" \/>\n<meta property=\"og:url\" content=\"https:\/\/www.sensoris.ee\/ru\/\u0431\u0443-\u043f\u0440\u0438\u043d\u0442\u0435\u0440\u044b\/\" \/>\n<meta property=\"og:site_name\" content=\"Sensoris | Printerite m\u00fc\u00fck ja hooldus, toonerikassettide m\u00fc\u00fck\" \/>\n<meta property=\"article:modified_time\" content=\"2025-12-22T09:51:46+00:00\" \/>\n<meta property=\"og:image\" content=\"https:\/\/www.sensoris.ee\/wp-content\/uploads\/2020\/02\/Kasutatud-printerid.jpg\" \/>\n\t<meta property=\"og:image:width\" content=\"1280\" \/>\n\t<meta property=\"og:image:height\" content=\"1280\" \/>\n\t<meta property=\"og:image:type\" content=\"image\/jpeg\" \/>\n<meta name=\"twitter:card\" content=\"summary_large_image\" \/>\n<meta name=\"twitter:label1\" content=\"\u041f\u0440\u0438\u043c\u0435\u0440\u043d\u043e\u0435 \u0432\u0440\u0435\u043c\u044f \u0434\u043b\u044f \u0447\u0442\u0435\u043d\u0438\u044f\" \/>\n\t<meta name=\"twitter:data1\" content=\"1 \u043c\u0438\u043d\u0443\u0442\u0430\" \/>\n<script type=\"application\/ld+json\" class=\"yoast-schema-graph\">{\"@context\":\"https:\\\/\\\/schema.org\",\"@graph\":[{\"@type\":\"WebPage\",\"@id\":\"https:\\\/\\\/www.sensoris.ee\\\/ru\\\/%d0%b1%d1%83-%d0%bf%d1%80%d0%b8%d0%bd%d1%82%d0%b5%d1%80%d1%8b\\\/\",\"url\":\"https:\\\/\\\/www.sensoris.ee\\\/ru\\\/%d0%b1%d1%83-%d0%bf%d1%80%d0%b8%d0%bd%d1%82%d0%b5%d1%80%d1%8b\\\/\",\"name\":\"\u0411\u0423 \u041f\u0420\u0418\u041d\u0422\u0415\u0420\u042b - sensoris.ee - \u041f\u0440\u043e\u0434\u0430\u0436\u0430 \u043f\u0440\u0438\u043d\u0442\u0435\u0440\u043e\u0432 \u0438 \u041c\u0424\u0423\",\"isPartOf\":{\"@id\":\"https:\\\/\\\/www.sensoris.ee\\\/#website\"},\"primaryImageOfPage\":{\"@id\":\"https:\\\/\\\/www.sensoris.ee\\\/ru\\\/%d0%b1%d1%83-%d0%bf%d1%80%d0%b8%d0%bd%d1%82%d0%b5%d1%80%d1%8b\\\/#primaryimage\"},\"image\":{\"@id\":\"https:\\\/\\\/www.sensoris.ee\\\/ru\\\/%d0%b1%d1%83-%d0%bf%d1%80%d0%b8%d0%bd%d1%82%d0%b5%d1%80%d1%8b\\\/#primaryimage\"},\"thumbnailUrl\":\"https:\\\/\\\/www.sensoris.ee\\\/wp-content\\\/uploads\\\/2020\\\/02\\\/Kasutatud-printerid.jpg\",\"datePublished\":\"2019-05-30T07:28:26+00:00\",\"dateModified\":\"2025-12-22T09:51:46+00:00\",\"description\":\"\u0411\u0423 \u041f\u0420\u0418\u041d\u0422\u0415\u0420\u042b. \u041f\u043e\u0434\u0435\u0440\u0436\u0430\u043d\u043d\u044b\u0435 \u043b\u0430\u0437\u0435\u0440\u043d\u044b\u0435 \u043f\u0440\u0438\u043d\u0442\u0435\u0440\u044b \u0438 \u043e\u0444\u0438\u0441\u043d\u044b\u0435 \u043a\u043e\u043c\u0431\u0430\u0439\u043d\u044b \u043f\u043e \u0434\u043e\u0441\u0442\u0443\u043f\u043d\u044b\u043c \u0446\u0435\u043d\u0430\u043c.\u0411 \\\/ \u0443 \u043f\u0440\u0438\u043d\u0442\u0435\u0440\u044b \u0432 \u0445\u043e\u0440\u043e\u0448\u0435\u043c \u0441\u043e\u0441\u0442\u043e\u044f\u043d\u0438\u0438.\",\"breadcrumb\":{\"@id\":\"https:\\\/\\\/www.sensoris.ee\\\/ru\\\/%d0%b1%d1%83-%d0%bf%d1%80%d0%b8%d0%bd%d1%82%d0%b5%d1%80%d1%8b\\\/#breadcrumb\"},\"inLanguage\":\"ru-RU\",\"potentialAction\":[{\"@type\":\"ReadAction\",\"target\":[\"https:\\\/\\\/www.sensoris.ee\\\/ru\\\/%d0%b1%d1%83-%d0%bf%d1%80%d0%b8%d0%bd%d1%82%d0%b5%d1%80%d1%8b\\\/\"]}]},{\"@type\":\"ImageObject\",\"inLanguage\":\"ru-RU\",\"@id\":\"https:\\\/\\\/www.sensoris.ee\\\/ru\\\/%d0%b1%d1%83-%d0%bf%d1%80%d0%b8%d0%bd%d1%82%d0%b5%d1%80%d1%8b\\\/#primaryimage\",\"url\":\"https:\\\/\\\/www.sensoris.ee\\\/wp-content\\\/uploads\\\/2020\\\/02\\\/Kasutatud-printerid.jpg\",\"contentUrl\":\"https:\\\/\\\/www.sensoris.ee\\\/wp-content\\\/uploads\\\/2020\\\/02\\\/Kasutatud-printerid.jpg\",\"width\":1280,\"height\":1280,\"caption\":\"Kasutatud printerid\"},{\"@type\":\"BreadcrumbList\",\"@id\":\"https:\\\/\\\/www.sensoris.ee\\\/ru\\\/%d0%b1%d1%83-%d0%bf%d1%80%d0%b8%d0%bd%d1%82%d0%b5%d1%80%d1%8b\\\/#breadcrumb\",\"itemListElement\":[{\"@type\":\"ListItem\",\"position\":1,\"name\":\"Home\",\"item\":\"https:\\\/\\\/www.sensoris.ee\\\/ru\\\/\"},{\"@type\":\"ListItem\",\"position\":2,\"name\":\"\u0411\u0423 \u041f\u0420\u0418\u041d\u0422\u0415\u0420\u042b\"}]},{\"@type\":\"WebSite\",\"@id\":\"https:\\\/\\\/www.sensoris.ee\\\/#website\",\"url\":\"https:\\\/\\\/www.sensoris.ee\\\/\",\"name\":\"Sensoris | Printerite m\u00fc\u00fck ja hooldus,toonerikassettide m\u00fc\u00fck\",\"description\":\"Printerite remont ja hooldus.Toonerikassettide m\u00fc\u00fck ja t\u00e4itmine. Uute ja kasutatud printerite m\u00fc\u00fck\",\"publisher\":{\"@id\":\"https:\\\/\\\/www.sensoris.ee\\\/#organization\"},\"potentialAction\":[{\"@type\":\"SearchAction\",\"target\":{\"@type\":\"EntryPoint\",\"urlTemplate\":\"https:\\\/\\\/www.sensoris.ee\\\/?s={search_term_string}\"},\"query-input\":{\"@type\":\"PropertyValueSpecification\",\"valueRequired\":true,\"valueName\":\"search_term_string\"}}],\"inLanguage\":\"ru-RU\"},{\"@type\":\"Organization\",\"@id\":\"https:\\\/\\\/www.sensoris.ee\\\/#organization\",\"name\":\"Sensoris O\u00dc\",\"url\":\"https:\\\/\\\/www.sensoris.ee\\\/\",\"logo\":{\"@type\":\"ImageObject\",\"inLanguage\":\"ru-RU\",\"@id\":\"https:\\\/\\\/www.sensoris.ee\\\/#\\\/schema\\\/logo\\\/image\\\/\",\"url\":\"https:\\\/\\\/www.sensoris.ee\\\/wp-content\\\/uploads\\\/2021\\\/04\\\/SENSORIS-LOGO-uus.jpg\",\"contentUrl\":\"https:\\\/\\\/www.sensoris.ee\\\/wp-content\\\/uploads\\\/2021\\\/04\\\/SENSORIS-LOGO-uus.jpg\",\"width\":2000,\"height\":393,\"caption\":\"Sensoris O\u00dc\"},\"image\":{\"@id\":\"https:\\\/\\\/www.sensoris.ee\\\/#\\\/schema\\\/logo\\\/image\\\/\"}}]}<\/script>\n<!-- \/ Yoast SEO plugin. -->","yoast_head_json":{"title":"\u0411\u0423 \u041f\u0420\u0418\u041d\u0422\u0415\u0420\u042b - sensoris.ee - \u041f\u0440\u043e\u0434\u0430\u0436\u0430 \u043f\u0440\u0438\u043d\u0442\u0435\u0440\u043e\u0432 \u0438 \u041c\u0424\u0423","description":"\u0411\u0423 \u041f\u0420\u0418\u041d\u0422\u0415\u0420\u042b. \u041f\u043e\u0434\u0435\u0440\u0436\u0430\u043d\u043d\u044b\u0435 \u043b\u0430\u0437\u0435\u0440\u043d\u044b\u0435 \u043f\u0440\u0438\u043d\u0442\u0435\u0440\u044b \u0438 \u043e\u0444\u0438\u0441\u043d\u044b\u0435 \u043a\u043e\u043c\u0431\u0430\u0439\u043d\u044b \u043f\u043e \u0434\u043e\u0441\u0442\u0443\u043f\u043d\u044b\u043c \u0446\u0435\u043d\u0430\u043c.\u0411 \/ \u0443 \u043f\u0440\u0438\u043d\u0442\u0435\u0440\u044b \u0432 \u0445\u043e\u0440\u043e\u0448\u0435\u043c \u0441\u043e\u0441\u0442\u043e\u044f\u043d\u0438\u0438.","robots":{"index":"index","follow":"follow","max-snippet":"max-snippet:-1","max-image-preview":"max-image-preview:large","max-video-preview":"max-video-preview:-1"},"canonical":"https:\/\/www.sensoris.ee\/ru\/\u0431\u0443-\u043f\u0440\u0438\u043d\u0442\u0435\u0440\u044b\/","og_locale":"ru_RU","og_type":"article","og_title":"\u0411\u0423 \u041f\u0420\u0418\u041d\u0422\u0415\u0420\u042b - sensoris.ee - \u041f\u0440\u043e\u0434\u0430\u0436\u0430 \u043f\u0440\u0438\u043d\u0442\u0435\u0440\u043e\u0432 \u0438 \u041c\u0424\u0423","og_description":"\u0411\u0423 \u041f\u0420\u0418\u041d\u0422\u0415\u0420\u042b. \u041f\u043e\u0434\u0435\u0440\u0436\u0430\u043d\u043d\u044b\u0435 \u043b\u0430\u0437\u0435\u0440\u043d\u044b\u0435 \u043f\u0440\u0438\u043d\u0442\u0435\u0440\u044b \u0438 \u043e\u0444\u0438\u0441\u043d\u044b\u0435 \u043a\u043e\u043c\u0431\u0430\u0439\u043d\u044b \u043f\u043e \u0434\u043e\u0441\u0442\u0443\u043f\u043d\u044b\u043c \u0446\u0435\u043d\u0430\u043c.\u0411 \/ \u0443 \u043f\u0440\u0438\u043d\u0442\u0435\u0440\u044b \u0432 \u0445\u043e\u0440\u043e\u0448\u0435\u043c \u0441\u043e\u0441\u0442\u043e\u044f\u043d\u0438\u0438.","og_url":"https:\/\/www.sensoris.ee\/ru\/\u0431\u0443-\u043f\u0440\u0438\u043d\u0442\u0435\u0440\u044b\/","og_site_name":"Sensoris | Printerite m\u00fc\u00fck ja hooldus, toonerikassettide m\u00fc\u00fck","article_modified_time":"2025-12-22T09:51:46+00:00","og_image":[{"width":1280,"height":1280,"url":"https:\/\/www.sensoris.ee\/wp-content\/uploads\/2020\/02\/Kasutatud-printerid.jpg","type":"image\/jpeg"}],"twitter_card":"summary_large_image","twitter_misc":{"\u041f\u0440\u0438\u043c\u0435\u0440\u043d\u043e\u0435 \u0432\u0440\u0435\u043c\u044f \u0434\u043b\u044f \u0447\u0442\u0435\u043d\u0438\u044f":"1 \u043c\u0438\u043d\u0443\u0442\u0430"},"schema":{"@context":"https:\/\/schema.org","@graph":[{"@type":"WebPage","@id":"https:\/\/www.sensoris.ee\/ru\/%d0%b1%d1%83-%d0%bf%d1%80%d0%b8%d0%bd%d1%82%d0%b5%d1%80%d1%8b\/","url":"https:\/\/www.sensoris.ee\/ru\/%d0%b1%d1%83-%d0%bf%d1%80%d0%b8%d0%bd%d1%82%d0%b5%d1%80%d1%8b\/","name":"\u0411\u0423 \u041f\u0420\u0418\u041d\u0422\u0415\u0420\u042b - sensoris.ee - \u041f\u0440\u043e\u0434\u0430\u0436\u0430 \u043f\u0440\u0438\u043d\u0442\u0435\u0440\u043e\u0432 \u0438 \u041c\u0424\u0423","isPartOf":{"@id":"https:\/\/www.sensoris.ee\/#website"},"primaryImageOfPage":{"@id":"https:\/\/www.sensoris.ee\/ru\/%d0%b1%d1%83-%d0%bf%d1%80%d0%b8%d0%bd%d1%82%d0%b5%d1%80%d1%8b\/#primaryimage"},"image":{"@id":"https:\/\/www.sensoris.ee\/ru\/%d0%b1%d1%83-%d0%bf%d1%80%d0%b8%d0%bd%d1%82%d0%b5%d1%80%d1%8b\/#primaryimage"},"thumbnailUrl":"https:\/\/www.sensoris.ee\/wp-content\/uploads\/2020\/02\/Kasutatud-printerid.jpg","datePublished":"2019-05-30T07:28:26+00:00","dateModified":"2025-12-22T09:51:46+00:00","description":"\u0411\u0423 \u041f\u0420\u0418\u041d\u0422\u0415\u0420\u042b. \u041f\u043e\u0434\u0435\u0440\u0436\u0430\u043d\u043d\u044b\u0435 \u043b\u0430\u0437\u0435\u0440\u043d\u044b\u0435 \u043f\u0440\u0438\u043d\u0442\u0435\u0440\u044b \u0438 \u043e\u0444\u0438\u0441\u043d\u044b\u0435 \u043a\u043e\u043c\u0431\u0430\u0439\u043d\u044b \u043f\u043e \u0434\u043e\u0441\u0442\u0443\u043f\u043d\u044b\u043c \u0446\u0435\u043d\u0430\u043c.\u0411 \/ \u0443 \u043f\u0440\u0438\u043d\u0442\u0435\u0440\u044b \u0432 \u0445\u043e\u0440\u043e\u0448\u0435\u043c \u0441\u043e\u0441\u0442\u043e\u044f\u043d\u0438\u0438.","breadcrumb":{"@id":"https:\/\/www.sensoris.ee\/ru\/%d0%b1%d1%83-%d0%bf%d1%80%d0%b8%d0%bd%d1%82%d0%b5%d1%80%d1%8b\/#breadcrumb"},"inLanguage":"ru-RU","potentialAction":[{"@type":"ReadAction","target":["https:\/\/www.sensoris.ee\/ru\/%d0%b1%d1%83-%d0%bf%d1%80%d0%b8%d0%bd%d1%82%d0%b5%d1%80%d1%8b\/"]}]},{"@type":"ImageObject","inLanguage":"ru-RU","@id":"https:\/\/www.sensoris.ee\/ru\/%d0%b1%d1%83-%d0%bf%d1%80%d0%b8%d0%bd%d1%82%d0%b5%d1%80%d1%8b\/#primaryimage","url":"https:\/\/www.sensoris.ee\/wp-content\/uploads\/2020\/02\/Kasutatud-printerid.jpg","contentUrl":"https:\/\/www.sensoris.ee\/wp-content\/uploads\/2020\/02\/Kasutatud-printerid.jpg","width":1280,"height":1280,"caption":"Kasutatud printerid"},{"@type":"BreadcrumbList","@id":"https:\/\/www.sensoris.ee\/ru\/%d0%b1%d1%83-%d0%bf%d1%80%d0%b8%d0%bd%d1%82%d0%b5%d1%80%d1%8b\/#breadcrumb","itemListElement":[{"@type":"ListItem","position":1,"name":"Home","item":"https:\/\/www.sensoris.ee\/ru\/"},{"@type":"ListItem","position":2,"name":"\u0411\u0423 \u041f\u0420\u0418\u041d\u0422\u0415\u0420\u042b"}]},{"@type":"WebSite","@id":"https:\/\/www.sensoris.ee\/#website","url":"https:\/\/www.sensoris.ee\/","name":"Sensoris | Printerite m\u00fc\u00fck ja hooldus,toonerikassettide m\u00fc\u00fck","description":"Printerite remont ja hooldus.Toonerikassettide m\u00fc\u00fck ja t\u00e4itmine. Uute ja kasutatud printerite m\u00fc\u00fck","publisher":{"@id":"https:\/\/www.sensoris.ee\/#organization"},"potentialAction":[{"@type":"SearchAction","target":{"@type":"EntryPoint","urlTemplate":"https:\/\/www.sensoris.ee\/?s={search_term_string}"},"query-input":{"@type":"PropertyValueSpecification","valueRequired":true,"valueName":"search_term_string"}}],"inLanguage":"ru-RU"},{"@type":"Organization","@id":"https:\/\/www.sensoris.ee\/#organization","name":"Sensoris O\u00dc","url":"https:\/\/www.sensoris.ee\/","logo":{"@type":"ImageObject","inLanguage":"ru-RU","@id":"https:\/\/www.sensoris.ee\/#\/schema\/logo\/image\/","url":"https:\/\/www.sensoris.ee\/wp-content\/uploads\/2021\/04\/SENSORIS-LOGO-uus.jpg","contentUrl":"https:\/\/www.sensoris.ee\/wp-content\/uploads\/2021\/04\/SENSORIS-LOGO-uus.jpg","width":2000,"height":393,"caption":"Sensoris O\u00dc"},"image":{"@id":"https:\/\/www.sensoris.ee\/#\/schema\/logo\/image\/"}}]}},"_links":{"self":[{"href":"https:\/\/www.sensoris.ee\/ru\/wp-json\/wp\/v2\/pages\/923","targetHints":{"allow":["GET"]}}],"collection":[{"href":"https:\/\/www.sensoris.ee\/ru\/wp-json\/wp\/v2\/pages"}],"about":[{"href":"https:\/\/www.sensoris.ee\/ru\/wp-json\/wp\/v2\/types\/page"}],"author":[{"embeddable":true,"href":"https:\/\/www.sensoris.ee\/ru\/wp-json\/wp\/v2\/users\/1"}],"replies":[{"embeddable":true,"href":"https:\/\/www.sensoris.ee\/ru\/wp-json\/wp\/v2\/comments?post=923"}],"version-history":[{"count":13,"href":"https:\/\/www.sensoris.ee\/ru\/wp-json\/wp\/v2\/pages\/923\/revisions"}],"predecessor-version":[{"id":7996,"href":"https:\/\/www.sensoris.ee\/ru\/wp-json\/wp\/v2\/pages\/923\/revisions\/7996"}],"wp:featuredmedia":[{"embeddable":true,"href":"https:\/\/www.sensoris.ee\/ru\/wp-json\/wp\/v2\/media\/1736"}],"wp:attachment":[{"href":"https:\/\/www.sensoris.ee\/ru\/wp-json\/wp\/v2\/media?parent=923"}],"curies":[{"name":"wp","href":"https:\/\/api.w.org\/{rel}","templated":true}]}}