{"id":1684,"date":"2020-01-30T13:49:22","date_gmt":"2020-01-30T13:49:22","guid":{"rendered":"https:\/\/www.sensoris.ee\/toode\/shredder-rexel-momentum-x410-p4\/"},"modified":"2025-07-04T10:55:35","modified_gmt":"2025-07-04T08:55:35","slug":"paberipurustaja-rexel-momentum-x410-p4","status":"publish","type":"product","link":"https:\/\/www.sensoris.ee\/ru\/toode\/paberipurustaja-rexel-momentum-x410-p4\/","title":{"rendered":"Paberipurustaja Rexel Momentum X410 P4"},"content":{"rendered":"","protected":false},"excerpt":{"rendered":"<p>\u0418\u0437\u043c\u0435\u043b\u044c\u0447\u0430\u0435\u0442 \u0434\u043e 10 \u043b\u0438\u0441\u0442\u043e\u0432 \u0431\u0443\u043c\u0430\u0433\u0438 \u0437\u0430 \u043e\u0434\u0438\u043d \u0440\u0430\u0437<br \/>\n\u0418\u0437\u043c\u0435\u043b\u044c\u0447\u0435\u043d\u0438\u0435 \u0441 \u0432\u044b\u0441\u043e\u043a\u0438\u043c \u0443\u0440\u043e\u0432\u043d\u0435\u043c \u0431\u0435\u0437\u043e\u043f\u0430\u0441\u043d\u043e\u0441\u0442\u0438 \u0441 \u043f\u043e\u043c\u043e\u0449\u044c\u044e P4, \u043f\u043e\u043f\u0435\u0440\u0435\u0447\u043d\u043e\u0439 \u0440\u0435\u0437\u043a\u0438 4&#215;30 \u043c\u043c<br \/>\n\u0418\u0437\u043c\u0435\u043b\u044c\u0447\u0438\u0442\u0435 \u0431\u043e\u043b\u044c\u0448\u0435 \u0431\u0443\u043c\u0430\u0433\u0438 \u0434\u043e\u043b\u044c\u0448\u0435 \u0437\u0430 6 \u043c\u0438\u043d\u0443\u0442 \u043d\u0435\u043f\u0440\u0435\u0440\u044b\u0432\u043d\u043e\u0439 \u0440\u0430\u0431\u043e\u0442\u044b<br \/>\n\u0422\u0435\u0445\u043d\u043e\u043b\u043e\u0433\u0438\u044f \u0437\u0430\u0449\u0438\u0442\u044b \u043e\u0442 \u0437\u0430\u043c\u044f\u0442\u0438\u044f, \u0448\u0440\u0435\u0434\u0435\u0440 \u0430\u0432\u0442\u043e\u043c\u0430\u0442\u0438\u0447\u0435\u0441\u043a\u0438 \u043e\u0441\u0442\u0430\u043d\u0430\u0432\u043b\u0438\u0432\u0430\u0435\u0442\u0441\u044f \u0438 \u043f\u0435\u0440\u0435\u0432\u043e\u0440\u0430\u0447\u0438\u0432\u0430\u0435\u0442\u0441\u044f, \u043a\u043e\u0433\u0434\u0430 \u0432\u0441\u0442\u0430\u0432\u043b\u0435\u043d\u043e \u0441\u043b\u0438\u0448\u043a\u043e\u043c \u043c\u043d\u043e\u0433\u043e \u0431\u0443\u043c\u0430\u0433\u0438<br \/>\n\u041b\u0435\u0433\u043a\u043e \u0443\u043d\u0438\u0447\u0442\u043e\u0436\u0430\u0435\u0442 \u043d\u0435\u0441\u043a\u043e\u043b\u044c\u043a\u043e \u0434\u043e\u043a\u0443\u043c\u0435\u043d\u0442\u043e\u0432, \u0434\u0430\u0436\u0435 \u0441 \u043f\u043e\u043c\u043e\u0449\u044c\u044e \u0441\u043a\u043e\u0431 \u0438 \u0441\u043a\u0440\u0435\u043f\u043a\u0438 \u043f\u043e \u0443\u0433\u043b\u0430\u043c<br \/>\n\u041f\u0440\u043e\u0441\u0442\u044b\u0435 \u0438\u043d\u0442\u0443\u0438\u0442\u0438\u0432\u043d\u043e \u043f\u043e\u043d\u044f\u0442\u043d\u044b\u0435 \u0441\u0435\u043d\u0441\u043e\u0440\u043d\u044b\u0435 \u043a\u043d\u043e\u043f\u043a\u0438 \u0443\u043f\u0440\u0430\u0432\u043b\u0435\u043d\u0438\u044f \u0434\u043b\u044f \u0443\u0434\u043e\u0431\u0441\u0442\u0432\u0430 \u0440\u0430\u0431\u043e\u0442\u044b<br \/>\n\u0411\u043e\u043b\u044c\u0448\u043e\u0439 \u043a\u043e\u043d\u0442\u0435\u0439\u043d\u0435\u0440 \u0435\u043c\u043a\u043e\u0441\u0442\u044c\u044e 23 \u043b, \u0432\u043c\u0435\u0449\u0430\u044e\u0449\u0438\u0439 225 \u043b\u0438\u0441\u0442\u043e\u0432 \u0444\u043e\u0440\u043c\u0430\u0442\u0430 \u04104<br \/>\n\u0411\u0435\u0441\u0448\u0443\u043c\u043d\u0430\u044f \u0440\u0430\u0431\u043e\u0442\u0430, \u043c\u0438\u043d\u0438\u043c\u0430\u043b\u044c\u043d\u044b\u0435 \u043f\u043e\u043c\u0435\u0445\u0438 \u0432 \u0440\u0430\u0431\u043e\u0442\u0435 \u0434\u043e\u043c\u0430 \u0438\u043b\u0438 \u043e\u0444\u0438\u0441\u0430<br \/>\n\u0422\u0435\u0445\u043d\u0438\u0447\u0435\u0441\u043a\u0438\u0435 \u0445\u0430\u0440\u0430\u043a\u0442\u0435\u0440\u0438\u0441\u0442\u0438\u043a\u0438:<br \/>\n\u0426\u0432\u0435\u0442 \u0427\u0435\u0440\u043d\u044b\u0439<br \/>\n\u0420\u0430\u0437\u043c\u0435\u0440\u044b: 356 \u0445 423 \u0445 238 \u043c\u043c<br \/>\n\u0422\u0438\u043f \u0440\u0430\u0437\u0440\u0435\u0437\u0430 &#8212; \u043f\u043e\u043f\u0435\u0440\u0435\u0447\u043d\u0430\u044f \u0440\u0435\u0437\u043a\u0430<br \/>\n\u0420\u0430\u0437\u043c\u0435\u0440 \u0438\u0437\u043c\u0435\u043b\u044c\u0447\u0435\u043d\u0438\u044f-4&#215;28 \u043c\u043c<br \/>\n\u0423\u0440\u043e\u0432\u0435\u043d\u044c \u0431\u0435\u0437\u043e\u043f\u0430\u0441\u043d\u043e\u0441\u0442\u0438 P-4<br \/>\n\u0413\u0430\u0440\u0430\u043d\u0442\u0438\u0439\u043d\u044b\u0439 \u0441\u0440\u043e\u043a \u2014 2 \u0433\u043e\u0434\u0430<br \/>\n\u0420\u0435\u0436\u0443\u0449\u0430\u044f \u0441\u043f\u043e\u0441\u043e\u0431\u043d\u043e\u0441\u0442\u044c 80 \u0433\/\u043c2 \u0432 \u043b\u0438\u0441\u0442\u0430\u0445-225<br \/>\n\u041e\u0431\u044a\u0435\u043c \u043a\u043e\u043d\u0442\u0435\u0439\u043d\u0435\u0440\u0430\/\u0441\u0431\u043e\u0440\u0430 \u0432 \u043b-23<br \/>\n\u0412\u0435\u0441 6,5 \u043a\u0433.<\/p>\n<p><strong>\u041f\u0435\u0440\u0435\u0434 \u0437\u0430\u043a\u0430\u0437\u043e\u043c \u0443\u0442\u043e\u0447\u043d\u0438\u0442\u0435 \u043d\u0430\u043b\u0438\u0447\u0438\u0435 \u0442\u043e\u0432\u0430\u0440\u0430 \u043d\u0430 \u0441\u043a\u043b\u0430\u0434\u0435!<\/strong><\/p>\n","protected":false},"featured_media":1700,"template":"","meta":{"_acf_changed":false},"product_brand":[],"product_cat":[82],"product_tag":[],"class_list":{"0":"post-1684","1":"product","2":"type-product","3":"status-publish","4":"has-post-thumbnail","6":"product_cat-82","8":"first","9":"instock","10":"taxable","11":"shipping-taxable","12":"purchasable","13":"product-type-simple"},"acf":[],"yoast_head":"<!-- This site is optimized with the Yoast SEO plugin v27.4 - https:\/\/yoast.com\/product\/yoast-seo-wordpress\/ -->\n<title>Paberipurustaja Rexel Momentum X410 P4 -<\/title>\n<meta name=\"description\" content=\"Paberipurustaja Rexel Momentum X410 P4-Hakib korraga kuni 10 paberilehte. Hea turvatase P4 Cross Cut 4x30 mm t\u00fckkidega.\" \/>\n<meta name=\"robots\" content=\"index, follow, max-snippet:-1, max-image-preview:large, max-video-preview:-1\" \/>\n<link rel=\"canonical\" href=\"https:\/\/www.sensoris.ee\/ru\/toode\/paberipurustaja-rexel-momentum-x410-p4\/\" \/>\n<meta property=\"og:locale\" content=\"ru_RU\" \/>\n<meta property=\"og:type\" content=\"article\" \/>\n<meta property=\"og:title\" content=\"Paberipurustaja Rexel Momentum X410 P4 -\" \/>\n<meta property=\"og:description\" content=\"Paberipurustaja Rexel Momentum X410 P4-Hakib korraga kuni 10 paberilehte. Hea turvatase P4 Cross Cut 4x30 mm t\u00fckkidega.\" \/>\n<meta property=\"og:url\" content=\"https:\/\/www.sensoris.ee\/ru\/toode\/paberipurustaja-rexel-momentum-x410-p4\/\" \/>\n<meta property=\"og:site_name\" content=\"Sensoris | Printerite m\u00fc\u00fck ja hooldus, toonerikassettide m\u00fc\u00fck\" \/>\n<meta property=\"article:modified_time\" content=\"2025-07-04T08:55:35+00:00\" \/>\n<meta property=\"og:image\" content=\"https:\/\/www.sensoris.ee\/wp-content\/uploads\/2020\/01\/Shredder-Rexel-Momentum-X410-P4-1.jpg\" \/>\n\t<meta property=\"og:image:width\" content=\"458\" \/>\n\t<meta property=\"og:image:height\" content=\"458\" \/>\n\t<meta property=\"og:image:type\" content=\"image\/jpeg\" \/>\n<meta name=\"twitter:card\" content=\"summary_large_image\" \/>\n<meta name=\"twitter:label1\" content=\"\u041f\u0440\u0438\u043c\u0435\u0440\u043d\u043e\u0435 \u0432\u0440\u0435\u043c\u044f \u0434\u043b\u044f \u0447\u0442\u0435\u043d\u0438\u044f\" \/>\n\t<meta name=\"twitter:data1\" content=\"1 \u043c\u0438\u043d\u0443\u0442\u0430\" \/>\n<script type=\"application\/ld+json\" class=\"yoast-schema-graph\">{\"@context\":\"https:\\\/\\\/schema.org\",\"@graph\":[{\"@type\":\"WebPage\",\"@id\":\"https:\\\/\\\/www.sensoris.ee\\\/ru\\\/toode\\\/paberipurustaja-rexel-momentum-x410-p4\\\/\",\"url\":\"https:\\\/\\\/www.sensoris.ee\\\/ru\\\/toode\\\/paberipurustaja-rexel-momentum-x410-p4\\\/\",\"name\":\"Paberipurustaja Rexel Momentum X410 P4 -\",\"isPartOf\":{\"@id\":\"https:\\\/\\\/www.sensoris.ee\\\/#website\"},\"primaryImageOfPage\":{\"@id\":\"https:\\\/\\\/www.sensoris.ee\\\/ru\\\/toode\\\/paberipurustaja-rexel-momentum-x410-p4\\\/#primaryimage\"},\"image\":{\"@id\":\"https:\\\/\\\/www.sensoris.ee\\\/ru\\\/toode\\\/paberipurustaja-rexel-momentum-x410-p4\\\/#primaryimage\"},\"thumbnailUrl\":\"https:\\\/\\\/www.sensoris.ee\\\/wp-content\\\/uploads\\\/2020\\\/01\\\/Shredder-Rexel-Momentum-X410-P4-1.jpg\",\"datePublished\":\"2020-01-30T13:49:22+00:00\",\"dateModified\":\"2025-07-04T08:55:35+00:00\",\"description\":\"Paberipurustaja Rexel Momentum X410 P4-Hakib korraga kuni 10 paberilehte. Hea turvatase P4 Cross Cut 4x30 mm t\u00fckkidega.\",\"breadcrumb\":{\"@id\":\"https:\\\/\\\/www.sensoris.ee\\\/ru\\\/toode\\\/paberipurustaja-rexel-momentum-x410-p4\\\/#breadcrumb\"},\"inLanguage\":\"ru-RU\",\"potentialAction\":[{\"@type\":\"ReadAction\",\"target\":[\"https:\\\/\\\/www.sensoris.ee\\\/ru\\\/toode\\\/paberipurustaja-rexel-momentum-x410-p4\\\/\"]}]},{\"@type\":\"ImageObject\",\"inLanguage\":\"ru-RU\",\"@id\":\"https:\\\/\\\/www.sensoris.ee\\\/ru\\\/toode\\\/paberipurustaja-rexel-momentum-x410-p4\\\/#primaryimage\",\"url\":\"https:\\\/\\\/www.sensoris.ee\\\/wp-content\\\/uploads\\\/2020\\\/01\\\/Shredder-Rexel-Momentum-X410-P4-1.jpg\",\"contentUrl\":\"https:\\\/\\\/www.sensoris.ee\\\/wp-content\\\/uploads\\\/2020\\\/01\\\/Shredder-Rexel-Momentum-X410-P4-1.jpg\",\"width\":458,\"height\":458,\"caption\":\"Shredder Rexel Momentum X410 P4\"},{\"@type\":\"BreadcrumbList\",\"@id\":\"https:\\\/\\\/www.sensoris.ee\\\/ru\\\/toode\\\/paberipurustaja-rexel-momentum-x410-p4\\\/#breadcrumb\",\"itemListElement\":[{\"@type\":\"ListItem\",\"position\":1,\"name\":\"Home\",\"item\":\"https:\\\/\\\/www.sensoris.ee\\\/ru\\\/\"},{\"@type\":\"ListItem\",\"position\":2,\"name\":\"\u041c\u0430\u0433\u0430\u0437\u0438\u043d\",\"item\":\"https:\\\/\\\/www.sensoris.ee\\\/ru\\\/%d0%bc%d0%b0%d0%b3%d0%b0%d0%b7%d0%b8%d0%bd\\\/\"},{\"@type\":\"ListItem\",\"position\":3,\"name\":\"Paberipurustaja Rexel Momentum X410 P4\"}]},{\"@type\":\"WebSite\",\"@id\":\"https:\\\/\\\/www.sensoris.ee\\\/#website\",\"url\":\"https:\\\/\\\/www.sensoris.ee\\\/\",\"name\":\"Sensoris | Printerite m\u00fc\u00fck ja hooldus,toonerikassettide m\u00fc\u00fck\",\"description\":\"Printerite remont ja hooldus.Toonerikassettide m\u00fc\u00fck ja t\u00e4itmine. Uute ja kasutatud printerite m\u00fc\u00fck\",\"publisher\":{\"@id\":\"https:\\\/\\\/www.sensoris.ee\\\/#organization\"},\"potentialAction\":[{\"@type\":\"SearchAction\",\"target\":{\"@type\":\"EntryPoint\",\"urlTemplate\":\"https:\\\/\\\/www.sensoris.ee\\\/?s={search_term_string}\"},\"query-input\":{\"@type\":\"PropertyValueSpecification\",\"valueRequired\":true,\"valueName\":\"search_term_string\"}}],\"inLanguage\":\"ru-RU\"},{\"@type\":\"Organization\",\"@id\":\"https:\\\/\\\/www.sensoris.ee\\\/#organization\",\"name\":\"Sensoris O\u00dc\",\"url\":\"https:\\\/\\\/www.sensoris.ee\\\/\",\"logo\":{\"@type\":\"ImageObject\",\"inLanguage\":\"ru-RU\",\"@id\":\"https:\\\/\\\/www.sensoris.ee\\\/#\\\/schema\\\/logo\\\/image\\\/\",\"url\":\"https:\\\/\\\/www.sensoris.ee\\\/wp-content\\\/uploads\\\/2021\\\/04\\\/SENSORIS-LOGO-uus.jpg\",\"contentUrl\":\"https:\\\/\\\/www.sensoris.ee\\\/wp-content\\\/uploads\\\/2021\\\/04\\\/SENSORIS-LOGO-uus.jpg\",\"width\":2000,\"height\":393,\"caption\":\"Sensoris O\u00dc\"},\"image\":{\"@id\":\"https:\\\/\\\/www.sensoris.ee\\\/#\\\/schema\\\/logo\\\/image\\\/\"}}]}<\/script>\n<!-- \/ Yoast SEO plugin. -->","yoast_head_json":{"title":"Paberipurustaja Rexel Momentum X410 P4 -","description":"Paberipurustaja Rexel Momentum X410 P4-Hakib korraga kuni 10 paberilehte. Hea turvatase P4 Cross Cut 4x30 mm t\u00fckkidega.","robots":{"index":"index","follow":"follow","max-snippet":"max-snippet:-1","max-image-preview":"max-image-preview:large","max-video-preview":"max-video-preview:-1"},"canonical":"https:\/\/www.sensoris.ee\/ru\/toode\/paberipurustaja-rexel-momentum-x410-p4\/","og_locale":"ru_RU","og_type":"article","og_title":"Paberipurustaja Rexel Momentum X410 P4 -","og_description":"Paberipurustaja Rexel Momentum X410 P4-Hakib korraga kuni 10 paberilehte. Hea turvatase P4 Cross Cut 4x30 mm t\u00fckkidega.","og_url":"https:\/\/www.sensoris.ee\/ru\/toode\/paberipurustaja-rexel-momentum-x410-p4\/","og_site_name":"Sensoris | Printerite m\u00fc\u00fck ja hooldus, toonerikassettide m\u00fc\u00fck","article_modified_time":"2025-07-04T08:55:35+00:00","og_image":[{"width":458,"height":458,"url":"https:\/\/www.sensoris.ee\/wp-content\/uploads\/2020\/01\/Shredder-Rexel-Momentum-X410-P4-1.jpg","type":"image\/jpeg"}],"twitter_card":"summary_large_image","twitter_misc":{"\u041f\u0440\u0438\u043c\u0435\u0440\u043d\u043e\u0435 \u0432\u0440\u0435\u043c\u044f \u0434\u043b\u044f \u0447\u0442\u0435\u043d\u0438\u044f":"1 \u043c\u0438\u043d\u0443\u0442\u0430"},"schema":{"@context":"https:\/\/schema.org","@graph":[{"@type":"WebPage","@id":"https:\/\/www.sensoris.ee\/ru\/toode\/paberipurustaja-rexel-momentum-x410-p4\/","url":"https:\/\/www.sensoris.ee\/ru\/toode\/paberipurustaja-rexel-momentum-x410-p4\/","name":"Paberipurustaja Rexel Momentum X410 P4 -","isPartOf":{"@id":"https:\/\/www.sensoris.ee\/#website"},"primaryImageOfPage":{"@id":"https:\/\/www.sensoris.ee\/ru\/toode\/paberipurustaja-rexel-momentum-x410-p4\/#primaryimage"},"image":{"@id":"https:\/\/www.sensoris.ee\/ru\/toode\/paberipurustaja-rexel-momentum-x410-p4\/#primaryimage"},"thumbnailUrl":"https:\/\/www.sensoris.ee\/wp-content\/uploads\/2020\/01\/Shredder-Rexel-Momentum-X410-P4-1.jpg","datePublished":"2020-01-30T13:49:22+00:00","dateModified":"2025-07-04T08:55:35+00:00","description":"Paberipurustaja Rexel Momentum X410 P4-Hakib korraga kuni 10 paberilehte. Hea turvatase P4 Cross Cut 4x30 mm t\u00fckkidega.","breadcrumb":{"@id":"https:\/\/www.sensoris.ee\/ru\/toode\/paberipurustaja-rexel-momentum-x410-p4\/#breadcrumb"},"inLanguage":"ru-RU","potentialAction":[{"@type":"ReadAction","target":["https:\/\/www.sensoris.ee\/ru\/toode\/paberipurustaja-rexel-momentum-x410-p4\/"]}]},{"@type":"ImageObject","inLanguage":"ru-RU","@id":"https:\/\/www.sensoris.ee\/ru\/toode\/paberipurustaja-rexel-momentum-x410-p4\/#primaryimage","url":"https:\/\/www.sensoris.ee\/wp-content\/uploads\/2020\/01\/Shredder-Rexel-Momentum-X410-P4-1.jpg","contentUrl":"https:\/\/www.sensoris.ee\/wp-content\/uploads\/2020\/01\/Shredder-Rexel-Momentum-X410-P4-1.jpg","width":458,"height":458,"caption":"Shredder Rexel Momentum X410 P4"},{"@type":"BreadcrumbList","@id":"https:\/\/www.sensoris.ee\/ru\/toode\/paberipurustaja-rexel-momentum-x410-p4\/#breadcrumb","itemListElement":[{"@type":"ListItem","position":1,"name":"Home","item":"https:\/\/www.sensoris.ee\/ru\/"},{"@type":"ListItem","position":2,"name":"\u041c\u0430\u0433\u0430\u0437\u0438\u043d","item":"https:\/\/www.sensoris.ee\/ru\/%d0%bc%d0%b0%d0%b3%d0%b0%d0%b7%d0%b8%d0%bd\/"},{"@type":"ListItem","position":3,"name":"Paberipurustaja Rexel Momentum X410 P4"}]},{"@type":"WebSite","@id":"https:\/\/www.sensoris.ee\/#website","url":"https:\/\/www.sensoris.ee\/","name":"Sensoris | Printerite m\u00fc\u00fck ja hooldus,toonerikassettide m\u00fc\u00fck","description":"Printerite remont ja hooldus.Toonerikassettide m\u00fc\u00fck ja t\u00e4itmine. Uute ja kasutatud printerite m\u00fc\u00fck","publisher":{"@id":"https:\/\/www.sensoris.ee\/#organization"},"potentialAction":[{"@type":"SearchAction","target":{"@type":"EntryPoint","urlTemplate":"https:\/\/www.sensoris.ee\/?s={search_term_string}"},"query-input":{"@type":"PropertyValueSpecification","valueRequired":true,"valueName":"search_term_string"}}],"inLanguage":"ru-RU"},{"@type":"Organization","@id":"https:\/\/www.sensoris.ee\/#organization","name":"Sensoris O\u00dc","url":"https:\/\/www.sensoris.ee\/","logo":{"@type":"ImageObject","inLanguage":"ru-RU","@id":"https:\/\/www.sensoris.ee\/#\/schema\/logo\/image\/","url":"https:\/\/www.sensoris.ee\/wp-content\/uploads\/2021\/04\/SENSORIS-LOGO-uus.jpg","contentUrl":"https:\/\/www.sensoris.ee\/wp-content\/uploads\/2021\/04\/SENSORIS-LOGO-uus.jpg","width":2000,"height":393,"caption":"Sensoris O\u00dc"},"image":{"@id":"https:\/\/www.sensoris.ee\/#\/schema\/logo\/image\/"}}]}},"_links":{"self":[{"href":"https:\/\/www.sensoris.ee\/ru\/wp-json\/wp\/v2\/product\/1684","targetHints":{"allow":["GET"]}}],"collection":[{"href":"https:\/\/www.sensoris.ee\/ru\/wp-json\/wp\/v2\/product"}],"about":[{"href":"https:\/\/www.sensoris.ee\/ru\/wp-json\/wp\/v2\/types\/product"}],"wp:featuredmedia":[{"embeddable":true,"href":"https:\/\/www.sensoris.ee\/ru\/wp-json\/wp\/v2\/media\/1700"}],"wp:attachment":[{"href":"https:\/\/www.sensoris.ee\/ru\/wp-json\/wp\/v2\/media?parent=1684"}],"wp:term":[{"taxonomy":"product_brand","embeddable":true,"href":"https:\/\/www.sensoris.ee\/ru\/wp-json\/wp\/v2\/product_brand?post=1684"},{"taxonomy":"product_cat","embeddable":true,"href":"https:\/\/www.sensoris.ee\/ru\/wp-json\/wp\/v2\/product_cat?post=1684"},{"taxonomy":"product_tag","embeddable":true,"href":"https:\/\/www.sensoris.ee\/ru\/wp-json\/wp\/v2\/product_tag?post=1684"}],"curies":[{"name":"wp","href":"https:\/\/api.w.org\/{rel}","templated":true}]}}