{"id":2904,"date":"2020-09-02T07:47:46","date_gmt":"2020-09-02T07:47:46","guid":{"rendered":"https:\/\/www.sensoris.ee\/?post_type=product&#038;p=2904"},"modified":"2020-09-02T07:47:46","modified_gmt":"2020-09-02T07:47:46","slug":"tn-3030-tn-3060brother-hl-5100-hl-5130-hl-5140-hl-5150d-hl-5170-hl-5170dn-brother-dcp-8040-dcp-8045d-dcp-8045dn-hl-5170-hl-5170dn-brother-mfc-8220-mfc-8440-8640-d-8840-mfc-8840d-mfc-884","status":"publish","type":"product","link":"https:\/\/www.sensoris.ee\/ru\/toode\/tn-3030-tn-3060brother-hl-5100-hl-5130-hl-5140-hl-5150d-hl-5170-hl-5170dn-brother-dcp-8040-dcp-8045d-dcp-8045dn-hl-5170-hl-5170dn-brother-mfc-8220-mfc-8440-8640-d-8840-mfc-8840d-mfc-884\/","title":{"rendered":"TN-3030\/ TN-3060\tBrother HL 5100, HL 5130, HL 5140, HL 5150D, HL 5170, HL 5170DN Brother DCP 8040, DCP 8045D, DCP 8045DN HL 5170, HL 5170DN Brother MFC 8220, MFC 8440, 8640 D, 8840, MFC 8840D, MFC 8840DN"},"content":{"rendered":"<table width=\"214\">\n<tbody>\n<tr>\n<td width=\"214\">Mahutavus lk: 3500<\/td>\n<\/tr>\n<tr>\n<td>T\u00e4itmine: 25<\/td>\n<\/tr>\n<\/tbody>\n<\/table>\n","protected":false},"excerpt":{"rendered":"<p>Mahutavus lk: 3500 T\u00e4itmine: 25<\/p>\n","protected":false},"featured_media":0,"template":"","meta":{"_acf_changed":false},"product_brand":[],"product_cat":[15],"product_tag":[],"class_list":{"0":"post-2904","1":"product","2":"type-product","3":"status-publish","5":"product_cat-maaramata","7":"first","8":"instock","9":"taxable","10":"shipping-taxable","11":"purchasable","12":"product-type-simple"},"acf":[],"yoast_head":"<!-- This site is optimized with the Yoast SEO plugin v27.5 - https:\/\/yoast.com\/product\/yoast-seo-wordpress\/ -->\n<title>TN-3030\/ TN-3060 Brother HL 5100, HL 5130, HL 5140, HL 5150D, HL 5170, HL 5170DN Brother DCP 8040, DCP 8045D, DCP 8045DN HL 5170, HL 5170DN Brother MFC 8220, MFC 8440, 8640 D, 8840, MFC 8840D, MFC 8840DN - Sensoris | Printerite m\u00fc\u00fck ja hooldus, toonerikassettide m\u00fc\u00fck<\/title>\n<meta name=\"robots\" content=\"index, follow, max-snippet:-1, max-image-preview:large, max-video-preview:-1\" \/>\n<link rel=\"canonical\" href=\"https:\/\/www.sensoris.ee\/toode\/tn-3030-tn-3060brother-hl-5100-hl-5130-hl-5140-hl-5150d-hl-5170-hl-5170dn-brother-dcp-8040-dcp-8045d-dcp-8045dn-hl-5170-hl-5170dn-brother-mfc-8220-mfc-8440-8640-d-8840-mfc-8840d-mfc-884\/\" \/>\n<meta property=\"og:locale\" content=\"ru_RU\" \/>\n<meta property=\"og:type\" content=\"article\" \/>\n<meta property=\"og:title\" content=\"TN-3030\/ TN-3060 Brother HL 5100, HL 5130, HL 5140, HL 5150D, HL 5170, HL 5170DN Brother DCP 8040, DCP 8045D, DCP 8045DN HL 5170, HL 5170DN Brother MFC 8220, MFC 8440, 8640 D, 8840, MFC 8840D, MFC 8840DN - Sensoris | Printerite m\u00fc\u00fck ja hooldus, toonerikassettide m\u00fc\u00fck\" \/>\n<meta property=\"og:description\" content=\"Mahutavus lk: 3500 T\u00e4itmine: 25\" \/>\n<meta property=\"og:url\" content=\"https:\/\/www.sensoris.ee\/toode\/tn-3030-tn-3060brother-hl-5100-hl-5130-hl-5140-hl-5150d-hl-5170-hl-5170dn-brother-dcp-8040-dcp-8045d-dcp-8045dn-hl-5170-hl-5170dn-brother-mfc-8220-mfc-8440-8640-d-8840-mfc-8840d-mfc-884\/\" \/>\n<meta property=\"og:site_name\" content=\"Sensoris | Printerite m\u00fc\u00fck ja hooldus, toonerikassettide m\u00fc\u00fck\" \/>\n<meta name=\"twitter:card\" content=\"summary_large_image\" \/>\n<script type=\"application\/ld+json\" class=\"yoast-schema-graph\">{\"@context\":\"https:\\\/\\\/schema.org\",\"@graph\":[{\"@type\":\"WebPage\",\"@id\":\"https:\\\/\\\/www.sensoris.ee\\\/toode\\\/tn-3030-tn-3060brother-hl-5100-hl-5130-hl-5140-hl-5150d-hl-5170-hl-5170dn-brother-dcp-8040-dcp-8045d-dcp-8045dn-hl-5170-hl-5170dn-brother-mfc-8220-mfc-8440-8640-d-8840-mfc-8840d-mfc-884\\\/\",\"url\":\"https:\\\/\\\/www.sensoris.ee\\\/toode\\\/tn-3030-tn-3060brother-hl-5100-hl-5130-hl-5140-hl-5150d-hl-5170-hl-5170dn-brother-dcp-8040-dcp-8045d-dcp-8045dn-hl-5170-hl-5170dn-brother-mfc-8220-mfc-8440-8640-d-8840-mfc-8840d-mfc-884\\\/\",\"name\":\"TN-3030\\\/ TN-3060 Brother HL 5100, HL 5130, HL 5140, HL 5150D, HL 5170, HL 5170DN Brother DCP 8040, DCP 8045D, DCP 8045DN HL 5170, HL 5170DN Brother MFC 8220, MFC 8440, 8640 D, 8840, MFC 8840D, MFC 8840DN - Sensoris | Printerite m\u00fc\u00fck ja hooldus, toonerikassettide m\u00fc\u00fck\",\"isPartOf\":{\"@id\":\"https:\\\/\\\/www.sensoris.ee\\\/#website\"},\"datePublished\":\"2020-09-02T07:47:46+00:00\",\"breadcrumb\":{\"@id\":\"https:\\\/\\\/www.sensoris.ee\\\/toode\\\/tn-3030-tn-3060brother-hl-5100-hl-5130-hl-5140-hl-5150d-hl-5170-hl-5170dn-brother-dcp-8040-dcp-8045d-dcp-8045dn-hl-5170-hl-5170dn-brother-mfc-8220-mfc-8440-8640-d-8840-mfc-8840d-mfc-884\\\/#breadcrumb\"},\"inLanguage\":\"ru-RU\",\"potentialAction\":[{\"@type\":\"ReadAction\",\"target\":[\"https:\\\/\\\/www.sensoris.ee\\\/toode\\\/tn-3030-tn-3060brother-hl-5100-hl-5130-hl-5140-hl-5150d-hl-5170-hl-5170dn-brother-dcp-8040-dcp-8045d-dcp-8045dn-hl-5170-hl-5170dn-brother-mfc-8220-mfc-8440-8640-d-8840-mfc-8840d-mfc-884\\\/\"]}]},{\"@type\":\"BreadcrumbList\",\"@id\":\"https:\\\/\\\/www.sensoris.ee\\\/toode\\\/tn-3030-tn-3060brother-hl-5100-hl-5130-hl-5140-hl-5150d-hl-5170-hl-5170dn-brother-dcp-8040-dcp-8045d-dcp-8045dn-hl-5170-hl-5170dn-brother-mfc-8220-mfc-8440-8640-d-8840-mfc-8840d-mfc-884\\\/#breadcrumb\",\"itemListElement\":[{\"@type\":\"ListItem\",\"position\":1,\"name\":\"Home\",\"item\":\"https:\\\/\\\/www.sensoris.ee\\\/ru\\\/\"},{\"@type\":\"ListItem\",\"position\":2,\"name\":\"\u041c\u0430\u0433\u0430\u0437\u0438\u043d\",\"item\":\"https:\\\/\\\/www.sensoris.ee\\\/ru\\\/%d0%bc%d0%b0%d0%b3%d0%b0%d0%b7%d0%b8%d0%bd\\\/\"},{\"@type\":\"ListItem\",\"position\":3,\"name\":\"TN-3030\\\/ TN-3060 Brother HL 5100, HL 5130, HL 5140, HL 5150D, HL 5170, HL 5170DN Brother DCP 8040, DCP 8045D, DCP 8045DN HL 5170, HL 5170DN Brother MFC 8220, MFC 8440, 8640 D, 8840, MFC 8840D, MFC 8840DN\"}]},{\"@type\":\"WebSite\",\"@id\":\"https:\\\/\\\/www.sensoris.ee\\\/#website\",\"url\":\"https:\\\/\\\/www.sensoris.ee\\\/\",\"name\":\"Sensoris | Printerite m\u00fc\u00fck ja hooldus,toonerikassettide m\u00fc\u00fck\",\"description\":\"Printerite remont ja hooldus.Toonerikassettide m\u00fc\u00fck ja t\u00e4itmine. Uute ja kasutatud printerite m\u00fc\u00fck\",\"publisher\":{\"@id\":\"https:\\\/\\\/www.sensoris.ee\\\/#organization\"},\"potentialAction\":[{\"@type\":\"SearchAction\",\"target\":{\"@type\":\"EntryPoint\",\"urlTemplate\":\"https:\\\/\\\/www.sensoris.ee\\\/?s={search_term_string}\"},\"query-input\":{\"@type\":\"PropertyValueSpecification\",\"valueRequired\":true,\"valueName\":\"search_term_string\"}}],\"inLanguage\":\"ru-RU\"},{\"@type\":\"Organization\",\"@id\":\"https:\\\/\\\/www.sensoris.ee\\\/#organization\",\"name\":\"Sensoris O\u00dc\",\"url\":\"https:\\\/\\\/www.sensoris.ee\\\/\",\"logo\":{\"@type\":\"ImageObject\",\"inLanguage\":\"ru-RU\",\"@id\":\"https:\\\/\\\/www.sensoris.ee\\\/#\\\/schema\\\/logo\\\/image\\\/\",\"url\":\"https:\\\/\\\/www.sensoris.ee\\\/wp-content\\\/uploads\\\/2021\\\/04\\\/SENSORIS-LOGO-uus.jpg\",\"contentUrl\":\"https:\\\/\\\/www.sensoris.ee\\\/wp-content\\\/uploads\\\/2021\\\/04\\\/SENSORIS-LOGO-uus.jpg\",\"width\":2000,\"height\":393,\"caption\":\"Sensoris O\u00dc\"},\"image\":{\"@id\":\"https:\\\/\\\/www.sensoris.ee\\\/#\\\/schema\\\/logo\\\/image\\\/\"}}]}<\/script>\n<!-- \/ Yoast SEO plugin. -->","yoast_head_json":{"title":"TN-3030\/ TN-3060 Brother HL 5100, HL 5130, HL 5140, HL 5150D, HL 5170, HL 5170DN Brother DCP 8040, DCP 8045D, DCP 8045DN HL 5170, HL 5170DN Brother MFC 8220, MFC 8440, 8640 D, 8840, MFC 8840D, MFC 8840DN - Sensoris | Printerite m\u00fc\u00fck ja hooldus, toonerikassettide m\u00fc\u00fck","robots":{"index":"index","follow":"follow","max-snippet":"max-snippet:-1","max-image-preview":"max-image-preview:large","max-video-preview":"max-video-preview:-1"},"canonical":"https:\/\/www.sensoris.ee\/toode\/tn-3030-tn-3060brother-hl-5100-hl-5130-hl-5140-hl-5150d-hl-5170-hl-5170dn-brother-dcp-8040-dcp-8045d-dcp-8045dn-hl-5170-hl-5170dn-brother-mfc-8220-mfc-8440-8640-d-8840-mfc-8840d-mfc-884\/","og_locale":"ru_RU","og_type":"article","og_title":"TN-3030\/ TN-3060 Brother HL 5100, HL 5130, HL 5140, HL 5150D, HL 5170, HL 5170DN Brother DCP 8040, DCP 8045D, DCP 8045DN HL 5170, HL 5170DN Brother MFC 8220, MFC 8440, 8640 D, 8840, MFC 8840D, MFC 8840DN - Sensoris | Printerite m\u00fc\u00fck ja hooldus, toonerikassettide m\u00fc\u00fck","og_description":"Mahutavus lk: 3500 T\u00e4itmine: 25","og_url":"https:\/\/www.sensoris.ee\/toode\/tn-3030-tn-3060brother-hl-5100-hl-5130-hl-5140-hl-5150d-hl-5170-hl-5170dn-brother-dcp-8040-dcp-8045d-dcp-8045dn-hl-5170-hl-5170dn-brother-mfc-8220-mfc-8440-8640-d-8840-mfc-8840d-mfc-884\/","og_site_name":"Sensoris | Printerite m\u00fc\u00fck ja hooldus, toonerikassettide m\u00fc\u00fck","twitter_card":"summary_large_image","schema":{"@context":"https:\/\/schema.org","@graph":[{"@type":"WebPage","@id":"https:\/\/www.sensoris.ee\/toode\/tn-3030-tn-3060brother-hl-5100-hl-5130-hl-5140-hl-5150d-hl-5170-hl-5170dn-brother-dcp-8040-dcp-8045d-dcp-8045dn-hl-5170-hl-5170dn-brother-mfc-8220-mfc-8440-8640-d-8840-mfc-8840d-mfc-884\/","url":"https:\/\/www.sensoris.ee\/toode\/tn-3030-tn-3060brother-hl-5100-hl-5130-hl-5140-hl-5150d-hl-5170-hl-5170dn-brother-dcp-8040-dcp-8045d-dcp-8045dn-hl-5170-hl-5170dn-brother-mfc-8220-mfc-8440-8640-d-8840-mfc-8840d-mfc-884\/","name":"TN-3030\/ TN-3060 Brother HL 5100, HL 5130, HL 5140, HL 5150D, HL 5170, HL 5170DN Brother DCP 8040, DCP 8045D, DCP 8045DN HL 5170, HL 5170DN Brother MFC 8220, MFC 8440, 8640 D, 8840, MFC 8840D, MFC 8840DN - Sensoris | Printerite m\u00fc\u00fck ja hooldus, toonerikassettide m\u00fc\u00fck","isPartOf":{"@id":"https:\/\/www.sensoris.ee\/#website"},"datePublished":"2020-09-02T07:47:46+00:00","breadcrumb":{"@id":"https:\/\/www.sensoris.ee\/toode\/tn-3030-tn-3060brother-hl-5100-hl-5130-hl-5140-hl-5150d-hl-5170-hl-5170dn-brother-dcp-8040-dcp-8045d-dcp-8045dn-hl-5170-hl-5170dn-brother-mfc-8220-mfc-8440-8640-d-8840-mfc-8840d-mfc-884\/#breadcrumb"},"inLanguage":"ru-RU","potentialAction":[{"@type":"ReadAction","target":["https:\/\/www.sensoris.ee\/toode\/tn-3030-tn-3060brother-hl-5100-hl-5130-hl-5140-hl-5150d-hl-5170-hl-5170dn-brother-dcp-8040-dcp-8045d-dcp-8045dn-hl-5170-hl-5170dn-brother-mfc-8220-mfc-8440-8640-d-8840-mfc-8840d-mfc-884\/"]}]},{"@type":"BreadcrumbList","@id":"https:\/\/www.sensoris.ee\/toode\/tn-3030-tn-3060brother-hl-5100-hl-5130-hl-5140-hl-5150d-hl-5170-hl-5170dn-brother-dcp-8040-dcp-8045d-dcp-8045dn-hl-5170-hl-5170dn-brother-mfc-8220-mfc-8440-8640-d-8840-mfc-8840d-mfc-884\/#breadcrumb","itemListElement":[{"@type":"ListItem","position":1,"name":"Home","item":"https:\/\/www.sensoris.ee\/ru\/"},{"@type":"ListItem","position":2,"name":"\u041c\u0430\u0433\u0430\u0437\u0438\u043d","item":"https:\/\/www.sensoris.ee\/ru\/%d0%bc%d0%b0%d0%b3%d0%b0%d0%b7%d0%b8%d0%bd\/"},{"@type":"ListItem","position":3,"name":"TN-3030\/ TN-3060 Brother HL 5100, HL 5130, HL 5140, HL 5150D, HL 5170, HL 5170DN Brother DCP 8040, DCP 8045D, DCP 8045DN HL 5170, HL 5170DN Brother MFC 8220, MFC 8440, 8640 D, 8840, MFC 8840D, MFC 8840DN"}]},{"@type":"WebSite","@id":"https:\/\/www.sensoris.ee\/#website","url":"https:\/\/www.sensoris.ee\/","name":"Sensoris | Printerite m\u00fc\u00fck ja hooldus,toonerikassettide m\u00fc\u00fck","description":"Printerite remont ja hooldus.Toonerikassettide m\u00fc\u00fck ja t\u00e4itmine. Uute ja kasutatud printerite m\u00fc\u00fck","publisher":{"@id":"https:\/\/www.sensoris.ee\/#organization"},"potentialAction":[{"@type":"SearchAction","target":{"@type":"EntryPoint","urlTemplate":"https:\/\/www.sensoris.ee\/?s={search_term_string}"},"query-input":{"@type":"PropertyValueSpecification","valueRequired":true,"valueName":"search_term_string"}}],"inLanguage":"ru-RU"},{"@type":"Organization","@id":"https:\/\/www.sensoris.ee\/#organization","name":"Sensoris O\u00dc","url":"https:\/\/www.sensoris.ee\/","logo":{"@type":"ImageObject","inLanguage":"ru-RU","@id":"https:\/\/www.sensoris.ee\/#\/schema\/logo\/image\/","url":"https:\/\/www.sensoris.ee\/wp-content\/uploads\/2021\/04\/SENSORIS-LOGO-uus.jpg","contentUrl":"https:\/\/www.sensoris.ee\/wp-content\/uploads\/2021\/04\/SENSORIS-LOGO-uus.jpg","width":2000,"height":393,"caption":"Sensoris O\u00dc"},"image":{"@id":"https:\/\/www.sensoris.ee\/#\/schema\/logo\/image\/"}}]}},"_links":{"self":[{"href":"https:\/\/www.sensoris.ee\/ru\/wp-json\/wp\/v2\/product\/2904","targetHints":{"allow":["GET"]}}],"collection":[{"href":"https:\/\/www.sensoris.ee\/ru\/wp-json\/wp\/v2\/product"}],"about":[{"href":"https:\/\/www.sensoris.ee\/ru\/wp-json\/wp\/v2\/types\/product"}],"wp:attachment":[{"href":"https:\/\/www.sensoris.ee\/ru\/wp-json\/wp\/v2\/media?parent=2904"}],"wp:term":[{"taxonomy":"product_brand","embeddable":true,"href":"https:\/\/www.sensoris.ee\/ru\/wp-json\/wp\/v2\/product_brand?post=2904"},{"taxonomy":"product_cat","embeddable":true,"href":"https:\/\/www.sensoris.ee\/ru\/wp-json\/wp\/v2\/product_cat?post=2904"},{"taxonomy":"product_tag","embeddable":true,"href":"https:\/\/www.sensoris.ee\/ru\/wp-json\/wp\/v2\/product_tag?post=2904"}],"curies":[{"name":"wp","href":"https:\/\/api.w.org\/{rel}","templated":true}]}}