{"id":2924,"date":"2020-09-02T09:12:35","date_gmt":"2020-09-02T09:12:35","guid":{"rendered":"https:\/\/www.sensoris.ee\/?post_type=product&#038;p=2924"},"modified":"2025-08-29T10:04:57","modified_gmt":"2025-08-29T08:04:57","slug":"tn-3480brother-hl-l5000-hl-l5000d-hl-l5100-hl-l5100dn-hl-l5100dnt-hl-l5200-hl-l5200dw-hl-l5200dwt-hl-l6250-hl-l6250dn-hl-l6300-hl-l6300dw-hl-l6300dwt-hl-l6400-hl-l6400dw-hl-l6400dwt-bro","status":"publish","type":"product","link":"https:\/\/www.sensoris.ee\/ru\/toode\/tn-3480brother-hl-l5000-hl-l5000d-hl-l5100-hl-l5100dn-hl-l5100dnt-hl-l5200-hl-l5200dw-hl-l5200dwt-hl-l6250-hl-l6250dn-hl-l6300-hl-l6300dw-hl-l6300dwt-hl-l6400-hl-l6400dw-hl-l6400dwt-bro\/","title":{"rendered":"TN-3480\tBrother HL L5000, HL L5000D, HL L5100, HL L5100DN, HL L5100DNT, HL L5200, HL L5200DW, HL L5200DWT HL L6250, HL L6250DN, HL L6300, HL L6300DW, HL L6300DWT, HL L6400, HL L6400DW, HL L6400DWT Brother DCP L5500, L5500DN, L6600, DCP L6600DW Brother MFC L5700, L5700DN, L5750, MFC L5750DW MFC L6800, MFC L6800D, MFC L6800DWT, MFC L6900,"},"content":{"rendered":"<table width=\"214\">\n<tbody>\n<tr>\n<td width=\"214\">Mahutavus lk: 8000<\/td>\n<\/tr>\n<tr>\n<td>T\u00e4itmine: 25<\/td>\n<\/tr>\n<\/tbody>\n<\/table>\n","protected":false},"excerpt":{"rendered":"<p>Mahutavus lk: 8000 T\u00e4itmine: 25<\/p>\n","protected":false},"featured_media":0,"template":"","meta":{"_acf_changed":false},"product_brand":[],"product_cat":[15],"product_tag":[],"class_list":{"0":"post-2924","1":"product","2":"type-product","3":"status-publish","5":"product_cat-maaramata","7":"first","8":"instock","9":"taxable","10":"shipping-taxable","11":"purchasable","12":"product-type-simple"},"acf":[],"yoast_head":"<!-- This site is optimized with the Yoast SEO plugin v27.5 - https:\/\/yoast.com\/product\/yoast-seo-wordpress\/ -->\n<title>TN-3480 Brother HL L5000, HL L5000D, HL L5100, HL L5100DN, HL L5100DNT, HL L5200, HL L5200DW, HL L5200DWT HL L6250, HL L6250DN, HL L6300, HL L6300DW, HL L6300DWT, HL L6400, HL L6400DW, HL L6400DWT Brother DCP L5500, L5500DN, L6600, DCP L6600DW Brother MFC L5700, L5700DN, L5750, MFC L5750DW MFC L6800, MFC L6800D, MFC L6800DWT, MFC L6900, - Sensoris | Printerite m\u00fc\u00fck ja hooldus, toonerikassettide m\u00fc\u00fck<\/title>\n<meta name=\"robots\" content=\"index, follow, max-snippet:-1, max-image-preview:large, max-video-preview:-1\" \/>\n<link rel=\"canonical\" href=\"https:\/\/www.sensoris.ee\/toode\/tn-3480brother-hl-l5000-hl-l5000d-hl-l5100-hl-l5100dn-hl-l5100dnt-hl-l5200-hl-l5200dw-hl-l5200dwt-hl-l6250-hl-l6250dn-hl-l6300-hl-l6300dw-hl-l6300dwt-hl-l6400-hl-l6400dw-hl-l6400dwt-bro\/\" \/>\n<meta property=\"og:locale\" content=\"ru_RU\" \/>\n<meta property=\"og:type\" content=\"article\" \/>\n<meta property=\"og:title\" content=\"TN-3480 Brother HL L5000, HL L5000D, HL L5100, HL L5100DN, HL L5100DNT, HL L5200, HL L5200DW, HL L5200DWT HL L6250, HL L6250DN, HL L6300, HL L6300DW, HL L6300DWT, HL L6400, HL L6400DW, HL L6400DWT Brother DCP L5500, L5500DN, L6600, DCP L6600DW Brother MFC L5700, L5700DN, L5750, MFC L5750DW MFC L6800, MFC L6800D, MFC L6800DWT, MFC L6900, - Sensoris | Printerite m\u00fc\u00fck ja hooldus, toonerikassettide m\u00fc\u00fck\" \/>\n<meta property=\"og:description\" content=\"Mahutavus lk: 8000 T\u00e4itmine: 25\" \/>\n<meta property=\"og:url\" content=\"https:\/\/www.sensoris.ee\/toode\/tn-3480brother-hl-l5000-hl-l5000d-hl-l5100-hl-l5100dn-hl-l5100dnt-hl-l5200-hl-l5200dw-hl-l5200dwt-hl-l6250-hl-l6250dn-hl-l6300-hl-l6300dw-hl-l6300dwt-hl-l6400-hl-l6400dw-hl-l6400dwt-bro\/\" \/>\n<meta property=\"og:site_name\" content=\"Sensoris | Printerite m\u00fc\u00fck ja hooldus, toonerikassettide m\u00fc\u00fck\" \/>\n<meta property=\"article:modified_time\" content=\"2025-08-29T08:04:57+00:00\" \/>\n<meta name=\"twitter:card\" content=\"summary_large_image\" \/>\n<meta name=\"twitter:label1\" content=\"\u041f\u0440\u0438\u043c\u0435\u0440\u043d\u043e\u0435 \u0432\u0440\u0435\u043c\u044f \u0434\u043b\u044f \u0447\u0442\u0435\u043d\u0438\u044f\" \/>\n\t<meta name=\"twitter:data1\" content=\"1 \u043c\u0438\u043d\u0443\u0442\u0430\" \/>\n<script type=\"application\/ld+json\" class=\"yoast-schema-graph\">{\"@context\":\"https:\\\/\\\/schema.org\",\"@graph\":[{\"@type\":\"WebPage\",\"@id\":\"https:\\\/\\\/www.sensoris.ee\\\/toode\\\/tn-3480brother-hl-l5000-hl-l5000d-hl-l5100-hl-l5100dn-hl-l5100dnt-hl-l5200-hl-l5200dw-hl-l5200dwt-hl-l6250-hl-l6250dn-hl-l6300-hl-l6300dw-hl-l6300dwt-hl-l6400-hl-l6400dw-hl-l6400dwt-bro\\\/\",\"url\":\"https:\\\/\\\/www.sensoris.ee\\\/toode\\\/tn-3480brother-hl-l5000-hl-l5000d-hl-l5100-hl-l5100dn-hl-l5100dnt-hl-l5200-hl-l5200dw-hl-l5200dwt-hl-l6250-hl-l6250dn-hl-l6300-hl-l6300dw-hl-l6300dwt-hl-l6400-hl-l6400dw-hl-l6400dwt-bro\\\/\",\"name\":\"TN-3480 Brother HL L5000, HL L5000D, HL L5100, HL L5100DN, HL L5100DNT, HL L5200, HL L5200DW, HL L5200DWT HL L6250, HL L6250DN, HL L6300, HL L6300DW, HL L6300DWT, HL L6400, HL L6400DW, HL L6400DWT Brother DCP L5500, L5500DN, L6600, DCP L6600DW Brother MFC L5700, L5700DN, L5750, MFC L5750DW MFC L6800, MFC L6800D, MFC L6800DWT, MFC L6900, - Sensoris | Printerite m\u00fc\u00fck ja hooldus, toonerikassettide m\u00fc\u00fck\",\"isPartOf\":{\"@id\":\"https:\\\/\\\/www.sensoris.ee\\\/#website\"},\"datePublished\":\"2020-09-02T09:12:35+00:00\",\"dateModified\":\"2025-08-29T08:04:57+00:00\",\"breadcrumb\":{\"@id\":\"https:\\\/\\\/www.sensoris.ee\\\/toode\\\/tn-3480brother-hl-l5000-hl-l5000d-hl-l5100-hl-l5100dn-hl-l5100dnt-hl-l5200-hl-l5200dw-hl-l5200dwt-hl-l6250-hl-l6250dn-hl-l6300-hl-l6300dw-hl-l6300dwt-hl-l6400-hl-l6400dw-hl-l6400dwt-bro\\\/#breadcrumb\"},\"inLanguage\":\"ru-RU\",\"potentialAction\":[{\"@type\":\"ReadAction\",\"target\":[\"https:\\\/\\\/www.sensoris.ee\\\/toode\\\/tn-3480brother-hl-l5000-hl-l5000d-hl-l5100-hl-l5100dn-hl-l5100dnt-hl-l5200-hl-l5200dw-hl-l5200dwt-hl-l6250-hl-l6250dn-hl-l6300-hl-l6300dw-hl-l6300dwt-hl-l6400-hl-l6400dw-hl-l6400dwt-bro\\\/\"]}]},{\"@type\":\"BreadcrumbList\",\"@id\":\"https:\\\/\\\/www.sensoris.ee\\\/toode\\\/tn-3480brother-hl-l5000-hl-l5000d-hl-l5100-hl-l5100dn-hl-l5100dnt-hl-l5200-hl-l5200dw-hl-l5200dwt-hl-l6250-hl-l6250dn-hl-l6300-hl-l6300dw-hl-l6300dwt-hl-l6400-hl-l6400dw-hl-l6400dwt-bro\\\/#breadcrumb\",\"itemListElement\":[{\"@type\":\"ListItem\",\"position\":1,\"name\":\"Home\",\"item\":\"https:\\\/\\\/www.sensoris.ee\\\/ru\\\/\"},{\"@type\":\"ListItem\",\"position\":2,\"name\":\"\u041c\u0430\u0433\u0430\u0437\u0438\u043d\",\"item\":\"https:\\\/\\\/www.sensoris.ee\\\/ru\\\/%d0%bc%d0%b0%d0%b3%d0%b0%d0%b7%d0%b8%d0%bd\\\/\"},{\"@type\":\"ListItem\",\"position\":3,\"name\":\"TN-3480 Brother HL L5000, HL L5000D, HL L5100, HL L5100DN, HL L5100DNT, HL L5200, HL L5200DW, HL L5200DWT HL L6250, HL L6250DN, HL L6300, HL L6300DW, HL L6300DWT, HL L6400, HL L6400DW, HL L6400DWT Brother DCP L5500, L5500DN, L6600, DCP L6600DW Brother MFC L5700, L5700DN, L5750, MFC L5750DW MFC L6800, MFC L6800D, MFC L6800DWT, MFC L6900,\"}]},{\"@type\":\"WebSite\",\"@id\":\"https:\\\/\\\/www.sensoris.ee\\\/#website\",\"url\":\"https:\\\/\\\/www.sensoris.ee\\\/\",\"name\":\"Sensoris | Printerite m\u00fc\u00fck ja hooldus,toonerikassettide m\u00fc\u00fck\",\"description\":\"Printerite remont ja hooldus.Toonerikassettide m\u00fc\u00fck ja t\u00e4itmine. Uute ja kasutatud printerite m\u00fc\u00fck\",\"publisher\":{\"@id\":\"https:\\\/\\\/www.sensoris.ee\\\/#organization\"},\"potentialAction\":[{\"@type\":\"SearchAction\",\"target\":{\"@type\":\"EntryPoint\",\"urlTemplate\":\"https:\\\/\\\/www.sensoris.ee\\\/?s={search_term_string}\"},\"query-input\":{\"@type\":\"PropertyValueSpecification\",\"valueRequired\":true,\"valueName\":\"search_term_string\"}}],\"inLanguage\":\"ru-RU\"},{\"@type\":\"Organization\",\"@id\":\"https:\\\/\\\/www.sensoris.ee\\\/#organization\",\"name\":\"Sensoris O\u00dc\",\"url\":\"https:\\\/\\\/www.sensoris.ee\\\/\",\"logo\":{\"@type\":\"ImageObject\",\"inLanguage\":\"ru-RU\",\"@id\":\"https:\\\/\\\/www.sensoris.ee\\\/#\\\/schema\\\/logo\\\/image\\\/\",\"url\":\"https:\\\/\\\/www.sensoris.ee\\\/wp-content\\\/uploads\\\/2021\\\/04\\\/SENSORIS-LOGO-uus.jpg\",\"contentUrl\":\"https:\\\/\\\/www.sensoris.ee\\\/wp-content\\\/uploads\\\/2021\\\/04\\\/SENSORIS-LOGO-uus.jpg\",\"width\":2000,\"height\":393,\"caption\":\"Sensoris O\u00dc\"},\"image\":{\"@id\":\"https:\\\/\\\/www.sensoris.ee\\\/#\\\/schema\\\/logo\\\/image\\\/\"}}]}<\/script>\n<!-- \/ Yoast SEO plugin. -->","yoast_head_json":{"title":"TN-3480 Brother HL L5000, HL L5000D, HL L5100, HL L5100DN, HL L5100DNT, HL L5200, HL L5200DW, HL L5200DWT HL L6250, HL L6250DN, HL L6300, HL L6300DW, HL L6300DWT, HL L6400, HL L6400DW, HL L6400DWT Brother DCP L5500, L5500DN, L6600, DCP L6600DW Brother MFC L5700, L5700DN, L5750, MFC L5750DW MFC L6800, MFC L6800D, MFC L6800DWT, MFC L6900, - Sensoris | Printerite m\u00fc\u00fck ja hooldus, toonerikassettide m\u00fc\u00fck","robots":{"index":"index","follow":"follow","max-snippet":"max-snippet:-1","max-image-preview":"max-image-preview:large","max-video-preview":"max-video-preview:-1"},"canonical":"https:\/\/www.sensoris.ee\/toode\/tn-3480brother-hl-l5000-hl-l5000d-hl-l5100-hl-l5100dn-hl-l5100dnt-hl-l5200-hl-l5200dw-hl-l5200dwt-hl-l6250-hl-l6250dn-hl-l6300-hl-l6300dw-hl-l6300dwt-hl-l6400-hl-l6400dw-hl-l6400dwt-bro\/","og_locale":"ru_RU","og_type":"article","og_title":"TN-3480 Brother HL L5000, HL L5000D, HL L5100, HL L5100DN, HL L5100DNT, HL L5200, HL L5200DW, HL L5200DWT HL L6250, HL L6250DN, HL L6300, HL L6300DW, HL L6300DWT, HL L6400, HL L6400DW, HL L6400DWT Brother DCP L5500, L5500DN, L6600, DCP L6600DW Brother MFC L5700, L5700DN, L5750, MFC L5750DW MFC L6800, MFC L6800D, MFC L6800DWT, MFC L6900, - Sensoris | Printerite m\u00fc\u00fck ja hooldus, toonerikassettide m\u00fc\u00fck","og_description":"Mahutavus lk: 8000 T\u00e4itmine: 25","og_url":"https:\/\/www.sensoris.ee\/toode\/tn-3480brother-hl-l5000-hl-l5000d-hl-l5100-hl-l5100dn-hl-l5100dnt-hl-l5200-hl-l5200dw-hl-l5200dwt-hl-l6250-hl-l6250dn-hl-l6300-hl-l6300dw-hl-l6300dwt-hl-l6400-hl-l6400dw-hl-l6400dwt-bro\/","og_site_name":"Sensoris | Printerite m\u00fc\u00fck ja hooldus, toonerikassettide m\u00fc\u00fck","article_modified_time":"2025-08-29T08:04:57+00:00","twitter_card":"summary_large_image","twitter_misc":{"\u041f\u0440\u0438\u043c\u0435\u0440\u043d\u043e\u0435 \u0432\u0440\u0435\u043c\u044f \u0434\u043b\u044f \u0447\u0442\u0435\u043d\u0438\u044f":"1 \u043c\u0438\u043d\u0443\u0442\u0430"},"schema":{"@context":"https:\/\/schema.org","@graph":[{"@type":"WebPage","@id":"https:\/\/www.sensoris.ee\/toode\/tn-3480brother-hl-l5000-hl-l5000d-hl-l5100-hl-l5100dn-hl-l5100dnt-hl-l5200-hl-l5200dw-hl-l5200dwt-hl-l6250-hl-l6250dn-hl-l6300-hl-l6300dw-hl-l6300dwt-hl-l6400-hl-l6400dw-hl-l6400dwt-bro\/","url":"https:\/\/www.sensoris.ee\/toode\/tn-3480brother-hl-l5000-hl-l5000d-hl-l5100-hl-l5100dn-hl-l5100dnt-hl-l5200-hl-l5200dw-hl-l5200dwt-hl-l6250-hl-l6250dn-hl-l6300-hl-l6300dw-hl-l6300dwt-hl-l6400-hl-l6400dw-hl-l6400dwt-bro\/","name":"TN-3480 Brother HL L5000, HL L5000D, HL L5100, HL L5100DN, HL L5100DNT, HL L5200, HL L5200DW, HL L5200DWT HL L6250, HL L6250DN, HL L6300, HL L6300DW, HL L6300DWT, HL L6400, HL L6400DW, HL L6400DWT Brother DCP L5500, L5500DN, L6600, DCP L6600DW Brother MFC L5700, L5700DN, L5750, MFC L5750DW MFC L6800, MFC L6800D, MFC L6800DWT, MFC L6900, - Sensoris | Printerite m\u00fc\u00fck ja hooldus, toonerikassettide m\u00fc\u00fck","isPartOf":{"@id":"https:\/\/www.sensoris.ee\/#website"},"datePublished":"2020-09-02T09:12:35+00:00","dateModified":"2025-08-29T08:04:57+00:00","breadcrumb":{"@id":"https:\/\/www.sensoris.ee\/toode\/tn-3480brother-hl-l5000-hl-l5000d-hl-l5100-hl-l5100dn-hl-l5100dnt-hl-l5200-hl-l5200dw-hl-l5200dwt-hl-l6250-hl-l6250dn-hl-l6300-hl-l6300dw-hl-l6300dwt-hl-l6400-hl-l6400dw-hl-l6400dwt-bro\/#breadcrumb"},"inLanguage":"ru-RU","potentialAction":[{"@type":"ReadAction","target":["https:\/\/www.sensoris.ee\/toode\/tn-3480brother-hl-l5000-hl-l5000d-hl-l5100-hl-l5100dn-hl-l5100dnt-hl-l5200-hl-l5200dw-hl-l5200dwt-hl-l6250-hl-l6250dn-hl-l6300-hl-l6300dw-hl-l6300dwt-hl-l6400-hl-l6400dw-hl-l6400dwt-bro\/"]}]},{"@type":"BreadcrumbList","@id":"https:\/\/www.sensoris.ee\/toode\/tn-3480brother-hl-l5000-hl-l5000d-hl-l5100-hl-l5100dn-hl-l5100dnt-hl-l5200-hl-l5200dw-hl-l5200dwt-hl-l6250-hl-l6250dn-hl-l6300-hl-l6300dw-hl-l6300dwt-hl-l6400-hl-l6400dw-hl-l6400dwt-bro\/#breadcrumb","itemListElement":[{"@type":"ListItem","position":1,"name":"Home","item":"https:\/\/www.sensoris.ee\/ru\/"},{"@type":"ListItem","position":2,"name":"\u041c\u0430\u0433\u0430\u0437\u0438\u043d","item":"https:\/\/www.sensoris.ee\/ru\/%d0%bc%d0%b0%d0%b3%d0%b0%d0%b7%d0%b8%d0%bd\/"},{"@type":"ListItem","position":3,"name":"TN-3480 Brother HL L5000, HL L5000D, HL L5100, HL L5100DN, HL L5100DNT, HL L5200, HL L5200DW, HL L5200DWT HL L6250, HL L6250DN, HL L6300, HL L6300DW, HL L6300DWT, HL L6400, HL L6400DW, HL L6400DWT Brother DCP L5500, L5500DN, L6600, DCP L6600DW Brother MFC L5700, L5700DN, L5750, MFC L5750DW MFC L6800, MFC L6800D, MFC L6800DWT, MFC L6900,"}]},{"@type":"WebSite","@id":"https:\/\/www.sensoris.ee\/#website","url":"https:\/\/www.sensoris.ee\/","name":"Sensoris | Printerite m\u00fc\u00fck ja hooldus,toonerikassettide m\u00fc\u00fck","description":"Printerite remont ja hooldus.Toonerikassettide m\u00fc\u00fck ja t\u00e4itmine. Uute ja kasutatud printerite m\u00fc\u00fck","publisher":{"@id":"https:\/\/www.sensoris.ee\/#organization"},"potentialAction":[{"@type":"SearchAction","target":{"@type":"EntryPoint","urlTemplate":"https:\/\/www.sensoris.ee\/?s={search_term_string}"},"query-input":{"@type":"PropertyValueSpecification","valueRequired":true,"valueName":"search_term_string"}}],"inLanguage":"ru-RU"},{"@type":"Organization","@id":"https:\/\/www.sensoris.ee\/#organization","name":"Sensoris O\u00dc","url":"https:\/\/www.sensoris.ee\/","logo":{"@type":"ImageObject","inLanguage":"ru-RU","@id":"https:\/\/www.sensoris.ee\/#\/schema\/logo\/image\/","url":"https:\/\/www.sensoris.ee\/wp-content\/uploads\/2021\/04\/SENSORIS-LOGO-uus.jpg","contentUrl":"https:\/\/www.sensoris.ee\/wp-content\/uploads\/2021\/04\/SENSORIS-LOGO-uus.jpg","width":2000,"height":393,"caption":"Sensoris O\u00dc"},"image":{"@id":"https:\/\/www.sensoris.ee\/#\/schema\/logo\/image\/"}}]}},"_links":{"self":[{"href":"https:\/\/www.sensoris.ee\/ru\/wp-json\/wp\/v2\/product\/2924","targetHints":{"allow":["GET"]}}],"collection":[{"href":"https:\/\/www.sensoris.ee\/ru\/wp-json\/wp\/v2\/product"}],"about":[{"href":"https:\/\/www.sensoris.ee\/ru\/wp-json\/wp\/v2\/types\/product"}],"wp:attachment":[{"href":"https:\/\/www.sensoris.ee\/ru\/wp-json\/wp\/v2\/media?parent=2924"}],"wp:term":[{"taxonomy":"product_brand","embeddable":true,"href":"https:\/\/www.sensoris.ee\/ru\/wp-json\/wp\/v2\/product_brand?post=2924"},{"taxonomy":"product_cat","embeddable":true,"href":"https:\/\/www.sensoris.ee\/ru\/wp-json\/wp\/v2\/product_cat?post=2924"},{"taxonomy":"product_tag","embeddable":true,"href":"https:\/\/www.sensoris.ee\/ru\/wp-json\/wp\/v2\/product_tag?post=2924"}],"curies":[{"name":"wp","href":"https:\/\/api.w.org\/{rel}","templated":true}]}}