{"id":3077,"date":"2020-09-03T12:18:06","date_gmt":"2020-09-03T12:18:06","guid":{"rendered":"https:\/\/www.sensoris.ee\/?post_type=product&#038;p=3077"},"modified":"2020-09-03T12:18:06","modified_gmt":"2020-09-03T12:18:06","slug":"dr2200-dr450brother-hl-2130-hl-2132-hl-2135w-hl-2240d-hl-2250-hl-2250dnr-hl-2250dn-hl-2310-brother-dcp-7055-dcp-7055w-dcp-7057-dcp-7060d-dcp-7065-dcp-7065dn-dcp-7070-brother-mfc-7360n-m","status":"publish","type":"product","link":"https:\/\/www.sensoris.ee\/ru\/toode\/dr2200-dr450brother-hl-2130-hl-2132-hl-2135w-hl-2240d-hl-2250-hl-2250dnr-hl-2250dn-hl-2310-brother-dcp-7055-dcp-7055w-dcp-7057-dcp-7060d-dcp-7065-dcp-7065dn-dcp-7070-brother-mfc-7360n-m\/","title":{"rendered":"DR2200\/DR450\tBrother HL 2130, HL 2132, HL 2135w, HL 2240D, HL 2250, HL 2250DNR, HL 2250DN, HL 2310 Brother DCP 7055, DCP 7055w, DCP 7057, DCP 7060D, DCP 7065, DCP 7065dn, DCP 7070 Brother MFC 7360N, MFC 7460, MFC 7460N, MFC 7460dn, MFC 7860dw"},"content":{"rendered":"<table width=\"214\">\n<tbody>\n<tr>\n<td width=\"214\">Mahutavus lk: 12000<\/td>\n<\/tr>\n<tr>\n<td>T\u00e4itmine: 25<\/td>\n<\/tr>\n<\/tbody>\n<\/table>\n","protected":false},"excerpt":{"rendered":"<p>Mahutavus lk: 12000 T\u00e4itmine: 25<\/p>\n","protected":false},"featured_media":0,"template":"","meta":{"_acf_changed":false},"product_brand":[],"product_cat":[15],"product_tag":[],"class_list":{"0":"post-3077","1":"product","2":"type-product","3":"status-publish","5":"product_cat-maaramata","7":"first","8":"instock","9":"taxable","10":"shipping-taxable","11":"purchasable","12":"product-type-simple"},"acf":[],"yoast_head":"<!-- This site is optimized with the Yoast SEO plugin v27.3 - https:\/\/yoast.com\/product\/yoast-seo-wordpress\/ -->\n<title>DR2200\/DR450 Brother HL 2130, HL 2132, HL 2135w, HL 2240D, HL 2250, HL 2250DNR, HL 2250DN, HL 2310 Brother DCP 7055, DCP 7055w, DCP 7057, DCP 7060D, DCP 7065, DCP 7065dn, DCP 7070 Brother MFC 7360N, MFC 7460, MFC 7460N, MFC 7460dn, MFC 7860dw - Sensoris | Printerite m\u00fc\u00fck ja hooldus, toonerikassettide m\u00fc\u00fck<\/title>\n<meta name=\"robots\" content=\"index, follow, max-snippet:-1, max-image-preview:large, max-video-preview:-1\" \/>\n<link rel=\"canonical\" href=\"https:\/\/www.sensoris.ee\/toode\/dr2200-dr450brother-hl-2130-hl-2132-hl-2135w-hl-2240d-hl-2250-hl-2250dnr-hl-2250dn-hl-2310-brother-dcp-7055-dcp-7055w-dcp-7057-dcp-7060d-dcp-7065-dcp-7065dn-dcp-7070-brother-mfc-7360n-m\/\" \/>\n<meta property=\"og:locale\" content=\"ru_RU\" \/>\n<meta property=\"og:type\" content=\"article\" \/>\n<meta property=\"og:title\" content=\"DR2200\/DR450 Brother HL 2130, HL 2132, HL 2135w, HL 2240D, HL 2250, HL 2250DNR, HL 2250DN, HL 2310 Brother DCP 7055, DCP 7055w, DCP 7057, DCP 7060D, DCP 7065, DCP 7065dn, DCP 7070 Brother MFC 7360N, MFC 7460, MFC 7460N, MFC 7460dn, MFC 7860dw - Sensoris | Printerite m\u00fc\u00fck ja hooldus, toonerikassettide m\u00fc\u00fck\" \/>\n<meta property=\"og:description\" content=\"Mahutavus lk: 12000 T\u00e4itmine: 25\" \/>\n<meta property=\"og:url\" content=\"https:\/\/www.sensoris.ee\/toode\/dr2200-dr450brother-hl-2130-hl-2132-hl-2135w-hl-2240d-hl-2250-hl-2250dnr-hl-2250dn-hl-2310-brother-dcp-7055-dcp-7055w-dcp-7057-dcp-7060d-dcp-7065-dcp-7065dn-dcp-7070-brother-mfc-7360n-m\/\" \/>\n<meta property=\"og:site_name\" content=\"Sensoris | Printerite m\u00fc\u00fck ja hooldus, toonerikassettide m\u00fc\u00fck\" \/>\n<meta name=\"twitter:card\" content=\"summary_large_image\" \/>\n<script type=\"application\/ld+json\" class=\"yoast-schema-graph\">{\"@context\":\"https:\\\/\\\/schema.org\",\"@graph\":[{\"@type\":\"WebPage\",\"@id\":\"https:\\\/\\\/www.sensoris.ee\\\/toode\\\/dr2200-dr450brother-hl-2130-hl-2132-hl-2135w-hl-2240d-hl-2250-hl-2250dnr-hl-2250dn-hl-2310-brother-dcp-7055-dcp-7055w-dcp-7057-dcp-7060d-dcp-7065-dcp-7065dn-dcp-7070-brother-mfc-7360n-m\\\/\",\"url\":\"https:\\\/\\\/www.sensoris.ee\\\/toode\\\/dr2200-dr450brother-hl-2130-hl-2132-hl-2135w-hl-2240d-hl-2250-hl-2250dnr-hl-2250dn-hl-2310-brother-dcp-7055-dcp-7055w-dcp-7057-dcp-7060d-dcp-7065-dcp-7065dn-dcp-7070-brother-mfc-7360n-m\\\/\",\"name\":\"DR2200\\\/DR450 Brother HL 2130, HL 2132, HL 2135w, HL 2240D, HL 2250, HL 2250DNR, HL 2250DN, HL 2310 Brother DCP 7055, DCP 7055w, DCP 7057, DCP 7060D, DCP 7065, DCP 7065dn, DCP 7070 Brother MFC 7360N, MFC 7460, MFC 7460N, MFC 7460dn, MFC 7860dw - Sensoris | Printerite m\u00fc\u00fck ja hooldus, toonerikassettide m\u00fc\u00fck\",\"isPartOf\":{\"@id\":\"https:\\\/\\\/www.sensoris.ee\\\/#website\"},\"datePublished\":\"2020-09-03T12:18:06+00:00\",\"breadcrumb\":{\"@id\":\"https:\\\/\\\/www.sensoris.ee\\\/toode\\\/dr2200-dr450brother-hl-2130-hl-2132-hl-2135w-hl-2240d-hl-2250-hl-2250dnr-hl-2250dn-hl-2310-brother-dcp-7055-dcp-7055w-dcp-7057-dcp-7060d-dcp-7065-dcp-7065dn-dcp-7070-brother-mfc-7360n-m\\\/#breadcrumb\"},\"inLanguage\":\"ru-RU\",\"potentialAction\":[{\"@type\":\"ReadAction\",\"target\":[\"https:\\\/\\\/www.sensoris.ee\\\/toode\\\/dr2200-dr450brother-hl-2130-hl-2132-hl-2135w-hl-2240d-hl-2250-hl-2250dnr-hl-2250dn-hl-2310-brother-dcp-7055-dcp-7055w-dcp-7057-dcp-7060d-dcp-7065-dcp-7065dn-dcp-7070-brother-mfc-7360n-m\\\/\"]}]},{\"@type\":\"BreadcrumbList\",\"@id\":\"https:\\\/\\\/www.sensoris.ee\\\/toode\\\/dr2200-dr450brother-hl-2130-hl-2132-hl-2135w-hl-2240d-hl-2250-hl-2250dnr-hl-2250dn-hl-2310-brother-dcp-7055-dcp-7055w-dcp-7057-dcp-7060d-dcp-7065-dcp-7065dn-dcp-7070-brother-mfc-7360n-m\\\/#breadcrumb\",\"itemListElement\":[{\"@type\":\"ListItem\",\"position\":1,\"name\":\"Home\",\"item\":\"https:\\\/\\\/www.sensoris.ee\\\/ru\\\/\"},{\"@type\":\"ListItem\",\"position\":2,\"name\":\"\u041c\u0430\u0433\u0430\u0437\u0438\u043d\",\"item\":\"https:\\\/\\\/www.sensoris.ee\\\/ru\\\/%d0%bc%d0%b0%d0%b3%d0%b0%d0%b7%d0%b8%d0%bd\\\/\"},{\"@type\":\"ListItem\",\"position\":3,\"name\":\"DR2200\\\/DR450 Brother HL 2130, HL 2132, HL 2135w, HL 2240D, HL 2250, HL 2250DNR, HL 2250DN, HL 2310 Brother DCP 7055, DCP 7055w, DCP 7057, DCP 7060D, DCP 7065, DCP 7065dn, DCP 7070 Brother MFC 7360N, MFC 7460, MFC 7460N, MFC 7460dn, MFC 7860dw\"}]},{\"@type\":\"WebSite\",\"@id\":\"https:\\\/\\\/www.sensoris.ee\\\/#website\",\"url\":\"https:\\\/\\\/www.sensoris.ee\\\/\",\"name\":\"Sensoris | Printerite m\u00fc\u00fck ja hooldus,toonerikassettide m\u00fc\u00fck\",\"description\":\"Printerite remont ja hooldus.Toonerikassettide m\u00fc\u00fck ja t\u00e4itmine. Uute ja kasutatud printerite m\u00fc\u00fck\",\"publisher\":{\"@id\":\"https:\\\/\\\/www.sensoris.ee\\\/#organization\"},\"potentialAction\":[{\"@type\":\"SearchAction\",\"target\":{\"@type\":\"EntryPoint\",\"urlTemplate\":\"https:\\\/\\\/www.sensoris.ee\\\/?s={search_term_string}\"},\"query-input\":{\"@type\":\"PropertyValueSpecification\",\"valueRequired\":true,\"valueName\":\"search_term_string\"}}],\"inLanguage\":\"ru-RU\"},{\"@type\":\"Organization\",\"@id\":\"https:\\\/\\\/www.sensoris.ee\\\/#organization\",\"name\":\"Sensoris O\u00dc\",\"url\":\"https:\\\/\\\/www.sensoris.ee\\\/\",\"logo\":{\"@type\":\"ImageObject\",\"inLanguage\":\"ru-RU\",\"@id\":\"https:\\\/\\\/www.sensoris.ee\\\/#\\\/schema\\\/logo\\\/image\\\/\",\"url\":\"https:\\\/\\\/www.sensoris.ee\\\/wp-content\\\/uploads\\\/2021\\\/04\\\/SENSORIS-LOGO-uus.jpg\",\"contentUrl\":\"https:\\\/\\\/www.sensoris.ee\\\/wp-content\\\/uploads\\\/2021\\\/04\\\/SENSORIS-LOGO-uus.jpg\",\"width\":2000,\"height\":393,\"caption\":\"Sensoris O\u00dc\"},\"image\":{\"@id\":\"https:\\\/\\\/www.sensoris.ee\\\/#\\\/schema\\\/logo\\\/image\\\/\"}}]}<\/script>\n<!-- \/ Yoast SEO plugin. -->","yoast_head_json":{"title":"DR2200\/DR450 Brother HL 2130, HL 2132, HL 2135w, HL 2240D, HL 2250, HL 2250DNR, HL 2250DN, HL 2310 Brother DCP 7055, DCP 7055w, DCP 7057, DCP 7060D, DCP 7065, DCP 7065dn, DCP 7070 Brother MFC 7360N, MFC 7460, MFC 7460N, MFC 7460dn, MFC 7860dw - Sensoris | Printerite m\u00fc\u00fck ja hooldus, toonerikassettide m\u00fc\u00fck","robots":{"index":"index","follow":"follow","max-snippet":"max-snippet:-1","max-image-preview":"max-image-preview:large","max-video-preview":"max-video-preview:-1"},"canonical":"https:\/\/www.sensoris.ee\/toode\/dr2200-dr450brother-hl-2130-hl-2132-hl-2135w-hl-2240d-hl-2250-hl-2250dnr-hl-2250dn-hl-2310-brother-dcp-7055-dcp-7055w-dcp-7057-dcp-7060d-dcp-7065-dcp-7065dn-dcp-7070-brother-mfc-7360n-m\/","og_locale":"ru_RU","og_type":"article","og_title":"DR2200\/DR450 Brother HL 2130, HL 2132, HL 2135w, HL 2240D, HL 2250, HL 2250DNR, HL 2250DN, HL 2310 Brother DCP 7055, DCP 7055w, DCP 7057, DCP 7060D, DCP 7065, DCP 7065dn, DCP 7070 Brother MFC 7360N, MFC 7460, MFC 7460N, MFC 7460dn, MFC 7860dw - Sensoris | Printerite m\u00fc\u00fck ja hooldus, toonerikassettide m\u00fc\u00fck","og_description":"Mahutavus lk: 12000 T\u00e4itmine: 25","og_url":"https:\/\/www.sensoris.ee\/toode\/dr2200-dr450brother-hl-2130-hl-2132-hl-2135w-hl-2240d-hl-2250-hl-2250dnr-hl-2250dn-hl-2310-brother-dcp-7055-dcp-7055w-dcp-7057-dcp-7060d-dcp-7065-dcp-7065dn-dcp-7070-brother-mfc-7360n-m\/","og_site_name":"Sensoris | Printerite m\u00fc\u00fck ja hooldus, toonerikassettide m\u00fc\u00fck","twitter_card":"summary_large_image","schema":{"@context":"https:\/\/schema.org","@graph":[{"@type":"WebPage","@id":"https:\/\/www.sensoris.ee\/toode\/dr2200-dr450brother-hl-2130-hl-2132-hl-2135w-hl-2240d-hl-2250-hl-2250dnr-hl-2250dn-hl-2310-brother-dcp-7055-dcp-7055w-dcp-7057-dcp-7060d-dcp-7065-dcp-7065dn-dcp-7070-brother-mfc-7360n-m\/","url":"https:\/\/www.sensoris.ee\/toode\/dr2200-dr450brother-hl-2130-hl-2132-hl-2135w-hl-2240d-hl-2250-hl-2250dnr-hl-2250dn-hl-2310-brother-dcp-7055-dcp-7055w-dcp-7057-dcp-7060d-dcp-7065-dcp-7065dn-dcp-7070-brother-mfc-7360n-m\/","name":"DR2200\/DR450 Brother HL 2130, HL 2132, HL 2135w, HL 2240D, HL 2250, HL 2250DNR, HL 2250DN, HL 2310 Brother DCP 7055, DCP 7055w, DCP 7057, DCP 7060D, DCP 7065, DCP 7065dn, DCP 7070 Brother MFC 7360N, MFC 7460, MFC 7460N, MFC 7460dn, MFC 7860dw - Sensoris | Printerite m\u00fc\u00fck ja hooldus, toonerikassettide m\u00fc\u00fck","isPartOf":{"@id":"https:\/\/www.sensoris.ee\/#website"},"datePublished":"2020-09-03T12:18:06+00:00","breadcrumb":{"@id":"https:\/\/www.sensoris.ee\/toode\/dr2200-dr450brother-hl-2130-hl-2132-hl-2135w-hl-2240d-hl-2250-hl-2250dnr-hl-2250dn-hl-2310-brother-dcp-7055-dcp-7055w-dcp-7057-dcp-7060d-dcp-7065-dcp-7065dn-dcp-7070-brother-mfc-7360n-m\/#breadcrumb"},"inLanguage":"ru-RU","potentialAction":[{"@type":"ReadAction","target":["https:\/\/www.sensoris.ee\/toode\/dr2200-dr450brother-hl-2130-hl-2132-hl-2135w-hl-2240d-hl-2250-hl-2250dnr-hl-2250dn-hl-2310-brother-dcp-7055-dcp-7055w-dcp-7057-dcp-7060d-dcp-7065-dcp-7065dn-dcp-7070-brother-mfc-7360n-m\/"]}]},{"@type":"BreadcrumbList","@id":"https:\/\/www.sensoris.ee\/toode\/dr2200-dr450brother-hl-2130-hl-2132-hl-2135w-hl-2240d-hl-2250-hl-2250dnr-hl-2250dn-hl-2310-brother-dcp-7055-dcp-7055w-dcp-7057-dcp-7060d-dcp-7065-dcp-7065dn-dcp-7070-brother-mfc-7360n-m\/#breadcrumb","itemListElement":[{"@type":"ListItem","position":1,"name":"Home","item":"https:\/\/www.sensoris.ee\/ru\/"},{"@type":"ListItem","position":2,"name":"\u041c\u0430\u0433\u0430\u0437\u0438\u043d","item":"https:\/\/www.sensoris.ee\/ru\/%d0%bc%d0%b0%d0%b3%d0%b0%d0%b7%d0%b8%d0%bd\/"},{"@type":"ListItem","position":3,"name":"DR2200\/DR450 Brother HL 2130, HL 2132, HL 2135w, HL 2240D, HL 2250, HL 2250DNR, HL 2250DN, HL 2310 Brother DCP 7055, DCP 7055w, DCP 7057, DCP 7060D, DCP 7065, DCP 7065dn, DCP 7070 Brother MFC 7360N, MFC 7460, MFC 7460N, MFC 7460dn, MFC 7860dw"}]},{"@type":"WebSite","@id":"https:\/\/www.sensoris.ee\/#website","url":"https:\/\/www.sensoris.ee\/","name":"Sensoris | Printerite m\u00fc\u00fck ja hooldus,toonerikassettide m\u00fc\u00fck","description":"Printerite remont ja hooldus.Toonerikassettide m\u00fc\u00fck ja t\u00e4itmine. Uute ja kasutatud printerite m\u00fc\u00fck","publisher":{"@id":"https:\/\/www.sensoris.ee\/#organization"},"potentialAction":[{"@type":"SearchAction","target":{"@type":"EntryPoint","urlTemplate":"https:\/\/www.sensoris.ee\/?s={search_term_string}"},"query-input":{"@type":"PropertyValueSpecification","valueRequired":true,"valueName":"search_term_string"}}],"inLanguage":"ru-RU"},{"@type":"Organization","@id":"https:\/\/www.sensoris.ee\/#organization","name":"Sensoris O\u00dc","url":"https:\/\/www.sensoris.ee\/","logo":{"@type":"ImageObject","inLanguage":"ru-RU","@id":"https:\/\/www.sensoris.ee\/#\/schema\/logo\/image\/","url":"https:\/\/www.sensoris.ee\/wp-content\/uploads\/2021\/04\/SENSORIS-LOGO-uus.jpg","contentUrl":"https:\/\/www.sensoris.ee\/wp-content\/uploads\/2021\/04\/SENSORIS-LOGO-uus.jpg","width":2000,"height":393,"caption":"Sensoris O\u00dc"},"image":{"@id":"https:\/\/www.sensoris.ee\/#\/schema\/logo\/image\/"}}]}},"_links":{"self":[{"href":"https:\/\/www.sensoris.ee\/ru\/wp-json\/wp\/v2\/product\/3077","targetHints":{"allow":["GET"]}}],"collection":[{"href":"https:\/\/www.sensoris.ee\/ru\/wp-json\/wp\/v2\/product"}],"about":[{"href":"https:\/\/www.sensoris.ee\/ru\/wp-json\/wp\/v2\/types\/product"}],"wp:attachment":[{"href":"https:\/\/www.sensoris.ee\/ru\/wp-json\/wp\/v2\/media?parent=3077"}],"wp:term":[{"taxonomy":"product_brand","embeddable":true,"href":"https:\/\/www.sensoris.ee\/ru\/wp-json\/wp\/v2\/product_brand?post=3077"},{"taxonomy":"product_cat","embeddable":true,"href":"https:\/\/www.sensoris.ee\/ru\/wp-json\/wp\/v2\/product_cat?post=3077"},{"taxonomy":"product_tag","embeddable":true,"href":"https:\/\/www.sensoris.ee\/ru\/wp-json\/wp\/v2\/product_tag?post=3077"}],"curies":[{"name":"wp","href":"https:\/\/api.w.org\/{rel}","templated":true}]}}