{"id":3090,"date":"2020-09-04T08:39:48","date_gmt":"2020-09-04T08:39:48","guid":{"rendered":"https:\/\/www.sensoris.ee\/?post_type=product&#038;p=3090"},"modified":"2020-09-04T08:39:48","modified_gmt":"2020-09-04T08:39:48","slug":"dr3100-dr3200-dr3170-dr3280brother-hl-3145-3150-5200-5240-5250-5270-5280-hl-5320-5340-5350-5370-5350-5380-brother-dcp-8060-8065-8070-8080-8085-8880-brother-mfc-8370-8370-8380-8480","status":"publish","type":"product","link":"https:\/\/www.sensoris.ee\/ru\/toode\/dr3100-dr3200-dr3170-dr3280brother-hl-3145-3150-5200-5240-5250-5270-5280-hl-5320-5340-5350-5370-5350-5380-brother-dcp-8060-8065-8070-8080-8085-8880-brother-mfc-8370-8370-8380-8480\/","title":{"rendered":"DR3100\/DR3200 DR3170\/DR3280\tBrother HL 3145, 3150, 5200, 5240, 5250, 5270, 5280 HL 5320, 5340, 5350, 5370, 5350, 5380 Brother DCP 8060, 8065, 8070, 8080, 8085, 8880 Brother MFC 8370, 8370, 8380, 8480, 8880, 8890, 8890"},"content":{"rendered":"<table width=\"214\">\n<tbody>\n<tr>\n<td width=\"214\">Mahutavus lk: 25000<\/td>\n<\/tr>\n<tr>\n<td>T\u00e4itmine: 30<\/td>\n<\/tr>\n<\/tbody>\n<\/table>\n","protected":false},"excerpt":{"rendered":"<p>Mahutavus lk: 25000 T\u00e4itmine: 30<\/p>\n","protected":false},"featured_media":0,"template":"","meta":{"_acf_changed":false},"product_brand":[],"product_cat":[15],"product_tag":[],"class_list":{"0":"post-3090","1":"product","2":"type-product","3":"status-publish","5":"product_cat-maaramata","7":"first","8":"instock","9":"taxable","10":"shipping-taxable","11":"purchasable","12":"product-type-simple"},"acf":[],"yoast_head":"<!-- This site is optimized with the Yoast SEO plugin v27.5 - https:\/\/yoast.com\/product\/yoast-seo-wordpress\/ -->\n<title>DR3100\/DR3200 DR3170\/DR3280 Brother HL 3145, 3150, 5200, 5240, 5250, 5270, 5280 HL 5320, 5340, 5350, 5370, 5350, 5380 Brother DCP 8060, 8065, 8070, 8080, 8085, 8880 Brother MFC 8370, 8370, 8380, 8480, 8880, 8890, 8890 - Sensoris | Printerite m\u00fc\u00fck ja hooldus, toonerikassettide m\u00fc\u00fck<\/title>\n<meta name=\"robots\" content=\"index, follow, max-snippet:-1, max-image-preview:large, max-video-preview:-1\" \/>\n<link rel=\"canonical\" href=\"https:\/\/www.sensoris.ee\/toode\/dr3100-dr3200-dr3170-dr3280brother-hl-3145-3150-5200-5240-5250-5270-5280-hl-5320-5340-5350-5370-5350-5380-brother-dcp-8060-8065-8070-8080-8085-8880-brother-mfc-8370-8370-8380-8480\/\" \/>\n<meta property=\"og:locale\" content=\"ru_RU\" \/>\n<meta property=\"og:type\" content=\"article\" \/>\n<meta property=\"og:title\" content=\"DR3100\/DR3200 DR3170\/DR3280 Brother HL 3145, 3150, 5200, 5240, 5250, 5270, 5280 HL 5320, 5340, 5350, 5370, 5350, 5380 Brother DCP 8060, 8065, 8070, 8080, 8085, 8880 Brother MFC 8370, 8370, 8380, 8480, 8880, 8890, 8890 - Sensoris | Printerite m\u00fc\u00fck ja hooldus, toonerikassettide m\u00fc\u00fck\" \/>\n<meta property=\"og:description\" content=\"Mahutavus lk: 25000 T\u00e4itmine: 30\" \/>\n<meta property=\"og:url\" content=\"https:\/\/www.sensoris.ee\/toode\/dr3100-dr3200-dr3170-dr3280brother-hl-3145-3150-5200-5240-5250-5270-5280-hl-5320-5340-5350-5370-5350-5380-brother-dcp-8060-8065-8070-8080-8085-8880-brother-mfc-8370-8370-8380-8480\/\" \/>\n<meta property=\"og:site_name\" content=\"Sensoris | Printerite m\u00fc\u00fck ja hooldus, toonerikassettide m\u00fc\u00fck\" \/>\n<meta name=\"twitter:card\" content=\"summary_large_image\" \/>\n<script type=\"application\/ld+json\" class=\"yoast-schema-graph\">{\"@context\":\"https:\\\/\\\/schema.org\",\"@graph\":[{\"@type\":\"WebPage\",\"@id\":\"https:\\\/\\\/www.sensoris.ee\\\/toode\\\/dr3100-dr3200-dr3170-dr3280brother-hl-3145-3150-5200-5240-5250-5270-5280-hl-5320-5340-5350-5370-5350-5380-brother-dcp-8060-8065-8070-8080-8085-8880-brother-mfc-8370-8370-8380-8480\\\/\",\"url\":\"https:\\\/\\\/www.sensoris.ee\\\/toode\\\/dr3100-dr3200-dr3170-dr3280brother-hl-3145-3150-5200-5240-5250-5270-5280-hl-5320-5340-5350-5370-5350-5380-brother-dcp-8060-8065-8070-8080-8085-8880-brother-mfc-8370-8370-8380-8480\\\/\",\"name\":\"DR3100\\\/DR3200 DR3170\\\/DR3280 Brother HL 3145, 3150, 5200, 5240, 5250, 5270, 5280 HL 5320, 5340, 5350, 5370, 5350, 5380 Brother DCP 8060, 8065, 8070, 8080, 8085, 8880 Brother MFC 8370, 8370, 8380, 8480, 8880, 8890, 8890 - Sensoris | Printerite m\u00fc\u00fck ja hooldus, toonerikassettide m\u00fc\u00fck\",\"isPartOf\":{\"@id\":\"https:\\\/\\\/www.sensoris.ee\\\/#website\"},\"datePublished\":\"2020-09-04T08:39:48+00:00\",\"breadcrumb\":{\"@id\":\"https:\\\/\\\/www.sensoris.ee\\\/toode\\\/dr3100-dr3200-dr3170-dr3280brother-hl-3145-3150-5200-5240-5250-5270-5280-hl-5320-5340-5350-5370-5350-5380-brother-dcp-8060-8065-8070-8080-8085-8880-brother-mfc-8370-8370-8380-8480\\\/#breadcrumb\"},\"inLanguage\":\"ru-RU\",\"potentialAction\":[{\"@type\":\"ReadAction\",\"target\":[\"https:\\\/\\\/www.sensoris.ee\\\/toode\\\/dr3100-dr3200-dr3170-dr3280brother-hl-3145-3150-5200-5240-5250-5270-5280-hl-5320-5340-5350-5370-5350-5380-brother-dcp-8060-8065-8070-8080-8085-8880-brother-mfc-8370-8370-8380-8480\\\/\"]}]},{\"@type\":\"BreadcrumbList\",\"@id\":\"https:\\\/\\\/www.sensoris.ee\\\/toode\\\/dr3100-dr3200-dr3170-dr3280brother-hl-3145-3150-5200-5240-5250-5270-5280-hl-5320-5340-5350-5370-5350-5380-brother-dcp-8060-8065-8070-8080-8085-8880-brother-mfc-8370-8370-8380-8480\\\/#breadcrumb\",\"itemListElement\":[{\"@type\":\"ListItem\",\"position\":1,\"name\":\"Home\",\"item\":\"https:\\\/\\\/www.sensoris.ee\\\/ru\\\/\"},{\"@type\":\"ListItem\",\"position\":2,\"name\":\"\u041c\u0430\u0433\u0430\u0437\u0438\u043d\",\"item\":\"https:\\\/\\\/www.sensoris.ee\\\/ru\\\/%d0%bc%d0%b0%d0%b3%d0%b0%d0%b7%d0%b8%d0%bd\\\/\"},{\"@type\":\"ListItem\",\"position\":3,\"name\":\"DR3100\\\/DR3200 DR3170\\\/DR3280 Brother HL 3145, 3150, 5200, 5240, 5250, 5270, 5280 HL 5320, 5340, 5350, 5370, 5350, 5380 Brother DCP 8060, 8065, 8070, 8080, 8085, 8880 Brother MFC 8370, 8370, 8380, 8480, 8880, 8890, 8890\"}]},{\"@type\":\"WebSite\",\"@id\":\"https:\\\/\\\/www.sensoris.ee\\\/#website\",\"url\":\"https:\\\/\\\/www.sensoris.ee\\\/\",\"name\":\"Sensoris | Printerite m\u00fc\u00fck ja hooldus,toonerikassettide m\u00fc\u00fck\",\"description\":\"Printerite remont ja hooldus.Toonerikassettide m\u00fc\u00fck ja t\u00e4itmine. Uute ja kasutatud printerite m\u00fc\u00fck\",\"publisher\":{\"@id\":\"https:\\\/\\\/www.sensoris.ee\\\/#organization\"},\"potentialAction\":[{\"@type\":\"SearchAction\",\"target\":{\"@type\":\"EntryPoint\",\"urlTemplate\":\"https:\\\/\\\/www.sensoris.ee\\\/?s={search_term_string}\"},\"query-input\":{\"@type\":\"PropertyValueSpecification\",\"valueRequired\":true,\"valueName\":\"search_term_string\"}}],\"inLanguage\":\"ru-RU\"},{\"@type\":\"Organization\",\"@id\":\"https:\\\/\\\/www.sensoris.ee\\\/#organization\",\"name\":\"Sensoris O\u00dc\",\"url\":\"https:\\\/\\\/www.sensoris.ee\\\/\",\"logo\":{\"@type\":\"ImageObject\",\"inLanguage\":\"ru-RU\",\"@id\":\"https:\\\/\\\/www.sensoris.ee\\\/#\\\/schema\\\/logo\\\/image\\\/\",\"url\":\"https:\\\/\\\/www.sensoris.ee\\\/wp-content\\\/uploads\\\/2021\\\/04\\\/SENSORIS-LOGO-uus.jpg\",\"contentUrl\":\"https:\\\/\\\/www.sensoris.ee\\\/wp-content\\\/uploads\\\/2021\\\/04\\\/SENSORIS-LOGO-uus.jpg\",\"width\":2000,\"height\":393,\"caption\":\"Sensoris O\u00dc\"},\"image\":{\"@id\":\"https:\\\/\\\/www.sensoris.ee\\\/#\\\/schema\\\/logo\\\/image\\\/\"}}]}<\/script>\n<!-- \/ Yoast SEO plugin. -->","yoast_head_json":{"title":"DR3100\/DR3200 DR3170\/DR3280 Brother HL 3145, 3150, 5200, 5240, 5250, 5270, 5280 HL 5320, 5340, 5350, 5370, 5350, 5380 Brother DCP 8060, 8065, 8070, 8080, 8085, 8880 Brother MFC 8370, 8370, 8380, 8480, 8880, 8890, 8890 - Sensoris | Printerite m\u00fc\u00fck ja hooldus, toonerikassettide m\u00fc\u00fck","robots":{"index":"index","follow":"follow","max-snippet":"max-snippet:-1","max-image-preview":"max-image-preview:large","max-video-preview":"max-video-preview:-1"},"canonical":"https:\/\/www.sensoris.ee\/toode\/dr3100-dr3200-dr3170-dr3280brother-hl-3145-3150-5200-5240-5250-5270-5280-hl-5320-5340-5350-5370-5350-5380-brother-dcp-8060-8065-8070-8080-8085-8880-brother-mfc-8370-8370-8380-8480\/","og_locale":"ru_RU","og_type":"article","og_title":"DR3100\/DR3200 DR3170\/DR3280 Brother HL 3145, 3150, 5200, 5240, 5250, 5270, 5280 HL 5320, 5340, 5350, 5370, 5350, 5380 Brother DCP 8060, 8065, 8070, 8080, 8085, 8880 Brother MFC 8370, 8370, 8380, 8480, 8880, 8890, 8890 - Sensoris | Printerite m\u00fc\u00fck ja hooldus, toonerikassettide m\u00fc\u00fck","og_description":"Mahutavus lk: 25000 T\u00e4itmine: 30","og_url":"https:\/\/www.sensoris.ee\/toode\/dr3100-dr3200-dr3170-dr3280brother-hl-3145-3150-5200-5240-5250-5270-5280-hl-5320-5340-5350-5370-5350-5380-brother-dcp-8060-8065-8070-8080-8085-8880-brother-mfc-8370-8370-8380-8480\/","og_site_name":"Sensoris | Printerite m\u00fc\u00fck ja hooldus, toonerikassettide m\u00fc\u00fck","twitter_card":"summary_large_image","schema":{"@context":"https:\/\/schema.org","@graph":[{"@type":"WebPage","@id":"https:\/\/www.sensoris.ee\/toode\/dr3100-dr3200-dr3170-dr3280brother-hl-3145-3150-5200-5240-5250-5270-5280-hl-5320-5340-5350-5370-5350-5380-brother-dcp-8060-8065-8070-8080-8085-8880-brother-mfc-8370-8370-8380-8480\/","url":"https:\/\/www.sensoris.ee\/toode\/dr3100-dr3200-dr3170-dr3280brother-hl-3145-3150-5200-5240-5250-5270-5280-hl-5320-5340-5350-5370-5350-5380-brother-dcp-8060-8065-8070-8080-8085-8880-brother-mfc-8370-8370-8380-8480\/","name":"DR3100\/DR3200 DR3170\/DR3280 Brother HL 3145, 3150, 5200, 5240, 5250, 5270, 5280 HL 5320, 5340, 5350, 5370, 5350, 5380 Brother DCP 8060, 8065, 8070, 8080, 8085, 8880 Brother MFC 8370, 8370, 8380, 8480, 8880, 8890, 8890 - Sensoris | Printerite m\u00fc\u00fck ja hooldus, toonerikassettide m\u00fc\u00fck","isPartOf":{"@id":"https:\/\/www.sensoris.ee\/#website"},"datePublished":"2020-09-04T08:39:48+00:00","breadcrumb":{"@id":"https:\/\/www.sensoris.ee\/toode\/dr3100-dr3200-dr3170-dr3280brother-hl-3145-3150-5200-5240-5250-5270-5280-hl-5320-5340-5350-5370-5350-5380-brother-dcp-8060-8065-8070-8080-8085-8880-brother-mfc-8370-8370-8380-8480\/#breadcrumb"},"inLanguage":"ru-RU","potentialAction":[{"@type":"ReadAction","target":["https:\/\/www.sensoris.ee\/toode\/dr3100-dr3200-dr3170-dr3280brother-hl-3145-3150-5200-5240-5250-5270-5280-hl-5320-5340-5350-5370-5350-5380-brother-dcp-8060-8065-8070-8080-8085-8880-brother-mfc-8370-8370-8380-8480\/"]}]},{"@type":"BreadcrumbList","@id":"https:\/\/www.sensoris.ee\/toode\/dr3100-dr3200-dr3170-dr3280brother-hl-3145-3150-5200-5240-5250-5270-5280-hl-5320-5340-5350-5370-5350-5380-brother-dcp-8060-8065-8070-8080-8085-8880-brother-mfc-8370-8370-8380-8480\/#breadcrumb","itemListElement":[{"@type":"ListItem","position":1,"name":"Home","item":"https:\/\/www.sensoris.ee\/ru\/"},{"@type":"ListItem","position":2,"name":"\u041c\u0430\u0433\u0430\u0437\u0438\u043d","item":"https:\/\/www.sensoris.ee\/ru\/%d0%bc%d0%b0%d0%b3%d0%b0%d0%b7%d0%b8%d0%bd\/"},{"@type":"ListItem","position":3,"name":"DR3100\/DR3200 DR3170\/DR3280 Brother HL 3145, 3150, 5200, 5240, 5250, 5270, 5280 HL 5320, 5340, 5350, 5370, 5350, 5380 Brother DCP 8060, 8065, 8070, 8080, 8085, 8880 Brother MFC 8370, 8370, 8380, 8480, 8880, 8890, 8890"}]},{"@type":"WebSite","@id":"https:\/\/www.sensoris.ee\/#website","url":"https:\/\/www.sensoris.ee\/","name":"Sensoris | Printerite m\u00fc\u00fck ja hooldus,toonerikassettide m\u00fc\u00fck","description":"Printerite remont ja hooldus.Toonerikassettide m\u00fc\u00fck ja t\u00e4itmine. Uute ja kasutatud printerite m\u00fc\u00fck","publisher":{"@id":"https:\/\/www.sensoris.ee\/#organization"},"potentialAction":[{"@type":"SearchAction","target":{"@type":"EntryPoint","urlTemplate":"https:\/\/www.sensoris.ee\/?s={search_term_string}"},"query-input":{"@type":"PropertyValueSpecification","valueRequired":true,"valueName":"search_term_string"}}],"inLanguage":"ru-RU"},{"@type":"Organization","@id":"https:\/\/www.sensoris.ee\/#organization","name":"Sensoris O\u00dc","url":"https:\/\/www.sensoris.ee\/","logo":{"@type":"ImageObject","inLanguage":"ru-RU","@id":"https:\/\/www.sensoris.ee\/#\/schema\/logo\/image\/","url":"https:\/\/www.sensoris.ee\/wp-content\/uploads\/2021\/04\/SENSORIS-LOGO-uus.jpg","contentUrl":"https:\/\/www.sensoris.ee\/wp-content\/uploads\/2021\/04\/SENSORIS-LOGO-uus.jpg","width":2000,"height":393,"caption":"Sensoris O\u00dc"},"image":{"@id":"https:\/\/www.sensoris.ee\/#\/schema\/logo\/image\/"}}]}},"_links":{"self":[{"href":"https:\/\/www.sensoris.ee\/ru\/wp-json\/wp\/v2\/product\/3090","targetHints":{"allow":["GET"]}}],"collection":[{"href":"https:\/\/www.sensoris.ee\/ru\/wp-json\/wp\/v2\/product"}],"about":[{"href":"https:\/\/www.sensoris.ee\/ru\/wp-json\/wp\/v2\/types\/product"}],"wp:attachment":[{"href":"https:\/\/www.sensoris.ee\/ru\/wp-json\/wp\/v2\/media?parent=3090"}],"wp:term":[{"taxonomy":"product_brand","embeddable":true,"href":"https:\/\/www.sensoris.ee\/ru\/wp-json\/wp\/v2\/product_brand?post=3090"},{"taxonomy":"product_cat","embeddable":true,"href":"https:\/\/www.sensoris.ee\/ru\/wp-json\/wp\/v2\/product_cat?post=3090"},{"taxonomy":"product_tag","embeddable":true,"href":"https:\/\/www.sensoris.ee\/ru\/wp-json\/wp\/v2\/product_tag?post=3090"}],"curies":[{"name":"wp","href":"https:\/\/api.w.org\/{rel}","templated":true}]}}