{"id":4588,"date":"2021-12-13T10:19:39","date_gmt":"2021-12-13T08:19:39","guid":{"rendered":"https:\/\/www.sensoris.ee\/?post_type=product&#038;p=4588"},"modified":"2026-01-29T15:13:01","modified_gmt":"2026-01-29T13:13:01","slug":"tl-410hpantum-p3010d-p3010dw-p3012d-p3012dw-p3300dn-p3300dw-p3302dn-p3302dw-m6700d-m6700dw-m6800fdw-m6802fdw-m7100dn-m7100dw-m7102dn-m7102dw-m7200fd-m7200fdn-m7200fdw-m7202fdn-m7202","status":"publish","type":"product","link":"https:\/\/www.sensoris.ee\/ru\/toode\/tl-410hpantum-p3010d-p3010dw-p3012d-p3012dw-p3300dn-p3300dw-p3302dn-p3302dw-m6700d-m6700dw-m6800fdw-m6802fdw-m7100dn-m7100dw-m7102dn-m7102dw-m7200fd-m7200fdn-m7200fdw-m7202fdn-m7202\/","title":{"rendered":"TL-410H\tPANTUM P3010D\/ P3010DW\/ P3012D\/ P3012DW\/ P3300DN\/P3300DW\/ P3302DN\/ P3302DW\/ M6700D\/ M6700DW\/ M6800FDW\/ M6802FDW\/M7100DN\/M7100DW\/ M7102DN\/ M7102DW\/ M7200FD\/ M7200FDN\/ M7200FDW\/ M7202FDN\/ M7202FDW\/M7300FDN\/ M7300FDW\/ M7302FDN\/ M7302FDW"},"content":{"rendered":"<p>Mahutavus lk: 3000<\/p>\n<p>T\u00e4itmine: 22<\/p>\n","protected":false},"excerpt":{"rendered":"<p>Mahutavus lk: 3000 T\u00e4itmine: 22<\/p>\n","protected":false},"featured_media":0,"template":"","meta":{"_acf_changed":false},"product_brand":[],"product_cat":[15],"product_tag":[],"class_list":{"0":"post-4588","1":"product","2":"type-product","3":"status-publish","5":"product_cat-maaramata","7":"first","8":"instock","9":"taxable","10":"shipping-taxable","11":"purchasable","12":"product-type-simple"},"acf":[],"yoast_head":"<!-- This site is optimized with the Yoast SEO plugin v27.5 - https:\/\/yoast.com\/product\/yoast-seo-wordpress\/ -->\n<title>TL-410H PANTUM P3010D\/ P3010DW\/ P3012D\/ P3012DW\/ P3300DN\/P3300DW\/ P3302DN\/ P3302DW\/ M6700D\/ M6700DW\/ M6800FDW\/ M6802FDW\/M7100DN\/M7100DW\/ M7102DN\/ M7102DW\/ M7200FD\/ M7200FDN\/ M7200FDW\/ M7202FDN\/ M7202FDW\/M7300FDN\/ M7300FDW\/ M7302FDN\/ M7302FDW - Sensoris | Printerite m\u00fc\u00fck ja hooldus, toonerikassettide m\u00fc\u00fck<\/title>\n<meta name=\"description\" content=\"TL-410H PANTUM toonerikassett\" \/>\n<meta name=\"robots\" content=\"index, follow, max-snippet:-1, max-image-preview:large, max-video-preview:-1\" \/>\n<link rel=\"canonical\" href=\"https:\/\/www.sensoris.ee\/toode\/tl-410hpantum-p3010d-p3010dw-p3012d-p3012dw-p3300dn-p3300dw-p3302dn-p3302dw-m6700d-m6700dw-m6800fdw-m6802fdw-m7100dn-m7100dw-m7102dn-m7102dw-m7200fd-m7200fdn-m7200fdw-m7202fdn-m7202\/\" \/>\n<meta property=\"og:locale\" content=\"ru_RU\" \/>\n<meta property=\"og:type\" content=\"article\" \/>\n<meta property=\"og:title\" content=\"TL-410H PANTUM P3010D\/ P3010DW\/ P3012D\/ P3012DW\/ P3300DN\/P3300DW\/ P3302DN\/ P3302DW\/ M6700D\/ M6700DW\/ M6800FDW\/ M6802FDW\/M7100DN\/M7100DW\/ M7102DN\/ M7102DW\/ M7200FD\/ M7200FDN\/ M7200FDW\/ M7202FDN\/ M7202FDW\/M7300FDN\/ M7300FDW\/ M7302FDN\/ M7302FDW - Sensoris | Printerite m\u00fc\u00fck ja hooldus, toonerikassettide m\u00fc\u00fck\" \/>\n<meta property=\"og:description\" content=\"TL-410H PANTUM toonerikassett\" \/>\n<meta property=\"og:url\" content=\"https:\/\/www.sensoris.ee\/toode\/tl-410hpantum-p3010d-p3010dw-p3012d-p3012dw-p3300dn-p3300dw-p3302dn-p3302dw-m6700d-m6700dw-m6800fdw-m6802fdw-m7100dn-m7100dw-m7102dn-m7102dw-m7200fd-m7200fdn-m7200fdw-m7202fdn-m7202\/\" \/>\n<meta property=\"og:site_name\" content=\"Sensoris | Printerite m\u00fc\u00fck ja hooldus, toonerikassettide m\u00fc\u00fck\" \/>\n<meta property=\"article:modified_time\" content=\"2026-01-29T13:13:01+00:00\" \/>\n<meta name=\"twitter:card\" content=\"summary_large_image\" \/>\n<meta name=\"twitter:label1\" content=\"\u041f\u0440\u0438\u043c\u0435\u0440\u043d\u043e\u0435 \u0432\u0440\u0435\u043c\u044f \u0434\u043b\u044f \u0447\u0442\u0435\u043d\u0438\u044f\" \/>\n\t<meta name=\"twitter:data1\" content=\"1 \u043c\u0438\u043d\u0443\u0442\u0430\" \/>\n<script type=\"application\/ld+json\" class=\"yoast-schema-graph\">{\"@context\":\"https:\\\/\\\/schema.org\",\"@graph\":[{\"@type\":\"WebPage\",\"@id\":\"https:\\\/\\\/www.sensoris.ee\\\/toode\\\/tl-410hpantum-p3010d-p3010dw-p3012d-p3012dw-p3300dn-p3300dw-p3302dn-p3302dw-m6700d-m6700dw-m6800fdw-m6802fdw-m7100dn-m7100dw-m7102dn-m7102dw-m7200fd-m7200fdn-m7200fdw-m7202fdn-m7202\\\/\",\"url\":\"https:\\\/\\\/www.sensoris.ee\\\/toode\\\/tl-410hpantum-p3010d-p3010dw-p3012d-p3012dw-p3300dn-p3300dw-p3302dn-p3302dw-m6700d-m6700dw-m6800fdw-m6802fdw-m7100dn-m7100dw-m7102dn-m7102dw-m7200fd-m7200fdn-m7200fdw-m7202fdn-m7202\\\/\",\"name\":\"TL-410H PANTUM P3010D\\\/ P3010DW\\\/ P3012D\\\/ P3012DW\\\/ P3300DN\\\/P3300DW\\\/ P3302DN\\\/ P3302DW\\\/ M6700D\\\/ M6700DW\\\/ M6800FDW\\\/ M6802FDW\\\/M7100DN\\\/M7100DW\\\/ M7102DN\\\/ M7102DW\\\/ M7200FD\\\/ M7200FDN\\\/ M7200FDW\\\/ M7202FDN\\\/ M7202FDW\\\/M7300FDN\\\/ M7300FDW\\\/ M7302FDN\\\/ M7302FDW - Sensoris | Printerite m\u00fc\u00fck ja hooldus, toonerikassettide m\u00fc\u00fck\",\"isPartOf\":{\"@id\":\"https:\\\/\\\/www.sensoris.ee\\\/#website\"},\"datePublished\":\"2021-12-13T08:19:39+00:00\",\"dateModified\":\"2026-01-29T13:13:01+00:00\",\"description\":\"TL-410H PANTUM toonerikassett\",\"breadcrumb\":{\"@id\":\"https:\\\/\\\/www.sensoris.ee\\\/toode\\\/tl-410hpantum-p3010d-p3010dw-p3012d-p3012dw-p3300dn-p3300dw-p3302dn-p3302dw-m6700d-m6700dw-m6800fdw-m6802fdw-m7100dn-m7100dw-m7102dn-m7102dw-m7200fd-m7200fdn-m7200fdw-m7202fdn-m7202\\\/#breadcrumb\"},\"inLanguage\":\"ru-RU\",\"potentialAction\":[{\"@type\":\"ReadAction\",\"target\":[\"https:\\\/\\\/www.sensoris.ee\\\/toode\\\/tl-410hpantum-p3010d-p3010dw-p3012d-p3012dw-p3300dn-p3300dw-p3302dn-p3302dw-m6700d-m6700dw-m6800fdw-m6802fdw-m7100dn-m7100dw-m7102dn-m7102dw-m7200fd-m7200fdn-m7200fdw-m7202fdn-m7202\\\/\"]}]},{\"@type\":\"BreadcrumbList\",\"@id\":\"https:\\\/\\\/www.sensoris.ee\\\/toode\\\/tl-410hpantum-p3010d-p3010dw-p3012d-p3012dw-p3300dn-p3300dw-p3302dn-p3302dw-m6700d-m6700dw-m6800fdw-m6802fdw-m7100dn-m7100dw-m7102dn-m7102dw-m7200fd-m7200fdn-m7200fdw-m7202fdn-m7202\\\/#breadcrumb\",\"itemListElement\":[{\"@type\":\"ListItem\",\"position\":1,\"name\":\"Home\",\"item\":\"https:\\\/\\\/www.sensoris.ee\\\/ru\\\/\"},{\"@type\":\"ListItem\",\"position\":2,\"name\":\"\u041c\u0430\u0433\u0430\u0437\u0438\u043d\",\"item\":\"https:\\\/\\\/www.sensoris.ee\\\/ru\\\/%d0%bc%d0%b0%d0%b3%d0%b0%d0%b7%d0%b8%d0%bd\\\/\"},{\"@type\":\"ListItem\",\"position\":3,\"name\":\"TL-410H PANTUM P3010D\\\/ P3010DW\\\/ P3012D\\\/ P3012DW\\\/ P3300DN\\\/P3300DW\\\/ P3302DN\\\/ P3302DW\\\/ M6700D\\\/ M6700DW\\\/ M6800FDW\\\/ M6802FDW\\\/M7100DN\\\/M7100DW\\\/ M7102DN\\\/ M7102DW\\\/ M7200FD\\\/ M7200FDN\\\/ M7200FDW\\\/ M7202FDN\\\/ M7202FDW\\\/M7300FDN\\\/ M7300FDW\\\/ M7302FDN\\\/ M7302FDW\"}]},{\"@type\":\"WebSite\",\"@id\":\"https:\\\/\\\/www.sensoris.ee\\\/#website\",\"url\":\"https:\\\/\\\/www.sensoris.ee\\\/\",\"name\":\"Sensoris | Printerite m\u00fc\u00fck ja hooldus,toonerikassettide m\u00fc\u00fck\",\"description\":\"Printerite remont ja hooldus.Toonerikassettide m\u00fc\u00fck ja t\u00e4itmine. Uute ja kasutatud printerite m\u00fc\u00fck\",\"publisher\":{\"@id\":\"https:\\\/\\\/www.sensoris.ee\\\/#organization\"},\"potentialAction\":[{\"@type\":\"SearchAction\",\"target\":{\"@type\":\"EntryPoint\",\"urlTemplate\":\"https:\\\/\\\/www.sensoris.ee\\\/?s={search_term_string}\"},\"query-input\":{\"@type\":\"PropertyValueSpecification\",\"valueRequired\":true,\"valueName\":\"search_term_string\"}}],\"inLanguage\":\"ru-RU\"},{\"@type\":\"Organization\",\"@id\":\"https:\\\/\\\/www.sensoris.ee\\\/#organization\",\"name\":\"Sensoris O\u00dc\",\"url\":\"https:\\\/\\\/www.sensoris.ee\\\/\",\"logo\":{\"@type\":\"ImageObject\",\"inLanguage\":\"ru-RU\",\"@id\":\"https:\\\/\\\/www.sensoris.ee\\\/#\\\/schema\\\/logo\\\/image\\\/\",\"url\":\"https:\\\/\\\/www.sensoris.ee\\\/wp-content\\\/uploads\\\/2021\\\/04\\\/SENSORIS-LOGO-uus.jpg\",\"contentUrl\":\"https:\\\/\\\/www.sensoris.ee\\\/wp-content\\\/uploads\\\/2021\\\/04\\\/SENSORIS-LOGO-uus.jpg\",\"width\":2000,\"height\":393,\"caption\":\"Sensoris O\u00dc\"},\"image\":{\"@id\":\"https:\\\/\\\/www.sensoris.ee\\\/#\\\/schema\\\/logo\\\/image\\\/\"}}]}<\/script>\n<!-- \/ Yoast SEO plugin. -->","yoast_head_json":{"title":"TL-410H PANTUM P3010D\/ P3010DW\/ P3012D\/ P3012DW\/ P3300DN\/P3300DW\/ P3302DN\/ P3302DW\/ M6700D\/ M6700DW\/ M6800FDW\/ M6802FDW\/M7100DN\/M7100DW\/ M7102DN\/ M7102DW\/ M7200FD\/ M7200FDN\/ M7200FDW\/ M7202FDN\/ M7202FDW\/M7300FDN\/ M7300FDW\/ M7302FDN\/ M7302FDW - Sensoris | Printerite m\u00fc\u00fck ja hooldus, toonerikassettide m\u00fc\u00fck","description":"TL-410H PANTUM toonerikassett","robots":{"index":"index","follow":"follow","max-snippet":"max-snippet:-1","max-image-preview":"max-image-preview:large","max-video-preview":"max-video-preview:-1"},"canonical":"https:\/\/www.sensoris.ee\/toode\/tl-410hpantum-p3010d-p3010dw-p3012d-p3012dw-p3300dn-p3300dw-p3302dn-p3302dw-m6700d-m6700dw-m6800fdw-m6802fdw-m7100dn-m7100dw-m7102dn-m7102dw-m7200fd-m7200fdn-m7200fdw-m7202fdn-m7202\/","og_locale":"ru_RU","og_type":"article","og_title":"TL-410H PANTUM P3010D\/ P3010DW\/ P3012D\/ P3012DW\/ P3300DN\/P3300DW\/ P3302DN\/ P3302DW\/ M6700D\/ M6700DW\/ M6800FDW\/ M6802FDW\/M7100DN\/M7100DW\/ M7102DN\/ M7102DW\/ M7200FD\/ M7200FDN\/ M7200FDW\/ M7202FDN\/ M7202FDW\/M7300FDN\/ M7300FDW\/ M7302FDN\/ M7302FDW - Sensoris | Printerite m\u00fc\u00fck ja hooldus, toonerikassettide m\u00fc\u00fck","og_description":"TL-410H PANTUM toonerikassett","og_url":"https:\/\/www.sensoris.ee\/toode\/tl-410hpantum-p3010d-p3010dw-p3012d-p3012dw-p3300dn-p3300dw-p3302dn-p3302dw-m6700d-m6700dw-m6800fdw-m6802fdw-m7100dn-m7100dw-m7102dn-m7102dw-m7200fd-m7200fdn-m7200fdw-m7202fdn-m7202\/","og_site_name":"Sensoris | Printerite m\u00fc\u00fck ja hooldus, toonerikassettide m\u00fc\u00fck","article_modified_time":"2026-01-29T13:13:01+00:00","twitter_card":"summary_large_image","twitter_misc":{"\u041f\u0440\u0438\u043c\u0435\u0440\u043d\u043e\u0435 \u0432\u0440\u0435\u043c\u044f \u0434\u043b\u044f \u0447\u0442\u0435\u043d\u0438\u044f":"1 \u043c\u0438\u043d\u0443\u0442\u0430"},"schema":{"@context":"https:\/\/schema.org","@graph":[{"@type":"WebPage","@id":"https:\/\/www.sensoris.ee\/toode\/tl-410hpantum-p3010d-p3010dw-p3012d-p3012dw-p3300dn-p3300dw-p3302dn-p3302dw-m6700d-m6700dw-m6800fdw-m6802fdw-m7100dn-m7100dw-m7102dn-m7102dw-m7200fd-m7200fdn-m7200fdw-m7202fdn-m7202\/","url":"https:\/\/www.sensoris.ee\/toode\/tl-410hpantum-p3010d-p3010dw-p3012d-p3012dw-p3300dn-p3300dw-p3302dn-p3302dw-m6700d-m6700dw-m6800fdw-m6802fdw-m7100dn-m7100dw-m7102dn-m7102dw-m7200fd-m7200fdn-m7200fdw-m7202fdn-m7202\/","name":"TL-410H PANTUM P3010D\/ P3010DW\/ P3012D\/ P3012DW\/ P3300DN\/P3300DW\/ P3302DN\/ P3302DW\/ M6700D\/ M6700DW\/ M6800FDW\/ M6802FDW\/M7100DN\/M7100DW\/ M7102DN\/ M7102DW\/ M7200FD\/ M7200FDN\/ M7200FDW\/ M7202FDN\/ M7202FDW\/M7300FDN\/ M7300FDW\/ M7302FDN\/ M7302FDW - Sensoris | Printerite m\u00fc\u00fck ja hooldus, toonerikassettide m\u00fc\u00fck","isPartOf":{"@id":"https:\/\/www.sensoris.ee\/#website"},"datePublished":"2021-12-13T08:19:39+00:00","dateModified":"2026-01-29T13:13:01+00:00","description":"TL-410H PANTUM toonerikassett","breadcrumb":{"@id":"https:\/\/www.sensoris.ee\/toode\/tl-410hpantum-p3010d-p3010dw-p3012d-p3012dw-p3300dn-p3300dw-p3302dn-p3302dw-m6700d-m6700dw-m6800fdw-m6802fdw-m7100dn-m7100dw-m7102dn-m7102dw-m7200fd-m7200fdn-m7200fdw-m7202fdn-m7202\/#breadcrumb"},"inLanguage":"ru-RU","potentialAction":[{"@type":"ReadAction","target":["https:\/\/www.sensoris.ee\/toode\/tl-410hpantum-p3010d-p3010dw-p3012d-p3012dw-p3300dn-p3300dw-p3302dn-p3302dw-m6700d-m6700dw-m6800fdw-m6802fdw-m7100dn-m7100dw-m7102dn-m7102dw-m7200fd-m7200fdn-m7200fdw-m7202fdn-m7202\/"]}]},{"@type":"BreadcrumbList","@id":"https:\/\/www.sensoris.ee\/toode\/tl-410hpantum-p3010d-p3010dw-p3012d-p3012dw-p3300dn-p3300dw-p3302dn-p3302dw-m6700d-m6700dw-m6800fdw-m6802fdw-m7100dn-m7100dw-m7102dn-m7102dw-m7200fd-m7200fdn-m7200fdw-m7202fdn-m7202\/#breadcrumb","itemListElement":[{"@type":"ListItem","position":1,"name":"Home","item":"https:\/\/www.sensoris.ee\/ru\/"},{"@type":"ListItem","position":2,"name":"\u041c\u0430\u0433\u0430\u0437\u0438\u043d","item":"https:\/\/www.sensoris.ee\/ru\/%d0%bc%d0%b0%d0%b3%d0%b0%d0%b7%d0%b8%d0%bd\/"},{"@type":"ListItem","position":3,"name":"TL-410H PANTUM P3010D\/ P3010DW\/ P3012D\/ P3012DW\/ P3300DN\/P3300DW\/ P3302DN\/ P3302DW\/ M6700D\/ M6700DW\/ M6800FDW\/ M6802FDW\/M7100DN\/M7100DW\/ M7102DN\/ M7102DW\/ M7200FD\/ M7200FDN\/ M7200FDW\/ M7202FDN\/ M7202FDW\/M7300FDN\/ M7300FDW\/ M7302FDN\/ M7302FDW"}]},{"@type":"WebSite","@id":"https:\/\/www.sensoris.ee\/#website","url":"https:\/\/www.sensoris.ee\/","name":"Sensoris | Printerite m\u00fc\u00fck ja hooldus,toonerikassettide m\u00fc\u00fck","description":"Printerite remont ja hooldus.Toonerikassettide m\u00fc\u00fck ja t\u00e4itmine. Uute ja kasutatud printerite m\u00fc\u00fck","publisher":{"@id":"https:\/\/www.sensoris.ee\/#organization"},"potentialAction":[{"@type":"SearchAction","target":{"@type":"EntryPoint","urlTemplate":"https:\/\/www.sensoris.ee\/?s={search_term_string}"},"query-input":{"@type":"PropertyValueSpecification","valueRequired":true,"valueName":"search_term_string"}}],"inLanguage":"ru-RU"},{"@type":"Organization","@id":"https:\/\/www.sensoris.ee\/#organization","name":"Sensoris O\u00dc","url":"https:\/\/www.sensoris.ee\/","logo":{"@type":"ImageObject","inLanguage":"ru-RU","@id":"https:\/\/www.sensoris.ee\/#\/schema\/logo\/image\/","url":"https:\/\/www.sensoris.ee\/wp-content\/uploads\/2021\/04\/SENSORIS-LOGO-uus.jpg","contentUrl":"https:\/\/www.sensoris.ee\/wp-content\/uploads\/2021\/04\/SENSORIS-LOGO-uus.jpg","width":2000,"height":393,"caption":"Sensoris O\u00dc"},"image":{"@id":"https:\/\/www.sensoris.ee\/#\/schema\/logo\/image\/"}}]}},"_links":{"self":[{"href":"https:\/\/www.sensoris.ee\/ru\/wp-json\/wp\/v2\/product\/4588","targetHints":{"allow":["GET"]}}],"collection":[{"href":"https:\/\/www.sensoris.ee\/ru\/wp-json\/wp\/v2\/product"}],"about":[{"href":"https:\/\/www.sensoris.ee\/ru\/wp-json\/wp\/v2\/types\/product"}],"wp:attachment":[{"href":"https:\/\/www.sensoris.ee\/ru\/wp-json\/wp\/v2\/media?parent=4588"}],"wp:term":[{"taxonomy":"product_brand","embeddable":true,"href":"https:\/\/www.sensoris.ee\/ru\/wp-json\/wp\/v2\/product_brand?post=4588"},{"taxonomy":"product_cat","embeddable":true,"href":"https:\/\/www.sensoris.ee\/ru\/wp-json\/wp\/v2\/product_cat?post=4588"},{"taxonomy":"product_tag","embeddable":true,"href":"https:\/\/www.sensoris.ee\/ru\/wp-json\/wp\/v2\/product_tag?post=4588"}],"curies":[{"name":"wp","href":"https:\/\/api.w.org\/{rel}","templated":true}]}}