{"id":5288,"date":"2022-09-27T13:07:18","date_gmt":"2022-09-27T11:07:18","guid":{"rendered":"https:\/\/www.sensoris.ee\/toode\/brother-dcp-l2530dw\/"},"modified":"2024-11-06T15:43:26","modified_gmt":"2024-11-06T13:43:26","slug":"brother-dcp-l2660dw","status":"publish","type":"product","link":"https:\/\/www.sensoris.ee\/ru\/toode\/brother-dcp-l2660dw\/","title":{"rendered":"Brother DCP-L2660DW"},"content":{"rendered":"","protected":false},"excerpt":{"rendered":"<p>\u041f\u0440\u0438\u043d\u0442\u0435\u0440-\u043a\u043e\u043f\u0438\u0440-\u0446\u0432\u0435\u0442\u043d\u043e\u0439 \u0441\u043a\u0430\u043d\u0435\u0440<br \/>\n34 \u043b\u0438\u0441\u0442\u0430\/\u043c\u0438\u043d, \u043b\u043e\u0442\u043e\u043a \u0434\u043b\u044f \u0431\u0443\u043c\u0430\u0433\u0438 \u043d\u0430 250 \u043b\u0438\u0441\u0442\u043e\u0432, \u0440\u0443\u0447\u043d\u0430\u044f \u043f\u043e\u0434\u0430\u0447\u0430,<br \/>\n\u0434\u0432\u0443\u0441\u0442\u043e\u0440\u043e\u043d\u043d\u044f\u044f \u043f\u0435\u0447\u0430\u0442\u044c (\u0434\u0443\u043f\u043b\u0435\u043a\u0441),<br \/>\n\u0443\u0441\u0442\u0440\u043e\u0439\u0441\u0442\u0432\u043e \u043f\u043e\u0434\u0430\u0447\u0438 \u0434\u043e\u043a\u0443\u043c\u0435\u043d\u0442\u043e\u0432 \u043d\u0430 50 \u043b\u0438\u0441\u0442\u043e\u0432, \u0446\u0432\u0435\u0442\u043d\u043e\u0439 \u0441\u043a\u0430\u043d\u0435\u0440<br \/>\n\u0438\u043d\u0442\u0435\u0440\u0444\u0435\u0439\u0441 USB + WIFI + Ethernet<br \/>\n\u0420\u0430\u0441\u0445\u043e\u0434\u043d\u044b\u0435 \u043c\u0430\u0442\u0435\u0440\u0438\u0430\u043b\u044b: \u0442\u043e\u043d\u0435\u0440 TN2510 (1200 \u0441\u0442\u0440\u0430\u043d\u0438\u0446) \u0438\u043b\u0438 TN2510XL (3000 \u0441\u0442\u0440\u0430\u043d\u0438\u0446), \u0441\u0442\u0430\u0440\u0442\u043e\u0432\u044b\u0439 \u0442\u043e\u043d\u0435\u0440 1200 \u0441\u0442\u0440\u0430\u043d\u0438\u0446.<\/p>\n<p>\u041f\u0435\u0440\u0435\u0434 \u043f\u043e\u043a\u0443\u043f\u043a\u043e\u0439 \u0443\u0442\u043e\u0447\u043d\u044f\u0439\u0442\u0435 \u043d\u0430\u043b\u0438\u0447\u0438\u0435 \u043d\u0430 \u0441\u043a\u043b\u0430\u0434\u0435!<\/p>\n<p>&nbsp;<\/p>\n","protected":false},"featured_media":7222,"template":"","meta":{"_acf_changed":false},"product_brand":[],"product_cat":[53],"product_tag":[],"class_list":{"0":"post-5288","1":"product","2":"type-product","3":"status-publish","4":"has-post-thumbnail","6":"product_cat-kontorikombainid-ru","8":"first","9":"instock","10":"taxable","11":"shipping-taxable","12":"purchasable","13":"product-type-simple"},"acf":[],"yoast_head":"<!-- This site is optimized with the Yoast SEO plugin v27.6 - https:\/\/yoast.com\/product\/yoast-seo-wordpress\/ -->\n<title>Brother DCP-L2660DW - Sensoris O\u00dc<\/title>\n<meta name=\"description\" content=\"k\u00f5ik-Brother DCP-L2660DW k\u00f5ik \u00fches printeril on nii Wi-Fi kui ka juhtmega \u00fchenduse v\u00f5imalus, automaatne kahepoolne printimine\" \/>\n<meta name=\"robots\" content=\"index, follow, max-snippet:-1, max-image-preview:large, max-video-preview:-1\" \/>\n<link rel=\"canonical\" href=\"https:\/\/www.sensoris.ee\/ru\/toode\/brother-dcp-l2660dw\/\" \/>\n<meta property=\"og:locale\" content=\"ru_RU\" \/>\n<meta property=\"og:type\" content=\"article\" \/>\n<meta property=\"og:title\" content=\"Brother DCP-L2660DW - Sensoris O\u00dc\" \/>\n<meta property=\"og:description\" content=\"k\u00f5ik-Brother DCP-L2660DW k\u00f5ik \u00fches printeril on nii Wi-Fi kui ka juhtmega \u00fchenduse v\u00f5imalus, automaatne kahepoolne printimine\" \/>\n<meta property=\"og:url\" content=\"https:\/\/www.sensoris.ee\/ru\/toode\/brother-dcp-l2660dw\/\" \/>\n<meta property=\"og:site_name\" content=\"Sensoris | Printerite m\u00fc\u00fck ja hooldus, toonerikassettide m\u00fc\u00fck\" \/>\n<meta property=\"article:modified_time\" content=\"2024-11-06T13:43:26+00:00\" \/>\n<meta property=\"og:image\" content=\"https:\/\/www.sensoris.ee\/wp-content\/uploads\/2022\/09\/Brother-DCP-L2660DW.jpg\" \/>\n\t<meta property=\"og:image:width\" content=\"1500\" \/>\n\t<meta property=\"og:image:height\" content=\"1160\" \/>\n\t<meta property=\"og:image:type\" content=\"image\/jpeg\" \/>\n<meta name=\"twitter:card\" content=\"summary_large_image\" \/>\n<meta name=\"twitter:label1\" content=\"\u041f\u0440\u0438\u043c\u0435\u0440\u043d\u043e\u0435 \u0432\u0440\u0435\u043c\u044f \u0434\u043b\u044f \u0447\u0442\u0435\u043d\u0438\u044f\" \/>\n\t<meta name=\"twitter:data1\" content=\"1 \u043c\u0438\u043d\u0443\u0442\u0430\" \/>\n<script type=\"application\/ld+json\" class=\"yoast-schema-graph\">{\"@context\":\"https:\\\/\\\/schema.org\",\"@graph\":[{\"@type\":\"WebPage\",\"@id\":\"https:\\\/\\\/www.sensoris.ee\\\/ru\\\/toode\\\/brother-dcp-l2660dw\\\/\",\"url\":\"https:\\\/\\\/www.sensoris.ee\\\/ru\\\/toode\\\/brother-dcp-l2660dw\\\/\",\"name\":\"Brother DCP-L2660DW - Sensoris O\u00dc\",\"isPartOf\":{\"@id\":\"https:\\\/\\\/www.sensoris.ee\\\/#website\"},\"primaryImageOfPage\":{\"@id\":\"https:\\\/\\\/www.sensoris.ee\\\/ru\\\/toode\\\/brother-dcp-l2660dw\\\/#primaryimage\"},\"image\":{\"@id\":\"https:\\\/\\\/www.sensoris.ee\\\/ru\\\/toode\\\/brother-dcp-l2660dw\\\/#primaryimage\"},\"thumbnailUrl\":\"https:\\\/\\\/www.sensoris.ee\\\/wp-content\\\/uploads\\\/2022\\\/09\\\/Brother-DCP-L2660DW.jpg\",\"datePublished\":\"2022-09-27T11:07:18+00:00\",\"dateModified\":\"2024-11-06T13:43:26+00:00\",\"description\":\"k\u00f5ik-Brother DCP-L2660DW k\u00f5ik \u00fches printeril on nii Wi-Fi kui ka juhtmega \u00fchenduse v\u00f5imalus, automaatne kahepoolne printimine\",\"breadcrumb\":{\"@id\":\"https:\\\/\\\/www.sensoris.ee\\\/ru\\\/toode\\\/brother-dcp-l2660dw\\\/#breadcrumb\"},\"inLanguage\":\"ru-RU\",\"potentialAction\":[{\"@type\":\"ReadAction\",\"target\":[\"https:\\\/\\\/www.sensoris.ee\\\/ru\\\/toode\\\/brother-dcp-l2660dw\\\/\"]}]},{\"@type\":\"ImageObject\",\"inLanguage\":\"ru-RU\",\"@id\":\"https:\\\/\\\/www.sensoris.ee\\\/ru\\\/toode\\\/brother-dcp-l2660dw\\\/#primaryimage\",\"url\":\"https:\\\/\\\/www.sensoris.ee\\\/wp-content\\\/uploads\\\/2022\\\/09\\\/Brother-DCP-L2660DW.jpg\",\"contentUrl\":\"https:\\\/\\\/www.sensoris.ee\\\/wp-content\\\/uploads\\\/2022\\\/09\\\/Brother-DCP-L2660DW.jpg\",\"width\":1500,\"height\":1160,\"caption\":\"Brother DCP-L2660DW\"},{\"@type\":\"BreadcrumbList\",\"@id\":\"https:\\\/\\\/www.sensoris.ee\\\/ru\\\/toode\\\/brother-dcp-l2660dw\\\/#breadcrumb\",\"itemListElement\":[{\"@type\":\"ListItem\",\"position\":1,\"name\":\"Home\",\"item\":\"https:\\\/\\\/www.sensoris.ee\\\/ru\\\/\"},{\"@type\":\"ListItem\",\"position\":2,\"name\":\"\u041c\u0430\u0433\u0430\u0437\u0438\u043d\",\"item\":\"https:\\\/\\\/www.sensoris.ee\\\/ru\\\/%d0%bc%d0%b0%d0%b3%d0%b0%d0%b7%d0%b8%d0%bd\\\/\"},{\"@type\":\"ListItem\",\"position\":3,\"name\":\"Brother DCP-L2660DW\"}]},{\"@type\":\"WebSite\",\"@id\":\"https:\\\/\\\/www.sensoris.ee\\\/#website\",\"url\":\"https:\\\/\\\/www.sensoris.ee\\\/\",\"name\":\"Sensoris | Printerite m\u00fc\u00fck ja hooldus,toonerikassettide m\u00fc\u00fck\",\"description\":\"Printerite remont ja hooldus.Toonerikassettide m\u00fc\u00fck ja t\u00e4itmine. Uute ja kasutatud printerite m\u00fc\u00fck\",\"publisher\":{\"@id\":\"https:\\\/\\\/www.sensoris.ee\\\/#organization\"},\"potentialAction\":[{\"@type\":\"SearchAction\",\"target\":{\"@type\":\"EntryPoint\",\"urlTemplate\":\"https:\\\/\\\/www.sensoris.ee\\\/?s={search_term_string}\"},\"query-input\":{\"@type\":\"PropertyValueSpecification\",\"valueRequired\":true,\"valueName\":\"search_term_string\"}}],\"inLanguage\":\"ru-RU\"},{\"@type\":\"Organization\",\"@id\":\"https:\\\/\\\/www.sensoris.ee\\\/#organization\",\"name\":\"Sensoris O\u00dc\",\"url\":\"https:\\\/\\\/www.sensoris.ee\\\/\",\"logo\":{\"@type\":\"ImageObject\",\"inLanguage\":\"ru-RU\",\"@id\":\"https:\\\/\\\/www.sensoris.ee\\\/#\\\/schema\\\/logo\\\/image\\\/\",\"url\":\"https:\\\/\\\/www.sensoris.ee\\\/wp-content\\\/uploads\\\/2021\\\/04\\\/SENSORIS-LOGO-uus.jpg\",\"contentUrl\":\"https:\\\/\\\/www.sensoris.ee\\\/wp-content\\\/uploads\\\/2021\\\/04\\\/SENSORIS-LOGO-uus.jpg\",\"width\":2000,\"height\":393,\"caption\":\"Sensoris O\u00dc\"},\"image\":{\"@id\":\"https:\\\/\\\/www.sensoris.ee\\\/#\\\/schema\\\/logo\\\/image\\\/\"}}]}<\/script>\n<!-- \/ Yoast SEO plugin. -->","yoast_head_json":{"title":"Brother DCP-L2660DW - Sensoris O\u00dc","description":"k\u00f5ik-Brother DCP-L2660DW k\u00f5ik \u00fches printeril on nii Wi-Fi kui ka juhtmega \u00fchenduse v\u00f5imalus, automaatne kahepoolne printimine","robots":{"index":"index","follow":"follow","max-snippet":"max-snippet:-1","max-image-preview":"max-image-preview:large","max-video-preview":"max-video-preview:-1"},"canonical":"https:\/\/www.sensoris.ee\/ru\/toode\/brother-dcp-l2660dw\/","og_locale":"ru_RU","og_type":"article","og_title":"Brother DCP-L2660DW - Sensoris O\u00dc","og_description":"k\u00f5ik-Brother DCP-L2660DW k\u00f5ik \u00fches printeril on nii Wi-Fi kui ka juhtmega \u00fchenduse v\u00f5imalus, automaatne kahepoolne printimine","og_url":"https:\/\/www.sensoris.ee\/ru\/toode\/brother-dcp-l2660dw\/","og_site_name":"Sensoris | Printerite m\u00fc\u00fck ja hooldus, toonerikassettide m\u00fc\u00fck","article_modified_time":"2024-11-06T13:43:26+00:00","og_image":[{"width":1500,"height":1160,"url":"https:\/\/www.sensoris.ee\/wp-content\/uploads\/2022\/09\/Brother-DCP-L2660DW.jpg","type":"image\/jpeg"}],"twitter_card":"summary_large_image","twitter_misc":{"\u041f\u0440\u0438\u043c\u0435\u0440\u043d\u043e\u0435 \u0432\u0440\u0435\u043c\u044f \u0434\u043b\u044f \u0447\u0442\u0435\u043d\u0438\u044f":"1 \u043c\u0438\u043d\u0443\u0442\u0430"},"schema":{"@context":"https:\/\/schema.org","@graph":[{"@type":"WebPage","@id":"https:\/\/www.sensoris.ee\/ru\/toode\/brother-dcp-l2660dw\/","url":"https:\/\/www.sensoris.ee\/ru\/toode\/brother-dcp-l2660dw\/","name":"Brother DCP-L2660DW - Sensoris O\u00dc","isPartOf":{"@id":"https:\/\/www.sensoris.ee\/#website"},"primaryImageOfPage":{"@id":"https:\/\/www.sensoris.ee\/ru\/toode\/brother-dcp-l2660dw\/#primaryimage"},"image":{"@id":"https:\/\/www.sensoris.ee\/ru\/toode\/brother-dcp-l2660dw\/#primaryimage"},"thumbnailUrl":"https:\/\/www.sensoris.ee\/wp-content\/uploads\/2022\/09\/Brother-DCP-L2660DW.jpg","datePublished":"2022-09-27T11:07:18+00:00","dateModified":"2024-11-06T13:43:26+00:00","description":"k\u00f5ik-Brother DCP-L2660DW k\u00f5ik \u00fches printeril on nii Wi-Fi kui ka juhtmega \u00fchenduse v\u00f5imalus, automaatne kahepoolne printimine","breadcrumb":{"@id":"https:\/\/www.sensoris.ee\/ru\/toode\/brother-dcp-l2660dw\/#breadcrumb"},"inLanguage":"ru-RU","potentialAction":[{"@type":"ReadAction","target":["https:\/\/www.sensoris.ee\/ru\/toode\/brother-dcp-l2660dw\/"]}]},{"@type":"ImageObject","inLanguage":"ru-RU","@id":"https:\/\/www.sensoris.ee\/ru\/toode\/brother-dcp-l2660dw\/#primaryimage","url":"https:\/\/www.sensoris.ee\/wp-content\/uploads\/2022\/09\/Brother-DCP-L2660DW.jpg","contentUrl":"https:\/\/www.sensoris.ee\/wp-content\/uploads\/2022\/09\/Brother-DCP-L2660DW.jpg","width":1500,"height":1160,"caption":"Brother DCP-L2660DW"},{"@type":"BreadcrumbList","@id":"https:\/\/www.sensoris.ee\/ru\/toode\/brother-dcp-l2660dw\/#breadcrumb","itemListElement":[{"@type":"ListItem","position":1,"name":"Home","item":"https:\/\/www.sensoris.ee\/ru\/"},{"@type":"ListItem","position":2,"name":"\u041c\u0430\u0433\u0430\u0437\u0438\u043d","item":"https:\/\/www.sensoris.ee\/ru\/%d0%bc%d0%b0%d0%b3%d0%b0%d0%b7%d0%b8%d0%bd\/"},{"@type":"ListItem","position":3,"name":"Brother DCP-L2660DW"}]},{"@type":"WebSite","@id":"https:\/\/www.sensoris.ee\/#website","url":"https:\/\/www.sensoris.ee\/","name":"Sensoris | Printerite m\u00fc\u00fck ja hooldus,toonerikassettide m\u00fc\u00fck","description":"Printerite remont ja hooldus.Toonerikassettide m\u00fc\u00fck ja t\u00e4itmine. Uute ja kasutatud printerite m\u00fc\u00fck","publisher":{"@id":"https:\/\/www.sensoris.ee\/#organization"},"potentialAction":[{"@type":"SearchAction","target":{"@type":"EntryPoint","urlTemplate":"https:\/\/www.sensoris.ee\/?s={search_term_string}"},"query-input":{"@type":"PropertyValueSpecification","valueRequired":true,"valueName":"search_term_string"}}],"inLanguage":"ru-RU"},{"@type":"Organization","@id":"https:\/\/www.sensoris.ee\/#organization","name":"Sensoris O\u00dc","url":"https:\/\/www.sensoris.ee\/","logo":{"@type":"ImageObject","inLanguage":"ru-RU","@id":"https:\/\/www.sensoris.ee\/#\/schema\/logo\/image\/","url":"https:\/\/www.sensoris.ee\/wp-content\/uploads\/2021\/04\/SENSORIS-LOGO-uus.jpg","contentUrl":"https:\/\/www.sensoris.ee\/wp-content\/uploads\/2021\/04\/SENSORIS-LOGO-uus.jpg","width":2000,"height":393,"caption":"Sensoris O\u00dc"},"image":{"@id":"https:\/\/www.sensoris.ee\/#\/schema\/logo\/image\/"}}]}},"_links":{"self":[{"href":"https:\/\/www.sensoris.ee\/ru\/wp-json\/wp\/v2\/product\/5288","targetHints":{"allow":["GET"]}}],"collection":[{"href":"https:\/\/www.sensoris.ee\/ru\/wp-json\/wp\/v2\/product"}],"about":[{"href":"https:\/\/www.sensoris.ee\/ru\/wp-json\/wp\/v2\/types\/product"}],"wp:featuredmedia":[{"embeddable":true,"href":"https:\/\/www.sensoris.ee\/ru\/wp-json\/wp\/v2\/media\/7222"}],"wp:attachment":[{"href":"https:\/\/www.sensoris.ee\/ru\/wp-json\/wp\/v2\/media?parent=5288"}],"wp:term":[{"taxonomy":"product_brand","embeddable":true,"href":"https:\/\/www.sensoris.ee\/ru\/wp-json\/wp\/v2\/product_brand?post=5288"},{"taxonomy":"product_cat","embeddable":true,"href":"https:\/\/www.sensoris.ee\/ru\/wp-json\/wp\/v2\/product_cat?post=5288"},{"taxonomy":"product_tag","embeddable":true,"href":"https:\/\/www.sensoris.ee\/ru\/wp-json\/wp\/v2\/product_tag?post=5288"}],"curies":[{"name":"wp","href":"https:\/\/api.w.org\/{rel}","templated":true}]}}