{"id":7073,"date":"2024-09-25T11:49:10","date_gmt":"2024-09-25T09:49:10","guid":{"rendered":"https:\/\/www.sensoris.ee\/?post_type=product&#038;p=7073"},"modified":"2025-12-09T10:59:17","modified_gmt":"2025-12-09T08:59:17","slug":"canon-070canon-imageclass-lbp243dw-lbp246dw-lbp247dw-lbp248x-mf461dw-mf462dw-mf465dw-mf469x-i-sensys-lbp243dw-lbp246dw-mf461dw-mf463dw-satera-lbp241-lbp244-mf467dw-mf463dw-mf469dw-i-s","status":"publish","type":"product","link":"https:\/\/www.sensoris.ee\/ru\/toode\/canon-070canon-imageclass-lbp243dw-lbp246dw-lbp247dw-lbp248x-mf461dw-mf462dw-mf465dw-mf469x-i-sensys-lbp243dw-lbp246dw-mf461dw-mf463dw-satera-lbp241-lbp244-mf467dw-mf463dw-mf469dw-i-s\/","title":{"rendered":"Canon 070\tCanon imageCLASS LBP243dw\/ LBP246dw\/ LBP247dw\/ LBP248x\/MF461dw\/ MF462dw\/ MF465dw\/ MF469x\/ i-SENSYS LBP243dw\/ LBP246dw\/ MF461dw\/ MF463dw\/ Satera LBP241\/ LBP244\/ MF467dw\/ MF463dw\/ MF469dw\/ i-SENSYS MF465dw"},"content":{"rendered":"<p>Mahutavus lk: 3000<br \/>\nHind: 30<\/p>\n","protected":false},"excerpt":{"rendered":"<p>Mahutavus lk: 3000 Hind: 30<\/p>\n","protected":false},"featured_media":0,"template":"","meta":{"_acf_changed":false},"product_brand":[],"product_cat":[15],"product_tag":[],"class_list":{"0":"post-7073","1":"product","2":"type-product","3":"status-publish","5":"product_cat-maaramata","7":"first","8":"instock","9":"taxable","10":"shipping-taxable","11":"purchasable","12":"product-type-simple"},"acf":[],"yoast_head":"<!-- This site is optimized with the Yoast SEO plugin v27.5 - https:\/\/yoast.com\/product\/yoast-seo-wordpress\/ -->\n<title>Canon 070 Canon imageCLASS LBP243dw\/ LBP246dw\/ LBP247dw\/ LBP248x\/MF461dw\/ MF462dw\/ MF465dw\/ MF469x\/ i-SENSYS LBP243dw\/ LBP246dw\/ MF461dw\/ MF463dw\/ Satera LBP241\/ LBP244\/ MF467dw\/ MF463dw\/ MF469dw\/ i-SENSYS MF465dw - Sensoris | Printerite m\u00fc\u00fck ja hooldus, toonerikassettide m\u00fc\u00fck<\/title>\n<meta name=\"robots\" content=\"index, follow, max-snippet:-1, max-image-preview:large, max-video-preview:-1\" \/>\n<link rel=\"canonical\" href=\"https:\/\/www.sensoris.ee\/toode\/canon-070canon-imageclass-lbp243dw-lbp246dw-lbp247dw-lbp248x-mf461dw-mf462dw-mf465dw-mf469x-i-sensys-lbp243dw-lbp246dw-mf461dw-mf463dw-satera-lbp241-lbp244-mf467dw-mf463dw-mf469dw-i-s\/\" \/>\n<meta property=\"og:locale\" content=\"ru_RU\" \/>\n<meta property=\"og:type\" content=\"article\" \/>\n<meta property=\"og:title\" content=\"Canon 070 Canon imageCLASS LBP243dw\/ LBP246dw\/ LBP247dw\/ LBP248x\/MF461dw\/ MF462dw\/ MF465dw\/ MF469x\/ i-SENSYS LBP243dw\/ LBP246dw\/ MF461dw\/ MF463dw\/ Satera LBP241\/ LBP244\/ MF467dw\/ MF463dw\/ MF469dw\/ i-SENSYS MF465dw - Sensoris | Printerite m\u00fc\u00fck ja hooldus, toonerikassettide m\u00fc\u00fck\" \/>\n<meta property=\"og:description\" content=\"Mahutavus lk: 3000 Hind: 30\" \/>\n<meta property=\"og:url\" content=\"https:\/\/www.sensoris.ee\/toode\/canon-070canon-imageclass-lbp243dw-lbp246dw-lbp247dw-lbp248x-mf461dw-mf462dw-mf465dw-mf469x-i-sensys-lbp243dw-lbp246dw-mf461dw-mf463dw-satera-lbp241-lbp244-mf467dw-mf463dw-mf469dw-i-s\/\" \/>\n<meta property=\"og:site_name\" content=\"Sensoris | Printerite m\u00fc\u00fck ja hooldus, toonerikassettide m\u00fc\u00fck\" \/>\n<meta property=\"article:modified_time\" content=\"2025-12-09T08:59:17+00:00\" \/>\n<meta name=\"twitter:card\" content=\"summary_large_image\" \/>\n<meta name=\"twitter:label1\" content=\"\u041f\u0440\u0438\u043c\u0435\u0440\u043d\u043e\u0435 \u0432\u0440\u0435\u043c\u044f \u0434\u043b\u044f \u0447\u0442\u0435\u043d\u0438\u044f\" \/>\n\t<meta name=\"twitter:data1\" content=\"1 \u043c\u0438\u043d\u0443\u0442\u0430\" \/>\n<script type=\"application\/ld+json\" class=\"yoast-schema-graph\">{\"@context\":\"https:\\\/\\\/schema.org\",\"@graph\":[{\"@type\":\"WebPage\",\"@id\":\"https:\\\/\\\/www.sensoris.ee\\\/toode\\\/canon-070canon-imageclass-lbp243dw-lbp246dw-lbp247dw-lbp248x-mf461dw-mf462dw-mf465dw-mf469x-i-sensys-lbp243dw-lbp246dw-mf461dw-mf463dw-satera-lbp241-lbp244-mf467dw-mf463dw-mf469dw-i-s\\\/\",\"url\":\"https:\\\/\\\/www.sensoris.ee\\\/toode\\\/canon-070canon-imageclass-lbp243dw-lbp246dw-lbp247dw-lbp248x-mf461dw-mf462dw-mf465dw-mf469x-i-sensys-lbp243dw-lbp246dw-mf461dw-mf463dw-satera-lbp241-lbp244-mf467dw-mf463dw-mf469dw-i-s\\\/\",\"name\":\"Canon 070 Canon imageCLASS LBP243dw\\\/ LBP246dw\\\/ LBP247dw\\\/ LBP248x\\\/MF461dw\\\/ MF462dw\\\/ MF465dw\\\/ MF469x\\\/ i-SENSYS LBP243dw\\\/ LBP246dw\\\/ MF461dw\\\/ MF463dw\\\/ Satera LBP241\\\/ LBP244\\\/ MF467dw\\\/ MF463dw\\\/ MF469dw\\\/ i-SENSYS MF465dw - Sensoris | Printerite m\u00fc\u00fck ja hooldus, toonerikassettide m\u00fc\u00fck\",\"isPartOf\":{\"@id\":\"https:\\\/\\\/www.sensoris.ee\\\/#website\"},\"datePublished\":\"2024-09-25T09:49:10+00:00\",\"dateModified\":\"2025-12-09T08:59:17+00:00\",\"breadcrumb\":{\"@id\":\"https:\\\/\\\/www.sensoris.ee\\\/toode\\\/canon-070canon-imageclass-lbp243dw-lbp246dw-lbp247dw-lbp248x-mf461dw-mf462dw-mf465dw-mf469x-i-sensys-lbp243dw-lbp246dw-mf461dw-mf463dw-satera-lbp241-lbp244-mf467dw-mf463dw-mf469dw-i-s\\\/#breadcrumb\"},\"inLanguage\":\"ru-RU\",\"potentialAction\":[{\"@type\":\"ReadAction\",\"target\":[\"https:\\\/\\\/www.sensoris.ee\\\/toode\\\/canon-070canon-imageclass-lbp243dw-lbp246dw-lbp247dw-lbp248x-mf461dw-mf462dw-mf465dw-mf469x-i-sensys-lbp243dw-lbp246dw-mf461dw-mf463dw-satera-lbp241-lbp244-mf467dw-mf463dw-mf469dw-i-s\\\/\"]}]},{\"@type\":\"BreadcrumbList\",\"@id\":\"https:\\\/\\\/www.sensoris.ee\\\/toode\\\/canon-070canon-imageclass-lbp243dw-lbp246dw-lbp247dw-lbp248x-mf461dw-mf462dw-mf465dw-mf469x-i-sensys-lbp243dw-lbp246dw-mf461dw-mf463dw-satera-lbp241-lbp244-mf467dw-mf463dw-mf469dw-i-s\\\/#breadcrumb\",\"itemListElement\":[{\"@type\":\"ListItem\",\"position\":1,\"name\":\"Home\",\"item\":\"https:\\\/\\\/www.sensoris.ee\\\/ru\\\/\"},{\"@type\":\"ListItem\",\"position\":2,\"name\":\"\u041c\u0430\u0433\u0430\u0437\u0438\u043d\",\"item\":\"https:\\\/\\\/www.sensoris.ee\\\/ru\\\/%d0%bc%d0%b0%d0%b3%d0%b0%d0%b7%d0%b8%d0%bd\\\/\"},{\"@type\":\"ListItem\",\"position\":3,\"name\":\"Canon 070 Canon imageCLASS LBP243dw\\\/ LBP246dw\\\/ LBP247dw\\\/ LBP248x\\\/MF461dw\\\/ MF462dw\\\/ MF465dw\\\/ MF469x\\\/ i-SENSYS LBP243dw\\\/ LBP246dw\\\/ MF461dw\\\/ MF463dw\\\/ Satera LBP241\\\/ LBP244\\\/ MF467dw\\\/ MF463dw\\\/ MF469dw\\\/ i-SENSYS MF465dw\"}]},{\"@type\":\"WebSite\",\"@id\":\"https:\\\/\\\/www.sensoris.ee\\\/#website\",\"url\":\"https:\\\/\\\/www.sensoris.ee\\\/\",\"name\":\"Sensoris | Printerite m\u00fc\u00fck ja hooldus,toonerikassettide m\u00fc\u00fck\",\"description\":\"Printerite remont ja hooldus.Toonerikassettide m\u00fc\u00fck ja t\u00e4itmine. Uute ja kasutatud printerite m\u00fc\u00fck\",\"publisher\":{\"@id\":\"https:\\\/\\\/www.sensoris.ee\\\/#organization\"},\"potentialAction\":[{\"@type\":\"SearchAction\",\"target\":{\"@type\":\"EntryPoint\",\"urlTemplate\":\"https:\\\/\\\/www.sensoris.ee\\\/?s={search_term_string}\"},\"query-input\":{\"@type\":\"PropertyValueSpecification\",\"valueRequired\":true,\"valueName\":\"search_term_string\"}}],\"inLanguage\":\"ru-RU\"},{\"@type\":\"Organization\",\"@id\":\"https:\\\/\\\/www.sensoris.ee\\\/#organization\",\"name\":\"Sensoris O\u00dc\",\"url\":\"https:\\\/\\\/www.sensoris.ee\\\/\",\"logo\":{\"@type\":\"ImageObject\",\"inLanguage\":\"ru-RU\",\"@id\":\"https:\\\/\\\/www.sensoris.ee\\\/#\\\/schema\\\/logo\\\/image\\\/\",\"url\":\"https:\\\/\\\/www.sensoris.ee\\\/wp-content\\\/uploads\\\/2021\\\/04\\\/SENSORIS-LOGO-uus.jpg\",\"contentUrl\":\"https:\\\/\\\/www.sensoris.ee\\\/wp-content\\\/uploads\\\/2021\\\/04\\\/SENSORIS-LOGO-uus.jpg\",\"width\":2000,\"height\":393,\"caption\":\"Sensoris O\u00dc\"},\"image\":{\"@id\":\"https:\\\/\\\/www.sensoris.ee\\\/#\\\/schema\\\/logo\\\/image\\\/\"}}]}<\/script>\n<!-- \/ Yoast SEO plugin. -->","yoast_head_json":{"title":"Canon 070 Canon imageCLASS LBP243dw\/ LBP246dw\/ LBP247dw\/ LBP248x\/MF461dw\/ MF462dw\/ MF465dw\/ MF469x\/ i-SENSYS LBP243dw\/ LBP246dw\/ MF461dw\/ MF463dw\/ Satera LBP241\/ LBP244\/ MF467dw\/ MF463dw\/ MF469dw\/ i-SENSYS MF465dw - Sensoris | Printerite m\u00fc\u00fck ja hooldus, toonerikassettide m\u00fc\u00fck","robots":{"index":"index","follow":"follow","max-snippet":"max-snippet:-1","max-image-preview":"max-image-preview:large","max-video-preview":"max-video-preview:-1"},"canonical":"https:\/\/www.sensoris.ee\/toode\/canon-070canon-imageclass-lbp243dw-lbp246dw-lbp247dw-lbp248x-mf461dw-mf462dw-mf465dw-mf469x-i-sensys-lbp243dw-lbp246dw-mf461dw-mf463dw-satera-lbp241-lbp244-mf467dw-mf463dw-mf469dw-i-s\/","og_locale":"ru_RU","og_type":"article","og_title":"Canon 070 Canon imageCLASS LBP243dw\/ LBP246dw\/ LBP247dw\/ LBP248x\/MF461dw\/ MF462dw\/ MF465dw\/ MF469x\/ i-SENSYS LBP243dw\/ LBP246dw\/ MF461dw\/ MF463dw\/ Satera LBP241\/ LBP244\/ MF467dw\/ MF463dw\/ MF469dw\/ i-SENSYS MF465dw - Sensoris | Printerite m\u00fc\u00fck ja hooldus, toonerikassettide m\u00fc\u00fck","og_description":"Mahutavus lk: 3000 Hind: 30","og_url":"https:\/\/www.sensoris.ee\/toode\/canon-070canon-imageclass-lbp243dw-lbp246dw-lbp247dw-lbp248x-mf461dw-mf462dw-mf465dw-mf469x-i-sensys-lbp243dw-lbp246dw-mf461dw-mf463dw-satera-lbp241-lbp244-mf467dw-mf463dw-mf469dw-i-s\/","og_site_name":"Sensoris | Printerite m\u00fc\u00fck ja hooldus, toonerikassettide m\u00fc\u00fck","article_modified_time":"2025-12-09T08:59:17+00:00","twitter_card":"summary_large_image","twitter_misc":{"\u041f\u0440\u0438\u043c\u0435\u0440\u043d\u043e\u0435 \u0432\u0440\u0435\u043c\u044f \u0434\u043b\u044f \u0447\u0442\u0435\u043d\u0438\u044f":"1 \u043c\u0438\u043d\u0443\u0442\u0430"},"schema":{"@context":"https:\/\/schema.org","@graph":[{"@type":"WebPage","@id":"https:\/\/www.sensoris.ee\/toode\/canon-070canon-imageclass-lbp243dw-lbp246dw-lbp247dw-lbp248x-mf461dw-mf462dw-mf465dw-mf469x-i-sensys-lbp243dw-lbp246dw-mf461dw-mf463dw-satera-lbp241-lbp244-mf467dw-mf463dw-mf469dw-i-s\/","url":"https:\/\/www.sensoris.ee\/toode\/canon-070canon-imageclass-lbp243dw-lbp246dw-lbp247dw-lbp248x-mf461dw-mf462dw-mf465dw-mf469x-i-sensys-lbp243dw-lbp246dw-mf461dw-mf463dw-satera-lbp241-lbp244-mf467dw-mf463dw-mf469dw-i-s\/","name":"Canon 070 Canon imageCLASS LBP243dw\/ LBP246dw\/ LBP247dw\/ LBP248x\/MF461dw\/ MF462dw\/ MF465dw\/ MF469x\/ i-SENSYS LBP243dw\/ LBP246dw\/ MF461dw\/ MF463dw\/ Satera LBP241\/ LBP244\/ MF467dw\/ MF463dw\/ MF469dw\/ i-SENSYS MF465dw - Sensoris | Printerite m\u00fc\u00fck ja hooldus, toonerikassettide m\u00fc\u00fck","isPartOf":{"@id":"https:\/\/www.sensoris.ee\/#website"},"datePublished":"2024-09-25T09:49:10+00:00","dateModified":"2025-12-09T08:59:17+00:00","breadcrumb":{"@id":"https:\/\/www.sensoris.ee\/toode\/canon-070canon-imageclass-lbp243dw-lbp246dw-lbp247dw-lbp248x-mf461dw-mf462dw-mf465dw-mf469x-i-sensys-lbp243dw-lbp246dw-mf461dw-mf463dw-satera-lbp241-lbp244-mf467dw-mf463dw-mf469dw-i-s\/#breadcrumb"},"inLanguage":"ru-RU","potentialAction":[{"@type":"ReadAction","target":["https:\/\/www.sensoris.ee\/toode\/canon-070canon-imageclass-lbp243dw-lbp246dw-lbp247dw-lbp248x-mf461dw-mf462dw-mf465dw-mf469x-i-sensys-lbp243dw-lbp246dw-mf461dw-mf463dw-satera-lbp241-lbp244-mf467dw-mf463dw-mf469dw-i-s\/"]}]},{"@type":"BreadcrumbList","@id":"https:\/\/www.sensoris.ee\/toode\/canon-070canon-imageclass-lbp243dw-lbp246dw-lbp247dw-lbp248x-mf461dw-mf462dw-mf465dw-mf469x-i-sensys-lbp243dw-lbp246dw-mf461dw-mf463dw-satera-lbp241-lbp244-mf467dw-mf463dw-mf469dw-i-s\/#breadcrumb","itemListElement":[{"@type":"ListItem","position":1,"name":"Home","item":"https:\/\/www.sensoris.ee\/ru\/"},{"@type":"ListItem","position":2,"name":"\u041c\u0430\u0433\u0430\u0437\u0438\u043d","item":"https:\/\/www.sensoris.ee\/ru\/%d0%bc%d0%b0%d0%b3%d0%b0%d0%b7%d0%b8%d0%bd\/"},{"@type":"ListItem","position":3,"name":"Canon 070 Canon imageCLASS LBP243dw\/ LBP246dw\/ LBP247dw\/ LBP248x\/MF461dw\/ MF462dw\/ MF465dw\/ MF469x\/ i-SENSYS LBP243dw\/ LBP246dw\/ MF461dw\/ MF463dw\/ Satera LBP241\/ LBP244\/ MF467dw\/ MF463dw\/ MF469dw\/ i-SENSYS MF465dw"}]},{"@type":"WebSite","@id":"https:\/\/www.sensoris.ee\/#website","url":"https:\/\/www.sensoris.ee\/","name":"Sensoris | Printerite m\u00fc\u00fck ja hooldus,toonerikassettide m\u00fc\u00fck","description":"Printerite remont ja hooldus.Toonerikassettide m\u00fc\u00fck ja t\u00e4itmine. Uute ja kasutatud printerite m\u00fc\u00fck","publisher":{"@id":"https:\/\/www.sensoris.ee\/#organization"},"potentialAction":[{"@type":"SearchAction","target":{"@type":"EntryPoint","urlTemplate":"https:\/\/www.sensoris.ee\/?s={search_term_string}"},"query-input":{"@type":"PropertyValueSpecification","valueRequired":true,"valueName":"search_term_string"}}],"inLanguage":"ru-RU"},{"@type":"Organization","@id":"https:\/\/www.sensoris.ee\/#organization","name":"Sensoris O\u00dc","url":"https:\/\/www.sensoris.ee\/","logo":{"@type":"ImageObject","inLanguage":"ru-RU","@id":"https:\/\/www.sensoris.ee\/#\/schema\/logo\/image\/","url":"https:\/\/www.sensoris.ee\/wp-content\/uploads\/2021\/04\/SENSORIS-LOGO-uus.jpg","contentUrl":"https:\/\/www.sensoris.ee\/wp-content\/uploads\/2021\/04\/SENSORIS-LOGO-uus.jpg","width":2000,"height":393,"caption":"Sensoris O\u00dc"},"image":{"@id":"https:\/\/www.sensoris.ee\/#\/schema\/logo\/image\/"}}]}},"_links":{"self":[{"href":"https:\/\/www.sensoris.ee\/ru\/wp-json\/wp\/v2\/product\/7073","targetHints":{"allow":["GET"]}}],"collection":[{"href":"https:\/\/www.sensoris.ee\/ru\/wp-json\/wp\/v2\/product"}],"about":[{"href":"https:\/\/www.sensoris.ee\/ru\/wp-json\/wp\/v2\/types\/product"}],"wp:attachment":[{"href":"https:\/\/www.sensoris.ee\/ru\/wp-json\/wp\/v2\/media?parent=7073"}],"wp:term":[{"taxonomy":"product_brand","embeddable":true,"href":"https:\/\/www.sensoris.ee\/ru\/wp-json\/wp\/v2\/product_brand?post=7073"},{"taxonomy":"product_cat","embeddable":true,"href":"https:\/\/www.sensoris.ee\/ru\/wp-json\/wp\/v2\/product_cat?post=7073"},{"taxonomy":"product_tag","embeddable":true,"href":"https:\/\/www.sensoris.ee\/ru\/wp-json\/wp\/v2\/product_tag?post=7073"}],"curies":[{"name":"wp","href":"https:\/\/api.w.org\/{rel}","templated":true}]}}