{"id":7190,"date":"2024-10-31T14:58:21","date_gmt":"2024-10-31T12:58:21","guid":{"rendered":"https:\/\/www.sensoris.ee\/?post_type=product&#038;p=7190"},"modified":"2025-08-29T09:57:17","modified_gmt":"2025-08-29T07:57:17","slug":"tn-2510hl-2400dwe-hl-l2445dw-hl-l2447dw-hl-2480_-dcp-l2620dw-dcp-l2627dw-dcp-l2640dw_-dcp-l2660dw-dcp-l2665dw_-mfc-l2800dw-mfc-l2807dw-mfc-l2820dw_-mfc-l2827dw-mfc-l2835dw-mfc-l2860dw","status":"publish","type":"product","link":"https:\/\/www.sensoris.ee\/ru\/toode\/tn-2510hl-2400dwe-hl-l2445dw-hl-l2447dw-hl-2480_-dcp-l2620dw-dcp-l2627dw-dcp-l2640dw_-dcp-l2660dw-dcp-l2665dw_-mfc-l2800dw-mfc-l2807dw-mfc-l2820dw_-mfc-l2827dw-mfc-l2835dw-mfc-l2860dw\/","title":{"rendered":"TN-2510XL  HL-L2400DWE\/  L2400DW\/ L2442DW\/HL-L2445DW\/ L2447DW\/ L2865DW\/L2480 DCP-L2620DW\/ DCP-L2627DWE\/ DCP-L2640DW\/ DCP-L2660DW \/DCP-L2665DW\/  MFC- L2800DW\/ L2807DW \/ MFC-L2820DW \/MFC-L2827DW\/ MFC-L2835DW\/ MFC-L2960DW\/ L2980DW\/"},"content":{"rendered":"","protected":false},"excerpt":{"rendered":"<table width=\"214\">\n<tbody>\n<tr>\n<td width=\"214\">Mahutavus lk: 3000<\/td>\n<\/tr>\n<tr>\n<td>Hind: 25<\/td>\n<\/tr>\n<\/tbody>\n<\/table>\n","protected":false},"featured_media":0,"template":"","meta":{"_acf_changed":false},"product_brand":[],"product_cat":[15],"product_tag":[],"class_list":{"0":"post-7190","1":"product","2":"type-product","3":"status-publish","5":"product_cat-maaramata","7":"first","8":"instock","9":"taxable","10":"shipping-taxable","11":"purchasable","12":"product-type-simple"},"acf":[],"yoast_head":"<!-- This site is optimized with the Yoast SEO plugin v27.5 - https:\/\/yoast.com\/product\/yoast-seo-wordpress\/ -->\n<title>TN-2510XL HL-L2400DWE\/ L2400DW\/ L2442DW\/HL-L2445DW\/ L2447DW\/ L2865DW\/L2480 DCP-L2620DW\/ DCP-L2627DWE\/ DCP-L2640DW\/ DCP-L2660DW \/DCP-L2665DW\/ MFC- L2800DW\/ L2807DW \/ MFC-L2820DW \/MFC-L2827DW\/ MFC-L2835DW\/ MFC-L2960DW\/ L2980DW\/ -<\/title>\n<meta name=\"description\" content=\"TN-2510XL\" \/>\n<meta name=\"robots\" content=\"index, follow, max-snippet:-1, max-image-preview:large, max-video-preview:-1\" \/>\n<link rel=\"canonical\" href=\"https:\/\/www.sensoris.ee\/toode\/tn-2510hl-2400dwe-hl-l2445dw-hl-l2447dw-hl-2480_-dcp-l2620dw-dcp-l2627dw-dcp-l2640dw_-dcp-l2660dw-dcp-l2665dw_-mfc-l2800dw-mfc-l2807dw-mfc-l2820dw_-mfc-l2827dw-mfc-l2835dw-mfc-l2860dw\/\" \/>\n<meta property=\"og:locale\" content=\"ru_RU\" \/>\n<meta property=\"og:type\" content=\"article\" \/>\n<meta property=\"og:title\" content=\"TN-2510XL HL-L2400DWE\/ L2400DW\/ L2442DW\/HL-L2445DW\/ L2447DW\/ L2865DW\/L2480 DCP-L2620DW\/ DCP-L2627DWE\/ DCP-L2640DW\/ DCP-L2660DW \/DCP-L2665DW\/ MFC- L2800DW\/ L2807DW \/ MFC-L2820DW \/MFC-L2827DW\/ MFC-L2835DW\/ MFC-L2960DW\/ L2980DW\/ -\" \/>\n<meta property=\"og:description\" content=\"TN-2510XL\" \/>\n<meta property=\"og:url\" content=\"https:\/\/www.sensoris.ee\/toode\/tn-2510hl-2400dwe-hl-l2445dw-hl-l2447dw-hl-2480_-dcp-l2620dw-dcp-l2627dw-dcp-l2640dw_-dcp-l2660dw-dcp-l2665dw_-mfc-l2800dw-mfc-l2807dw-mfc-l2820dw_-mfc-l2827dw-mfc-l2835dw-mfc-l2860dw\/\" \/>\n<meta property=\"og:site_name\" content=\"Sensoris | Printerite m\u00fc\u00fck ja hooldus, toonerikassettide m\u00fc\u00fck\" \/>\n<meta property=\"article:modified_time\" content=\"2025-08-29T07:57:17+00:00\" \/>\n<meta name=\"twitter:card\" content=\"summary_large_image\" \/>\n<script type=\"application\/ld+json\" class=\"yoast-schema-graph\">{\"@context\":\"https:\\\/\\\/schema.org\",\"@graph\":[{\"@type\":\"WebPage\",\"@id\":\"https:\\\/\\\/www.sensoris.ee\\\/toode\\\/tn-2510hl-2400dwe-hl-l2445dw-hl-l2447dw-hl-2480_-dcp-l2620dw-dcp-l2627dw-dcp-l2640dw_-dcp-l2660dw-dcp-l2665dw_-mfc-l2800dw-mfc-l2807dw-mfc-l2820dw_-mfc-l2827dw-mfc-l2835dw-mfc-l2860dw\\\/\",\"url\":\"https:\\\/\\\/www.sensoris.ee\\\/toode\\\/tn-2510hl-2400dwe-hl-l2445dw-hl-l2447dw-hl-2480_-dcp-l2620dw-dcp-l2627dw-dcp-l2640dw_-dcp-l2660dw-dcp-l2665dw_-mfc-l2800dw-mfc-l2807dw-mfc-l2820dw_-mfc-l2827dw-mfc-l2835dw-mfc-l2860dw\\\/\",\"name\":\"TN-2510XL HL-L2400DWE\\\/ L2400DW\\\/ L2442DW\\\/HL-L2445DW\\\/ L2447DW\\\/ L2865DW\\\/L2480 DCP-L2620DW\\\/ DCP-L2627DWE\\\/ DCP-L2640DW\\\/ DCP-L2660DW \\\/DCP-L2665DW\\\/ MFC- L2800DW\\\/ L2807DW \\\/ MFC-L2820DW \\\/MFC-L2827DW\\\/ MFC-L2835DW\\\/ MFC-L2960DW\\\/ L2980DW\\\/ -\",\"isPartOf\":{\"@id\":\"https:\\\/\\\/www.sensoris.ee\\\/#website\"},\"datePublished\":\"2024-10-31T12:58:21+00:00\",\"dateModified\":\"2025-08-29T07:57:17+00:00\",\"description\":\"TN-2510XL\",\"breadcrumb\":{\"@id\":\"https:\\\/\\\/www.sensoris.ee\\\/toode\\\/tn-2510hl-2400dwe-hl-l2445dw-hl-l2447dw-hl-2480_-dcp-l2620dw-dcp-l2627dw-dcp-l2640dw_-dcp-l2660dw-dcp-l2665dw_-mfc-l2800dw-mfc-l2807dw-mfc-l2820dw_-mfc-l2827dw-mfc-l2835dw-mfc-l2860dw\\\/#breadcrumb\"},\"inLanguage\":\"ru-RU\",\"potentialAction\":[{\"@type\":\"ReadAction\",\"target\":[\"https:\\\/\\\/www.sensoris.ee\\\/toode\\\/tn-2510hl-2400dwe-hl-l2445dw-hl-l2447dw-hl-2480_-dcp-l2620dw-dcp-l2627dw-dcp-l2640dw_-dcp-l2660dw-dcp-l2665dw_-mfc-l2800dw-mfc-l2807dw-mfc-l2820dw_-mfc-l2827dw-mfc-l2835dw-mfc-l2860dw\\\/\"]}]},{\"@type\":\"BreadcrumbList\",\"@id\":\"https:\\\/\\\/www.sensoris.ee\\\/toode\\\/tn-2510hl-2400dwe-hl-l2445dw-hl-l2447dw-hl-2480_-dcp-l2620dw-dcp-l2627dw-dcp-l2640dw_-dcp-l2660dw-dcp-l2665dw_-mfc-l2800dw-mfc-l2807dw-mfc-l2820dw_-mfc-l2827dw-mfc-l2835dw-mfc-l2860dw\\\/#breadcrumb\",\"itemListElement\":[{\"@type\":\"ListItem\",\"position\":1,\"name\":\"Home\",\"item\":\"https:\\\/\\\/www.sensoris.ee\\\/ru\\\/\"},{\"@type\":\"ListItem\",\"position\":2,\"name\":\"\u041c\u0430\u0433\u0430\u0437\u0438\u043d\",\"item\":\"https:\\\/\\\/www.sensoris.ee\\\/ru\\\/%d0%bc%d0%b0%d0%b3%d0%b0%d0%b7%d0%b8%d0%bd\\\/\"},{\"@type\":\"ListItem\",\"position\":3,\"name\":\"TN-2510XL HL-L2400DWE\\\/ L2400DW\\\/ L2442DW\\\/HL-L2445DW\\\/ L2447DW\\\/ L2865DW\\\/L2480 DCP-L2620DW\\\/ DCP-L2627DWE\\\/ DCP-L2640DW\\\/ DCP-L2660DW \\\/DCP-L2665DW\\\/ MFC- L2800DW\\\/ L2807DW \\\/ MFC-L2820DW \\\/MFC-L2827DW\\\/ MFC-L2835DW\\\/ MFC-L2960DW\\\/ L2980DW\\\/\"}]},{\"@type\":\"WebSite\",\"@id\":\"https:\\\/\\\/www.sensoris.ee\\\/#website\",\"url\":\"https:\\\/\\\/www.sensoris.ee\\\/\",\"name\":\"Sensoris | Printerite m\u00fc\u00fck ja hooldus,toonerikassettide m\u00fc\u00fck\",\"description\":\"Printerite remont ja hooldus.Toonerikassettide m\u00fc\u00fck ja t\u00e4itmine. Uute ja kasutatud printerite m\u00fc\u00fck\",\"publisher\":{\"@id\":\"https:\\\/\\\/www.sensoris.ee\\\/#organization\"},\"potentialAction\":[{\"@type\":\"SearchAction\",\"target\":{\"@type\":\"EntryPoint\",\"urlTemplate\":\"https:\\\/\\\/www.sensoris.ee\\\/?s={search_term_string}\"},\"query-input\":{\"@type\":\"PropertyValueSpecification\",\"valueRequired\":true,\"valueName\":\"search_term_string\"}}],\"inLanguage\":\"ru-RU\"},{\"@type\":\"Organization\",\"@id\":\"https:\\\/\\\/www.sensoris.ee\\\/#organization\",\"name\":\"Sensoris O\u00dc\",\"url\":\"https:\\\/\\\/www.sensoris.ee\\\/\",\"logo\":{\"@type\":\"ImageObject\",\"inLanguage\":\"ru-RU\",\"@id\":\"https:\\\/\\\/www.sensoris.ee\\\/#\\\/schema\\\/logo\\\/image\\\/\",\"url\":\"https:\\\/\\\/www.sensoris.ee\\\/wp-content\\\/uploads\\\/2021\\\/04\\\/SENSORIS-LOGO-uus.jpg\",\"contentUrl\":\"https:\\\/\\\/www.sensoris.ee\\\/wp-content\\\/uploads\\\/2021\\\/04\\\/SENSORIS-LOGO-uus.jpg\",\"width\":2000,\"height\":393,\"caption\":\"Sensoris O\u00dc\"},\"image\":{\"@id\":\"https:\\\/\\\/www.sensoris.ee\\\/#\\\/schema\\\/logo\\\/image\\\/\"}}]}<\/script>\n<!-- \/ Yoast SEO plugin. -->","yoast_head_json":{"title":"TN-2510XL HL-L2400DWE\/ L2400DW\/ L2442DW\/HL-L2445DW\/ L2447DW\/ L2865DW\/L2480 DCP-L2620DW\/ DCP-L2627DWE\/ DCP-L2640DW\/ DCP-L2660DW \/DCP-L2665DW\/ MFC- L2800DW\/ L2807DW \/ MFC-L2820DW \/MFC-L2827DW\/ MFC-L2835DW\/ MFC-L2960DW\/ L2980DW\/ -","description":"TN-2510XL","robots":{"index":"index","follow":"follow","max-snippet":"max-snippet:-1","max-image-preview":"max-image-preview:large","max-video-preview":"max-video-preview:-1"},"canonical":"https:\/\/www.sensoris.ee\/toode\/tn-2510hl-2400dwe-hl-l2445dw-hl-l2447dw-hl-2480_-dcp-l2620dw-dcp-l2627dw-dcp-l2640dw_-dcp-l2660dw-dcp-l2665dw_-mfc-l2800dw-mfc-l2807dw-mfc-l2820dw_-mfc-l2827dw-mfc-l2835dw-mfc-l2860dw\/","og_locale":"ru_RU","og_type":"article","og_title":"TN-2510XL HL-L2400DWE\/ L2400DW\/ L2442DW\/HL-L2445DW\/ L2447DW\/ L2865DW\/L2480 DCP-L2620DW\/ DCP-L2627DWE\/ DCP-L2640DW\/ DCP-L2660DW \/DCP-L2665DW\/ MFC- L2800DW\/ L2807DW \/ MFC-L2820DW \/MFC-L2827DW\/ MFC-L2835DW\/ MFC-L2960DW\/ L2980DW\/ -","og_description":"TN-2510XL","og_url":"https:\/\/www.sensoris.ee\/toode\/tn-2510hl-2400dwe-hl-l2445dw-hl-l2447dw-hl-2480_-dcp-l2620dw-dcp-l2627dw-dcp-l2640dw_-dcp-l2660dw-dcp-l2665dw_-mfc-l2800dw-mfc-l2807dw-mfc-l2820dw_-mfc-l2827dw-mfc-l2835dw-mfc-l2860dw\/","og_site_name":"Sensoris | Printerite m\u00fc\u00fck ja hooldus, toonerikassettide m\u00fc\u00fck","article_modified_time":"2025-08-29T07:57:17+00:00","twitter_card":"summary_large_image","schema":{"@context":"https:\/\/schema.org","@graph":[{"@type":"WebPage","@id":"https:\/\/www.sensoris.ee\/toode\/tn-2510hl-2400dwe-hl-l2445dw-hl-l2447dw-hl-2480_-dcp-l2620dw-dcp-l2627dw-dcp-l2640dw_-dcp-l2660dw-dcp-l2665dw_-mfc-l2800dw-mfc-l2807dw-mfc-l2820dw_-mfc-l2827dw-mfc-l2835dw-mfc-l2860dw\/","url":"https:\/\/www.sensoris.ee\/toode\/tn-2510hl-2400dwe-hl-l2445dw-hl-l2447dw-hl-2480_-dcp-l2620dw-dcp-l2627dw-dcp-l2640dw_-dcp-l2660dw-dcp-l2665dw_-mfc-l2800dw-mfc-l2807dw-mfc-l2820dw_-mfc-l2827dw-mfc-l2835dw-mfc-l2860dw\/","name":"TN-2510XL HL-L2400DWE\/ L2400DW\/ L2442DW\/HL-L2445DW\/ L2447DW\/ L2865DW\/L2480 DCP-L2620DW\/ DCP-L2627DWE\/ DCP-L2640DW\/ DCP-L2660DW \/DCP-L2665DW\/ MFC- L2800DW\/ L2807DW \/ MFC-L2820DW \/MFC-L2827DW\/ MFC-L2835DW\/ MFC-L2960DW\/ L2980DW\/ -","isPartOf":{"@id":"https:\/\/www.sensoris.ee\/#website"},"datePublished":"2024-10-31T12:58:21+00:00","dateModified":"2025-08-29T07:57:17+00:00","description":"TN-2510XL","breadcrumb":{"@id":"https:\/\/www.sensoris.ee\/toode\/tn-2510hl-2400dwe-hl-l2445dw-hl-l2447dw-hl-2480_-dcp-l2620dw-dcp-l2627dw-dcp-l2640dw_-dcp-l2660dw-dcp-l2665dw_-mfc-l2800dw-mfc-l2807dw-mfc-l2820dw_-mfc-l2827dw-mfc-l2835dw-mfc-l2860dw\/#breadcrumb"},"inLanguage":"ru-RU","potentialAction":[{"@type":"ReadAction","target":["https:\/\/www.sensoris.ee\/toode\/tn-2510hl-2400dwe-hl-l2445dw-hl-l2447dw-hl-2480_-dcp-l2620dw-dcp-l2627dw-dcp-l2640dw_-dcp-l2660dw-dcp-l2665dw_-mfc-l2800dw-mfc-l2807dw-mfc-l2820dw_-mfc-l2827dw-mfc-l2835dw-mfc-l2860dw\/"]}]},{"@type":"BreadcrumbList","@id":"https:\/\/www.sensoris.ee\/toode\/tn-2510hl-2400dwe-hl-l2445dw-hl-l2447dw-hl-2480_-dcp-l2620dw-dcp-l2627dw-dcp-l2640dw_-dcp-l2660dw-dcp-l2665dw_-mfc-l2800dw-mfc-l2807dw-mfc-l2820dw_-mfc-l2827dw-mfc-l2835dw-mfc-l2860dw\/#breadcrumb","itemListElement":[{"@type":"ListItem","position":1,"name":"Home","item":"https:\/\/www.sensoris.ee\/ru\/"},{"@type":"ListItem","position":2,"name":"\u041c\u0430\u0433\u0430\u0437\u0438\u043d","item":"https:\/\/www.sensoris.ee\/ru\/%d0%bc%d0%b0%d0%b3%d0%b0%d0%b7%d0%b8%d0%bd\/"},{"@type":"ListItem","position":3,"name":"TN-2510XL HL-L2400DWE\/ L2400DW\/ L2442DW\/HL-L2445DW\/ L2447DW\/ L2865DW\/L2480 DCP-L2620DW\/ DCP-L2627DWE\/ DCP-L2640DW\/ DCP-L2660DW \/DCP-L2665DW\/ MFC- L2800DW\/ L2807DW \/ MFC-L2820DW \/MFC-L2827DW\/ MFC-L2835DW\/ MFC-L2960DW\/ L2980DW\/"}]},{"@type":"WebSite","@id":"https:\/\/www.sensoris.ee\/#website","url":"https:\/\/www.sensoris.ee\/","name":"Sensoris | Printerite m\u00fc\u00fck ja hooldus,toonerikassettide m\u00fc\u00fck","description":"Printerite remont ja hooldus.Toonerikassettide m\u00fc\u00fck ja t\u00e4itmine. Uute ja kasutatud printerite m\u00fc\u00fck","publisher":{"@id":"https:\/\/www.sensoris.ee\/#organization"},"potentialAction":[{"@type":"SearchAction","target":{"@type":"EntryPoint","urlTemplate":"https:\/\/www.sensoris.ee\/?s={search_term_string}"},"query-input":{"@type":"PropertyValueSpecification","valueRequired":true,"valueName":"search_term_string"}}],"inLanguage":"ru-RU"},{"@type":"Organization","@id":"https:\/\/www.sensoris.ee\/#organization","name":"Sensoris O\u00dc","url":"https:\/\/www.sensoris.ee\/","logo":{"@type":"ImageObject","inLanguage":"ru-RU","@id":"https:\/\/www.sensoris.ee\/#\/schema\/logo\/image\/","url":"https:\/\/www.sensoris.ee\/wp-content\/uploads\/2021\/04\/SENSORIS-LOGO-uus.jpg","contentUrl":"https:\/\/www.sensoris.ee\/wp-content\/uploads\/2021\/04\/SENSORIS-LOGO-uus.jpg","width":2000,"height":393,"caption":"Sensoris O\u00dc"},"image":{"@id":"https:\/\/www.sensoris.ee\/#\/schema\/logo\/image\/"}}]}},"_links":{"self":[{"href":"https:\/\/www.sensoris.ee\/ru\/wp-json\/wp\/v2\/product\/7190","targetHints":{"allow":["GET"]}}],"collection":[{"href":"https:\/\/www.sensoris.ee\/ru\/wp-json\/wp\/v2\/product"}],"about":[{"href":"https:\/\/www.sensoris.ee\/ru\/wp-json\/wp\/v2\/types\/product"}],"wp:attachment":[{"href":"https:\/\/www.sensoris.ee\/ru\/wp-json\/wp\/v2\/media?parent=7190"}],"wp:term":[{"taxonomy":"product_brand","embeddable":true,"href":"https:\/\/www.sensoris.ee\/ru\/wp-json\/wp\/v2\/product_brand?post=7190"},{"taxonomy":"product_cat","embeddable":true,"href":"https:\/\/www.sensoris.ee\/ru\/wp-json\/wp\/v2\/product_cat?post=7190"},{"taxonomy":"product_tag","embeddable":true,"href":"https:\/\/www.sensoris.ee\/ru\/wp-json\/wp\/v2\/product_tag?post=7190"}],"curies":[{"name":"wp","href":"https:\/\/api.w.org\/{rel}","templated":true}]}}