{"id":7402,"date":"2025-01-27T11:45:28","date_gmt":"2025-01-27T09:45:28","guid":{"rendered":"https:\/\/www.sensoris.ee\/?post_type=product&#038;p=7402"},"modified":"2025-12-02T15:12:04","modified_gmt":"2025-12-02T13:12:04","slug":"canon-055-mcanon-i-sensys-lbp663cdw-lbp664cx-mf742cdw-mf744cdw-mf746cx-canon-color-imageclass-mf741cdw-mfp-mf743cdw-mf745cdw-mf746cdw","status":"publish","type":"product","link":"https:\/\/www.sensoris.ee\/ru\/toode\/canon-055-mcanon-i-sensys-lbp663cdw-lbp664cx-mf742cdw-mf744cdw-mf746cx-canon-color-imageclass-mf741cdw-mfp-mf743cdw-mf745cdw-mf746cdw\/","title":{"rendered":"Canon 055 M\tCanon i-SENSYS LBP663cdw\/ LBP664cx\/ MF742Cdw\/MF744cdw\/ MF746cx\/ Canon Color imageCLASS MF741Cdw\/MFP MF743Cdw\/ MF745Cdw\/ MF746Cdw"},"content":{"rendered":"","protected":false},"excerpt":{"rendered":"<p>Mahtuvus: 2300 lk<\/p>\n<p>Hind: 30<\/p>\n","protected":false},"featured_media":0,"template":"","meta":{"_acf_changed":false},"product_brand":[],"product_cat":[15],"product_tag":[],"class_list":{"0":"post-7402","1":"product","2":"type-product","3":"status-publish","5":"product_cat-maaramata","7":"first","8":"instock","9":"taxable","10":"shipping-taxable","11":"purchasable","12":"product-type-simple"},"acf":[],"yoast_head":"<!-- This site is optimized with the Yoast SEO plugin v27.5 - https:\/\/yoast.com\/product\/yoast-seo-wordpress\/ -->\n<title>Canon 055 M Canon i-SENSYS LBP663cdw\/ LBP664cx\/ MF742Cdw\/MF744cdw\/ MF746cx\/ Canon Color imageCLASS MF741Cdw\/MFP MF743Cdw\/ MF745Cdw\/ MF746Cdw - Sensoris | Printerite m\u00fc\u00fck ja hooldus, toonerikassettide m\u00fc\u00fck<\/title>\n<meta name=\"robots\" content=\"index, follow, max-snippet:-1, max-image-preview:large, max-video-preview:-1\" \/>\n<link rel=\"canonical\" href=\"https:\/\/www.sensoris.ee\/toode\/canon-055-mcanon-i-sensys-lbp663cdw-lbp664cx-mf742cdw-mf744cdw-mf746cx-canon-color-imageclass-mf741cdw-mfp-mf743cdw-mf745cdw-mf746cdw\/\" \/>\n<meta property=\"og:locale\" content=\"ru_RU\" \/>\n<meta property=\"og:type\" content=\"article\" \/>\n<meta property=\"og:title\" content=\"Canon 055 M Canon i-SENSYS LBP663cdw\/ LBP664cx\/ MF742Cdw\/MF744cdw\/ MF746cx\/ Canon Color imageCLASS MF741Cdw\/MFP MF743Cdw\/ MF745Cdw\/ MF746Cdw - Sensoris | Printerite m\u00fc\u00fck ja hooldus, toonerikassettide m\u00fc\u00fck\" \/>\n<meta property=\"og:description\" content=\"Mahtuvus: 2300 lk  Hind: 30\" \/>\n<meta property=\"og:url\" content=\"https:\/\/www.sensoris.ee\/toode\/canon-055-mcanon-i-sensys-lbp663cdw-lbp664cx-mf742cdw-mf744cdw-mf746cx-canon-color-imageclass-mf741cdw-mfp-mf743cdw-mf745cdw-mf746cdw\/\" \/>\n<meta property=\"og:site_name\" content=\"Sensoris | Printerite m\u00fc\u00fck ja hooldus, toonerikassettide m\u00fc\u00fck\" \/>\n<meta property=\"article:modified_time\" content=\"2025-12-02T13:12:04+00:00\" \/>\n<meta name=\"twitter:card\" content=\"summary_large_image\" \/>\n<script type=\"application\/ld+json\" class=\"yoast-schema-graph\">{\"@context\":\"https:\\\/\\\/schema.org\",\"@graph\":[{\"@type\":\"WebPage\",\"@id\":\"https:\\\/\\\/www.sensoris.ee\\\/toode\\\/canon-055-mcanon-i-sensys-lbp663cdw-lbp664cx-mf742cdw-mf744cdw-mf746cx-canon-color-imageclass-mf741cdw-mfp-mf743cdw-mf745cdw-mf746cdw\\\/\",\"url\":\"https:\\\/\\\/www.sensoris.ee\\\/toode\\\/canon-055-mcanon-i-sensys-lbp663cdw-lbp664cx-mf742cdw-mf744cdw-mf746cx-canon-color-imageclass-mf741cdw-mfp-mf743cdw-mf745cdw-mf746cdw\\\/\",\"name\":\"Canon 055 M Canon i-SENSYS LBP663cdw\\\/ LBP664cx\\\/ MF742Cdw\\\/MF744cdw\\\/ MF746cx\\\/ Canon Color imageCLASS MF741Cdw\\\/MFP MF743Cdw\\\/ MF745Cdw\\\/ MF746Cdw - Sensoris | Printerite m\u00fc\u00fck ja hooldus, toonerikassettide m\u00fc\u00fck\",\"isPartOf\":{\"@id\":\"https:\\\/\\\/www.sensoris.ee\\\/#website\"},\"datePublished\":\"2025-01-27T09:45:28+00:00\",\"dateModified\":\"2025-12-02T13:12:04+00:00\",\"breadcrumb\":{\"@id\":\"https:\\\/\\\/www.sensoris.ee\\\/toode\\\/canon-055-mcanon-i-sensys-lbp663cdw-lbp664cx-mf742cdw-mf744cdw-mf746cx-canon-color-imageclass-mf741cdw-mfp-mf743cdw-mf745cdw-mf746cdw\\\/#breadcrumb\"},\"inLanguage\":\"ru-RU\",\"potentialAction\":[{\"@type\":\"ReadAction\",\"target\":[\"https:\\\/\\\/www.sensoris.ee\\\/toode\\\/canon-055-mcanon-i-sensys-lbp663cdw-lbp664cx-mf742cdw-mf744cdw-mf746cx-canon-color-imageclass-mf741cdw-mfp-mf743cdw-mf745cdw-mf746cdw\\\/\"]}]},{\"@type\":\"BreadcrumbList\",\"@id\":\"https:\\\/\\\/www.sensoris.ee\\\/toode\\\/canon-055-mcanon-i-sensys-lbp663cdw-lbp664cx-mf742cdw-mf744cdw-mf746cx-canon-color-imageclass-mf741cdw-mfp-mf743cdw-mf745cdw-mf746cdw\\\/#breadcrumb\",\"itemListElement\":[{\"@type\":\"ListItem\",\"position\":1,\"name\":\"Home\",\"item\":\"https:\\\/\\\/www.sensoris.ee\\\/ru\\\/\"},{\"@type\":\"ListItem\",\"position\":2,\"name\":\"\u041c\u0430\u0433\u0430\u0437\u0438\u043d\",\"item\":\"https:\\\/\\\/www.sensoris.ee\\\/ru\\\/%d0%bc%d0%b0%d0%b3%d0%b0%d0%b7%d0%b8%d0%bd\\\/\"},{\"@type\":\"ListItem\",\"position\":3,\"name\":\"Canon 055 M Canon i-SENSYS LBP663cdw\\\/ LBP664cx\\\/ MF742Cdw\\\/MF744cdw\\\/ MF746cx\\\/ Canon Color imageCLASS MF741Cdw\\\/MFP MF743Cdw\\\/ MF745Cdw\\\/ MF746Cdw\"}]},{\"@type\":\"WebSite\",\"@id\":\"https:\\\/\\\/www.sensoris.ee\\\/#website\",\"url\":\"https:\\\/\\\/www.sensoris.ee\\\/\",\"name\":\"Sensoris | Printerite m\u00fc\u00fck ja hooldus,toonerikassettide m\u00fc\u00fck\",\"description\":\"Printerite remont ja hooldus.Toonerikassettide m\u00fc\u00fck ja t\u00e4itmine. Uute ja kasutatud printerite m\u00fc\u00fck\",\"publisher\":{\"@id\":\"https:\\\/\\\/www.sensoris.ee\\\/#organization\"},\"potentialAction\":[{\"@type\":\"SearchAction\",\"target\":{\"@type\":\"EntryPoint\",\"urlTemplate\":\"https:\\\/\\\/www.sensoris.ee\\\/?s={search_term_string}\"},\"query-input\":{\"@type\":\"PropertyValueSpecification\",\"valueRequired\":true,\"valueName\":\"search_term_string\"}}],\"inLanguage\":\"ru-RU\"},{\"@type\":\"Organization\",\"@id\":\"https:\\\/\\\/www.sensoris.ee\\\/#organization\",\"name\":\"Sensoris O\u00dc\",\"url\":\"https:\\\/\\\/www.sensoris.ee\\\/\",\"logo\":{\"@type\":\"ImageObject\",\"inLanguage\":\"ru-RU\",\"@id\":\"https:\\\/\\\/www.sensoris.ee\\\/#\\\/schema\\\/logo\\\/image\\\/\",\"url\":\"https:\\\/\\\/www.sensoris.ee\\\/wp-content\\\/uploads\\\/2021\\\/04\\\/SENSORIS-LOGO-uus.jpg\",\"contentUrl\":\"https:\\\/\\\/www.sensoris.ee\\\/wp-content\\\/uploads\\\/2021\\\/04\\\/SENSORIS-LOGO-uus.jpg\",\"width\":2000,\"height\":393,\"caption\":\"Sensoris O\u00dc\"},\"image\":{\"@id\":\"https:\\\/\\\/www.sensoris.ee\\\/#\\\/schema\\\/logo\\\/image\\\/\"}}]}<\/script>\n<!-- \/ Yoast SEO plugin. -->","yoast_head_json":{"title":"Canon 055 M Canon i-SENSYS LBP663cdw\/ LBP664cx\/ MF742Cdw\/MF744cdw\/ MF746cx\/ Canon Color imageCLASS MF741Cdw\/MFP MF743Cdw\/ MF745Cdw\/ MF746Cdw - Sensoris | Printerite m\u00fc\u00fck ja hooldus, toonerikassettide m\u00fc\u00fck","robots":{"index":"index","follow":"follow","max-snippet":"max-snippet:-1","max-image-preview":"max-image-preview:large","max-video-preview":"max-video-preview:-1"},"canonical":"https:\/\/www.sensoris.ee\/toode\/canon-055-mcanon-i-sensys-lbp663cdw-lbp664cx-mf742cdw-mf744cdw-mf746cx-canon-color-imageclass-mf741cdw-mfp-mf743cdw-mf745cdw-mf746cdw\/","og_locale":"ru_RU","og_type":"article","og_title":"Canon 055 M Canon i-SENSYS LBP663cdw\/ LBP664cx\/ MF742Cdw\/MF744cdw\/ MF746cx\/ Canon Color imageCLASS MF741Cdw\/MFP MF743Cdw\/ MF745Cdw\/ MF746Cdw - Sensoris | Printerite m\u00fc\u00fck ja hooldus, toonerikassettide m\u00fc\u00fck","og_description":"Mahtuvus: 2300 lk  Hind: 30","og_url":"https:\/\/www.sensoris.ee\/toode\/canon-055-mcanon-i-sensys-lbp663cdw-lbp664cx-mf742cdw-mf744cdw-mf746cx-canon-color-imageclass-mf741cdw-mfp-mf743cdw-mf745cdw-mf746cdw\/","og_site_name":"Sensoris | Printerite m\u00fc\u00fck ja hooldus, toonerikassettide m\u00fc\u00fck","article_modified_time":"2025-12-02T13:12:04+00:00","twitter_card":"summary_large_image","schema":{"@context":"https:\/\/schema.org","@graph":[{"@type":"WebPage","@id":"https:\/\/www.sensoris.ee\/toode\/canon-055-mcanon-i-sensys-lbp663cdw-lbp664cx-mf742cdw-mf744cdw-mf746cx-canon-color-imageclass-mf741cdw-mfp-mf743cdw-mf745cdw-mf746cdw\/","url":"https:\/\/www.sensoris.ee\/toode\/canon-055-mcanon-i-sensys-lbp663cdw-lbp664cx-mf742cdw-mf744cdw-mf746cx-canon-color-imageclass-mf741cdw-mfp-mf743cdw-mf745cdw-mf746cdw\/","name":"Canon 055 M Canon i-SENSYS LBP663cdw\/ LBP664cx\/ MF742Cdw\/MF744cdw\/ MF746cx\/ Canon Color imageCLASS MF741Cdw\/MFP MF743Cdw\/ MF745Cdw\/ MF746Cdw - Sensoris | Printerite m\u00fc\u00fck ja hooldus, toonerikassettide m\u00fc\u00fck","isPartOf":{"@id":"https:\/\/www.sensoris.ee\/#website"},"datePublished":"2025-01-27T09:45:28+00:00","dateModified":"2025-12-02T13:12:04+00:00","breadcrumb":{"@id":"https:\/\/www.sensoris.ee\/toode\/canon-055-mcanon-i-sensys-lbp663cdw-lbp664cx-mf742cdw-mf744cdw-mf746cx-canon-color-imageclass-mf741cdw-mfp-mf743cdw-mf745cdw-mf746cdw\/#breadcrumb"},"inLanguage":"ru-RU","potentialAction":[{"@type":"ReadAction","target":["https:\/\/www.sensoris.ee\/toode\/canon-055-mcanon-i-sensys-lbp663cdw-lbp664cx-mf742cdw-mf744cdw-mf746cx-canon-color-imageclass-mf741cdw-mfp-mf743cdw-mf745cdw-mf746cdw\/"]}]},{"@type":"BreadcrumbList","@id":"https:\/\/www.sensoris.ee\/toode\/canon-055-mcanon-i-sensys-lbp663cdw-lbp664cx-mf742cdw-mf744cdw-mf746cx-canon-color-imageclass-mf741cdw-mfp-mf743cdw-mf745cdw-mf746cdw\/#breadcrumb","itemListElement":[{"@type":"ListItem","position":1,"name":"Home","item":"https:\/\/www.sensoris.ee\/ru\/"},{"@type":"ListItem","position":2,"name":"\u041c\u0430\u0433\u0430\u0437\u0438\u043d","item":"https:\/\/www.sensoris.ee\/ru\/%d0%bc%d0%b0%d0%b3%d0%b0%d0%b7%d0%b8%d0%bd\/"},{"@type":"ListItem","position":3,"name":"Canon 055 M Canon i-SENSYS LBP663cdw\/ LBP664cx\/ MF742Cdw\/MF744cdw\/ MF746cx\/ Canon Color imageCLASS MF741Cdw\/MFP MF743Cdw\/ MF745Cdw\/ MF746Cdw"}]},{"@type":"WebSite","@id":"https:\/\/www.sensoris.ee\/#website","url":"https:\/\/www.sensoris.ee\/","name":"Sensoris | Printerite m\u00fc\u00fck ja hooldus,toonerikassettide m\u00fc\u00fck","description":"Printerite remont ja hooldus.Toonerikassettide m\u00fc\u00fck ja t\u00e4itmine. Uute ja kasutatud printerite m\u00fc\u00fck","publisher":{"@id":"https:\/\/www.sensoris.ee\/#organization"},"potentialAction":[{"@type":"SearchAction","target":{"@type":"EntryPoint","urlTemplate":"https:\/\/www.sensoris.ee\/?s={search_term_string}"},"query-input":{"@type":"PropertyValueSpecification","valueRequired":true,"valueName":"search_term_string"}}],"inLanguage":"ru-RU"},{"@type":"Organization","@id":"https:\/\/www.sensoris.ee\/#organization","name":"Sensoris O\u00dc","url":"https:\/\/www.sensoris.ee\/","logo":{"@type":"ImageObject","inLanguage":"ru-RU","@id":"https:\/\/www.sensoris.ee\/#\/schema\/logo\/image\/","url":"https:\/\/www.sensoris.ee\/wp-content\/uploads\/2021\/04\/SENSORIS-LOGO-uus.jpg","contentUrl":"https:\/\/www.sensoris.ee\/wp-content\/uploads\/2021\/04\/SENSORIS-LOGO-uus.jpg","width":2000,"height":393,"caption":"Sensoris O\u00dc"},"image":{"@id":"https:\/\/www.sensoris.ee\/#\/schema\/logo\/image\/"}}]}},"_links":{"self":[{"href":"https:\/\/www.sensoris.ee\/ru\/wp-json\/wp\/v2\/product\/7402","targetHints":{"allow":["GET"]}}],"collection":[{"href":"https:\/\/www.sensoris.ee\/ru\/wp-json\/wp\/v2\/product"}],"about":[{"href":"https:\/\/www.sensoris.ee\/ru\/wp-json\/wp\/v2\/types\/product"}],"wp:attachment":[{"href":"https:\/\/www.sensoris.ee\/ru\/wp-json\/wp\/v2\/media?parent=7402"}],"wp:term":[{"taxonomy":"product_brand","embeddable":true,"href":"https:\/\/www.sensoris.ee\/ru\/wp-json\/wp\/v2\/product_brand?post=7402"},{"taxonomy":"product_cat","embeddable":true,"href":"https:\/\/www.sensoris.ee\/ru\/wp-json\/wp\/v2\/product_cat?post=7402"},{"taxonomy":"product_tag","embeddable":true,"href":"https:\/\/www.sensoris.ee\/ru\/wp-json\/wp\/v2\/product_tag?post=7402"}],"curies":[{"name":"wp","href":"https:\/\/api.w.org\/{rel}","templated":true}]}}