{"id":7467,"date":"2025-03-20T09:51:19","date_gmt":"2025-03-20T07:51:19","guid":{"rendered":"https:\/\/www.sensoris.ee\/toode\/hp-lj-pro-400-mfp-m425dn\/"},"modified":"2025-03-20T09:54:20","modified_gmt":"2025-03-20T07:54:20","slug":"hp-lj-pro-400-mfp-m425dn","status":"publish","type":"product","link":"https:\/\/www.sensoris.ee\/ru\/toode\/hp-lj-pro-400-mfp-m425dn\/","title":{"rendered":"HP LJ Pro 400 MFP M425dn"},"content":{"rendered":"","protected":false},"excerpt":{"rendered":"<p>\u041a\u043e\u043f\u0438\u0440\u043e\u0432\u0430\u043b\u044c\u043d\u044b\u0439 \u0430\u043f\u043f\u0430\u0440\u0430\u0442, \u043f\u0440\u0438\u043d\u0442\u0435\u0440, \u0446\u0432\u0435\u0442\u043d\u043e\u0439 \u0441\u043a\u0430\u043d\u0435\u0440.<br \/>\n35 \u043b\u0438\u0441\u0442\u043e\u0432\/\u043c\u0438\u043d, \u043b\u043e\u0442\u043e\u043a \u0434\u043b\u044f \u0431\u0443\u043c\u0430\u0433\u0438 250 \u043b\u0438\u0441\u0442\u043e\u0432, \u0440\u0443\u0447\u043d\u0430\u044f \u043f\u043e\u0434\u0430\u0447\u0430 100 \u043b\u0438\u0441\u0442\u043e\u0432,<br \/>\n\u0434\u0443\u043f\u043b\u0435\u043a\u0441, \u0441\u0435\u043d\u0441\u043e\u0440\u043d\u044b\u0439 \u044d\u043a\u0440\u0430\u043d,<br \/>\n\u0441\u043a\u0430\u043d\u0438\u0440\u043e\u0432\u0430\u043d\u0438\u0435 \u0432 \u044d\u043b\u0435\u043a\u0442\u0440\u043e\u043d\u043d\u0443\u044e \u043f\u043e\u0447\u0442\u0443, \u0432 \u0441\u0435\u0442\u044c,<br \/>\n\u0434\u0432\u0443\u0441\u0442\u043e\u0440\u043e\u043d\u043d\u0438\u0439 \u043f\u043e\u0434\u0430\u0442\u0447\u0438\u043a \u0434\u043e\u043a\u0443\u043c\u0435\u043d\u0442\u043e\u0432 \u043d\u0430 50 \u043b\u0438\u0441\u0442\u043e\u0432,<br \/>\n\u043f\u043e\u043b\u043d\u044b\u0439 \u0442\u043e\u043d\u0435\u0440-\u043a\u0430\u0440\u0442\u0440\u0438\u0434\u0436, \u0432 \u0445\u043e\u0440\u043e\u0448\u0435\u043c \u0441\u043e\u0441\u0442\u043e\u044f\u043d\u0438\u0438.<\/p>\n","protected":false},"featured_media":4693,"template":"","meta":{"_acf_changed":false},"product_brand":[],"product_cat":[50,74],"product_tag":[],"class_list":{"0":"post-7467","1":"product","2":"type-product","3":"status-publish","4":"has-post-thumbnail","6":"product_cat-esileht-4--ru","7":"product_cat-74","9":"first","10":"instock","11":"taxable","12":"shipping-taxable","13":"purchasable","14":"product-type-simple"},"acf":[],"yoast_head":"<!-- This site is optimized with the Yoast SEO plugin v27.5 - https:\/\/yoast.com\/product\/yoast-seo-wordpress\/ -->\n<title>HP LJ Pro 400 MFP M425dn - Sensoris O\u00dc<\/title>\n<meta name=\"description\" content=\"HP LJ Pro 400 MFP M425dn - 35lehte\/min, paberialus 250 lehte, k\u00e4sis\u00f6\u00f6t 100 lehte,dupleks,\u00a0 puutetundlik ekraan,skaneerib e-mailile,v\u00f5rku,\" \/>\n<meta name=\"robots\" content=\"index, follow, max-snippet:-1, max-image-preview:large, max-video-preview:-1\" \/>\n<link rel=\"canonical\" href=\"https:\/\/www.sensoris.ee\/ru\/toode\/hp-lj-pro-400-mfp-m425dn\/\" \/>\n<meta property=\"og:locale\" content=\"ru_RU\" \/>\n<meta property=\"og:type\" content=\"article\" \/>\n<meta property=\"og:title\" content=\"HP LJ Pro 400 MFP M425dn - Sensoris O\u00dc\" \/>\n<meta property=\"og:description\" content=\"HP LJ Pro 400 MFP M425dn - 35lehte\/min, paberialus 250 lehte, k\u00e4sis\u00f6\u00f6t 100 lehte,dupleks,\u00a0 puutetundlik ekraan,skaneerib e-mailile,v\u00f5rku,\" \/>\n<meta property=\"og:url\" content=\"https:\/\/www.sensoris.ee\/ru\/toode\/hp-lj-pro-400-mfp-m425dn\/\" \/>\n<meta property=\"og:site_name\" content=\"Sensoris | Printerite m\u00fc\u00fck ja hooldus, toonerikassettide m\u00fc\u00fck\" \/>\n<meta property=\"article:modified_time\" content=\"2025-03-20T07:54:20+00:00\" \/>\n<meta property=\"og:image\" content=\"https:\/\/www.sensoris.ee\/wp-content\/uploads\/2022\/01\/HP-LaserJet-Pro-400-MFP-M425dn.png\" \/>\n\t<meta property=\"og:image:width\" content=\"356\" \/>\n\t<meta property=\"og:image:height\" content=\"367\" \/>\n\t<meta property=\"og:image:type\" content=\"image\/png\" \/>\n<meta name=\"twitter:card\" content=\"summary_large_image\" \/>\n<meta name=\"twitter:label1\" content=\"\u041f\u0440\u0438\u043c\u0435\u0440\u043d\u043e\u0435 \u0432\u0440\u0435\u043c\u044f \u0434\u043b\u044f \u0447\u0442\u0435\u043d\u0438\u044f\" \/>\n\t<meta name=\"twitter:data1\" content=\"1 \u043c\u0438\u043d\u0443\u0442\u0430\" \/>\n<script type=\"application\/ld+json\" class=\"yoast-schema-graph\">{\"@context\":\"https:\\\/\\\/schema.org\",\"@graph\":[{\"@type\":\"WebPage\",\"@id\":\"https:\\\/\\\/www.sensoris.ee\\\/ru\\\/toode\\\/hp-lj-pro-400-mfp-m425dn\\\/\",\"url\":\"https:\\\/\\\/www.sensoris.ee\\\/ru\\\/toode\\\/hp-lj-pro-400-mfp-m425dn\\\/\",\"name\":\"HP LJ Pro 400 MFP M425dn - Sensoris O\u00dc\",\"isPartOf\":{\"@id\":\"https:\\\/\\\/www.sensoris.ee\\\/#website\"},\"primaryImageOfPage\":{\"@id\":\"https:\\\/\\\/www.sensoris.ee\\\/ru\\\/toode\\\/hp-lj-pro-400-mfp-m425dn\\\/#primaryimage\"},\"image\":{\"@id\":\"https:\\\/\\\/www.sensoris.ee\\\/ru\\\/toode\\\/hp-lj-pro-400-mfp-m425dn\\\/#primaryimage\"},\"thumbnailUrl\":\"https:\\\/\\\/www.sensoris.ee\\\/wp-content\\\/uploads\\\/2022\\\/01\\\/HP-LaserJet-Pro-400-MFP-M425dn.png\",\"datePublished\":\"2025-03-20T07:51:19+00:00\",\"dateModified\":\"2025-03-20T07:54:20+00:00\",\"description\":\"HP LJ Pro 400 MFP M425dn - 35lehte\\\/min, paberialus 250 lehte, k\u00e4sis\u00f6\u00f6t 100 lehte,dupleks,\u00a0 puutetundlik ekraan,skaneerib e-mailile,v\u00f5rku,\",\"breadcrumb\":{\"@id\":\"https:\\\/\\\/www.sensoris.ee\\\/ru\\\/toode\\\/hp-lj-pro-400-mfp-m425dn\\\/#breadcrumb\"},\"inLanguage\":\"ru-RU\",\"potentialAction\":[{\"@type\":\"ReadAction\",\"target\":[\"https:\\\/\\\/www.sensoris.ee\\\/ru\\\/toode\\\/hp-lj-pro-400-mfp-m425dn\\\/\"]}]},{\"@type\":\"ImageObject\",\"inLanguage\":\"ru-RU\",\"@id\":\"https:\\\/\\\/www.sensoris.ee\\\/ru\\\/toode\\\/hp-lj-pro-400-mfp-m425dn\\\/#primaryimage\",\"url\":\"https:\\\/\\\/www.sensoris.ee\\\/wp-content\\\/uploads\\\/2022\\\/01\\\/HP-LaserJet-Pro-400-MFP-M425dn.png\",\"contentUrl\":\"https:\\\/\\\/www.sensoris.ee\\\/wp-content\\\/uploads\\\/2022\\\/01\\\/HP-LaserJet-Pro-400-MFP-M425dn.png\",\"width\":356,\"height\":367,\"caption\":\"HP LJ Pro 400 MFP M425dn\"},{\"@type\":\"BreadcrumbList\",\"@id\":\"https:\\\/\\\/www.sensoris.ee\\\/ru\\\/toode\\\/hp-lj-pro-400-mfp-m425dn\\\/#breadcrumb\",\"itemListElement\":[{\"@type\":\"ListItem\",\"position\":1,\"name\":\"Home\",\"item\":\"https:\\\/\\\/www.sensoris.ee\\\/ru\\\/\"},{\"@type\":\"ListItem\",\"position\":2,\"name\":\"\u041c\u0430\u0433\u0430\u0437\u0438\u043d\",\"item\":\"https:\\\/\\\/www.sensoris.ee\\\/ru\\\/%d0%bc%d0%b0%d0%b3%d0%b0%d0%b7%d0%b8%d0%bd\\\/\"},{\"@type\":\"ListItem\",\"position\":3,\"name\":\"HP LJ Pro 400 MFP M425dn\"}]},{\"@type\":\"WebSite\",\"@id\":\"https:\\\/\\\/www.sensoris.ee\\\/#website\",\"url\":\"https:\\\/\\\/www.sensoris.ee\\\/\",\"name\":\"Sensoris | Printerite m\u00fc\u00fck ja hooldus,toonerikassettide m\u00fc\u00fck\",\"description\":\"Printerite remont ja hooldus.Toonerikassettide m\u00fc\u00fck ja t\u00e4itmine. Uute ja kasutatud printerite m\u00fc\u00fck\",\"publisher\":{\"@id\":\"https:\\\/\\\/www.sensoris.ee\\\/#organization\"},\"potentialAction\":[{\"@type\":\"SearchAction\",\"target\":{\"@type\":\"EntryPoint\",\"urlTemplate\":\"https:\\\/\\\/www.sensoris.ee\\\/?s={search_term_string}\"},\"query-input\":{\"@type\":\"PropertyValueSpecification\",\"valueRequired\":true,\"valueName\":\"search_term_string\"}}],\"inLanguage\":\"ru-RU\"},{\"@type\":\"Organization\",\"@id\":\"https:\\\/\\\/www.sensoris.ee\\\/#organization\",\"name\":\"Sensoris O\u00dc\",\"url\":\"https:\\\/\\\/www.sensoris.ee\\\/\",\"logo\":{\"@type\":\"ImageObject\",\"inLanguage\":\"ru-RU\",\"@id\":\"https:\\\/\\\/www.sensoris.ee\\\/#\\\/schema\\\/logo\\\/image\\\/\",\"url\":\"https:\\\/\\\/www.sensoris.ee\\\/wp-content\\\/uploads\\\/2021\\\/04\\\/SENSORIS-LOGO-uus.jpg\",\"contentUrl\":\"https:\\\/\\\/www.sensoris.ee\\\/wp-content\\\/uploads\\\/2021\\\/04\\\/SENSORIS-LOGO-uus.jpg\",\"width\":2000,\"height\":393,\"caption\":\"Sensoris O\u00dc\"},\"image\":{\"@id\":\"https:\\\/\\\/www.sensoris.ee\\\/#\\\/schema\\\/logo\\\/image\\\/\"}}]}<\/script>\n<!-- \/ Yoast SEO plugin. -->","yoast_head_json":{"title":"HP LJ Pro 400 MFP M425dn - Sensoris O\u00dc","description":"HP LJ Pro 400 MFP M425dn - 35lehte\/min, paberialus 250 lehte, k\u00e4sis\u00f6\u00f6t 100 lehte,dupleks,\u00a0 puutetundlik ekraan,skaneerib e-mailile,v\u00f5rku,","robots":{"index":"index","follow":"follow","max-snippet":"max-snippet:-1","max-image-preview":"max-image-preview:large","max-video-preview":"max-video-preview:-1"},"canonical":"https:\/\/www.sensoris.ee\/ru\/toode\/hp-lj-pro-400-mfp-m425dn\/","og_locale":"ru_RU","og_type":"article","og_title":"HP LJ Pro 400 MFP M425dn - Sensoris O\u00dc","og_description":"HP LJ Pro 400 MFP M425dn - 35lehte\/min, paberialus 250 lehte, k\u00e4sis\u00f6\u00f6t 100 lehte,dupleks,\u00a0 puutetundlik ekraan,skaneerib e-mailile,v\u00f5rku,","og_url":"https:\/\/www.sensoris.ee\/ru\/toode\/hp-lj-pro-400-mfp-m425dn\/","og_site_name":"Sensoris | Printerite m\u00fc\u00fck ja hooldus, toonerikassettide m\u00fc\u00fck","article_modified_time":"2025-03-20T07:54:20+00:00","og_image":[{"width":356,"height":367,"url":"https:\/\/www.sensoris.ee\/wp-content\/uploads\/2022\/01\/HP-LaserJet-Pro-400-MFP-M425dn.png","type":"image\/png"}],"twitter_card":"summary_large_image","twitter_misc":{"\u041f\u0440\u0438\u043c\u0435\u0440\u043d\u043e\u0435 \u0432\u0440\u0435\u043c\u044f \u0434\u043b\u044f \u0447\u0442\u0435\u043d\u0438\u044f":"1 \u043c\u0438\u043d\u0443\u0442\u0430"},"schema":{"@context":"https:\/\/schema.org","@graph":[{"@type":"WebPage","@id":"https:\/\/www.sensoris.ee\/ru\/toode\/hp-lj-pro-400-mfp-m425dn\/","url":"https:\/\/www.sensoris.ee\/ru\/toode\/hp-lj-pro-400-mfp-m425dn\/","name":"HP LJ Pro 400 MFP M425dn - Sensoris O\u00dc","isPartOf":{"@id":"https:\/\/www.sensoris.ee\/#website"},"primaryImageOfPage":{"@id":"https:\/\/www.sensoris.ee\/ru\/toode\/hp-lj-pro-400-mfp-m425dn\/#primaryimage"},"image":{"@id":"https:\/\/www.sensoris.ee\/ru\/toode\/hp-lj-pro-400-mfp-m425dn\/#primaryimage"},"thumbnailUrl":"https:\/\/www.sensoris.ee\/wp-content\/uploads\/2022\/01\/HP-LaserJet-Pro-400-MFP-M425dn.png","datePublished":"2025-03-20T07:51:19+00:00","dateModified":"2025-03-20T07:54:20+00:00","description":"HP LJ Pro 400 MFP M425dn - 35lehte\/min, paberialus 250 lehte, k\u00e4sis\u00f6\u00f6t 100 lehte,dupleks,\u00a0 puutetundlik ekraan,skaneerib e-mailile,v\u00f5rku,","breadcrumb":{"@id":"https:\/\/www.sensoris.ee\/ru\/toode\/hp-lj-pro-400-mfp-m425dn\/#breadcrumb"},"inLanguage":"ru-RU","potentialAction":[{"@type":"ReadAction","target":["https:\/\/www.sensoris.ee\/ru\/toode\/hp-lj-pro-400-mfp-m425dn\/"]}]},{"@type":"ImageObject","inLanguage":"ru-RU","@id":"https:\/\/www.sensoris.ee\/ru\/toode\/hp-lj-pro-400-mfp-m425dn\/#primaryimage","url":"https:\/\/www.sensoris.ee\/wp-content\/uploads\/2022\/01\/HP-LaserJet-Pro-400-MFP-M425dn.png","contentUrl":"https:\/\/www.sensoris.ee\/wp-content\/uploads\/2022\/01\/HP-LaserJet-Pro-400-MFP-M425dn.png","width":356,"height":367,"caption":"HP LJ Pro 400 MFP M425dn"},{"@type":"BreadcrumbList","@id":"https:\/\/www.sensoris.ee\/ru\/toode\/hp-lj-pro-400-mfp-m425dn\/#breadcrumb","itemListElement":[{"@type":"ListItem","position":1,"name":"Home","item":"https:\/\/www.sensoris.ee\/ru\/"},{"@type":"ListItem","position":2,"name":"\u041c\u0430\u0433\u0430\u0437\u0438\u043d","item":"https:\/\/www.sensoris.ee\/ru\/%d0%bc%d0%b0%d0%b3%d0%b0%d0%b7%d0%b8%d0%bd\/"},{"@type":"ListItem","position":3,"name":"HP LJ Pro 400 MFP M425dn"}]},{"@type":"WebSite","@id":"https:\/\/www.sensoris.ee\/#website","url":"https:\/\/www.sensoris.ee\/","name":"Sensoris | Printerite m\u00fc\u00fck ja hooldus,toonerikassettide m\u00fc\u00fck","description":"Printerite remont ja hooldus.Toonerikassettide m\u00fc\u00fck ja t\u00e4itmine. Uute ja kasutatud printerite m\u00fc\u00fck","publisher":{"@id":"https:\/\/www.sensoris.ee\/#organization"},"potentialAction":[{"@type":"SearchAction","target":{"@type":"EntryPoint","urlTemplate":"https:\/\/www.sensoris.ee\/?s={search_term_string}"},"query-input":{"@type":"PropertyValueSpecification","valueRequired":true,"valueName":"search_term_string"}}],"inLanguage":"ru-RU"},{"@type":"Organization","@id":"https:\/\/www.sensoris.ee\/#organization","name":"Sensoris O\u00dc","url":"https:\/\/www.sensoris.ee\/","logo":{"@type":"ImageObject","inLanguage":"ru-RU","@id":"https:\/\/www.sensoris.ee\/#\/schema\/logo\/image\/","url":"https:\/\/www.sensoris.ee\/wp-content\/uploads\/2021\/04\/SENSORIS-LOGO-uus.jpg","contentUrl":"https:\/\/www.sensoris.ee\/wp-content\/uploads\/2021\/04\/SENSORIS-LOGO-uus.jpg","width":2000,"height":393,"caption":"Sensoris O\u00dc"},"image":{"@id":"https:\/\/www.sensoris.ee\/#\/schema\/logo\/image\/"}}]}},"_links":{"self":[{"href":"https:\/\/www.sensoris.ee\/ru\/wp-json\/wp\/v2\/product\/7467","targetHints":{"allow":["GET"]}}],"collection":[{"href":"https:\/\/www.sensoris.ee\/ru\/wp-json\/wp\/v2\/product"}],"about":[{"href":"https:\/\/www.sensoris.ee\/ru\/wp-json\/wp\/v2\/types\/product"}],"wp:featuredmedia":[{"embeddable":true,"href":"https:\/\/www.sensoris.ee\/ru\/wp-json\/wp\/v2\/media\/4693"}],"wp:attachment":[{"href":"https:\/\/www.sensoris.ee\/ru\/wp-json\/wp\/v2\/media?parent=7467"}],"wp:term":[{"taxonomy":"product_brand","embeddable":true,"href":"https:\/\/www.sensoris.ee\/ru\/wp-json\/wp\/v2\/product_brand?post=7467"},{"taxonomy":"product_cat","embeddable":true,"href":"https:\/\/www.sensoris.ee\/ru\/wp-json\/wp\/v2\/product_cat?post=7467"},{"taxonomy":"product_tag","embeddable":true,"href":"https:\/\/www.sensoris.ee\/ru\/wp-json\/wp\/v2\/product_tag?post=7467"}],"curies":[{"name":"wp","href":"https:\/\/api.w.org\/{rel}","templated":true}]}}