{"id":8149,"date":"2026-03-30T13:42:49","date_gmt":"2026-03-30T11:42:49","guid":{"rendered":"https:\/\/www.sensoris.ee\/toode\/hp-lj-enterprise-m605\/"},"modified":"2026-03-30T13:47:18","modified_gmt":"2026-03-30T11:47:18","slug":"hp-lj-enterprise-m605","status":"publish","type":"product","link":"https:\/\/www.sensoris.ee\/ru\/toode\/hp-lj-enterprise-m605\/","title":{"rendered":"HP LJ Enterprise M605"},"content":{"rendered":"","protected":false},"excerpt":{"rendered":"<p>58 \u0441\u0442\u0440\u0430\u043d\u0438\u0446\/\u043c\u0438\u043d, \u0434\u0432\u0443\u0441\u0442\u043e\u0440\u043e\u043d\u043d\u044f\u044f \u043f\u0435\u0447\u0430\u0442\u044c, \u043b\u043e\u0442\u043e\u043a \u0434\u043b\u044f \u0431\u0443\u043c\u0430\u0433\u0438 \u043d\u0430 500 \u043b\u0438\u0441\u0442\u043e\u0432,<br \/>\n\u0440\u0443\u0447\u043d\u0430\u044f \u043f\u043e\u0434\u0430\u0447\u0430 \u043d\u0430 100 \u043b\u0438\u0441\u0442\u043e\u0432, \u0440\u0430\u0437\u0440\u0435\u0448\u0435\u043d\u0438\u0435 1200&#215;1200 dpi,<br \/>\nEthernet, USB 2.0, \u0431\u0435\u0441\u043f\u0440\u043e\u0432\u043e\u0434\u043d\u0430\u044f \u0441\u0432\u044f\u0437\u044c,<br \/>\n\u043e\u0431\u0441\u043b\u0443\u0436\u0438\u0432\u0430\u043b\u0441\u044f, \u0445\u043e\u0440\u043e\u0448\u0435\u0435 \u0441\u043e\u0441\u0442\u043e\u044f\u043d\u0438\u0435,<br \/>\n\u043f\u043e\u043b\u043d\u044b\u0439 \u043a\u0430\u0440\u0442\u0440\u0438\u0434\u0436 \u0441 \u0442\u043e\u043d\u0435\u0440\u043e\u043c (~10 000 \u0441\u0442\u0440\u0430\u043d\u0438\u0446)<\/p>\n","protected":false},"featured_media":8147,"template":"","meta":{"_acf_changed":false},"product_brand":[],"product_cat":[51,73],"product_tag":[],"class_list":{"0":"post-8149","1":"product","2":"type-product","3":"status-publish","4":"has-post-thumbnail","6":"product_cat-esileht-4--ru","7":"product_cat-73","9":"first","10":"instock","11":"taxable","12":"shipping-taxable","13":"purchasable","14":"product-type-simple"},"acf":[],"yoast_head":"<!-- This site is optimized with the Yoast SEO plugin v27.3 - https:\/\/yoast.com\/product\/yoast-seo-wordpress\/ -->\n<title>HP LJ Enterprise M605 - Sensoris | Printerite m\u00fc\u00fck ja hooldus, toonerikassettide m\u00fc\u00fck<\/title>\n<meta name=\"description\" content=\"HP LJ Enterprise M605\" \/>\n<meta name=\"robots\" content=\"index, follow, max-snippet:-1, max-image-preview:large, max-video-preview:-1\" \/>\n<link rel=\"canonical\" href=\"https:\/\/www.sensoris.ee\/ru\/toode\/hp-lj-enterprise-m605\/\" \/>\n<meta property=\"og:locale\" content=\"ru_RU\" \/>\n<meta property=\"og:type\" content=\"article\" \/>\n<meta property=\"og:title\" content=\"HP LJ Enterprise M605 - Sensoris | Printerite m\u00fc\u00fck ja hooldus, toonerikassettide m\u00fc\u00fck\" \/>\n<meta property=\"og:description\" content=\"HP LJ Enterprise M605\" \/>\n<meta property=\"og:url\" content=\"https:\/\/www.sensoris.ee\/ru\/toode\/hp-lj-enterprise-m605\/\" \/>\n<meta property=\"og:site_name\" content=\"Sensoris | Printerite m\u00fc\u00fck ja hooldus, toonerikassettide m\u00fc\u00fck\" \/>\n<meta property=\"article:modified_time\" content=\"2026-03-30T11:47:18+00:00\" \/>\n<meta property=\"og:image\" content=\"https:\/\/www.sensoris.ee\/wp-content\/uploads\/2026\/03\/HP-LJ-Enterprise-M605.jpg\" \/>\n\t<meta property=\"og:image:width\" content=\"300\" \/>\n\t<meta property=\"og:image:height\" content=\"300\" \/>\n\t<meta property=\"og:image:type\" content=\"image\/jpeg\" \/>\n<meta name=\"twitter:card\" content=\"summary_large_image\" \/>\n<meta name=\"twitter:label1\" content=\"\u041f\u0440\u0438\u043c\u0435\u0440\u043d\u043e\u0435 \u0432\u0440\u0435\u043c\u044f \u0434\u043b\u044f \u0447\u0442\u0435\u043d\u0438\u044f\" \/>\n\t<meta name=\"twitter:data1\" content=\"1 \u043c\u0438\u043d\u0443\u0442\u0430\" \/>\n<script type=\"application\/ld+json\" class=\"yoast-schema-graph\">{\"@context\":\"https:\\\/\\\/schema.org\",\"@graph\":[{\"@type\":\"WebPage\",\"@id\":\"https:\\\/\\\/www.sensoris.ee\\\/ru\\\/toode\\\/hp-lj-enterprise-m605\\\/\",\"url\":\"https:\\\/\\\/www.sensoris.ee\\\/ru\\\/toode\\\/hp-lj-enterprise-m605\\\/\",\"name\":\"HP LJ Enterprise M605 - Sensoris | Printerite m\u00fc\u00fck ja hooldus, toonerikassettide m\u00fc\u00fck\",\"isPartOf\":{\"@id\":\"https:\\\/\\\/www.sensoris.ee\\\/#website\"},\"primaryImageOfPage\":{\"@id\":\"https:\\\/\\\/www.sensoris.ee\\\/ru\\\/toode\\\/hp-lj-enterprise-m605\\\/#primaryimage\"},\"image\":{\"@id\":\"https:\\\/\\\/www.sensoris.ee\\\/ru\\\/toode\\\/hp-lj-enterprise-m605\\\/#primaryimage\"},\"thumbnailUrl\":\"https:\\\/\\\/www.sensoris.ee\\\/wp-content\\\/uploads\\\/2026\\\/03\\\/HP-LJ-Enterprise-M605.jpg\",\"datePublished\":\"2026-03-30T11:42:49+00:00\",\"dateModified\":\"2026-03-30T11:47:18+00:00\",\"description\":\"HP LJ Enterprise M605\",\"breadcrumb\":{\"@id\":\"https:\\\/\\\/www.sensoris.ee\\\/ru\\\/toode\\\/hp-lj-enterprise-m605\\\/#breadcrumb\"},\"inLanguage\":\"ru-RU\",\"potentialAction\":[{\"@type\":\"ReadAction\",\"target\":[\"https:\\\/\\\/www.sensoris.ee\\\/ru\\\/toode\\\/hp-lj-enterprise-m605\\\/\"]}]},{\"@type\":\"ImageObject\",\"inLanguage\":\"ru-RU\",\"@id\":\"https:\\\/\\\/www.sensoris.ee\\\/ru\\\/toode\\\/hp-lj-enterprise-m605\\\/#primaryimage\",\"url\":\"https:\\\/\\\/www.sensoris.ee\\\/wp-content\\\/uploads\\\/2026\\\/03\\\/HP-LJ-Enterprise-M605.jpg\",\"contentUrl\":\"https:\\\/\\\/www.sensoris.ee\\\/wp-content\\\/uploads\\\/2026\\\/03\\\/HP-LJ-Enterprise-M605.jpg\",\"width\":300,\"height\":300,\"caption\":\"HP LJ Enterprise M605\"},{\"@type\":\"BreadcrumbList\",\"@id\":\"https:\\\/\\\/www.sensoris.ee\\\/ru\\\/toode\\\/hp-lj-enterprise-m605\\\/#breadcrumb\",\"itemListElement\":[{\"@type\":\"ListItem\",\"position\":1,\"name\":\"Home\",\"item\":\"https:\\\/\\\/www.sensoris.ee\\\/ru\\\/\"},{\"@type\":\"ListItem\",\"position\":2,\"name\":\"\u041c\u0430\u0433\u0430\u0437\u0438\u043d\",\"item\":\"https:\\\/\\\/www.sensoris.ee\\\/ru\\\/%d0%bc%d0%b0%d0%b3%d0%b0%d0%b7%d0%b8%d0%bd\\\/\"},{\"@type\":\"ListItem\",\"position\":3,\"name\":\"HP LJ Enterprise M605\"}]},{\"@type\":\"WebSite\",\"@id\":\"https:\\\/\\\/www.sensoris.ee\\\/#website\",\"url\":\"https:\\\/\\\/www.sensoris.ee\\\/\",\"name\":\"Sensoris | Printerite m\u00fc\u00fck ja hooldus,toonerikassettide m\u00fc\u00fck\",\"description\":\"Printerite remont ja hooldus.Toonerikassettide m\u00fc\u00fck ja t\u00e4itmine. Uute ja kasutatud printerite m\u00fc\u00fck\",\"publisher\":{\"@id\":\"https:\\\/\\\/www.sensoris.ee\\\/#organization\"},\"potentialAction\":[{\"@type\":\"SearchAction\",\"target\":{\"@type\":\"EntryPoint\",\"urlTemplate\":\"https:\\\/\\\/www.sensoris.ee\\\/?s={search_term_string}\"},\"query-input\":{\"@type\":\"PropertyValueSpecification\",\"valueRequired\":true,\"valueName\":\"search_term_string\"}}],\"inLanguage\":\"ru-RU\"},{\"@type\":\"Organization\",\"@id\":\"https:\\\/\\\/www.sensoris.ee\\\/#organization\",\"name\":\"Sensoris O\u00dc\",\"url\":\"https:\\\/\\\/www.sensoris.ee\\\/\",\"logo\":{\"@type\":\"ImageObject\",\"inLanguage\":\"ru-RU\",\"@id\":\"https:\\\/\\\/www.sensoris.ee\\\/#\\\/schema\\\/logo\\\/image\\\/\",\"url\":\"https:\\\/\\\/www.sensoris.ee\\\/wp-content\\\/uploads\\\/2021\\\/04\\\/SENSORIS-LOGO-uus.jpg\",\"contentUrl\":\"https:\\\/\\\/www.sensoris.ee\\\/wp-content\\\/uploads\\\/2021\\\/04\\\/SENSORIS-LOGO-uus.jpg\",\"width\":2000,\"height\":393,\"caption\":\"Sensoris O\u00dc\"},\"image\":{\"@id\":\"https:\\\/\\\/www.sensoris.ee\\\/#\\\/schema\\\/logo\\\/image\\\/\"}}]}<\/script>\n<!-- \/ Yoast SEO plugin. -->","yoast_head_json":{"title":"HP LJ Enterprise M605 - Sensoris | Printerite m\u00fc\u00fck ja hooldus, toonerikassettide m\u00fc\u00fck","description":"HP LJ Enterprise M605","robots":{"index":"index","follow":"follow","max-snippet":"max-snippet:-1","max-image-preview":"max-image-preview:large","max-video-preview":"max-video-preview:-1"},"canonical":"https:\/\/www.sensoris.ee\/ru\/toode\/hp-lj-enterprise-m605\/","og_locale":"ru_RU","og_type":"article","og_title":"HP LJ Enterprise M605 - Sensoris | Printerite m\u00fc\u00fck ja hooldus, toonerikassettide m\u00fc\u00fck","og_description":"HP LJ Enterprise M605","og_url":"https:\/\/www.sensoris.ee\/ru\/toode\/hp-lj-enterprise-m605\/","og_site_name":"Sensoris | Printerite m\u00fc\u00fck ja hooldus, toonerikassettide m\u00fc\u00fck","article_modified_time":"2026-03-30T11:47:18+00:00","og_image":[{"width":300,"height":300,"url":"https:\/\/www.sensoris.ee\/wp-content\/uploads\/2026\/03\/HP-LJ-Enterprise-M605.jpg","type":"image\/jpeg"}],"twitter_card":"summary_large_image","twitter_misc":{"\u041f\u0440\u0438\u043c\u0435\u0440\u043d\u043e\u0435 \u0432\u0440\u0435\u043c\u044f \u0434\u043b\u044f \u0447\u0442\u0435\u043d\u0438\u044f":"1 \u043c\u0438\u043d\u0443\u0442\u0430"},"schema":{"@context":"https:\/\/schema.org","@graph":[{"@type":"WebPage","@id":"https:\/\/www.sensoris.ee\/ru\/toode\/hp-lj-enterprise-m605\/","url":"https:\/\/www.sensoris.ee\/ru\/toode\/hp-lj-enterprise-m605\/","name":"HP LJ Enterprise M605 - Sensoris | Printerite m\u00fc\u00fck ja hooldus, toonerikassettide m\u00fc\u00fck","isPartOf":{"@id":"https:\/\/www.sensoris.ee\/#website"},"primaryImageOfPage":{"@id":"https:\/\/www.sensoris.ee\/ru\/toode\/hp-lj-enterprise-m605\/#primaryimage"},"image":{"@id":"https:\/\/www.sensoris.ee\/ru\/toode\/hp-lj-enterprise-m605\/#primaryimage"},"thumbnailUrl":"https:\/\/www.sensoris.ee\/wp-content\/uploads\/2026\/03\/HP-LJ-Enterprise-M605.jpg","datePublished":"2026-03-30T11:42:49+00:00","dateModified":"2026-03-30T11:47:18+00:00","description":"HP LJ Enterprise M605","breadcrumb":{"@id":"https:\/\/www.sensoris.ee\/ru\/toode\/hp-lj-enterprise-m605\/#breadcrumb"},"inLanguage":"ru-RU","potentialAction":[{"@type":"ReadAction","target":["https:\/\/www.sensoris.ee\/ru\/toode\/hp-lj-enterprise-m605\/"]}]},{"@type":"ImageObject","inLanguage":"ru-RU","@id":"https:\/\/www.sensoris.ee\/ru\/toode\/hp-lj-enterprise-m605\/#primaryimage","url":"https:\/\/www.sensoris.ee\/wp-content\/uploads\/2026\/03\/HP-LJ-Enterprise-M605.jpg","contentUrl":"https:\/\/www.sensoris.ee\/wp-content\/uploads\/2026\/03\/HP-LJ-Enterprise-M605.jpg","width":300,"height":300,"caption":"HP LJ Enterprise M605"},{"@type":"BreadcrumbList","@id":"https:\/\/www.sensoris.ee\/ru\/toode\/hp-lj-enterprise-m605\/#breadcrumb","itemListElement":[{"@type":"ListItem","position":1,"name":"Home","item":"https:\/\/www.sensoris.ee\/ru\/"},{"@type":"ListItem","position":2,"name":"\u041c\u0430\u0433\u0430\u0437\u0438\u043d","item":"https:\/\/www.sensoris.ee\/ru\/%d0%bc%d0%b0%d0%b3%d0%b0%d0%b7%d0%b8%d0%bd\/"},{"@type":"ListItem","position":3,"name":"HP LJ Enterprise M605"}]},{"@type":"WebSite","@id":"https:\/\/www.sensoris.ee\/#website","url":"https:\/\/www.sensoris.ee\/","name":"Sensoris | Printerite m\u00fc\u00fck ja hooldus,toonerikassettide m\u00fc\u00fck","description":"Printerite remont ja hooldus.Toonerikassettide m\u00fc\u00fck ja t\u00e4itmine. Uute ja kasutatud printerite m\u00fc\u00fck","publisher":{"@id":"https:\/\/www.sensoris.ee\/#organization"},"potentialAction":[{"@type":"SearchAction","target":{"@type":"EntryPoint","urlTemplate":"https:\/\/www.sensoris.ee\/?s={search_term_string}"},"query-input":{"@type":"PropertyValueSpecification","valueRequired":true,"valueName":"search_term_string"}}],"inLanguage":"ru-RU"},{"@type":"Organization","@id":"https:\/\/www.sensoris.ee\/#organization","name":"Sensoris O\u00dc","url":"https:\/\/www.sensoris.ee\/","logo":{"@type":"ImageObject","inLanguage":"ru-RU","@id":"https:\/\/www.sensoris.ee\/#\/schema\/logo\/image\/","url":"https:\/\/www.sensoris.ee\/wp-content\/uploads\/2021\/04\/SENSORIS-LOGO-uus.jpg","contentUrl":"https:\/\/www.sensoris.ee\/wp-content\/uploads\/2021\/04\/SENSORIS-LOGO-uus.jpg","width":2000,"height":393,"caption":"Sensoris O\u00dc"},"image":{"@id":"https:\/\/www.sensoris.ee\/#\/schema\/logo\/image\/"}}]}},"_links":{"self":[{"href":"https:\/\/www.sensoris.ee\/ru\/wp-json\/wp\/v2\/product\/8149","targetHints":{"allow":["GET"]}}],"collection":[{"href":"https:\/\/www.sensoris.ee\/ru\/wp-json\/wp\/v2\/product"}],"about":[{"href":"https:\/\/www.sensoris.ee\/ru\/wp-json\/wp\/v2\/types\/product"}],"wp:featuredmedia":[{"embeddable":true,"href":"https:\/\/www.sensoris.ee\/ru\/wp-json\/wp\/v2\/media\/8147"}],"wp:attachment":[{"href":"https:\/\/www.sensoris.ee\/ru\/wp-json\/wp\/v2\/media?parent=8149"}],"wp:term":[{"taxonomy":"product_brand","embeddable":true,"href":"https:\/\/www.sensoris.ee\/ru\/wp-json\/wp\/v2\/product_brand?post=8149"},{"taxonomy":"product_cat","embeddable":true,"href":"https:\/\/www.sensoris.ee\/ru\/wp-json\/wp\/v2\/product_cat?post=8149"},{"taxonomy":"product_tag","embeddable":true,"href":"https:\/\/www.sensoris.ee\/ru\/wp-json\/wp\/v2\/product_tag?post=8149"}],"curies":[{"name":"wp","href":"https:\/\/api.w.org\/{rel}","templated":true}]}}