{"id":8151,"date":"2026-03-31T11:15:31","date_gmt":"2026-03-31T09:15:31","guid":{"rendered":"https:\/\/www.sensoris.ee\/toode\/hp-lj-m1132-mfp\/"},"modified":"2026-03-31T11:16:58","modified_gmt":"2026-03-31T09:16:58","slug":"hp-lj-m1132-mfp","status":"publish","type":"product","link":"https:\/\/www.sensoris.ee\/ru\/toode\/hp-lj-m1132-mfp\/","title":{"rendered":"HP LJ M1132 MFP"},"content":{"rendered":"","protected":false},"excerpt":{"rendered":"<p>18 \u0441\u0442\u0440\u0430\u043d\u0438\u0446\/\u043c\u0438\u043d, \u043b\u043e\u0442\u043e\u043a \u0434\u043b\u044f \u0431\u0443\u043c\u0430\u0433\u0438 \u043d\u0430 150 \u043b\u0438\u0441\u0442\u043e\u0432,<br \/>\n\u0446\u0432\u0435\u0442\u043d\u043e\u0439 \u0441\u043a\u0430\u043d\u0435\u0440, 600&#215;600 dpi, USB 2.0,<br \/>\n\u043e\u0431\u0441\u043b\u0443\u0436\u0435\u043d, \u043f\u043e\u043b\u043d\u044b\u0439 \u043a\u0430\u0440\u0442\u0440\u0438\u0434\u0436 \u0441 \u0442\u043e\u043d\u0435\u0440\u043e\u043c.<br \/>\n415 \u043c\u043c (\u0428) x 265 \u043c\u043c (\u0413) x 250 \u043c\u043c (\u0412)<\/p>\n","protected":false},"featured_media":4062,"template":"","meta":{"_acf_changed":false},"product_brand":[],"product_cat":[50,74],"product_tag":[],"class_list":{"0":"post-8151","1":"product","2":"type-product","3":"status-publish","4":"has-post-thumbnail","6":"product_cat-esileht-4--ru","7":"product_cat-74","9":"first","10":"instock","11":"taxable","12":"shipping-taxable","13":"purchasable","14":"product-type-simple"},"acf":[],"yoast_head":"<!-- This site is optimized with the Yoast SEO plugin v27.3 - https:\/\/yoast.com\/product\/yoast-seo-wordpress\/ -->\n<title>HP LJ M1132 MFP - Sensoris | Printerite m\u00fc\u00fck ja hooldus, toonerikassettide m\u00fc\u00fck<\/title>\n<meta name=\"description\" content=\"HP LJ M1132 MFP\" \/>\n<meta name=\"robots\" content=\"index, follow, max-snippet:-1, max-image-preview:large, max-video-preview:-1\" \/>\n<link rel=\"canonical\" href=\"https:\/\/www.sensoris.ee\/ru\/toode\/hp-lj-m1132-mfp\/\" \/>\n<meta property=\"og:locale\" content=\"ru_RU\" \/>\n<meta property=\"og:type\" content=\"article\" \/>\n<meta property=\"og:title\" content=\"HP LJ M1132 MFP - Sensoris | Printerite m\u00fc\u00fck ja hooldus, toonerikassettide m\u00fc\u00fck\" \/>\n<meta property=\"og:description\" content=\"HP LJ M1132 MFP\" \/>\n<meta property=\"og:url\" content=\"https:\/\/www.sensoris.ee\/ru\/toode\/hp-lj-m1132-mfp\/\" \/>\n<meta property=\"og:site_name\" content=\"Sensoris | Printerite m\u00fc\u00fck ja hooldus, toonerikassettide m\u00fc\u00fck\" \/>\n<meta property=\"article:modified_time\" content=\"2026-03-31T09:16:58+00:00\" \/>\n<meta property=\"og:image\" content=\"https:\/\/www.sensoris.ee\/wp-content\/uploads\/2021\/07\/HP-LJ-M1132-MFP.jpg\" \/>\n\t<meta property=\"og:image:width\" content=\"300\" \/>\n\t<meta property=\"og:image:height\" content=\"240\" \/>\n\t<meta property=\"og:image:type\" content=\"image\/jpeg\" \/>\n<meta name=\"twitter:card\" content=\"summary_large_image\" \/>\n<meta name=\"twitter:label1\" content=\"\u041f\u0440\u0438\u043c\u0435\u0440\u043d\u043e\u0435 \u0432\u0440\u0435\u043c\u044f \u0434\u043b\u044f \u0447\u0442\u0435\u043d\u0438\u044f\" \/>\n\t<meta name=\"twitter:data1\" content=\"1 \u043c\u0438\u043d\u0443\u0442\u0430\" \/>\n<script type=\"application\/ld+json\" class=\"yoast-schema-graph\">{\"@context\":\"https:\\\/\\\/schema.org\",\"@graph\":[{\"@type\":\"WebPage\",\"@id\":\"https:\\\/\\\/www.sensoris.ee\\\/ru\\\/toode\\\/hp-lj-m1132-mfp\\\/\",\"url\":\"https:\\\/\\\/www.sensoris.ee\\\/ru\\\/toode\\\/hp-lj-m1132-mfp\\\/\",\"name\":\"HP LJ M1132 MFP - Sensoris | Printerite m\u00fc\u00fck ja hooldus, toonerikassettide m\u00fc\u00fck\",\"isPartOf\":{\"@id\":\"https:\\\/\\\/www.sensoris.ee\\\/#website\"},\"primaryImageOfPage\":{\"@id\":\"https:\\\/\\\/www.sensoris.ee\\\/ru\\\/toode\\\/hp-lj-m1132-mfp\\\/#primaryimage\"},\"image\":{\"@id\":\"https:\\\/\\\/www.sensoris.ee\\\/ru\\\/toode\\\/hp-lj-m1132-mfp\\\/#primaryimage\"},\"thumbnailUrl\":\"https:\\\/\\\/www.sensoris.ee\\\/wp-content\\\/uploads\\\/2021\\\/07\\\/HP-LJ-M1132-MFP.jpg\",\"datePublished\":\"2026-03-31T09:15:31+00:00\",\"dateModified\":\"2026-03-31T09:16:58+00:00\",\"description\":\"HP LJ M1132 MFP\",\"breadcrumb\":{\"@id\":\"https:\\\/\\\/www.sensoris.ee\\\/ru\\\/toode\\\/hp-lj-m1132-mfp\\\/#breadcrumb\"},\"inLanguage\":\"ru-RU\",\"potentialAction\":[{\"@type\":\"ReadAction\",\"target\":[\"https:\\\/\\\/www.sensoris.ee\\\/ru\\\/toode\\\/hp-lj-m1132-mfp\\\/\"]}]},{\"@type\":\"ImageObject\",\"inLanguage\":\"ru-RU\",\"@id\":\"https:\\\/\\\/www.sensoris.ee\\\/ru\\\/toode\\\/hp-lj-m1132-mfp\\\/#primaryimage\",\"url\":\"https:\\\/\\\/www.sensoris.ee\\\/wp-content\\\/uploads\\\/2021\\\/07\\\/HP-LJ-M1132-MFP.jpg\",\"contentUrl\":\"https:\\\/\\\/www.sensoris.ee\\\/wp-content\\\/uploads\\\/2021\\\/07\\\/HP-LJ-M1132-MFP.jpg\",\"width\":300,\"height\":240,\"caption\":\"HP LJ M1132 MFP\"},{\"@type\":\"BreadcrumbList\",\"@id\":\"https:\\\/\\\/www.sensoris.ee\\\/ru\\\/toode\\\/hp-lj-m1132-mfp\\\/#breadcrumb\",\"itemListElement\":[{\"@type\":\"ListItem\",\"position\":1,\"name\":\"Home\",\"item\":\"https:\\\/\\\/www.sensoris.ee\\\/ru\\\/\"},{\"@type\":\"ListItem\",\"position\":2,\"name\":\"\u041c\u0430\u0433\u0430\u0437\u0438\u043d\",\"item\":\"https:\\\/\\\/www.sensoris.ee\\\/ru\\\/%d0%bc%d0%b0%d0%b3%d0%b0%d0%b7%d0%b8%d0%bd\\\/\"},{\"@type\":\"ListItem\",\"position\":3,\"name\":\"HP LJ M1132 MFP\"}]},{\"@type\":\"WebSite\",\"@id\":\"https:\\\/\\\/www.sensoris.ee\\\/#website\",\"url\":\"https:\\\/\\\/www.sensoris.ee\\\/\",\"name\":\"Sensoris | Printerite m\u00fc\u00fck ja hooldus,toonerikassettide m\u00fc\u00fck\",\"description\":\"Printerite remont ja hooldus.Toonerikassettide m\u00fc\u00fck ja t\u00e4itmine. Uute ja kasutatud printerite m\u00fc\u00fck\",\"publisher\":{\"@id\":\"https:\\\/\\\/www.sensoris.ee\\\/#organization\"},\"potentialAction\":[{\"@type\":\"SearchAction\",\"target\":{\"@type\":\"EntryPoint\",\"urlTemplate\":\"https:\\\/\\\/www.sensoris.ee\\\/?s={search_term_string}\"},\"query-input\":{\"@type\":\"PropertyValueSpecification\",\"valueRequired\":true,\"valueName\":\"search_term_string\"}}],\"inLanguage\":\"ru-RU\"},{\"@type\":\"Organization\",\"@id\":\"https:\\\/\\\/www.sensoris.ee\\\/#organization\",\"name\":\"Sensoris O\u00dc\",\"url\":\"https:\\\/\\\/www.sensoris.ee\\\/\",\"logo\":{\"@type\":\"ImageObject\",\"inLanguage\":\"ru-RU\",\"@id\":\"https:\\\/\\\/www.sensoris.ee\\\/#\\\/schema\\\/logo\\\/image\\\/\",\"url\":\"https:\\\/\\\/www.sensoris.ee\\\/wp-content\\\/uploads\\\/2021\\\/04\\\/SENSORIS-LOGO-uus.jpg\",\"contentUrl\":\"https:\\\/\\\/www.sensoris.ee\\\/wp-content\\\/uploads\\\/2021\\\/04\\\/SENSORIS-LOGO-uus.jpg\",\"width\":2000,\"height\":393,\"caption\":\"Sensoris O\u00dc\"},\"image\":{\"@id\":\"https:\\\/\\\/www.sensoris.ee\\\/#\\\/schema\\\/logo\\\/image\\\/\"}}]}<\/script>\n<!-- \/ Yoast SEO plugin. -->","yoast_head_json":{"title":"HP LJ M1132 MFP - Sensoris | Printerite m\u00fc\u00fck ja hooldus, toonerikassettide m\u00fc\u00fck","description":"HP LJ M1132 MFP","robots":{"index":"index","follow":"follow","max-snippet":"max-snippet:-1","max-image-preview":"max-image-preview:large","max-video-preview":"max-video-preview:-1"},"canonical":"https:\/\/www.sensoris.ee\/ru\/toode\/hp-lj-m1132-mfp\/","og_locale":"ru_RU","og_type":"article","og_title":"HP LJ M1132 MFP - Sensoris | Printerite m\u00fc\u00fck ja hooldus, toonerikassettide m\u00fc\u00fck","og_description":"HP LJ M1132 MFP","og_url":"https:\/\/www.sensoris.ee\/ru\/toode\/hp-lj-m1132-mfp\/","og_site_name":"Sensoris | Printerite m\u00fc\u00fck ja hooldus, toonerikassettide m\u00fc\u00fck","article_modified_time":"2026-03-31T09:16:58+00:00","og_image":[{"width":300,"height":240,"url":"https:\/\/www.sensoris.ee\/wp-content\/uploads\/2021\/07\/HP-LJ-M1132-MFP.jpg","type":"image\/jpeg"}],"twitter_card":"summary_large_image","twitter_misc":{"\u041f\u0440\u0438\u043c\u0435\u0440\u043d\u043e\u0435 \u0432\u0440\u0435\u043c\u044f \u0434\u043b\u044f \u0447\u0442\u0435\u043d\u0438\u044f":"1 \u043c\u0438\u043d\u0443\u0442\u0430"},"schema":{"@context":"https:\/\/schema.org","@graph":[{"@type":"WebPage","@id":"https:\/\/www.sensoris.ee\/ru\/toode\/hp-lj-m1132-mfp\/","url":"https:\/\/www.sensoris.ee\/ru\/toode\/hp-lj-m1132-mfp\/","name":"HP LJ M1132 MFP - Sensoris | Printerite m\u00fc\u00fck ja hooldus, toonerikassettide m\u00fc\u00fck","isPartOf":{"@id":"https:\/\/www.sensoris.ee\/#website"},"primaryImageOfPage":{"@id":"https:\/\/www.sensoris.ee\/ru\/toode\/hp-lj-m1132-mfp\/#primaryimage"},"image":{"@id":"https:\/\/www.sensoris.ee\/ru\/toode\/hp-lj-m1132-mfp\/#primaryimage"},"thumbnailUrl":"https:\/\/www.sensoris.ee\/wp-content\/uploads\/2021\/07\/HP-LJ-M1132-MFP.jpg","datePublished":"2026-03-31T09:15:31+00:00","dateModified":"2026-03-31T09:16:58+00:00","description":"HP LJ M1132 MFP","breadcrumb":{"@id":"https:\/\/www.sensoris.ee\/ru\/toode\/hp-lj-m1132-mfp\/#breadcrumb"},"inLanguage":"ru-RU","potentialAction":[{"@type":"ReadAction","target":["https:\/\/www.sensoris.ee\/ru\/toode\/hp-lj-m1132-mfp\/"]}]},{"@type":"ImageObject","inLanguage":"ru-RU","@id":"https:\/\/www.sensoris.ee\/ru\/toode\/hp-lj-m1132-mfp\/#primaryimage","url":"https:\/\/www.sensoris.ee\/wp-content\/uploads\/2021\/07\/HP-LJ-M1132-MFP.jpg","contentUrl":"https:\/\/www.sensoris.ee\/wp-content\/uploads\/2021\/07\/HP-LJ-M1132-MFP.jpg","width":300,"height":240,"caption":"HP LJ M1132 MFP"},{"@type":"BreadcrumbList","@id":"https:\/\/www.sensoris.ee\/ru\/toode\/hp-lj-m1132-mfp\/#breadcrumb","itemListElement":[{"@type":"ListItem","position":1,"name":"Home","item":"https:\/\/www.sensoris.ee\/ru\/"},{"@type":"ListItem","position":2,"name":"\u041c\u0430\u0433\u0430\u0437\u0438\u043d","item":"https:\/\/www.sensoris.ee\/ru\/%d0%bc%d0%b0%d0%b3%d0%b0%d0%b7%d0%b8%d0%bd\/"},{"@type":"ListItem","position":3,"name":"HP LJ M1132 MFP"}]},{"@type":"WebSite","@id":"https:\/\/www.sensoris.ee\/#website","url":"https:\/\/www.sensoris.ee\/","name":"Sensoris | Printerite m\u00fc\u00fck ja hooldus,toonerikassettide m\u00fc\u00fck","description":"Printerite remont ja hooldus.Toonerikassettide m\u00fc\u00fck ja t\u00e4itmine. Uute ja kasutatud printerite m\u00fc\u00fck","publisher":{"@id":"https:\/\/www.sensoris.ee\/#organization"},"potentialAction":[{"@type":"SearchAction","target":{"@type":"EntryPoint","urlTemplate":"https:\/\/www.sensoris.ee\/?s={search_term_string}"},"query-input":{"@type":"PropertyValueSpecification","valueRequired":true,"valueName":"search_term_string"}}],"inLanguage":"ru-RU"},{"@type":"Organization","@id":"https:\/\/www.sensoris.ee\/#organization","name":"Sensoris O\u00dc","url":"https:\/\/www.sensoris.ee\/","logo":{"@type":"ImageObject","inLanguage":"ru-RU","@id":"https:\/\/www.sensoris.ee\/#\/schema\/logo\/image\/","url":"https:\/\/www.sensoris.ee\/wp-content\/uploads\/2021\/04\/SENSORIS-LOGO-uus.jpg","contentUrl":"https:\/\/www.sensoris.ee\/wp-content\/uploads\/2021\/04\/SENSORIS-LOGO-uus.jpg","width":2000,"height":393,"caption":"Sensoris O\u00dc"},"image":{"@id":"https:\/\/www.sensoris.ee\/#\/schema\/logo\/image\/"}}]}},"_links":{"self":[{"href":"https:\/\/www.sensoris.ee\/ru\/wp-json\/wp\/v2\/product\/8151","targetHints":{"allow":["GET"]}}],"collection":[{"href":"https:\/\/www.sensoris.ee\/ru\/wp-json\/wp\/v2\/product"}],"about":[{"href":"https:\/\/www.sensoris.ee\/ru\/wp-json\/wp\/v2\/types\/product"}],"wp:featuredmedia":[{"embeddable":true,"href":"https:\/\/www.sensoris.ee\/ru\/wp-json\/wp\/v2\/media\/4062"}],"wp:attachment":[{"href":"https:\/\/www.sensoris.ee\/ru\/wp-json\/wp\/v2\/media?parent=8151"}],"wp:term":[{"taxonomy":"product_brand","embeddable":true,"href":"https:\/\/www.sensoris.ee\/ru\/wp-json\/wp\/v2\/product_brand?post=8151"},{"taxonomy":"product_cat","embeddable":true,"href":"https:\/\/www.sensoris.ee\/ru\/wp-json\/wp\/v2\/product_cat?post=8151"},{"taxonomy":"product_tag","embeddable":true,"href":"https:\/\/www.sensoris.ee\/ru\/wp-json\/wp\/v2\/product_tag?post=8151"}],"curies":[{"name":"wp","href":"https:\/\/api.w.org\/{rel}","templated":true}]}}